{"id":9288,"date":"2019-07-02T14:55:07","date_gmt":"2019-07-02T13:55:07","guid":{"rendered":"https:\/\/www.vocaracing.com\/product\/laptimer-voca-eagle-eye-usb-plug-play\/"},"modified":"2019-07-02T14:57:23","modified_gmt":"2019-07-02T13:57:23","slug":"laptimer-voca-eagle-eye-usb-plug-play","status":"publish","type":"product","link":"https:\/\/www.vocaracing.com\/fr\/product\/laptimer-voca-eagle-eye-usb-plug-play\/","title":{"rendered":"Laptimer VOCA Eagle Eye USB PLUG &#038; PLAY"},"content":{"rendered":"<p>Laptimer VOCA Eagle Eye, version am\u00e9lior\u00e9e du pr\u00e9c\u00e9dent laptimer VOCA. Il a un r\u00e9cepteur \u00e0 la fin d&#8217;un c\u00e2ble qui quitte l&#8217;\u00e9cran. Ensuite, vous pouvez placer le r\u00e9cepteur d\u2019un c\u00f4t\u00e9 ou de l\u2019autre du v\u00e9lo, en fonction du c\u00f4t\u00e9 o\u00f9 se trouve le mur avec l\u2019\u00e9metteur. Il consiste en un \u00e9cran d\u2019affichage avec les boutons de s\u00e9lection, dans lequel nous aurons les informations, le r\u00e9cepteur connect\u00e9 \u00e0 l\u2019affichage et un \u00e9metteur infrarouge.<\/p>\n<p>Fonctions:<br \/>\nTour indiviual<br \/>\nTour plus vite<br \/>\nTour plus lent<br \/>\nTour moyenne<br \/>\nTemps total<br \/>\nHeure<\/p>\n<p>Sp\u00e9cifications:<br \/>\nIndicateur LED.<br \/>\n\u00c9cran de 2,2 pouces<br \/>\nMesure: 80&#215;50,5&#215;14.9<br \/>\nBatterie: 3.6V Li LIR2450 de 110mAh.<br \/>\nIndicateur de niveau de batterie.<br \/>\nCharge en 30 minutes.<br \/>\n30h d&#8217;utilisation.<br \/>\nCapacit\u00e9 de stockage de 1000 records de carri\u00e8re, et chaque course de 99 tours.<br \/>\nPossibilit\u00e9 de t\u00e9l\u00e9charger toutes les donn\u00e9es sur un PC via USB.<\/p>\n<p>Attention: Le transpondeur n\u00e9cessite 3 piles AA NON INCLUS.<\/p>\n","protected":false},"excerpt":{"rendered":"<p>Laptimer VOCA Eagle Eye, version am\u00e9lior\u00e9e du pr\u00e9c\u00e9dent laptimer VOCA. Il a un r\u00e9cepteur \u00e0 la fin d&#8217;un c\u00e2ble qui quitte l&#8217;\u00e9cran. Ensuite, vous pouvez placer le r\u00e9cepteur d\u2019un c\u00f4t\u00e9 ou de l\u2019autre du v\u00e9lo, en fonction du c\u00f4t\u00e9 o\u00f9 se trouve le mur avec l\u2019\u00e9metteur. Il consiste en un \u00e9cran d\u2019affichage avec les boutons de s\u00e9lection, dans lequel nous aurons les informations, le r\u00e9cepteur connect\u00e9 \u00e0 l\u2019affichage et un \u00e9metteur infrarouge.<\/p>\n","protected":false},"featured_media":9268,"template":"","meta":{"_acf_changed":false,"inline_featured_image":false,"_uag_custom_page_level_css":""},"product_brand":[],"product_cat":[103],"product_tag":[],"class_list":{"0":"post-9288","1":"product","2":"type-product","3":"status-publish","4":"has-post-thumbnail","6":"product_cat-compteurs","7":"splide__slide","9":"first","10":"instock","11":"shipping-taxable","12":"purchasable","13":"product-type-simple"},"acf":[],"yoast_head":"<!-- This site is optimized with the Yoast SEO plugin v27.3 - https:\/\/yoast.com\/product\/yoast-seo-wordpress\/ -->\n<title>Laptimer VOCA Eagle Eye USB PLUG &amp; PLAY - VocaRacing<\/title>\n<meta name=\"description\" content=\"Laptimer VOCA Eagle Eye, version am\u00e9lior\u00e9e du pr\u00e9c\u00e9dent laptimer VOCA. Il a un r\u00e9cepteur \u00e0 la fin d&#039;un c\u00e2ble qui quitte l&#039;\u00e9cran. Ensuite, vous pouvez placer le r\u00e9cepteur d\u2019un c\u00f4t\u00e9 ou de l\u2019autre du v\u00e9lo, en fonction du c\u00f4t\u00e9 o\u00f9 se trouve le mur avec l\u2019\u00e9metteur. Il consiste en un \u00e9cran d\u2019affichage avec les boutons de s\u00e9lection, dans lequel nous aurons les informations, le r\u00e9cepteur connect\u00e9 \u00e0 l\u2019affichage et un \u00e9metteur infrarouge.\" \/>\n<meta name=\"robots\" content=\"index, follow, max-snippet:-1, max-image-preview:large, max-video-preview:-1\" \/>\n<link rel=\"canonical\" href=\"https:\/\/www.vocaracing.com\/fr\/product\/laptimer-voca-eagle-eye-usb-plug-play\/\" \/>\n<meta property=\"og:locale\" content=\"fr_FR\" \/>\n<meta property=\"og:type\" content=\"article\" \/>\n<meta property=\"og:title\" content=\"Laptimer VOCA Eagle Eye USB PLUG &amp; PLAY - VocaRacing\" \/>\n<meta property=\"og:description\" content=\"Laptimer VOCA Eagle Eye, version am\u00e9lior\u00e9e du pr\u00e9c\u00e9dent laptimer VOCA. Il a un r\u00e9cepteur \u00e0 la fin d&#039;un c\u00e2ble qui quitte l&#039;\u00e9cran. Ensuite, vous pouvez placer le r\u00e9cepteur d\u2019un c\u00f4t\u00e9 ou de l\u2019autre du v\u00e9lo, en fonction du c\u00f4t\u00e9 o\u00f9 se trouve le mur avec l\u2019\u00e9metteur. Il consiste en un \u00e9cran d\u2019affichage avec les boutons de s\u00e9lection, dans lequel nous aurons les informations, le r\u00e9cepteur connect\u00e9 \u00e0 l\u2019affichage et un \u00e9metteur infrarouge.\" \/>\n<meta property=\"og:url\" content=\"https:\/\/www.vocaracing.com\/fr\/product\/laptimer-voca-eagle-eye-usb-plug-play\/\" \/>\n<meta property=\"og:site_name\" content=\"VocaRacing\" \/>\n<meta property=\"article:publisher\" content=\"https:\/\/www.facebook.com\/vocaracing\" \/>\n<meta property=\"article:modified_time\" content=\"2019-07-02T13:57:23+00:00\" \/>\n<meta property=\"og:image\" content=\"https:\/\/www.vocaracing.com\/wp-content\/uploads\/2019\/07\/VCR-RD11LAP_EGL.jpg\" \/>\n\t<meta property=\"og:image:width\" content=\"1200\" \/>\n\t<meta property=\"og:image:height\" content=\"1200\" \/>\n\t<meta property=\"og:image:type\" content=\"image\/jpeg\" \/>\n<meta name=\"twitter:card\" content=\"summary_large_image\" \/>\n<meta name=\"twitter:label1\" content=\"Est. reading time\" \/>\n\t<meta name=\"twitter:data1\" content=\"1 minute\" \/>\n<script type=\"application\/ld+json\" class=\"yoast-schema-graph\">{\"@context\":\"https:\\\/\\\/schema.org\",\"@graph\":[{\"@type\":\"WebPage\",\"@id\":\"https:\\\/\\\/www.vocaracing.com\\\/fr\\\/product\\\/laptimer-voca-eagle-eye-usb-plug-play\\\/\",\"url\":\"https:\\\/\\\/www.vocaracing.com\\\/fr\\\/product\\\/laptimer-voca-eagle-eye-usb-plug-play\\\/\",\"name\":\"Laptimer VOCA Eagle Eye USB PLUG & PLAY - VocaRacing\",\"isPartOf\":{\"@id\":\"https:\\\/\\\/www.vocaracing.com\\\/#website\"},\"primaryImageOfPage\":{\"@id\":\"https:\\\/\\\/www.vocaracing.com\\\/fr\\\/product\\\/laptimer-voca-eagle-eye-usb-plug-play\\\/#primaryimage\"},\"image\":{\"@id\":\"https:\\\/\\\/www.vocaracing.com\\\/fr\\\/product\\\/laptimer-voca-eagle-eye-usb-plug-play\\\/#primaryimage\"},\"thumbnailUrl\":\"https:\\\/\\\/www.vocaracing.com\\\/wp-content\\\/uploads\\\/2019\\\/07\\\/VCR-RD11LAP_EGL.jpg\",\"datePublished\":\"2019-07-02T13:55:07+00:00\",\"dateModified\":\"2019-07-02T13:57:23+00:00\",\"description\":\"Laptimer VOCA Eagle Eye, version am\u00e9lior\u00e9e du pr\u00e9c\u00e9dent laptimer VOCA. Il a un r\u00e9cepteur \u00e0 la fin d'un c\u00e2ble qui quitte l'\u00e9cran. Ensuite, vous pouvez placer le r\u00e9cepteur d\u2019un c\u00f4t\u00e9 ou de l\u2019autre du v\u00e9lo, en fonction du c\u00f4t\u00e9 o\u00f9 se trouve le mur avec l\u2019\u00e9metteur. Il consiste en un \u00e9cran d\u2019affichage avec les boutons de s\u00e9lection, dans lequel nous aurons les informations, le r\u00e9cepteur connect\u00e9 \u00e0 l\u2019affichage et un \u00e9metteur infrarouge.\",\"breadcrumb\":{\"@id\":\"https:\\\/\\\/www.vocaracing.com\\\/fr\\\/product\\\/laptimer-voca-eagle-eye-usb-plug-play\\\/#breadcrumb\"},\"inLanguage\":\"fr-FR\",\"potentialAction\":[{\"@type\":\"ReadAction\",\"target\":[\"https:\\\/\\\/www.vocaracing.com\\\/fr\\\/product\\\/laptimer-voca-eagle-eye-usb-plug-play\\\/\"]}]},{\"@type\":\"ImageObject\",\"inLanguage\":\"fr-FR\",\"@id\":\"https:\\\/\\\/www.vocaracing.com\\\/fr\\\/product\\\/laptimer-voca-eagle-eye-usb-plug-play\\\/#primaryimage\",\"url\":\"https:\\\/\\\/www.vocaracing.com\\\/wp-content\\\/uploads\\\/2019\\\/07\\\/VCR-RD11LAP_EGL.jpg\",\"contentUrl\":\"https:\\\/\\\/www.vocaracing.com\\\/wp-content\\\/uploads\\\/2019\\\/07\\\/VCR-RD11LAP_EGL.jpg\",\"width\":1200,\"height\":1200},{\"@type\":\"BreadcrumbList\",\"@id\":\"https:\\\/\\\/www.vocaracing.com\\\/fr\\\/product\\\/laptimer-voca-eagle-eye-usb-plug-play\\\/#breadcrumb\",\"itemListElement\":[{\"@type\":\"ListItem\",\"position\":1,\"name\":\"Home\",\"item\":\"https:\\\/\\\/www.vocaracing.com\\\/fr\\\/\"},{\"@type\":\"ListItem\",\"position\":2,\"name\":\"Produits\",\"item\":\"https:\\\/\\\/www.vocaracing.com\\\/fr\\\/produits\\\/\"},{\"@type\":\"ListItem\",\"position\":3,\"name\":\"Laptimer VOCA Eagle Eye USB PLUG &#038; PLAY\"}]},{\"@type\":\"WebSite\",\"@id\":\"https:\\\/\\\/www.vocaracing.com\\\/#website\",\"url\":\"https:\\\/\\\/www.vocaracing.com\\\/\",\"name\":\"VocaRacing\",\"description\":\"Competition Proved\",\"publisher\":{\"@id\":\"https:\\\/\\\/www.vocaracing.com\\\/#organization\"},\"potentialAction\":[{\"@type\":\"SearchAction\",\"target\":{\"@type\":\"EntryPoint\",\"urlTemplate\":\"https:\\\/\\\/www.vocaracing.com\\\/?s={search_term_string}\"},\"query-input\":{\"@type\":\"PropertyValueSpecification\",\"valueRequired\":true,\"valueName\":\"search_term_string\"}}],\"inLanguage\":\"fr-FR\"},{\"@type\":\"Organization\",\"@id\":\"https:\\\/\\\/www.vocaracing.com\\\/#organization\",\"name\":\"VocaRacing\",\"url\":\"https:\\\/\\\/www.vocaracing.com\\\/\",\"logo\":{\"@type\":\"ImageObject\",\"inLanguage\":\"fr-FR\",\"@id\":\"https:\\\/\\\/www.vocaracing.com\\\/#\\\/schema\\\/logo\\\/image\\\/\",\"url\":\"https:\\\/\\\/www.vocaracing.com\\\/wp-content\\\/uploads\\\/2023\\\/08\\\/vocaracing.png\",\"contentUrl\":\"https:\\\/\\\/www.vocaracing.com\\\/wp-content\\\/uploads\\\/2023\\\/08\\\/vocaracing.png\",\"width\":600,\"height\":400,\"caption\":\"VocaRacing\"},\"image\":{\"@id\":\"https:\\\/\\\/www.vocaracing.com\\\/#\\\/schema\\\/logo\\\/image\\\/\"},\"sameAs\":[\"https:\\\/\\\/www.facebook.com\\\/vocaracing\",\"https:\\\/\\\/www.youtube.com\\\/user\\\/VOCARacing\"]}]}<\/script>\n<!-- \/ Yoast SEO plugin. -->","yoast_head_json":{"title":"Laptimer VOCA Eagle Eye USB PLUG & PLAY - VocaRacing","description":"Laptimer VOCA Eagle Eye, version am\u00e9lior\u00e9e du pr\u00e9c\u00e9dent laptimer VOCA. Il a un r\u00e9cepteur \u00e0 la fin d'un c\u00e2ble qui quitte l'\u00e9cran. Ensuite, vous pouvez placer le r\u00e9cepteur d\u2019un c\u00f4t\u00e9 ou de l\u2019autre du v\u00e9lo, en fonction du c\u00f4t\u00e9 o\u00f9 se trouve le mur avec l\u2019\u00e9metteur. Il consiste en un \u00e9cran d\u2019affichage avec les boutons de s\u00e9lection, dans lequel nous aurons les informations, le r\u00e9cepteur connect\u00e9 \u00e0 l\u2019affichage et un \u00e9metteur infrarouge.","robots":{"index":"index","follow":"follow","max-snippet":"max-snippet:-1","max-image-preview":"max-image-preview:large","max-video-preview":"max-video-preview:-1"},"canonical":"https:\/\/www.vocaracing.com\/fr\/product\/laptimer-voca-eagle-eye-usb-plug-play\/","og_locale":"fr_FR","og_type":"article","og_title":"Laptimer VOCA Eagle Eye USB PLUG & PLAY - VocaRacing","og_description":"Laptimer VOCA Eagle Eye, version am\u00e9lior\u00e9e du pr\u00e9c\u00e9dent laptimer VOCA. Il a un r\u00e9cepteur \u00e0 la fin d'un c\u00e2ble qui quitte l'\u00e9cran. Ensuite, vous pouvez placer le r\u00e9cepteur d\u2019un c\u00f4t\u00e9 ou de l\u2019autre du v\u00e9lo, en fonction du c\u00f4t\u00e9 o\u00f9 se trouve le mur avec l\u2019\u00e9metteur. Il consiste en un \u00e9cran d\u2019affichage avec les boutons de s\u00e9lection, dans lequel nous aurons les informations, le r\u00e9cepteur connect\u00e9 \u00e0 l\u2019affichage et un \u00e9metteur infrarouge.","og_url":"https:\/\/www.vocaracing.com\/fr\/product\/laptimer-voca-eagle-eye-usb-plug-play\/","og_site_name":"VocaRacing","article_publisher":"https:\/\/www.facebook.com\/vocaracing","article_modified_time":"2019-07-02T13:57:23+00:00","og_image":[{"width":1200,"height":1200,"url":"https:\/\/www.vocaracing.com\/wp-content\/uploads\/2019\/07\/VCR-RD11LAP_EGL.jpg","type":"image\/jpeg"}],"twitter_card":"summary_large_image","twitter_misc":{"Est. reading time":"1 minute"},"schema":{"@context":"https:\/\/schema.org","@graph":[{"@type":"WebPage","@id":"https:\/\/www.vocaracing.com\/fr\/product\/laptimer-voca-eagle-eye-usb-plug-play\/","url":"https:\/\/www.vocaracing.com\/fr\/product\/laptimer-voca-eagle-eye-usb-plug-play\/","name":"Laptimer VOCA Eagle Eye USB PLUG & PLAY - VocaRacing","isPartOf":{"@id":"https:\/\/www.vocaracing.com\/#website"},"primaryImageOfPage":{"@id":"https:\/\/www.vocaracing.com\/fr\/product\/laptimer-voca-eagle-eye-usb-plug-play\/#primaryimage"},"image":{"@id":"https:\/\/www.vocaracing.com\/fr\/product\/laptimer-voca-eagle-eye-usb-plug-play\/#primaryimage"},"thumbnailUrl":"https:\/\/www.vocaracing.com\/wp-content\/uploads\/2019\/07\/VCR-RD11LAP_EGL.jpg","datePublished":"2019-07-02T13:55:07+00:00","dateModified":"2019-07-02T13:57:23+00:00","description":"Laptimer VOCA Eagle Eye, version am\u00e9lior\u00e9e du pr\u00e9c\u00e9dent laptimer VOCA. Il a un r\u00e9cepteur \u00e0 la fin d'un c\u00e2ble qui quitte l'\u00e9cran. Ensuite, vous pouvez placer le r\u00e9cepteur d\u2019un c\u00f4t\u00e9 ou de l\u2019autre du v\u00e9lo, en fonction du c\u00f4t\u00e9 o\u00f9 se trouve le mur avec l\u2019\u00e9metteur. Il consiste en un \u00e9cran d\u2019affichage avec les boutons de s\u00e9lection, dans lequel nous aurons les informations, le r\u00e9cepteur connect\u00e9 \u00e0 l\u2019affichage et un \u00e9metteur infrarouge.","breadcrumb":{"@id":"https:\/\/www.vocaracing.com\/fr\/product\/laptimer-voca-eagle-eye-usb-plug-play\/#breadcrumb"},"inLanguage":"fr-FR","potentialAction":[{"@type":"ReadAction","target":["https:\/\/www.vocaracing.com\/fr\/product\/laptimer-voca-eagle-eye-usb-plug-play\/"]}]},{"@type":"ImageObject","inLanguage":"fr-FR","@id":"https:\/\/www.vocaracing.com\/fr\/product\/laptimer-voca-eagle-eye-usb-plug-play\/#primaryimage","url":"https:\/\/www.vocaracing.com\/wp-content\/uploads\/2019\/07\/VCR-RD11LAP_EGL.jpg","contentUrl":"https:\/\/www.vocaracing.com\/wp-content\/uploads\/2019\/07\/VCR-RD11LAP_EGL.jpg","width":1200,"height":1200},{"@type":"BreadcrumbList","@id":"https:\/\/www.vocaracing.com\/fr\/product\/laptimer-voca-eagle-eye-usb-plug-play\/#breadcrumb","itemListElement":[{"@type":"ListItem","position":1,"name":"Home","item":"https:\/\/www.vocaracing.com\/fr\/"},{"@type":"ListItem","position":2,"name":"Produits","item":"https:\/\/www.vocaracing.com\/fr\/produits\/"},{"@type":"ListItem","position":3,"name":"Laptimer VOCA Eagle Eye USB PLUG &#038; PLAY"}]},{"@type":"WebSite","@id":"https:\/\/www.vocaracing.com\/#website","url":"https:\/\/www.vocaracing.com\/","name":"VocaRacing","description":"Competition Proved","publisher":{"@id":"https:\/\/www.vocaracing.com\/#organization"},"potentialAction":[{"@type":"SearchAction","target":{"@type":"EntryPoint","urlTemplate":"https:\/\/www.vocaracing.com\/?s={search_term_string}"},"query-input":{"@type":"PropertyValueSpecification","valueRequired":true,"valueName":"search_term_string"}}],"inLanguage":"fr-FR"},{"@type":"Organization","@id":"https:\/\/www.vocaracing.com\/#organization","name":"VocaRacing","url":"https:\/\/www.vocaracing.com\/","logo":{"@type":"ImageObject","inLanguage":"fr-FR","@id":"https:\/\/www.vocaracing.com\/#\/schema\/logo\/image\/","url":"https:\/\/www.vocaracing.com\/wp-content\/uploads\/2023\/08\/vocaracing.png","contentUrl":"https:\/\/www.vocaracing.com\/wp-content\/uploads\/2023\/08\/vocaracing.png","width":600,"height":400,"caption":"VocaRacing"},"image":{"@id":"https:\/\/www.vocaracing.com\/#\/schema\/logo\/image\/"},"sameAs":["https:\/\/www.facebook.com\/vocaracing","https:\/\/www.youtube.com\/user\/VOCARacing"]}]}},"uagb_featured_image_src":{"full":["https:\/\/www.vocaracing.com\/wp-content\/uploads\/2019\/07\/VCR-RD11LAP_EGL.jpg",1200,1200,false],"thumbnail":["https:\/\/www.vocaracing.com\/wp-content\/uploads\/2019\/07\/VCR-RD11LAP_EGL-200x150.jpg",200,150,true],"medium":["https:\/\/www.vocaracing.com\/wp-content\/uploads\/2019\/07\/VCR-RD11LAP_EGL-180x180.jpg",180,180,true],"medium_large":["https:\/\/www.vocaracing.com\/wp-content\/uploads\/2019\/07\/VCR-RD11LAP_EGL.jpg",1200,1200,false],"large":["https:\/\/www.vocaracing.com\/wp-content\/uploads\/2019\/07\/VCR-RD11LAP_EGL-800x800.jpg",800,800,true],"1536x1536":["https:\/\/www.vocaracing.com\/wp-content\/uploads\/2019\/07\/VCR-RD11LAP_EGL.jpg",1200,1200,false],"2048x2048":["https:\/\/www.vocaracing.com\/wp-content\/uploads\/2019\/07\/VCR-RD11LAP_EGL.jpg",1200,1200,false],"woocommerce_thumbnail":["https:\/\/www.vocaracing.com\/wp-content\/uploads\/2019\/07\/VCR-RD11LAP_EGL-500x500.jpg",500,500,true],"woocommerce_single":["https:\/\/www.vocaracing.com\/wp-content\/uploads\/2019\/07\/VCR-RD11LAP_EGL-700x700.jpg",700,700,true],"woocommerce_gallery_thumbnail":["https:\/\/www.vocaracing.com\/wp-content\/uploads\/2019\/07\/VCR-RD11LAP_EGL-100x100.jpg",100,100,true]},"uagb_author_info":{"display_name":"Design Motoscoot","author_link":"https:\/\/www.vocaracing.com\/fr\/author\/"},"uagb_comment_info":0,"uagb_excerpt":"Laptimer VOCA Eagle Eye, version am\u00e9lior\u00e9e du pr\u00e9c\u00e9dent laptimer VOCA. Il a un r\u00e9cepteur \u00e0 la fin d'un c\u00e2ble qui quitte l'\u00e9cran. Ensuite, vous pouvez placer le r\u00e9cepteur d\u2019un c\u00f4t\u00e9 ou de l\u2019autre du v\u00e9lo, en fonction du c\u00f4t\u00e9 o\u00f9 se trouve le mur avec l\u2019\u00e9metteur. Il consiste en un \u00e9cran d\u2019affichage avec les boutons&hellip;","_links":{"self":[{"href":"https:\/\/www.vocaracing.com\/fr\/wp-json\/wp\/v2\/product\/9288","targetHints":{"allow":["GET"]}}],"collection":[{"href":"https:\/\/www.vocaracing.com\/fr\/wp-json\/wp\/v2\/product"}],"about":[{"href":"https:\/\/www.vocaracing.com\/fr\/wp-json\/wp\/v2\/types\/product"}],"wp:featuredmedia":[{"embeddable":true,"href":"https:\/\/www.vocaracing.com\/fr\/wp-json\/wp\/v2\/media\/9268"}],"wp:attachment":[{"href":"https:\/\/www.vocaracing.com\/fr\/wp-json\/wp\/v2\/media?parent=9288"}],"wp:term":[{"taxonomy":"product_brand","embeddable":true,"href":"https:\/\/www.vocaracing.com\/fr\/wp-json\/wp\/v2\/product_brand?post=9288"},{"taxonomy":"product_cat","embeddable":true,"href":"https:\/\/www.vocaracing.com\/fr\/wp-json\/wp\/v2\/product_cat?post=9288"},{"taxonomy":"product_tag","embeddable":true,"href":"https:\/\/www.vocaracing.com\/fr\/wp-json\/wp\/v2\/product_tag?post=9288"}],"curies":[{"name":"wp","href":"https:\/\/api.w.org\/{rel}","templated":true}]}}