{"id":8928,"date":"2019-03-29T16:21:07","date_gmt":"2019-03-29T15:21:07","guid":{"rendered":"https:\/\/www.vocaracing.com\/product\/kit-deco-voca-official-beta-rr50-2010-2017\/"},"modified":"2019-03-29T16:21:07","modified_gmt":"2019-03-29T15:21:07","slug":"kit-deco-voca-official-beta-rr50-2010-2017","status":"publish","type":"product","link":"https:\/\/www.vocaracing.com\/fr\/product\/kit-deco-voca-official-beta-rr50-2010-2017\/","title":{"rendered":"Kit Dec\u00f3 VOCA Official &#8211; Beta RR50 2010-2017"},"content":{"rendered":"<p><span style=\"font-family: Arial, sans-serif;\"><span style=\"font-size: medium;\">Kit d\u00e9co complet VOCA Official pour beta RR 50 2011-2018 avec impression haute qualit\u00e9 sur un vinyle US3 Motocross poss\u00e9dant un protection anti UV. Le kit inlcuye des autocollant especiall pour des llantes, fabriquer d\u00b4un vinyle 170 microns poss\u00e9dant un protection anti UV. Le kit D\u00e9co complet comprenant stickers de:<\/span><\/span><\/p>\n<p><span style=\"font-family: Arial, sans-serif;\"><span style=\"font-size: medium;\">Ouies D\/G<br \/>\nPlaque avant origine<br \/>\nFond de plaques arri\u00e8re<br \/>\n<\/span><\/span><span style=\"font-family: Arial, sans-serif;\"><span style=\"font-size: medium;\">Garde boue arri\u00e8re<br \/>\n<\/span><\/span><span style=\"font-family: Arial, sans-serif;\"><span style=\"font-size: medium;\">Bras oscillant D\/G<br \/>\nGarde boue Avant<br \/>\nJantes avant et arri\u00e8re<\/span><\/span><\/p>\n<p><span style=\"font-family: Arial, sans-serif;\"><span style=\"font-size: medium;\">M\u00e9thode de pose autocollant de jantes:<br \/>\n<\/span><\/span><span style=\"font-family: Arial, sans-serif;\"><span style=\"font-size: medium;\">&#8211; Nettoyer la jante (\u00e0 l&#8217;essence, ou \u00e0 l&#8217;ac\u00e9tone)<br \/>\n<\/span><\/span><span style=\"font-family: Arial, sans-serif;\"><span style=\"font-size: medium;\">&#8211; Commencer l&#8217;application de l&#8217;interieur de la jante, en allant vers l&#8217;exterieur<br \/>\n<\/span><\/span><span style=\"font-family: Arial, sans-serif;\"><span style=\"font-size: medium;\">&#8211; Laissez la colle prendre et laissez reposer pendant 24 heures sans rouler<\/span><\/span><\/p>\n","protected":false},"excerpt":{"rendered":"<p><span style=\"font-family: Arial, sans-serif;\"><span style=\"font-size: medium;\">Kit d\u00e9co complet VOCA Official pour beta RR 50 2011-2018 avec impression haute qualit\u00e9 sur un vinyle US3 Motocross poss\u00e9dant un protection anti UV.<\/span><\/span><\/p>\n","protected":false},"featured_media":8880,"template":"","meta":{"_acf_changed":false,"inline_featured_image":false,"_uag_custom_page_level_css":""},"product_brand":[],"product_cat":[1040,381],"product_tag":[],"class_list":{"0":"post-8928","1":"product","2":"type-product","3":"status-publish","4":"has-post-thumbnail","6":"product_cat-kits-deco-voca-official","7":"product_cat-merchandising-fr","8":"splide__slide","10":"first","11":"instock","12":"shipping-taxable","13":"purchasable","14":"product-type-simple"},"acf":[],"yoast_head":"<!-- This site is optimized with the Yoast SEO plugin v27.3 - https:\/\/yoast.com\/product\/yoast-seo-wordpress\/ -->\n<title>Kit Dec\u00f3 VOCA Official - Beta RR50 2010-2017 - VocaRacing<\/title>\n<meta name=\"description\" content=\"Kit d\u00e9co complet VOCA Official pour beta RR 50 2011-2018 avec impression haute qualit\u00e9 sur un vinyle US3 Motocross poss\u00e9dant un protection anti UV.\" \/>\n<meta name=\"robots\" content=\"index, follow, max-snippet:-1, max-image-preview:large, max-video-preview:-1\" \/>\n<link rel=\"canonical\" href=\"https:\/\/www.vocaracing.com\/fr\/product\/kit-deco-voca-official-beta-rr50-2010-2017\/\" \/>\n<meta property=\"og:locale\" content=\"fr_FR\" \/>\n<meta property=\"og:type\" content=\"article\" \/>\n<meta property=\"og:title\" content=\"Kit Dec\u00f3 VOCA Official - Beta RR50 2010-2017 - VocaRacing\" \/>\n<meta property=\"og:description\" content=\"Kit d\u00e9co complet VOCA Official pour beta RR 50 2011-2018 avec impression haute qualit\u00e9 sur un vinyle US3 Motocross poss\u00e9dant un protection anti UV.\" \/>\n<meta property=\"og:url\" content=\"https:\/\/www.vocaracing.com\/fr\/product\/kit-deco-voca-official-beta-rr50-2010-2017\/\" \/>\n<meta property=\"og:site_name\" content=\"VocaRacing\" \/>\n<meta property=\"article:publisher\" content=\"https:\/\/www.facebook.com\/vocaracing\" \/>\n<meta property=\"og:image\" content=\"https:\/\/www.vocaracing.com\/wp-content\/uploads\/2019\/03\/BETA_RR_50_2010_2013_VOCA.jpg\" \/>\n\t<meta property=\"og:image:width\" content=\"1130\" \/>\n\t<meta property=\"og:image:height\" content=\"669\" \/>\n\t<meta property=\"og:image:type\" content=\"image\/jpeg\" \/>\n<meta name=\"twitter:card\" content=\"summary_large_image\" \/>\n<meta name=\"twitter:label1\" content=\"Est. reading time\" \/>\n\t<meta name=\"twitter:data1\" content=\"1 minute\" \/>\n<script type=\"application\/ld+json\" class=\"yoast-schema-graph\">{\"@context\":\"https:\\\/\\\/schema.org\",\"@graph\":[{\"@type\":\"WebPage\",\"@id\":\"https:\\\/\\\/www.vocaracing.com\\\/fr\\\/product\\\/kit-deco-voca-official-beta-rr50-2010-2017\\\/\",\"url\":\"https:\\\/\\\/www.vocaracing.com\\\/fr\\\/product\\\/kit-deco-voca-official-beta-rr50-2010-2017\\\/\",\"name\":\"Kit Dec\u00f3 VOCA Official - Beta RR50 2010-2017 - VocaRacing\",\"isPartOf\":{\"@id\":\"https:\\\/\\\/www.vocaracing.com\\\/#website\"},\"primaryImageOfPage\":{\"@id\":\"https:\\\/\\\/www.vocaracing.com\\\/fr\\\/product\\\/kit-deco-voca-official-beta-rr50-2010-2017\\\/#primaryimage\"},\"image\":{\"@id\":\"https:\\\/\\\/www.vocaracing.com\\\/fr\\\/product\\\/kit-deco-voca-official-beta-rr50-2010-2017\\\/#primaryimage\"},\"thumbnailUrl\":\"https:\\\/\\\/www.vocaracing.com\\\/wp-content\\\/uploads\\\/2019\\\/03\\\/BETA_RR_50_2010_2013_VOCA.jpg\",\"datePublished\":\"2019-03-29T15:21:07+00:00\",\"description\":\"Kit d\u00e9co complet VOCA Official pour beta RR 50 2011-2018 avec impression haute qualit\u00e9 sur un vinyle US3 Motocross poss\u00e9dant un protection anti UV.\",\"breadcrumb\":{\"@id\":\"https:\\\/\\\/www.vocaracing.com\\\/fr\\\/product\\\/kit-deco-voca-official-beta-rr50-2010-2017\\\/#breadcrumb\"},\"inLanguage\":\"fr-FR\",\"potentialAction\":[{\"@type\":\"ReadAction\",\"target\":[\"https:\\\/\\\/www.vocaracing.com\\\/fr\\\/product\\\/kit-deco-voca-official-beta-rr50-2010-2017\\\/\"]}]},{\"@type\":\"ImageObject\",\"inLanguage\":\"fr-FR\",\"@id\":\"https:\\\/\\\/www.vocaracing.com\\\/fr\\\/product\\\/kit-deco-voca-official-beta-rr50-2010-2017\\\/#primaryimage\",\"url\":\"https:\\\/\\\/www.vocaracing.com\\\/wp-content\\\/uploads\\\/2019\\\/03\\\/BETA_RR_50_2010_2013_VOCA.jpg\",\"contentUrl\":\"https:\\\/\\\/www.vocaracing.com\\\/wp-content\\\/uploads\\\/2019\\\/03\\\/BETA_RR_50_2010_2013_VOCA.jpg\",\"width\":1130,\"height\":669},{\"@type\":\"BreadcrumbList\",\"@id\":\"https:\\\/\\\/www.vocaracing.com\\\/fr\\\/product\\\/kit-deco-voca-official-beta-rr50-2010-2017\\\/#breadcrumb\",\"itemListElement\":[{\"@type\":\"ListItem\",\"position\":1,\"name\":\"Home\",\"item\":\"https:\\\/\\\/www.vocaracing.com\\\/fr\\\/\"},{\"@type\":\"ListItem\",\"position\":2,\"name\":\"Produits\",\"item\":\"https:\\\/\\\/www.vocaracing.com\\\/fr\\\/produits\\\/\"},{\"@type\":\"ListItem\",\"position\":3,\"name\":\"Kit Dec\u00f3 VOCA Official &#8211; Beta RR50 2010-2017\"}]},{\"@type\":\"WebSite\",\"@id\":\"https:\\\/\\\/www.vocaracing.com\\\/#website\",\"url\":\"https:\\\/\\\/www.vocaracing.com\\\/\",\"name\":\"VocaRacing\",\"description\":\"Competition Proved\",\"publisher\":{\"@id\":\"https:\\\/\\\/www.vocaracing.com\\\/#organization\"},\"potentialAction\":[{\"@type\":\"SearchAction\",\"target\":{\"@type\":\"EntryPoint\",\"urlTemplate\":\"https:\\\/\\\/www.vocaracing.com\\\/?s={search_term_string}\"},\"query-input\":{\"@type\":\"PropertyValueSpecification\",\"valueRequired\":true,\"valueName\":\"search_term_string\"}}],\"inLanguage\":\"fr-FR\"},{\"@type\":\"Organization\",\"@id\":\"https:\\\/\\\/www.vocaracing.com\\\/#organization\",\"name\":\"VocaRacing\",\"url\":\"https:\\\/\\\/www.vocaracing.com\\\/\",\"logo\":{\"@type\":\"ImageObject\",\"inLanguage\":\"fr-FR\",\"@id\":\"https:\\\/\\\/www.vocaracing.com\\\/#\\\/schema\\\/logo\\\/image\\\/\",\"url\":\"https:\\\/\\\/www.vocaracing.com\\\/wp-content\\\/uploads\\\/2023\\\/08\\\/vocaracing.png\",\"contentUrl\":\"https:\\\/\\\/www.vocaracing.com\\\/wp-content\\\/uploads\\\/2023\\\/08\\\/vocaracing.png\",\"width\":600,\"height\":400,\"caption\":\"VocaRacing\"},\"image\":{\"@id\":\"https:\\\/\\\/www.vocaracing.com\\\/#\\\/schema\\\/logo\\\/image\\\/\"},\"sameAs\":[\"https:\\\/\\\/www.facebook.com\\\/vocaracing\",\"https:\\\/\\\/www.youtube.com\\\/user\\\/VOCARacing\"]}]}<\/script>\n<!-- \/ Yoast SEO plugin. -->","yoast_head_json":{"title":"Kit Dec\u00f3 VOCA Official - Beta RR50 2010-2017 - VocaRacing","description":"Kit d\u00e9co complet VOCA Official pour beta RR 50 2011-2018 avec impression haute qualit\u00e9 sur un vinyle US3 Motocross poss\u00e9dant un protection anti UV.","robots":{"index":"index","follow":"follow","max-snippet":"max-snippet:-1","max-image-preview":"max-image-preview:large","max-video-preview":"max-video-preview:-1"},"canonical":"https:\/\/www.vocaracing.com\/fr\/product\/kit-deco-voca-official-beta-rr50-2010-2017\/","og_locale":"fr_FR","og_type":"article","og_title":"Kit Dec\u00f3 VOCA Official - Beta RR50 2010-2017 - VocaRacing","og_description":"Kit d\u00e9co complet VOCA Official pour beta RR 50 2011-2018 avec impression haute qualit\u00e9 sur un vinyle US3 Motocross poss\u00e9dant un protection anti UV.","og_url":"https:\/\/www.vocaracing.com\/fr\/product\/kit-deco-voca-official-beta-rr50-2010-2017\/","og_site_name":"VocaRacing","article_publisher":"https:\/\/www.facebook.com\/vocaracing","og_image":[{"width":1130,"height":669,"url":"https:\/\/www.vocaracing.com\/wp-content\/uploads\/2019\/03\/BETA_RR_50_2010_2013_VOCA.jpg","type":"image\/jpeg"}],"twitter_card":"summary_large_image","twitter_misc":{"Est. reading time":"1 minute"},"schema":{"@context":"https:\/\/schema.org","@graph":[{"@type":"WebPage","@id":"https:\/\/www.vocaracing.com\/fr\/product\/kit-deco-voca-official-beta-rr50-2010-2017\/","url":"https:\/\/www.vocaracing.com\/fr\/product\/kit-deco-voca-official-beta-rr50-2010-2017\/","name":"Kit Dec\u00f3 VOCA Official - Beta RR50 2010-2017 - VocaRacing","isPartOf":{"@id":"https:\/\/www.vocaracing.com\/#website"},"primaryImageOfPage":{"@id":"https:\/\/www.vocaracing.com\/fr\/product\/kit-deco-voca-official-beta-rr50-2010-2017\/#primaryimage"},"image":{"@id":"https:\/\/www.vocaracing.com\/fr\/product\/kit-deco-voca-official-beta-rr50-2010-2017\/#primaryimage"},"thumbnailUrl":"https:\/\/www.vocaracing.com\/wp-content\/uploads\/2019\/03\/BETA_RR_50_2010_2013_VOCA.jpg","datePublished":"2019-03-29T15:21:07+00:00","description":"Kit d\u00e9co complet VOCA Official pour beta RR 50 2011-2018 avec impression haute qualit\u00e9 sur un vinyle US3 Motocross poss\u00e9dant un protection anti UV.","breadcrumb":{"@id":"https:\/\/www.vocaracing.com\/fr\/product\/kit-deco-voca-official-beta-rr50-2010-2017\/#breadcrumb"},"inLanguage":"fr-FR","potentialAction":[{"@type":"ReadAction","target":["https:\/\/www.vocaracing.com\/fr\/product\/kit-deco-voca-official-beta-rr50-2010-2017\/"]}]},{"@type":"ImageObject","inLanguage":"fr-FR","@id":"https:\/\/www.vocaracing.com\/fr\/product\/kit-deco-voca-official-beta-rr50-2010-2017\/#primaryimage","url":"https:\/\/www.vocaracing.com\/wp-content\/uploads\/2019\/03\/BETA_RR_50_2010_2013_VOCA.jpg","contentUrl":"https:\/\/www.vocaracing.com\/wp-content\/uploads\/2019\/03\/BETA_RR_50_2010_2013_VOCA.jpg","width":1130,"height":669},{"@type":"BreadcrumbList","@id":"https:\/\/www.vocaracing.com\/fr\/product\/kit-deco-voca-official-beta-rr50-2010-2017\/#breadcrumb","itemListElement":[{"@type":"ListItem","position":1,"name":"Home","item":"https:\/\/www.vocaracing.com\/fr\/"},{"@type":"ListItem","position":2,"name":"Produits","item":"https:\/\/www.vocaracing.com\/fr\/produits\/"},{"@type":"ListItem","position":3,"name":"Kit Dec\u00f3 VOCA Official &#8211; Beta RR50 2010-2017"}]},{"@type":"WebSite","@id":"https:\/\/www.vocaracing.com\/#website","url":"https:\/\/www.vocaracing.com\/","name":"VocaRacing","description":"Competition Proved","publisher":{"@id":"https:\/\/www.vocaracing.com\/#organization"},"potentialAction":[{"@type":"SearchAction","target":{"@type":"EntryPoint","urlTemplate":"https:\/\/www.vocaracing.com\/?s={search_term_string}"},"query-input":{"@type":"PropertyValueSpecification","valueRequired":true,"valueName":"search_term_string"}}],"inLanguage":"fr-FR"},{"@type":"Organization","@id":"https:\/\/www.vocaracing.com\/#organization","name":"VocaRacing","url":"https:\/\/www.vocaracing.com\/","logo":{"@type":"ImageObject","inLanguage":"fr-FR","@id":"https:\/\/www.vocaracing.com\/#\/schema\/logo\/image\/","url":"https:\/\/www.vocaracing.com\/wp-content\/uploads\/2023\/08\/vocaracing.png","contentUrl":"https:\/\/www.vocaracing.com\/wp-content\/uploads\/2023\/08\/vocaracing.png","width":600,"height":400,"caption":"VocaRacing"},"image":{"@id":"https:\/\/www.vocaracing.com\/#\/schema\/logo\/image\/"},"sameAs":["https:\/\/www.facebook.com\/vocaracing","https:\/\/www.youtube.com\/user\/VOCARacing"]}]}},"uagb_featured_image_src":{"full":["https:\/\/www.vocaracing.com\/wp-content\/uploads\/2019\/03\/BETA_RR_50_2010_2013_VOCA.jpg",1130,669,false],"thumbnail":["https:\/\/www.vocaracing.com\/wp-content\/uploads\/2019\/03\/BETA_RR_50_2010_2013_VOCA-200x150.jpg",200,150,true],"medium":["https:\/\/www.vocaracing.com\/wp-content\/uploads\/2019\/03\/BETA_RR_50_2010_2013_VOCA-300x178.jpg",300,178,true],"medium_large":["https:\/\/www.vocaracing.com\/wp-content\/uploads\/2019\/03\/BETA_RR_50_2010_2013_VOCA.jpg",1130,669,false],"large":["https:\/\/www.vocaracing.com\/wp-content\/uploads\/2019\/03\/BETA_RR_50_2010_2013_VOCA-1024x606.jpg",960,568,true],"1536x1536":["https:\/\/www.vocaracing.com\/wp-content\/uploads\/2019\/03\/BETA_RR_50_2010_2013_VOCA.jpg",1130,669,false],"2048x2048":["https:\/\/www.vocaracing.com\/wp-content\/uploads\/2019\/03\/BETA_RR_50_2010_2013_VOCA.jpg",1130,669,false],"woocommerce_thumbnail":["https:\/\/www.vocaracing.com\/wp-content\/uploads\/2019\/03\/BETA_RR_50_2010_2013_VOCA-500x500.jpg",500,500,true],"woocommerce_single":["https:\/\/www.vocaracing.com\/wp-content\/uploads\/2019\/03\/BETA_RR_50_2010_2013_VOCA-700x414.jpg",700,414,true],"woocommerce_gallery_thumbnail":["https:\/\/www.vocaracing.com\/wp-content\/uploads\/2019\/03\/BETA_RR_50_2010_2013_VOCA-100x100.jpg",100,100,true]},"uagb_author_info":{"display_name":"Design Motoscoot","author_link":"https:\/\/www.vocaracing.com\/fr\/author\/"},"uagb_comment_info":0,"uagb_excerpt":"Kit d\u00e9co complet VOCA Official pour beta RR 50 2011-2018 avec impression haute qualit\u00e9 sur un vinyle US3 Motocross poss\u00e9dant un protection anti UV.","_links":{"self":[{"href":"https:\/\/www.vocaracing.com\/fr\/wp-json\/wp\/v2\/product\/8928","targetHints":{"allow":["GET"]}}],"collection":[{"href":"https:\/\/www.vocaracing.com\/fr\/wp-json\/wp\/v2\/product"}],"about":[{"href":"https:\/\/www.vocaracing.com\/fr\/wp-json\/wp\/v2\/types\/product"}],"wp:featuredmedia":[{"embeddable":true,"href":"https:\/\/www.vocaracing.com\/fr\/wp-json\/wp\/v2\/media\/8880"}],"wp:attachment":[{"href":"https:\/\/www.vocaracing.com\/fr\/wp-json\/wp\/v2\/media?parent=8928"}],"wp:term":[{"taxonomy":"product_brand","embeddable":true,"href":"https:\/\/www.vocaracing.com\/fr\/wp-json\/wp\/v2\/product_brand?post=8928"},{"taxonomy":"product_cat","embeddable":true,"href":"https:\/\/www.vocaracing.com\/fr\/wp-json\/wp\/v2\/product_cat?post=8928"},{"taxonomy":"product_tag","embeddable":true,"href":"https:\/\/www.vocaracing.com\/fr\/wp-json\/wp\/v2\/product_tag?post=8928"}],"curies":[{"name":"wp","href":"https:\/\/api.w.org\/{rel}","templated":true}]}}