{"id":3928,"date":"2015-12-18T12:04:39","date_gmt":"2015-12-18T11:04:39","guid":{"rendered":"https:\/\/www.vocaracing.com\/?post_type=product&#038;p=3928"},"modified":"2024-09-09T14:27:04","modified_gmt":"2024-09-09T13:27:04","slug":"passage-de-roue-voca-style-derbi-drd-pro-avec-feu-arriere-blanc-a-led","status":"publish","type":"product","link":"https:\/\/www.vocaracing.com\/fr\/product\/passage-de-roue-voca-style-derbi-drd-pro-avec-feu-arriere-blanc-a-led\/","title":{"rendered":"Passage de roue Voca Style DERBI DRD Pro avec feu arri\u00e8re blanc \u00e0 led"},"content":{"rendered":"<p><span style=\"font-family: Arial,sans-serif;\">Pour votre m\u00e9caboite Derbi DRD Pro (cadre p\u00e9rim\u00e9trique) on vous propose ce magnifique passage de roue sans feu arri\u00e8re \u00e0 led.<\/span><\/p>\n<p><span style=\"font-family: Arial,sans-serif;\">Ce passage de roue en acier inoxydable s&#8217;adapte \u00e0 la perfection \u00e0 votre Derbi DRD Pro, car cet \u00e9l\u00e9ment \u00e9pouse la forme exacte des car\u00e9nages de ce mod\u00e8le de Derbi. Vous trouverez le logo Voca, ainsi que les trous de fixations, d\u00e9coup\u00e9s au laser avec finesse et \u00e0 la perfection.<br \/>\n<\/span><\/p>\n<p><span style=\"font-family: Arial,sans-serif;\">Le choix de l&#8217;acier inoxydable offre de la r\u00e9sistance, un look tr\u00e8s classe et \u00e9vitera ainsi que la corrosion attaque ce passage de roue. Toujours dans le soucis du d\u00e9tail et de la qualit\u00e9, nous d\u00e9livrons ce passage de roue avec le kit de visserie en inox ainsi que des petites mousses anti-vibrations.<\/span><\/p>\n<p><span style=\"font-family: Arial,sans-serif;\">Il est \u00e9vident que c&#8217;est un produit \u00e9tudi\u00e9 pour un montage parfait et tr\u00e8s facile, qui donnera \u00e0 votre machine une esth\u00e9tique et classe \u00e0 l&#8217;image de Voca Racing. <\/span><\/p>\n<p><span style=\"font-family: Arial,sans-serif;\"><span style=\"font-size: medium;\">Qualit\u00e9 impressionnante made by Voca Racing.<\/span><\/span><\/p>\n","protected":false},"excerpt":{"rendered":"<p><span style=\"font-family: Arial,sans-serif;\">Un look 100% tuning !<\/span><\/p>\n","protected":false},"featured_media":4051,"template":"","meta":{"_acf_changed":false,"inline_featured_image":false,"_uag_custom_page_level_css":""},"product_brand":[],"product_cat":[1976],"product_tag":[],"class_list":{"0":"post-3928","1":"product","2":"type-product","3":"status-publish","4":"has-post-thumbnail","6":"product_cat-decoupe-au-laser","7":"splide__slide","9":"first","10":"instock","11":"shipping-taxable","12":"product-type-simple"},"acf":[],"yoast_head":"<!-- This site is optimized with the Yoast SEO plugin v27.3 - https:\/\/yoast.com\/product\/yoast-seo-wordpress\/ -->\n<title>Passage de roue Voca Style DERBI DRD Pro avec feu arri\u00e8re blanc \u00e0 led - VocaRacing<\/title>\n<meta name=\"robots\" content=\"index, follow, max-snippet:-1, max-image-preview:large, max-video-preview:-1\" \/>\n<link rel=\"canonical\" href=\"https:\/\/www.vocaracing.com\/fr\/product\/passage-de-roue-voca-style-derbi-drd-pro-avec-feu-arriere-blanc-a-led\/\" \/>\n<meta property=\"og:locale\" content=\"fr_FR\" \/>\n<meta property=\"og:type\" content=\"article\" \/>\n<meta property=\"og:title\" content=\"Passage de roue Voca Style DERBI DRD Pro avec feu arri\u00e8re blanc \u00e0 led - VocaRacing\" \/>\n<meta property=\"og:description\" content=\"Un look 100% tuning !\" \/>\n<meta property=\"og:url\" content=\"https:\/\/www.vocaracing.com\/fr\/product\/passage-de-roue-voca-style-derbi-drd-pro-avec-feu-arriere-blanc-a-led\/\" \/>\n<meta property=\"og:site_name\" content=\"VocaRacing\" \/>\n<meta property=\"article:publisher\" content=\"https:\/\/www.facebook.com\/vocaracing\" \/>\n<meta property=\"article:modified_time\" content=\"2024-09-09T13:27:04+00:00\" \/>\n<meta property=\"og:image\" content=\"https:\/\/www.vocaracing.com\/wp-content\/uploads\/2015\/12\/VCR-SD50193.55WH.jpg\" \/>\n\t<meta property=\"og:image:width\" content=\"1800\" \/>\n\t<meta property=\"og:image:height\" content=\"1200\" \/>\n\t<meta property=\"og:image:type\" content=\"image\/jpeg\" \/>\n<meta name=\"twitter:card\" content=\"summary_large_image\" \/>\n<meta name=\"twitter:label1\" content=\"Est. reading time\" \/>\n\t<meta name=\"twitter:data1\" content=\"1 minute\" \/>\n<script type=\"application\/ld+json\" class=\"yoast-schema-graph\">{\"@context\":\"https:\\\/\\\/schema.org\",\"@graph\":[{\"@type\":\"WebPage\",\"@id\":\"https:\\\/\\\/www.vocaracing.com\\\/fr\\\/product\\\/passage-de-roue-voca-style-derbi-drd-pro-avec-feu-arriere-blanc-a-led\\\/\",\"url\":\"https:\\\/\\\/www.vocaracing.com\\\/fr\\\/product\\\/passage-de-roue-voca-style-derbi-drd-pro-avec-feu-arriere-blanc-a-led\\\/\",\"name\":\"Passage de roue Voca Style DERBI DRD Pro avec feu arri\u00e8re blanc \u00e0 led - VocaRacing\",\"isPartOf\":{\"@id\":\"https:\\\/\\\/www.vocaracing.com\\\/#website\"},\"primaryImageOfPage\":{\"@id\":\"https:\\\/\\\/www.vocaracing.com\\\/fr\\\/product\\\/passage-de-roue-voca-style-derbi-drd-pro-avec-feu-arriere-blanc-a-led\\\/#primaryimage\"},\"image\":{\"@id\":\"https:\\\/\\\/www.vocaracing.com\\\/fr\\\/product\\\/passage-de-roue-voca-style-derbi-drd-pro-avec-feu-arriere-blanc-a-led\\\/#primaryimage\"},\"thumbnailUrl\":\"https:\\\/\\\/www.vocaracing.com\\\/wp-content\\\/uploads\\\/2015\\\/12\\\/VCR-SD50193.55WH.jpg\",\"datePublished\":\"2015-12-18T11:04:39+00:00\",\"dateModified\":\"2024-09-09T13:27:04+00:00\",\"breadcrumb\":{\"@id\":\"https:\\\/\\\/www.vocaracing.com\\\/fr\\\/product\\\/passage-de-roue-voca-style-derbi-drd-pro-avec-feu-arriere-blanc-a-led\\\/#breadcrumb\"},\"inLanguage\":\"fr-FR\",\"potentialAction\":[{\"@type\":\"ReadAction\",\"target\":[\"https:\\\/\\\/www.vocaracing.com\\\/fr\\\/product\\\/passage-de-roue-voca-style-derbi-drd-pro-avec-feu-arriere-blanc-a-led\\\/\"]}]},{\"@type\":\"ImageObject\",\"inLanguage\":\"fr-FR\",\"@id\":\"https:\\\/\\\/www.vocaracing.com\\\/fr\\\/product\\\/passage-de-roue-voca-style-derbi-drd-pro-avec-feu-arriere-blanc-a-led\\\/#primaryimage\",\"url\":\"https:\\\/\\\/www.vocaracing.com\\\/wp-content\\\/uploads\\\/2015\\\/12\\\/VCR-SD50193.55WH.jpg\",\"contentUrl\":\"https:\\\/\\\/www.vocaracing.com\\\/wp-content\\\/uploads\\\/2015\\\/12\\\/VCR-SD50193.55WH.jpg\",\"width\":1800,\"height\":1200},{\"@type\":\"BreadcrumbList\",\"@id\":\"https:\\\/\\\/www.vocaracing.com\\\/fr\\\/product\\\/passage-de-roue-voca-style-derbi-drd-pro-avec-feu-arriere-blanc-a-led\\\/#breadcrumb\",\"itemListElement\":[{\"@type\":\"ListItem\",\"position\":1,\"name\":\"Home\",\"item\":\"https:\\\/\\\/www.vocaracing.com\\\/fr\\\/\"},{\"@type\":\"ListItem\",\"position\":2,\"name\":\"Produits\",\"item\":\"https:\\\/\\\/www.vocaracing.com\\\/fr\\\/produits\\\/\"},{\"@type\":\"ListItem\",\"position\":3,\"name\":\"Passage de roue Voca Style DERBI DRD Pro avec feu arri\u00e8re blanc \u00e0 led\"}]},{\"@type\":\"WebSite\",\"@id\":\"https:\\\/\\\/www.vocaracing.com\\\/#website\",\"url\":\"https:\\\/\\\/www.vocaracing.com\\\/\",\"name\":\"VocaRacing\",\"description\":\"Competition Proved\",\"publisher\":{\"@id\":\"https:\\\/\\\/www.vocaracing.com\\\/#organization\"},\"potentialAction\":[{\"@type\":\"SearchAction\",\"target\":{\"@type\":\"EntryPoint\",\"urlTemplate\":\"https:\\\/\\\/www.vocaracing.com\\\/?s={search_term_string}\"},\"query-input\":{\"@type\":\"PropertyValueSpecification\",\"valueRequired\":true,\"valueName\":\"search_term_string\"}}],\"inLanguage\":\"fr-FR\"},{\"@type\":\"Organization\",\"@id\":\"https:\\\/\\\/www.vocaracing.com\\\/#organization\",\"name\":\"VocaRacing\",\"url\":\"https:\\\/\\\/www.vocaracing.com\\\/\",\"logo\":{\"@type\":\"ImageObject\",\"inLanguage\":\"fr-FR\",\"@id\":\"https:\\\/\\\/www.vocaracing.com\\\/#\\\/schema\\\/logo\\\/image\\\/\",\"url\":\"https:\\\/\\\/www.vocaracing.com\\\/wp-content\\\/uploads\\\/2023\\\/08\\\/vocaracing.png\",\"contentUrl\":\"https:\\\/\\\/www.vocaracing.com\\\/wp-content\\\/uploads\\\/2023\\\/08\\\/vocaracing.png\",\"width\":600,\"height\":400,\"caption\":\"VocaRacing\"},\"image\":{\"@id\":\"https:\\\/\\\/www.vocaracing.com\\\/#\\\/schema\\\/logo\\\/image\\\/\"},\"sameAs\":[\"https:\\\/\\\/www.facebook.com\\\/vocaracing\",\"https:\\\/\\\/www.youtube.com\\\/user\\\/VOCARacing\"]}]}<\/script>\n<!-- \/ Yoast SEO plugin. -->","yoast_head_json":{"title":"Passage de roue Voca Style DERBI DRD Pro avec feu arri\u00e8re blanc \u00e0 led - VocaRacing","robots":{"index":"index","follow":"follow","max-snippet":"max-snippet:-1","max-image-preview":"max-image-preview:large","max-video-preview":"max-video-preview:-1"},"canonical":"https:\/\/www.vocaracing.com\/fr\/product\/passage-de-roue-voca-style-derbi-drd-pro-avec-feu-arriere-blanc-a-led\/","og_locale":"fr_FR","og_type":"article","og_title":"Passage de roue Voca Style DERBI DRD Pro avec feu arri\u00e8re blanc \u00e0 led - VocaRacing","og_description":"Un look 100% tuning !","og_url":"https:\/\/www.vocaracing.com\/fr\/product\/passage-de-roue-voca-style-derbi-drd-pro-avec-feu-arriere-blanc-a-led\/","og_site_name":"VocaRacing","article_publisher":"https:\/\/www.facebook.com\/vocaracing","article_modified_time":"2024-09-09T13:27:04+00:00","og_image":[{"width":1800,"height":1200,"url":"https:\/\/www.vocaracing.com\/wp-content\/uploads\/2015\/12\/VCR-SD50193.55WH.jpg","type":"image\/jpeg"}],"twitter_card":"summary_large_image","twitter_misc":{"Est. reading time":"1 minute"},"schema":{"@context":"https:\/\/schema.org","@graph":[{"@type":"WebPage","@id":"https:\/\/www.vocaracing.com\/fr\/product\/passage-de-roue-voca-style-derbi-drd-pro-avec-feu-arriere-blanc-a-led\/","url":"https:\/\/www.vocaracing.com\/fr\/product\/passage-de-roue-voca-style-derbi-drd-pro-avec-feu-arriere-blanc-a-led\/","name":"Passage de roue Voca Style DERBI DRD Pro avec feu arri\u00e8re blanc \u00e0 led - VocaRacing","isPartOf":{"@id":"https:\/\/www.vocaracing.com\/#website"},"primaryImageOfPage":{"@id":"https:\/\/www.vocaracing.com\/fr\/product\/passage-de-roue-voca-style-derbi-drd-pro-avec-feu-arriere-blanc-a-led\/#primaryimage"},"image":{"@id":"https:\/\/www.vocaracing.com\/fr\/product\/passage-de-roue-voca-style-derbi-drd-pro-avec-feu-arriere-blanc-a-led\/#primaryimage"},"thumbnailUrl":"https:\/\/www.vocaracing.com\/wp-content\/uploads\/2015\/12\/VCR-SD50193.55WH.jpg","datePublished":"2015-12-18T11:04:39+00:00","dateModified":"2024-09-09T13:27:04+00:00","breadcrumb":{"@id":"https:\/\/www.vocaracing.com\/fr\/product\/passage-de-roue-voca-style-derbi-drd-pro-avec-feu-arriere-blanc-a-led\/#breadcrumb"},"inLanguage":"fr-FR","potentialAction":[{"@type":"ReadAction","target":["https:\/\/www.vocaracing.com\/fr\/product\/passage-de-roue-voca-style-derbi-drd-pro-avec-feu-arriere-blanc-a-led\/"]}]},{"@type":"ImageObject","inLanguage":"fr-FR","@id":"https:\/\/www.vocaracing.com\/fr\/product\/passage-de-roue-voca-style-derbi-drd-pro-avec-feu-arriere-blanc-a-led\/#primaryimage","url":"https:\/\/www.vocaracing.com\/wp-content\/uploads\/2015\/12\/VCR-SD50193.55WH.jpg","contentUrl":"https:\/\/www.vocaracing.com\/wp-content\/uploads\/2015\/12\/VCR-SD50193.55WH.jpg","width":1800,"height":1200},{"@type":"BreadcrumbList","@id":"https:\/\/www.vocaracing.com\/fr\/product\/passage-de-roue-voca-style-derbi-drd-pro-avec-feu-arriere-blanc-a-led\/#breadcrumb","itemListElement":[{"@type":"ListItem","position":1,"name":"Home","item":"https:\/\/www.vocaracing.com\/fr\/"},{"@type":"ListItem","position":2,"name":"Produits","item":"https:\/\/www.vocaracing.com\/fr\/produits\/"},{"@type":"ListItem","position":3,"name":"Passage de roue Voca Style DERBI DRD Pro avec feu arri\u00e8re blanc \u00e0 led"}]},{"@type":"WebSite","@id":"https:\/\/www.vocaracing.com\/#website","url":"https:\/\/www.vocaracing.com\/","name":"VocaRacing","description":"Competition Proved","publisher":{"@id":"https:\/\/www.vocaracing.com\/#organization"},"potentialAction":[{"@type":"SearchAction","target":{"@type":"EntryPoint","urlTemplate":"https:\/\/www.vocaracing.com\/?s={search_term_string}"},"query-input":{"@type":"PropertyValueSpecification","valueRequired":true,"valueName":"search_term_string"}}],"inLanguage":"fr-FR"},{"@type":"Organization","@id":"https:\/\/www.vocaracing.com\/#organization","name":"VocaRacing","url":"https:\/\/www.vocaracing.com\/","logo":{"@type":"ImageObject","inLanguage":"fr-FR","@id":"https:\/\/www.vocaracing.com\/#\/schema\/logo\/image\/","url":"https:\/\/www.vocaracing.com\/wp-content\/uploads\/2023\/08\/vocaracing.png","contentUrl":"https:\/\/www.vocaracing.com\/wp-content\/uploads\/2023\/08\/vocaracing.png","width":600,"height":400,"caption":"VocaRacing"},"image":{"@id":"https:\/\/www.vocaracing.com\/#\/schema\/logo\/image\/"},"sameAs":["https:\/\/www.facebook.com\/vocaracing","https:\/\/www.youtube.com\/user\/VOCARacing"]}]}},"uagb_featured_image_src":{"full":["https:\/\/www.vocaracing.com\/wp-content\/uploads\/2015\/12\/VCR-SD50193.55WH.jpg",1800,1200,false],"thumbnail":["https:\/\/www.vocaracing.com\/wp-content\/uploads\/2015\/12\/VCR-SD50193.55WH-200x150.jpg",200,150,true],"medium":["https:\/\/www.vocaracing.com\/wp-content\/uploads\/2015\/12\/VCR-SD50193.55WH-270x180.jpg",270,180,true],"medium_large":["https:\/\/www.vocaracing.com\/wp-content\/uploads\/2015\/12\/VCR-SD50193.55WH.jpg",1800,1200,false],"large":["https:\/\/www.vocaracing.com\/wp-content\/uploads\/2015\/12\/VCR-SD50193.55WH-1024x683.jpg",960,640,true],"1536x1536":["https:\/\/www.vocaracing.com\/wp-content\/uploads\/2015\/12\/VCR-SD50193.55WH.jpg",1536,1024,false],"2048x2048":["https:\/\/www.vocaracing.com\/wp-content\/uploads\/2015\/12\/VCR-SD50193.55WH.jpg",1800,1200,false],"woocommerce_thumbnail":["https:\/\/www.vocaracing.com\/wp-content\/uploads\/2015\/12\/VCR-SD50193.55WH-500x500.jpg",500,500,true],"woocommerce_single":["https:\/\/www.vocaracing.com\/wp-content\/uploads\/2015\/12\/VCR-SD50193.55WH-700x467.jpg",700,467,true],"woocommerce_gallery_thumbnail":["https:\/\/www.vocaracing.com\/wp-content\/uploads\/2015\/12\/VCR-SD50193.55WH-100x100.jpg",100,100,true]},"uagb_author_info":{"display_name":"Design Motoscoot","author_link":"https:\/\/www.vocaracing.com\/fr\/author\/"},"uagb_comment_info":0,"uagb_excerpt":"Un look 100% tuning !","_links":{"self":[{"href":"https:\/\/www.vocaracing.com\/fr\/wp-json\/wp\/v2\/product\/3928","targetHints":{"allow":["GET"]}}],"collection":[{"href":"https:\/\/www.vocaracing.com\/fr\/wp-json\/wp\/v2\/product"}],"about":[{"href":"https:\/\/www.vocaracing.com\/fr\/wp-json\/wp\/v2\/types\/product"}],"wp:featuredmedia":[{"embeddable":true,"href":"https:\/\/www.vocaracing.com\/fr\/wp-json\/wp\/v2\/media\/4051"}],"wp:attachment":[{"href":"https:\/\/www.vocaracing.com\/fr\/wp-json\/wp\/v2\/media?parent=3928"}],"wp:term":[{"taxonomy":"product_brand","embeddable":true,"href":"https:\/\/www.vocaracing.com\/fr\/wp-json\/wp\/v2\/product_brand?post=3928"},{"taxonomy":"product_cat","embeddable":true,"href":"https:\/\/www.vocaracing.com\/fr\/wp-json\/wp\/v2\/product_cat?post=3928"},{"taxonomy":"product_tag","embeddable":true,"href":"https:\/\/www.vocaracing.com\/fr\/wp-json\/wp\/v2\/product_tag?post=3928"}],"curies":[{"name":"wp","href":"https:\/\/api.w.org\/{rel}","templated":true}]}}