{"id":1731,"date":"2015-12-15T19:47:34","date_gmt":"2015-12-15T18:47:34","guid":{"rendered":"https:\/\/www.vocaracing.com\/?post_type=product&#038;p=1731"},"modified":"2022-12-01T17:59:36","modified_gmt":"2022-12-01T16:59:36","slug":"te-de-fourche-voca-racing-aluminium-d-26mm-mbk-machg-yamaha-jogrr","status":"publish","type":"product","link":"https:\/\/www.vocaracing.com\/fr\/product\/te-de-fourche-voca-racing-aluminium-d-26mm-mbk-machg-yamaha-jogrr\/","title":{"rendered":"T\u00e9 de fourche Voca aluminium D.26mm MachG &#8211; JogRR"},"content":{"rendered":"<p><span style=\"font-family: Arial,sans-serif;\">Voca Racing continue dans son soucis du d\u00e9tail \u00e0 vous proposer des pi\u00e8ces issues de la comp\u00e9tition pour affirmer sa haute qualit\u00e9 indiscutable pour un usage quotidien.<\/span><\/p>\n<p><span style=\"font-family: Arial,sans-serif;\">Voici le r\u00e9sultat, un magnifique t\u00e9 de fourche Voca en aluminium Cnc diam\u00e8tre 26 mm, esth\u00e9tiquement tr\u00e8s r\u00e9ussi avec un gravage du logo Voca qui donnera une touche racing \u00e0 votre machine.<\/span><\/p>\n<p><span style=\"font-family: Arial,sans-serif;\">La recherche s&#8217;est centr\u00e9 surtout sur la solidit\u00e9, afin de trouver une structure rigide et incassable, et permettre ainsi une reduction de poids tr\u00e8s notable par rapport aux t\u00e9s de fourches d&#8217;origine en fonte.<\/span><\/p>\n<p><span style=\"font-family: Arial,sans-serif;\">Ce t\u00e9 de fourche <span style=\"font-family: Arial,sans-serif;\">Voca<\/span> competition en diam\u00e8tre 26 mm \u00e0 \u00e9t\u00e9 sp\u00e9cialment <\/span><span style=\"font-family: Arial,sans-serif;\">con\u00e7u <\/span><span style=\"font-family: Arial,sans-serif;\">pour les scooters MBK Mach G et Yamaha Jog R.<\/span><\/p>\n<p><span style=\"font-family: Arial,sans-serif;\"><span style=\"font-size: medium;\">Qualit\u00e9 impressionnante made by <span style=\"font-family: Arial,sans-serif;\">Voca<\/span> Racing.<\/span><\/span><\/p>\n","protected":false},"excerpt":{"rendered":"<p><span style=\"font-family: Arial,sans-serif;\">Voca Racing continue dans son soucis du d\u00e9tail \u00e0 vous proposer des pi\u00e8ces issues de la comp\u00e9tition pour affirmer sa haute qualit\u00e9 indiscutable pour un usage quotidien.<\/span><\/p>\n","protected":false},"featured_media":1732,"template":"","meta":{"_acf_changed":false,"inline_featured_image":false,"_uag_custom_page_level_css":""},"product_brand":[],"product_cat":[74,75],"product_tag":[],"class_list":{"0":"post-1731","1":"product","2":"type-product","3":"status-publish","4":"has-post-thumbnail","6":"product_cat-partie-cycle","7":"product_cat-tes-de-fourche-cnc","8":"splide__slide","10":"first","11":"instock","12":"shipping-taxable","13":"purchasable","14":"product-type-simple"},"acf":[],"yoast_head":"<!-- This site is optimized with the Yoast SEO plugin v27.3 - https:\/\/yoast.com\/product\/yoast-seo-wordpress\/ -->\n<title>T\u00e9 de fourche Voca aluminium D.26mm MachG - JogRR - VocaRacing<\/title>\n<meta name=\"robots\" content=\"index, follow, max-snippet:-1, max-image-preview:large, max-video-preview:-1\" \/>\n<link rel=\"canonical\" href=\"https:\/\/www.vocaracing.com\/fr\/product\/te-de-fourche-voca-racing-aluminium-d-26mm-mbk-machg-yamaha-jogrr\/\" \/>\n<meta property=\"og:locale\" content=\"fr_FR\" \/>\n<meta property=\"og:type\" content=\"article\" \/>\n<meta property=\"og:title\" content=\"T\u00e9 de fourche Voca aluminium D.26mm MachG - JogRR - VocaRacing\" \/>\n<meta property=\"og:description\" content=\"Voca Racing continue dans son soucis du d\u00e9tail \u00e0 vous proposer des pi\u00e8ces issues de la comp\u00e9tition pour affirmer sa haute qualit\u00e9 indiscutable pour un usage quotidien.\" \/>\n<meta property=\"og:url\" content=\"https:\/\/www.vocaracing.com\/fr\/product\/te-de-fourche-voca-racing-aluminium-d-26mm-mbk-machg-yamaha-jogrr\/\" \/>\n<meta property=\"og:site_name\" content=\"VocaRacing\" \/>\n<meta property=\"article:publisher\" content=\"https:\/\/www.facebook.com\/vocaracing\" \/>\n<meta property=\"article:modified_time\" content=\"2022-12-01T16:59:36+00:00\" \/>\n<meta property=\"og:image\" content=\"https:\/\/www.vocaracing.com\/wp-content\/uploads\/2015\/12\/VCR-RD14166.022-VOCA-RACING-1.jpg\" \/>\n\t<meta property=\"og:image:width\" content=\"1800\" \/>\n\t<meta property=\"og:image:height\" content=\"1200\" \/>\n\t<meta property=\"og:image:type\" content=\"image\/jpeg\" \/>\n<meta name=\"twitter:card\" content=\"summary_large_image\" \/>\n<meta name=\"twitter:label1\" content=\"Est. reading time\" \/>\n\t<meta name=\"twitter:data1\" content=\"1 minute\" \/>\n<script type=\"application\/ld+json\" class=\"yoast-schema-graph\">{\"@context\":\"https:\\\/\\\/schema.org\",\"@graph\":[{\"@type\":\"WebPage\",\"@id\":\"https:\\\/\\\/www.vocaracing.com\\\/fr\\\/product\\\/te-de-fourche-voca-racing-aluminium-d-26mm-mbk-machg-yamaha-jogrr\\\/\",\"url\":\"https:\\\/\\\/www.vocaracing.com\\\/fr\\\/product\\\/te-de-fourche-voca-racing-aluminium-d-26mm-mbk-machg-yamaha-jogrr\\\/\",\"name\":\"T\u00e9 de fourche Voca aluminium D.26mm MachG - JogRR - VocaRacing\",\"isPartOf\":{\"@id\":\"https:\\\/\\\/www.vocaracing.com\\\/#website\"},\"primaryImageOfPage\":{\"@id\":\"https:\\\/\\\/www.vocaracing.com\\\/fr\\\/product\\\/te-de-fourche-voca-racing-aluminium-d-26mm-mbk-machg-yamaha-jogrr\\\/#primaryimage\"},\"image\":{\"@id\":\"https:\\\/\\\/www.vocaracing.com\\\/fr\\\/product\\\/te-de-fourche-voca-racing-aluminium-d-26mm-mbk-machg-yamaha-jogrr\\\/#primaryimage\"},\"thumbnailUrl\":\"https:\\\/\\\/www.vocaracing.com\\\/wp-content\\\/uploads\\\/2015\\\/12\\\/VCR-RD14166.022-VOCA-RACING-1.jpg\",\"datePublished\":\"2015-12-15T18:47:34+00:00\",\"dateModified\":\"2022-12-01T16:59:36+00:00\",\"breadcrumb\":{\"@id\":\"https:\\\/\\\/www.vocaracing.com\\\/fr\\\/product\\\/te-de-fourche-voca-racing-aluminium-d-26mm-mbk-machg-yamaha-jogrr\\\/#breadcrumb\"},\"inLanguage\":\"fr-FR\",\"potentialAction\":[{\"@type\":\"ReadAction\",\"target\":[\"https:\\\/\\\/www.vocaracing.com\\\/fr\\\/product\\\/te-de-fourche-voca-racing-aluminium-d-26mm-mbk-machg-yamaha-jogrr\\\/\"]}]},{\"@type\":\"ImageObject\",\"inLanguage\":\"fr-FR\",\"@id\":\"https:\\\/\\\/www.vocaracing.com\\\/fr\\\/product\\\/te-de-fourche-voca-racing-aluminium-d-26mm-mbk-machg-yamaha-jogrr\\\/#primaryimage\",\"url\":\"https:\\\/\\\/www.vocaracing.com\\\/wp-content\\\/uploads\\\/2015\\\/12\\\/VCR-RD14166.022-VOCA-RACING-1.jpg\",\"contentUrl\":\"https:\\\/\\\/www.vocaracing.com\\\/wp-content\\\/uploads\\\/2015\\\/12\\\/VCR-RD14166.022-VOCA-RACING-1.jpg\",\"width\":1800,\"height\":1200},{\"@type\":\"BreadcrumbList\",\"@id\":\"https:\\\/\\\/www.vocaracing.com\\\/fr\\\/product\\\/te-de-fourche-voca-racing-aluminium-d-26mm-mbk-machg-yamaha-jogrr\\\/#breadcrumb\",\"itemListElement\":[{\"@type\":\"ListItem\",\"position\":1,\"name\":\"Home\",\"item\":\"https:\\\/\\\/www.vocaracing.com\\\/fr\\\/\"},{\"@type\":\"ListItem\",\"position\":2,\"name\":\"Produits\",\"item\":\"https:\\\/\\\/www.vocaracing.com\\\/fr\\\/produits\\\/\"},{\"@type\":\"ListItem\",\"position\":3,\"name\":\"T\u00e9 de fourche Voca aluminium D.26mm MachG &#8211; JogRR\"}]},{\"@type\":\"WebSite\",\"@id\":\"https:\\\/\\\/www.vocaracing.com\\\/#website\",\"url\":\"https:\\\/\\\/www.vocaracing.com\\\/\",\"name\":\"VocaRacing\",\"description\":\"Competition Proved\",\"publisher\":{\"@id\":\"https:\\\/\\\/www.vocaracing.com\\\/#organization\"},\"potentialAction\":[{\"@type\":\"SearchAction\",\"target\":{\"@type\":\"EntryPoint\",\"urlTemplate\":\"https:\\\/\\\/www.vocaracing.com\\\/?s={search_term_string}\"},\"query-input\":{\"@type\":\"PropertyValueSpecification\",\"valueRequired\":true,\"valueName\":\"search_term_string\"}}],\"inLanguage\":\"fr-FR\"},{\"@type\":\"Organization\",\"@id\":\"https:\\\/\\\/www.vocaracing.com\\\/#organization\",\"name\":\"VocaRacing\",\"url\":\"https:\\\/\\\/www.vocaracing.com\\\/\",\"logo\":{\"@type\":\"ImageObject\",\"inLanguage\":\"fr-FR\",\"@id\":\"https:\\\/\\\/www.vocaracing.com\\\/#\\\/schema\\\/logo\\\/image\\\/\",\"url\":\"https:\\\/\\\/www.vocaracing.com\\\/wp-content\\\/uploads\\\/2023\\\/08\\\/vocaracing.png\",\"contentUrl\":\"https:\\\/\\\/www.vocaracing.com\\\/wp-content\\\/uploads\\\/2023\\\/08\\\/vocaracing.png\",\"width\":600,\"height\":400,\"caption\":\"VocaRacing\"},\"image\":{\"@id\":\"https:\\\/\\\/www.vocaracing.com\\\/#\\\/schema\\\/logo\\\/image\\\/\"},\"sameAs\":[\"https:\\\/\\\/www.facebook.com\\\/vocaracing\",\"https:\\\/\\\/www.youtube.com\\\/user\\\/VOCARacing\"]}]}<\/script>\n<!-- \/ Yoast SEO plugin. -->","yoast_head_json":{"title":"T\u00e9 de fourche Voca aluminium D.26mm MachG - JogRR - VocaRacing","robots":{"index":"index","follow":"follow","max-snippet":"max-snippet:-1","max-image-preview":"max-image-preview:large","max-video-preview":"max-video-preview:-1"},"canonical":"https:\/\/www.vocaracing.com\/fr\/product\/te-de-fourche-voca-racing-aluminium-d-26mm-mbk-machg-yamaha-jogrr\/","og_locale":"fr_FR","og_type":"article","og_title":"T\u00e9 de fourche Voca aluminium D.26mm MachG - JogRR - VocaRacing","og_description":"Voca Racing continue dans son soucis du d\u00e9tail \u00e0 vous proposer des pi\u00e8ces issues de la comp\u00e9tition pour affirmer sa haute qualit\u00e9 indiscutable pour un usage quotidien.","og_url":"https:\/\/www.vocaracing.com\/fr\/product\/te-de-fourche-voca-racing-aluminium-d-26mm-mbk-machg-yamaha-jogrr\/","og_site_name":"VocaRacing","article_publisher":"https:\/\/www.facebook.com\/vocaracing","article_modified_time":"2022-12-01T16:59:36+00:00","og_image":[{"width":1800,"height":1200,"url":"https:\/\/www.vocaracing.com\/wp-content\/uploads\/2015\/12\/VCR-RD14166.022-VOCA-RACING-1.jpg","type":"image\/jpeg"}],"twitter_card":"summary_large_image","twitter_misc":{"Est. reading time":"1 minute"},"schema":{"@context":"https:\/\/schema.org","@graph":[{"@type":"WebPage","@id":"https:\/\/www.vocaracing.com\/fr\/product\/te-de-fourche-voca-racing-aluminium-d-26mm-mbk-machg-yamaha-jogrr\/","url":"https:\/\/www.vocaracing.com\/fr\/product\/te-de-fourche-voca-racing-aluminium-d-26mm-mbk-machg-yamaha-jogrr\/","name":"T\u00e9 de fourche Voca aluminium D.26mm MachG - JogRR - VocaRacing","isPartOf":{"@id":"https:\/\/www.vocaracing.com\/#website"},"primaryImageOfPage":{"@id":"https:\/\/www.vocaracing.com\/fr\/product\/te-de-fourche-voca-racing-aluminium-d-26mm-mbk-machg-yamaha-jogrr\/#primaryimage"},"image":{"@id":"https:\/\/www.vocaracing.com\/fr\/product\/te-de-fourche-voca-racing-aluminium-d-26mm-mbk-machg-yamaha-jogrr\/#primaryimage"},"thumbnailUrl":"https:\/\/www.vocaracing.com\/wp-content\/uploads\/2015\/12\/VCR-RD14166.022-VOCA-RACING-1.jpg","datePublished":"2015-12-15T18:47:34+00:00","dateModified":"2022-12-01T16:59:36+00:00","breadcrumb":{"@id":"https:\/\/www.vocaracing.com\/fr\/product\/te-de-fourche-voca-racing-aluminium-d-26mm-mbk-machg-yamaha-jogrr\/#breadcrumb"},"inLanguage":"fr-FR","potentialAction":[{"@type":"ReadAction","target":["https:\/\/www.vocaracing.com\/fr\/product\/te-de-fourche-voca-racing-aluminium-d-26mm-mbk-machg-yamaha-jogrr\/"]}]},{"@type":"ImageObject","inLanguage":"fr-FR","@id":"https:\/\/www.vocaracing.com\/fr\/product\/te-de-fourche-voca-racing-aluminium-d-26mm-mbk-machg-yamaha-jogrr\/#primaryimage","url":"https:\/\/www.vocaracing.com\/wp-content\/uploads\/2015\/12\/VCR-RD14166.022-VOCA-RACING-1.jpg","contentUrl":"https:\/\/www.vocaracing.com\/wp-content\/uploads\/2015\/12\/VCR-RD14166.022-VOCA-RACING-1.jpg","width":1800,"height":1200},{"@type":"BreadcrumbList","@id":"https:\/\/www.vocaracing.com\/fr\/product\/te-de-fourche-voca-racing-aluminium-d-26mm-mbk-machg-yamaha-jogrr\/#breadcrumb","itemListElement":[{"@type":"ListItem","position":1,"name":"Home","item":"https:\/\/www.vocaracing.com\/fr\/"},{"@type":"ListItem","position":2,"name":"Produits","item":"https:\/\/www.vocaracing.com\/fr\/produits\/"},{"@type":"ListItem","position":3,"name":"T\u00e9 de fourche Voca aluminium D.26mm MachG &#8211; JogRR"}]},{"@type":"WebSite","@id":"https:\/\/www.vocaracing.com\/#website","url":"https:\/\/www.vocaracing.com\/","name":"VocaRacing","description":"Competition Proved","publisher":{"@id":"https:\/\/www.vocaracing.com\/#organization"},"potentialAction":[{"@type":"SearchAction","target":{"@type":"EntryPoint","urlTemplate":"https:\/\/www.vocaracing.com\/?s={search_term_string}"},"query-input":{"@type":"PropertyValueSpecification","valueRequired":true,"valueName":"search_term_string"}}],"inLanguage":"fr-FR"},{"@type":"Organization","@id":"https:\/\/www.vocaracing.com\/#organization","name":"VocaRacing","url":"https:\/\/www.vocaracing.com\/","logo":{"@type":"ImageObject","inLanguage":"fr-FR","@id":"https:\/\/www.vocaracing.com\/#\/schema\/logo\/image\/","url":"https:\/\/www.vocaracing.com\/wp-content\/uploads\/2023\/08\/vocaracing.png","contentUrl":"https:\/\/www.vocaracing.com\/wp-content\/uploads\/2023\/08\/vocaracing.png","width":600,"height":400,"caption":"VocaRacing"},"image":{"@id":"https:\/\/www.vocaracing.com\/#\/schema\/logo\/image\/"},"sameAs":["https:\/\/www.facebook.com\/vocaracing","https:\/\/www.youtube.com\/user\/VOCARacing"]}]}},"uagb_featured_image_src":{"full":["https:\/\/www.vocaracing.com\/wp-content\/uploads\/2015\/12\/VCR-RD14166.022-VOCA-RACING-1.jpg",1800,1200,false],"thumbnail":["https:\/\/www.vocaracing.com\/wp-content\/uploads\/2015\/12\/VCR-RD14166.022-VOCA-RACING-1-200x150.jpg",200,150,true],"medium":["https:\/\/www.vocaracing.com\/wp-content\/uploads\/2015\/12\/VCR-RD14166.022-VOCA-RACING-1-270x180.jpg",270,180,true],"medium_large":["https:\/\/www.vocaracing.com\/wp-content\/uploads\/2015\/12\/VCR-RD14166.022-VOCA-RACING-1.jpg",1800,1200,false],"large":["https:\/\/www.vocaracing.com\/wp-content\/uploads\/2015\/12\/VCR-RD14166.022-VOCA-RACING-1-1024x683.jpg",960,640,true],"1536x1536":["https:\/\/www.vocaracing.com\/wp-content\/uploads\/2015\/12\/VCR-RD14166.022-VOCA-RACING-1.jpg",1536,1024,false],"2048x2048":["https:\/\/www.vocaracing.com\/wp-content\/uploads\/2015\/12\/VCR-RD14166.022-VOCA-RACING-1.jpg",1800,1200,false],"woocommerce_thumbnail":["https:\/\/www.vocaracing.com\/wp-content\/uploads\/2015\/12\/VCR-RD14166.022-VOCA-RACING-1-500x500.jpg",500,500,true],"woocommerce_single":["https:\/\/www.vocaracing.com\/wp-content\/uploads\/2015\/12\/VCR-RD14166.022-VOCA-RACING-1-700x467.jpg",700,467,true],"woocommerce_gallery_thumbnail":["https:\/\/www.vocaracing.com\/wp-content\/uploads\/2015\/12\/VCR-RD14166.022-VOCA-RACING-1-100x100.jpg",100,100,true]},"uagb_author_info":{"display_name":"Design Motoscoot","author_link":"https:\/\/www.vocaracing.com\/fr\/author\/"},"uagb_comment_info":0,"uagb_excerpt":"Voca Racing continue dans son soucis du d\u00e9tail \u00e0 vous proposer des pi\u00e8ces issues de la comp\u00e9tition pour affirmer sa haute qualit\u00e9 indiscutable pour un usage quotidien.","_links":{"self":[{"href":"https:\/\/www.vocaracing.com\/fr\/wp-json\/wp\/v2\/product\/1731","targetHints":{"allow":["GET"]}}],"collection":[{"href":"https:\/\/www.vocaracing.com\/fr\/wp-json\/wp\/v2\/product"}],"about":[{"href":"https:\/\/www.vocaracing.com\/fr\/wp-json\/wp\/v2\/types\/product"}],"wp:featuredmedia":[{"embeddable":true,"href":"https:\/\/www.vocaracing.com\/fr\/wp-json\/wp\/v2\/media\/1732"}],"wp:attachment":[{"href":"https:\/\/www.vocaracing.com\/fr\/wp-json\/wp\/v2\/media?parent=1731"}],"wp:term":[{"taxonomy":"product_brand","embeddable":true,"href":"https:\/\/www.vocaracing.com\/fr\/wp-json\/wp\/v2\/product_brand?post=1731"},{"taxonomy":"product_cat","embeddable":true,"href":"https:\/\/www.vocaracing.com\/fr\/wp-json\/wp\/v2\/product_cat?post=1731"},{"taxonomy":"product_tag","embeddable":true,"href":"https:\/\/www.vocaracing.com\/fr\/wp-json\/wp\/v2\/product_tag?post=1731"}],"curies":[{"name":"wp","href":"https:\/\/api.w.org\/{rel}","templated":true}]}}