{"id":1675,"date":"2015-12-15T19:14:13","date_gmt":"2015-12-15T18:14:13","guid":{"rendered":"https:\/\/www.vocaracing.com\/?post_type=product&#038;p=1675"},"modified":"2024-09-10T15:50:40","modified_gmt":"2024-09-10T14:50:40","slug":"pot-dechappement-voca-racing-rookie-rouge-5070cc-minarelli-am6","status":"publish","type":"product","link":"https:\/\/www.vocaracing.com\/fr\/product\/pot-dechappement-voca-racing-rookie-rouge-5070cc-minarelli-am6\/","title":{"rendered":"Pot d&#8217;\u00e9chappement Rookie Rouge 50\/70cc CE AM6"},"content":{"rendered":"<p>VOCA Racing vous pr\u00e9sente le reconnue et f\u00e9roce \u00e9chappement homologu\u00e9 VOCA Rookie 50\/70cc, pour votre m\u00e9caboite \u00e0 moteur AM6.<\/p>\n<p>L&#8217;un des \u00e9chappements homologu\u00e9s les plus sollicit\u00e9s et demand\u00e9s du faite qu&#8217;il donne des prestations impressionnantes et tr\u00e8s notables dans trois cat\u00e9gories de cylindres Origine, Sport et Racing.<\/p>\n<p>Le corps de cet \u00e9chappement est fait de pi\u00e8ces en acier t\u00f4le xc et dans lequel vous trouverez le logo VOCA emboutit.<\/p>\n<p>Vous pouvez rouler en toute l\u00e9galit\u00e9 car il dispose d\u2019un code d\u2019homologation grav\u00e9 sur une plaque soud\u00e9e sur le corps de l\u2019\u00e9chappement.<\/p>\n<p>Dans un soucis de pouvoir absorber les vibrations de diff\u00e9rents moteurs l\u2019\u00e9chappement VOCA Rookie 50\/70cc se monte avec deux fixations renforc\u00e9es au niveau du silencieux.<\/p>\n<p>Sur cette version vous trouverez le fameux silencieux en rouge aluminium tr\u00e8s connue pour son esth\u00e9tique, ainsi que le magnifique recoupement vertical en sortie d\u2019\u00e9chappement et son gravage au laser du logo VOCA en blanc, qui lui donne un look agressif bien propre \u00e0 VOCA Racing.<\/p>\n<p>Avec des cylindres d\u2019origine vous sentirez une diff\u00e9rence notable en couple et vitesse de pointe, simple et facile \u00e0 monter un vrai plaisir si vous commencez \u00e0 vous int\u00e9resser \u00e0 ce monde.<\/p>\n<p>Si vous d\u00e9sirez faire \u00e9voluer votre machine avec des cylindres Sport\/Racing 70cc, vous avez trouv\u00e9 l\u2019\u00e9chappement id\u00e9al, une bonne petite bombe qui d\u00e9veloppera au maximum les prestations de ces cylindres non homologu\u00e9s.<\/p>\n<p>La diff\u00e9rence notable de cet \u00e9chappement VOCA Rookie 50\/70cc avec les autres \u00e9chappements du march\u00e9 de la m\u00eame gamme, est sa technique d\u2019\u00e9laboration totalement artisanale \u00e0 la main, ce qui lui donne un aspect 100% Racing pour un \u00e9chappement homologu\u00e9.<\/p>\n<p>C\u2019est le meilleur compromis si vous cherchez \u00e0 faire \u00e9voluer votre machine avec un budget tr\u00e8s raisonnable ainsi que de remettre votre machine \u00e0 100% d\u2019origine.<\/p>\n<p>Si vous avez envie de r\u00eaver un peux et sentir de nouvelles sensations c&#8217;est que vous avez besoin d&#8217;un VOCA Rookie 50\/70cc.<\/p>\n","protected":false},"excerpt":{"rendered":"<p>L&#8217;un des \u00e9chappements homologu\u00e9s, avec un aspect 100% Racing, le plus convoit\u00e9 du faite qu&#8217;il donne des prestations incroyables et tr\u00e8s notables dans trois cat\u00e9gories de cylindres Origine, Sport et Racing.<\/p>\n","protected":false},"featured_media":1676,"template":"","meta":{"_acf_changed":false,"inline_featured_image":false,"_uag_custom_page_level_css":""},"product_brand":[],"product_cat":[50],"product_tag":[],"class_list":{"0":"post-1675","1":"product","2":"type-product","3":"status-publish","4":"has-post-thumbnail","6":"product_cat-mecaboites-passage-bas","7":"splide__slide","9":"first","10":"instock","11":"shipping-taxable","12":"purchasable","13":"product-type-simple"},"acf":[],"yoast_head":"<!-- This site is optimized with the Yoast SEO plugin v27.3 - https:\/\/yoast.com\/product\/yoast-seo-wordpress\/ -->\n<title>Pot d&#039;\u00e9chappement Rookie Rouge 50\/70cc CE AM6 - VocaRacing<\/title>\n<meta name=\"robots\" content=\"index, follow, max-snippet:-1, max-image-preview:large, max-video-preview:-1\" \/>\n<link rel=\"canonical\" href=\"https:\/\/www.vocaracing.com\/fr\/product\/pot-dechappement-voca-racing-rookie-rouge-5070cc-minarelli-am6\/\" \/>\n<meta property=\"og:locale\" content=\"fr_FR\" \/>\n<meta property=\"og:type\" content=\"article\" \/>\n<meta property=\"og:title\" content=\"Pot d&#039;\u00e9chappement Rookie Rouge 50\/70cc CE AM6 - VocaRacing\" \/>\n<meta property=\"og:description\" content=\"L&#039;un des \u00e9chappements homologu\u00e9s, avec un aspect 100% Racing, le plus convoit\u00e9 du faite qu&#039;il donne des prestations incroyables et tr\u00e8s notables dans trois cat\u00e9gories de cylindres Origine, Sport et Racing.\" \/>\n<meta property=\"og:url\" content=\"https:\/\/www.vocaracing.com\/fr\/product\/pot-dechappement-voca-racing-rookie-rouge-5070cc-minarelli-am6\/\" \/>\n<meta property=\"og:site_name\" content=\"VocaRacing\" \/>\n<meta property=\"article:publisher\" content=\"https:\/\/www.facebook.com\/vocaracing\" \/>\n<meta property=\"article:modified_time\" content=\"2024-09-10T14:50:40+00:00\" \/>\n<meta property=\"og:image\" content=\"https:\/\/www.vocaracing.com\/wp-content\/uploads\/2015\/12\/VCR-RD25188RE-VOCA-RACING-1.jpg\" \/>\n\t<meta property=\"og:image:width\" content=\"1800\" \/>\n\t<meta property=\"og:image:height\" content=\"1200\" \/>\n\t<meta property=\"og:image:type\" content=\"image\/jpeg\" \/>\n<meta name=\"twitter:card\" content=\"summary_large_image\" \/>\n<meta name=\"twitter:label1\" content=\"Est. reading time\" \/>\n\t<meta name=\"twitter:data1\" content=\"2 minutes\" \/>\n<script type=\"application\/ld+json\" class=\"yoast-schema-graph\">{\"@context\":\"https:\\\/\\\/schema.org\",\"@graph\":[{\"@type\":\"WebPage\",\"@id\":\"https:\\\/\\\/www.vocaracing.com\\\/fr\\\/product\\\/pot-dechappement-voca-racing-rookie-rouge-5070cc-minarelli-am6\\\/\",\"url\":\"https:\\\/\\\/www.vocaracing.com\\\/fr\\\/product\\\/pot-dechappement-voca-racing-rookie-rouge-5070cc-minarelli-am6\\\/\",\"name\":\"Pot d'\u00e9chappement Rookie Rouge 50\\\/70cc CE AM6 - VocaRacing\",\"isPartOf\":{\"@id\":\"https:\\\/\\\/www.vocaracing.com\\\/#website\"},\"primaryImageOfPage\":{\"@id\":\"https:\\\/\\\/www.vocaracing.com\\\/fr\\\/product\\\/pot-dechappement-voca-racing-rookie-rouge-5070cc-minarelli-am6\\\/#primaryimage\"},\"image\":{\"@id\":\"https:\\\/\\\/www.vocaracing.com\\\/fr\\\/product\\\/pot-dechappement-voca-racing-rookie-rouge-5070cc-minarelli-am6\\\/#primaryimage\"},\"thumbnailUrl\":\"https:\\\/\\\/www.vocaracing.com\\\/wp-content\\\/uploads\\\/2015\\\/12\\\/VCR-RD25188RE-VOCA-RACING-1.jpg\",\"datePublished\":\"2015-12-15T18:14:13+00:00\",\"dateModified\":\"2024-09-10T14:50:40+00:00\",\"breadcrumb\":{\"@id\":\"https:\\\/\\\/www.vocaracing.com\\\/fr\\\/product\\\/pot-dechappement-voca-racing-rookie-rouge-5070cc-minarelli-am6\\\/#breadcrumb\"},\"inLanguage\":\"fr-FR\",\"potentialAction\":[{\"@type\":\"ReadAction\",\"target\":[\"https:\\\/\\\/www.vocaracing.com\\\/fr\\\/product\\\/pot-dechappement-voca-racing-rookie-rouge-5070cc-minarelli-am6\\\/\"]}]},{\"@type\":\"ImageObject\",\"inLanguage\":\"fr-FR\",\"@id\":\"https:\\\/\\\/www.vocaracing.com\\\/fr\\\/product\\\/pot-dechappement-voca-racing-rookie-rouge-5070cc-minarelli-am6\\\/#primaryimage\",\"url\":\"https:\\\/\\\/www.vocaracing.com\\\/wp-content\\\/uploads\\\/2015\\\/12\\\/VCR-RD25188RE-VOCA-RACING-1.jpg\",\"contentUrl\":\"https:\\\/\\\/www.vocaracing.com\\\/wp-content\\\/uploads\\\/2015\\\/12\\\/VCR-RD25188RE-VOCA-RACING-1.jpg\",\"width\":1800,\"height\":1200},{\"@type\":\"BreadcrumbList\",\"@id\":\"https:\\\/\\\/www.vocaracing.com\\\/fr\\\/product\\\/pot-dechappement-voca-racing-rookie-rouge-5070cc-minarelli-am6\\\/#breadcrumb\",\"itemListElement\":[{\"@type\":\"ListItem\",\"position\":1,\"name\":\"Home\",\"item\":\"https:\\\/\\\/www.vocaracing.com\\\/fr\\\/\"},{\"@type\":\"ListItem\",\"position\":2,\"name\":\"Produits\",\"item\":\"https:\\\/\\\/www.vocaracing.com\\\/fr\\\/produits\\\/\"},{\"@type\":\"ListItem\",\"position\":3,\"name\":\"Pot d&#8217;\u00e9chappement Rookie Rouge 50\\\/70cc CE AM6\"}]},{\"@type\":\"WebSite\",\"@id\":\"https:\\\/\\\/www.vocaracing.com\\\/#website\",\"url\":\"https:\\\/\\\/www.vocaracing.com\\\/\",\"name\":\"VocaRacing\",\"description\":\"Competition Proved\",\"publisher\":{\"@id\":\"https:\\\/\\\/www.vocaracing.com\\\/#organization\"},\"potentialAction\":[{\"@type\":\"SearchAction\",\"target\":{\"@type\":\"EntryPoint\",\"urlTemplate\":\"https:\\\/\\\/www.vocaracing.com\\\/?s={search_term_string}\"},\"query-input\":{\"@type\":\"PropertyValueSpecification\",\"valueRequired\":true,\"valueName\":\"search_term_string\"}}],\"inLanguage\":\"fr-FR\"},{\"@type\":\"Organization\",\"@id\":\"https:\\\/\\\/www.vocaracing.com\\\/#organization\",\"name\":\"VocaRacing\",\"url\":\"https:\\\/\\\/www.vocaracing.com\\\/\",\"logo\":{\"@type\":\"ImageObject\",\"inLanguage\":\"fr-FR\",\"@id\":\"https:\\\/\\\/www.vocaracing.com\\\/#\\\/schema\\\/logo\\\/image\\\/\",\"url\":\"https:\\\/\\\/www.vocaracing.com\\\/wp-content\\\/uploads\\\/2023\\\/08\\\/vocaracing.png\",\"contentUrl\":\"https:\\\/\\\/www.vocaracing.com\\\/wp-content\\\/uploads\\\/2023\\\/08\\\/vocaracing.png\",\"width\":600,\"height\":400,\"caption\":\"VocaRacing\"},\"image\":{\"@id\":\"https:\\\/\\\/www.vocaracing.com\\\/#\\\/schema\\\/logo\\\/image\\\/\"},\"sameAs\":[\"https:\\\/\\\/www.facebook.com\\\/vocaracing\",\"https:\\\/\\\/www.youtube.com\\\/user\\\/VOCARacing\"]}]}<\/script>\n<!-- \/ Yoast SEO plugin. -->","yoast_head_json":{"title":"Pot d'\u00e9chappement Rookie Rouge 50\/70cc CE AM6 - VocaRacing","robots":{"index":"index","follow":"follow","max-snippet":"max-snippet:-1","max-image-preview":"max-image-preview:large","max-video-preview":"max-video-preview:-1"},"canonical":"https:\/\/www.vocaracing.com\/fr\/product\/pot-dechappement-voca-racing-rookie-rouge-5070cc-minarelli-am6\/","og_locale":"fr_FR","og_type":"article","og_title":"Pot d'\u00e9chappement Rookie Rouge 50\/70cc CE AM6 - VocaRacing","og_description":"L'un des \u00e9chappements homologu\u00e9s, avec un aspect 100% Racing, le plus convoit\u00e9 du faite qu'il donne des prestations incroyables et tr\u00e8s notables dans trois cat\u00e9gories de cylindres Origine, Sport et Racing.","og_url":"https:\/\/www.vocaracing.com\/fr\/product\/pot-dechappement-voca-racing-rookie-rouge-5070cc-minarelli-am6\/","og_site_name":"VocaRacing","article_publisher":"https:\/\/www.facebook.com\/vocaracing","article_modified_time":"2024-09-10T14:50:40+00:00","og_image":[{"width":1800,"height":1200,"url":"https:\/\/www.vocaracing.com\/wp-content\/uploads\/2015\/12\/VCR-RD25188RE-VOCA-RACING-1.jpg","type":"image\/jpeg"}],"twitter_card":"summary_large_image","twitter_misc":{"Est. reading time":"2 minutes"},"schema":{"@context":"https:\/\/schema.org","@graph":[{"@type":"WebPage","@id":"https:\/\/www.vocaracing.com\/fr\/product\/pot-dechappement-voca-racing-rookie-rouge-5070cc-minarelli-am6\/","url":"https:\/\/www.vocaracing.com\/fr\/product\/pot-dechappement-voca-racing-rookie-rouge-5070cc-minarelli-am6\/","name":"Pot d'\u00e9chappement Rookie Rouge 50\/70cc CE AM6 - VocaRacing","isPartOf":{"@id":"https:\/\/www.vocaracing.com\/#website"},"primaryImageOfPage":{"@id":"https:\/\/www.vocaracing.com\/fr\/product\/pot-dechappement-voca-racing-rookie-rouge-5070cc-minarelli-am6\/#primaryimage"},"image":{"@id":"https:\/\/www.vocaracing.com\/fr\/product\/pot-dechappement-voca-racing-rookie-rouge-5070cc-minarelli-am6\/#primaryimage"},"thumbnailUrl":"https:\/\/www.vocaracing.com\/wp-content\/uploads\/2015\/12\/VCR-RD25188RE-VOCA-RACING-1.jpg","datePublished":"2015-12-15T18:14:13+00:00","dateModified":"2024-09-10T14:50:40+00:00","breadcrumb":{"@id":"https:\/\/www.vocaracing.com\/fr\/product\/pot-dechappement-voca-racing-rookie-rouge-5070cc-minarelli-am6\/#breadcrumb"},"inLanguage":"fr-FR","potentialAction":[{"@type":"ReadAction","target":["https:\/\/www.vocaracing.com\/fr\/product\/pot-dechappement-voca-racing-rookie-rouge-5070cc-minarelli-am6\/"]}]},{"@type":"ImageObject","inLanguage":"fr-FR","@id":"https:\/\/www.vocaracing.com\/fr\/product\/pot-dechappement-voca-racing-rookie-rouge-5070cc-minarelli-am6\/#primaryimage","url":"https:\/\/www.vocaracing.com\/wp-content\/uploads\/2015\/12\/VCR-RD25188RE-VOCA-RACING-1.jpg","contentUrl":"https:\/\/www.vocaracing.com\/wp-content\/uploads\/2015\/12\/VCR-RD25188RE-VOCA-RACING-1.jpg","width":1800,"height":1200},{"@type":"BreadcrumbList","@id":"https:\/\/www.vocaracing.com\/fr\/product\/pot-dechappement-voca-racing-rookie-rouge-5070cc-minarelli-am6\/#breadcrumb","itemListElement":[{"@type":"ListItem","position":1,"name":"Home","item":"https:\/\/www.vocaracing.com\/fr\/"},{"@type":"ListItem","position":2,"name":"Produits","item":"https:\/\/www.vocaracing.com\/fr\/produits\/"},{"@type":"ListItem","position":3,"name":"Pot d&#8217;\u00e9chappement Rookie Rouge 50\/70cc CE AM6"}]},{"@type":"WebSite","@id":"https:\/\/www.vocaracing.com\/#website","url":"https:\/\/www.vocaracing.com\/","name":"VocaRacing","description":"Competition Proved","publisher":{"@id":"https:\/\/www.vocaracing.com\/#organization"},"potentialAction":[{"@type":"SearchAction","target":{"@type":"EntryPoint","urlTemplate":"https:\/\/www.vocaracing.com\/?s={search_term_string}"},"query-input":{"@type":"PropertyValueSpecification","valueRequired":true,"valueName":"search_term_string"}}],"inLanguage":"fr-FR"},{"@type":"Organization","@id":"https:\/\/www.vocaracing.com\/#organization","name":"VocaRacing","url":"https:\/\/www.vocaracing.com\/","logo":{"@type":"ImageObject","inLanguage":"fr-FR","@id":"https:\/\/www.vocaracing.com\/#\/schema\/logo\/image\/","url":"https:\/\/www.vocaracing.com\/wp-content\/uploads\/2023\/08\/vocaracing.png","contentUrl":"https:\/\/www.vocaracing.com\/wp-content\/uploads\/2023\/08\/vocaracing.png","width":600,"height":400,"caption":"VocaRacing"},"image":{"@id":"https:\/\/www.vocaracing.com\/#\/schema\/logo\/image\/"},"sameAs":["https:\/\/www.facebook.com\/vocaracing","https:\/\/www.youtube.com\/user\/VOCARacing"]}]}},"uagb_featured_image_src":{"full":["https:\/\/www.vocaracing.com\/wp-content\/uploads\/2015\/12\/VCR-RD25188RE-VOCA-RACING-1.jpg",1800,1200,false],"thumbnail":["https:\/\/www.vocaracing.com\/wp-content\/uploads\/2015\/12\/VCR-RD25188RE-VOCA-RACING-1-200x150.jpg",200,150,true],"medium":["https:\/\/www.vocaracing.com\/wp-content\/uploads\/2015\/12\/VCR-RD25188RE-VOCA-RACING-1-270x180.jpg",270,180,true],"medium_large":["https:\/\/www.vocaracing.com\/wp-content\/uploads\/2015\/12\/VCR-RD25188RE-VOCA-RACING-1.jpg",1800,1200,false],"large":["https:\/\/www.vocaracing.com\/wp-content\/uploads\/2015\/12\/VCR-RD25188RE-VOCA-RACING-1-1024x683.jpg",960,640,true],"1536x1536":["https:\/\/www.vocaracing.com\/wp-content\/uploads\/2015\/12\/VCR-RD25188RE-VOCA-RACING-1.jpg",1536,1024,false],"2048x2048":["https:\/\/www.vocaracing.com\/wp-content\/uploads\/2015\/12\/VCR-RD25188RE-VOCA-RACING-1.jpg",1800,1200,false],"woocommerce_thumbnail":["https:\/\/www.vocaracing.com\/wp-content\/uploads\/2015\/12\/VCR-RD25188RE-VOCA-RACING-1-500x500.jpg",500,500,true],"woocommerce_single":["https:\/\/www.vocaracing.com\/wp-content\/uploads\/2015\/12\/VCR-RD25188RE-VOCA-RACING-1-700x467.jpg",700,467,true],"woocommerce_gallery_thumbnail":["https:\/\/www.vocaracing.com\/wp-content\/uploads\/2015\/12\/VCR-RD25188RE-VOCA-RACING-1-100x100.jpg",100,100,true]},"uagb_author_info":{"display_name":"Design Motoscoot","author_link":"https:\/\/www.vocaracing.com\/fr\/author\/"},"uagb_comment_info":0,"uagb_excerpt":"L'un des \u00e9chappements homologu\u00e9s, avec un aspect 100% Racing, le plus convoit\u00e9 du faite qu'il donne des prestations incroyables et tr\u00e8s notables dans trois cat\u00e9gories de cylindres Origine, Sport et Racing.","_links":{"self":[{"href":"https:\/\/www.vocaracing.com\/fr\/wp-json\/wp\/v2\/product\/1675","targetHints":{"allow":["GET"]}}],"collection":[{"href":"https:\/\/www.vocaracing.com\/fr\/wp-json\/wp\/v2\/product"}],"about":[{"href":"https:\/\/www.vocaracing.com\/fr\/wp-json\/wp\/v2\/types\/product"}],"wp:featuredmedia":[{"embeddable":true,"href":"https:\/\/www.vocaracing.com\/fr\/wp-json\/wp\/v2\/media\/1676"}],"wp:attachment":[{"href":"https:\/\/www.vocaracing.com\/fr\/wp-json\/wp\/v2\/media?parent=1675"}],"wp:term":[{"taxonomy":"product_brand","embeddable":true,"href":"https:\/\/www.vocaracing.com\/fr\/wp-json\/wp\/v2\/product_brand?post=1675"},{"taxonomy":"product_cat","embeddable":true,"href":"https:\/\/www.vocaracing.com\/fr\/wp-json\/wp\/v2\/product_cat?post=1675"},{"taxonomy":"product_tag","embeddable":true,"href":"https:\/\/www.vocaracing.com\/fr\/wp-json\/wp\/v2\/product_tag?post=1675"}],"curies":[{"name":"wp","href":"https:\/\/api.w.org\/{rel}","templated":true}]}}