{"id":12960,"date":"2023-05-20T09:08:24","date_gmt":"2024-08-27T11:58:05","guid":{"rendered":"https:\/\/www.vocaracing.com\/?post_type=product&#038;p=12960"},"modified":"2024-08-27T12:58:05","modified_gmt":"2024-08-27T11:58:05","slug":"senseur-de-temperature-tension-voca-slim-touch-0-120o-c-8-18-v","status":"publish","type":"product","link":"https:\/\/www.vocaracing.com\/fr\/product\/senseur-de-temperature-tension-voca-slim-touch-0-120o-c-8-18-v\/","title":{"rendered":"Senseur de temperature-tension VOCA Slim-Touch 0-120\u00ba C 8-18 V"},"content":{"rendered":"<p>Senseur de temperature et tension VOCA Slim-Touch. Cette senseur vous permet de basculer entre diff\u00e9rents \u00e9crans de lecture simplement en touchant le coin de l&#8217;\u00e9cran. Il est livr\u00e9 avec une indication pour vous dire si la fonction d&#8217;\u00e9cran tactile est activ\u00e9e, sans parler de la fonction de verrouillage automatique pour \u00e9viter toute touche accidentelle. Disponible en bleu et rouge.<\/p>\n<p>Attention! Le capteur inclus dans le kit est une ancre noire m\u00e9trique PT1\/8, selon le moteur, vous devez acheter un capteur s\u00e9par\u00e9.<\/p>\n<p>Tableau de r\u00e9f\u00e9rence moteur 50cc :<\/p>\n<p>Piaggio LC (M10x1.25)<br \/>\nPeugeot LC (M14x1.25)<br \/>\nMinarelli AM6 (M14x1.25)<br \/>\nRef: VCR-RD11.SAD.14125<br \/>\nDerby E2\/E3\/E4 (M14x1.50)<br \/>\nRef: VCR-RD11.SAD.14150<\/p>\n<p>Caract\u00e9ristiques:<br \/>\nEnregistrement de temp\u00e9rature MAX :<br \/>\nPlage d&#8217;affichage : 0 &#8211; 120\u00b0C (32 &#8211; 302\u00b0F)<br \/>\nUnit\u00e9 d&#8217;affichage : 0,1 \u00b0C \/ 0,1 \u00b0F<br \/>\nAvertissement de temp\u00e9rature :<br \/>\nPlage de r\u00e9glage : 1\u00b0C \/ 1\u00b0F<br \/>\nUnit\u00e9 de r\u00e9glage : 1\u00b0C\/1\u00b0F<br \/>\nPr\u00e9r\u00e9gl\u00e9 : 100 \u00b0C<\/p>\n<p>Voltm\u00e8tre:<br \/>\nPlage d&#8217;affichage : 8V &#8211; 18V<br \/>\nUnit\u00e9 d&#8217;affichage : 0,1 V<br \/>\nParam\u00e8tre d&#8217;avertissement de basse tension :<br \/>\nPlage de r\u00e9glage : 8,0 &#8211; 18,0 V<br \/>\nPr\u00e9r\u00e9gl\u00e9 : 11,5 V<\/p>\n","protected":false},"excerpt":{"rendered":"<p>Senseur de temperature et tension VOCA Slim-Touch, l\u00b4accesoire parfait pour des scooters, mecaboite et pitbikes. Plage d&#8217;affichage 0-120\u00ba C et 8-18 V.<\/p>\n","protected":false},"featured_media":12994,"template":"","meta":{"_acf_changed":false,"inline_featured_image":false,"_uag_custom_page_level_css":""},"product_brand":[],"product_cat":[103],"product_tag":[],"class_list":{"0":"post-12960","1":"product","2":"type-product","3":"status-publish","4":"has-post-thumbnail","6":"product_cat-compteurs","7":"splide__slide","9":"first","10":"instock","11":"shipping-taxable","12":"purchasable","13":"product-type-variable"},"acf":[],"yoast_head":"<!-- This site is optimized with the Yoast SEO plugin v27.3 - https:\/\/yoast.com\/product\/yoast-seo-wordpress\/ -->\n<title>Senseur de temperature-tension VOCA Slim-Touch 0-120\u00ba C 8-18 V - VocaRacing<\/title>\n<meta name=\"description\" content=\"Senseur de temperature et tension VOCA Slim-Touch, l\u00b4accesoire parfait pour des scooters, mecaboite et pitbikes. Plage d&#039;affichage 0-120\u00ba C et 8-18 V.\" \/>\n<meta name=\"robots\" content=\"index, follow, max-snippet:-1, max-image-preview:large, max-video-preview:-1\" \/>\n<link rel=\"canonical\" href=\"https:\/\/www.vocaracing.com\/fr\/product\/senseur-de-temperature-tension-voca-slim-touch-0-120o-c-8-18-v\/\" \/>\n<meta property=\"og:locale\" content=\"fr_FR\" \/>\n<meta property=\"og:type\" content=\"article\" \/>\n<meta property=\"og:title\" content=\"Senseur de temperature-tension VOCA Slim-Touch 0-120\u00ba C 8-18 V - VocaRacing\" \/>\n<meta property=\"og:description\" content=\"Senseur de temperature et tension VOCA Slim-Touch, l\u00b4accesoire parfait pour des scooters, mecaboite et pitbikes. Plage d&#039;affichage 0-120\u00ba C et 8-18 V.\" \/>\n<meta property=\"og:url\" content=\"https:\/\/www.vocaracing.com\/fr\/product\/senseur-de-temperature-tension-voca-slim-touch-0-120o-c-8-18-v\/\" \/>\n<meta property=\"og:site_name\" content=\"VocaRacing\" \/>\n<meta property=\"article:publisher\" content=\"https:\/\/www.facebook.com\/vocaracing\" \/>\n<meta property=\"og:image\" content=\"https:\/\/www.vocaracing.com\/wp-content\/uploads\/2023\/05\/a-vcr-rd11votemp_web.jpg\" \/>\n\t<meta property=\"og:image:width\" content=\"640\" \/>\n\t<meta property=\"og:image:height\" content=\"640\" \/>\n\t<meta property=\"og:image:type\" content=\"image\/jpeg\" \/>\n<meta name=\"twitter:card\" content=\"summary_large_image\" \/>\n<meta name=\"twitter:label1\" content=\"Est. reading time\" \/>\n\t<meta name=\"twitter:data1\" content=\"1 minute\" \/>\n<script type=\"application\/ld+json\" class=\"yoast-schema-graph\">{\"@context\":\"https:\\\/\\\/schema.org\",\"@graph\":[{\"@type\":\"WebPage\",\"@id\":\"https:\\\/\\\/www.vocaracing.com\\\/fr\\\/product\\\/senseur-de-temperature-tension-voca-slim-touch-0-120o-c-8-18-v\\\/\",\"url\":\"https:\\\/\\\/www.vocaracing.com\\\/fr\\\/product\\\/senseur-de-temperature-tension-voca-slim-touch-0-120o-c-8-18-v\\\/\",\"name\":\"Senseur de temperature-tension VOCA Slim-Touch 0-120\u00ba C 8-18 V - VocaRacing\",\"isPartOf\":{\"@id\":\"https:\\\/\\\/www.vocaracing.com\\\/#website\"},\"primaryImageOfPage\":{\"@id\":\"https:\\\/\\\/www.vocaracing.com\\\/fr\\\/product\\\/senseur-de-temperature-tension-voca-slim-touch-0-120o-c-8-18-v\\\/#primaryimage\"},\"image\":{\"@id\":\"https:\\\/\\\/www.vocaracing.com\\\/fr\\\/product\\\/senseur-de-temperature-tension-voca-slim-touch-0-120o-c-8-18-v\\\/#primaryimage\"},\"thumbnailUrl\":\"https:\\\/\\\/www.vocaracing.com\\\/wp-content\\\/uploads\\\/2023\\\/05\\\/a-vcr-rd11votemp_web.jpg\",\"datePublished\":\"2024-08-27T11:58:05+00:00\",\"description\":\"Senseur de temperature et tension VOCA Slim-Touch, l\u00b4accesoire parfait pour des scooters, mecaboite et pitbikes. Plage d'affichage 0-120\u00ba C et 8-18 V.\",\"breadcrumb\":{\"@id\":\"https:\\\/\\\/www.vocaracing.com\\\/fr\\\/product\\\/senseur-de-temperature-tension-voca-slim-touch-0-120o-c-8-18-v\\\/#breadcrumb\"},\"inLanguage\":\"fr-FR\",\"potentialAction\":[{\"@type\":\"ReadAction\",\"target\":[\"https:\\\/\\\/www.vocaracing.com\\\/fr\\\/product\\\/senseur-de-temperature-tension-voca-slim-touch-0-120o-c-8-18-v\\\/\"]}]},{\"@type\":\"ImageObject\",\"inLanguage\":\"fr-FR\",\"@id\":\"https:\\\/\\\/www.vocaracing.com\\\/fr\\\/product\\\/senseur-de-temperature-tension-voca-slim-touch-0-120o-c-8-18-v\\\/#primaryimage\",\"url\":\"https:\\\/\\\/www.vocaracing.com\\\/wp-content\\\/uploads\\\/2023\\\/05\\\/a-vcr-rd11votemp_web.jpg\",\"contentUrl\":\"https:\\\/\\\/www.vocaracing.com\\\/wp-content\\\/uploads\\\/2023\\\/05\\\/a-vcr-rd11votemp_web.jpg\",\"width\":640,\"height\":640},{\"@type\":\"BreadcrumbList\",\"@id\":\"https:\\\/\\\/www.vocaracing.com\\\/fr\\\/product\\\/senseur-de-temperature-tension-voca-slim-touch-0-120o-c-8-18-v\\\/#breadcrumb\",\"itemListElement\":[{\"@type\":\"ListItem\",\"position\":1,\"name\":\"Home\",\"item\":\"https:\\\/\\\/www.vocaracing.com\\\/fr\\\/\"},{\"@type\":\"ListItem\",\"position\":2,\"name\":\"Produits\",\"item\":\"https:\\\/\\\/www.vocaracing.com\\\/fr\\\/produits\\\/\"},{\"@type\":\"ListItem\",\"position\":3,\"name\":\"Senseur de temperature-tension VOCA Slim-Touch 0-120\u00ba C 8-18 V\"}]},{\"@type\":\"WebSite\",\"@id\":\"https:\\\/\\\/www.vocaracing.com\\\/#website\",\"url\":\"https:\\\/\\\/www.vocaracing.com\\\/\",\"name\":\"VocaRacing\",\"description\":\"Competition Proved\",\"publisher\":{\"@id\":\"https:\\\/\\\/www.vocaracing.com\\\/#organization\"},\"potentialAction\":[{\"@type\":\"SearchAction\",\"target\":{\"@type\":\"EntryPoint\",\"urlTemplate\":\"https:\\\/\\\/www.vocaracing.com\\\/?s={search_term_string}\"},\"query-input\":{\"@type\":\"PropertyValueSpecification\",\"valueRequired\":true,\"valueName\":\"search_term_string\"}}],\"inLanguage\":\"fr-FR\"},{\"@type\":\"Organization\",\"@id\":\"https:\\\/\\\/www.vocaracing.com\\\/#organization\",\"name\":\"VocaRacing\",\"url\":\"https:\\\/\\\/www.vocaracing.com\\\/\",\"logo\":{\"@type\":\"ImageObject\",\"inLanguage\":\"fr-FR\",\"@id\":\"https:\\\/\\\/www.vocaracing.com\\\/#\\\/schema\\\/logo\\\/image\\\/\",\"url\":\"https:\\\/\\\/www.vocaracing.com\\\/wp-content\\\/uploads\\\/2023\\\/08\\\/vocaracing.png\",\"contentUrl\":\"https:\\\/\\\/www.vocaracing.com\\\/wp-content\\\/uploads\\\/2023\\\/08\\\/vocaracing.png\",\"width\":600,\"height\":400,\"caption\":\"VocaRacing\"},\"image\":{\"@id\":\"https:\\\/\\\/www.vocaracing.com\\\/#\\\/schema\\\/logo\\\/image\\\/\"},\"sameAs\":[\"https:\\\/\\\/www.facebook.com\\\/vocaracing\",\"https:\\\/\\\/www.youtube.com\\\/user\\\/VOCARacing\"]}]}<\/script>\n<!-- \/ Yoast SEO plugin. -->","yoast_head_json":{"title":"Senseur de temperature-tension VOCA Slim-Touch 0-120\u00ba C 8-18 V - VocaRacing","description":"Senseur de temperature et tension VOCA Slim-Touch, l\u00b4accesoire parfait pour des scooters, mecaboite et pitbikes. Plage d'affichage 0-120\u00ba C et 8-18 V.","robots":{"index":"index","follow":"follow","max-snippet":"max-snippet:-1","max-image-preview":"max-image-preview:large","max-video-preview":"max-video-preview:-1"},"canonical":"https:\/\/www.vocaracing.com\/fr\/product\/senseur-de-temperature-tension-voca-slim-touch-0-120o-c-8-18-v\/","og_locale":"fr_FR","og_type":"article","og_title":"Senseur de temperature-tension VOCA Slim-Touch 0-120\u00ba C 8-18 V - VocaRacing","og_description":"Senseur de temperature et tension VOCA Slim-Touch, l\u00b4accesoire parfait pour des scooters, mecaboite et pitbikes. Plage d'affichage 0-120\u00ba C et 8-18 V.","og_url":"https:\/\/www.vocaracing.com\/fr\/product\/senseur-de-temperature-tension-voca-slim-touch-0-120o-c-8-18-v\/","og_site_name":"VocaRacing","article_publisher":"https:\/\/www.facebook.com\/vocaracing","og_image":[{"width":640,"height":640,"url":"https:\/\/www.vocaracing.com\/wp-content\/uploads\/2023\/05\/a-vcr-rd11votemp_web.jpg","type":"image\/jpeg"}],"twitter_card":"summary_large_image","twitter_misc":{"Est. reading time":"1 minute"},"schema":{"@context":"https:\/\/schema.org","@graph":[{"@type":"WebPage","@id":"https:\/\/www.vocaracing.com\/fr\/product\/senseur-de-temperature-tension-voca-slim-touch-0-120o-c-8-18-v\/","url":"https:\/\/www.vocaracing.com\/fr\/product\/senseur-de-temperature-tension-voca-slim-touch-0-120o-c-8-18-v\/","name":"Senseur de temperature-tension VOCA Slim-Touch 0-120\u00ba C 8-18 V - VocaRacing","isPartOf":{"@id":"https:\/\/www.vocaracing.com\/#website"},"primaryImageOfPage":{"@id":"https:\/\/www.vocaracing.com\/fr\/product\/senseur-de-temperature-tension-voca-slim-touch-0-120o-c-8-18-v\/#primaryimage"},"image":{"@id":"https:\/\/www.vocaracing.com\/fr\/product\/senseur-de-temperature-tension-voca-slim-touch-0-120o-c-8-18-v\/#primaryimage"},"thumbnailUrl":"https:\/\/www.vocaracing.com\/wp-content\/uploads\/2023\/05\/a-vcr-rd11votemp_web.jpg","datePublished":"2024-08-27T11:58:05+00:00","description":"Senseur de temperature et tension VOCA Slim-Touch, l\u00b4accesoire parfait pour des scooters, mecaboite et pitbikes. Plage d'affichage 0-120\u00ba C et 8-18 V.","breadcrumb":{"@id":"https:\/\/www.vocaracing.com\/fr\/product\/senseur-de-temperature-tension-voca-slim-touch-0-120o-c-8-18-v\/#breadcrumb"},"inLanguage":"fr-FR","potentialAction":[{"@type":"ReadAction","target":["https:\/\/www.vocaracing.com\/fr\/product\/senseur-de-temperature-tension-voca-slim-touch-0-120o-c-8-18-v\/"]}]},{"@type":"ImageObject","inLanguage":"fr-FR","@id":"https:\/\/www.vocaracing.com\/fr\/product\/senseur-de-temperature-tension-voca-slim-touch-0-120o-c-8-18-v\/#primaryimage","url":"https:\/\/www.vocaracing.com\/wp-content\/uploads\/2023\/05\/a-vcr-rd11votemp_web.jpg","contentUrl":"https:\/\/www.vocaracing.com\/wp-content\/uploads\/2023\/05\/a-vcr-rd11votemp_web.jpg","width":640,"height":640},{"@type":"BreadcrumbList","@id":"https:\/\/www.vocaracing.com\/fr\/product\/senseur-de-temperature-tension-voca-slim-touch-0-120o-c-8-18-v\/#breadcrumb","itemListElement":[{"@type":"ListItem","position":1,"name":"Home","item":"https:\/\/www.vocaracing.com\/fr\/"},{"@type":"ListItem","position":2,"name":"Produits","item":"https:\/\/www.vocaracing.com\/fr\/produits\/"},{"@type":"ListItem","position":3,"name":"Senseur de temperature-tension VOCA Slim-Touch 0-120\u00ba C 8-18 V"}]},{"@type":"WebSite","@id":"https:\/\/www.vocaracing.com\/#website","url":"https:\/\/www.vocaracing.com\/","name":"VocaRacing","description":"Competition Proved","publisher":{"@id":"https:\/\/www.vocaracing.com\/#organization"},"potentialAction":[{"@type":"SearchAction","target":{"@type":"EntryPoint","urlTemplate":"https:\/\/www.vocaracing.com\/?s={search_term_string}"},"query-input":{"@type":"PropertyValueSpecification","valueRequired":true,"valueName":"search_term_string"}}],"inLanguage":"fr-FR"},{"@type":"Organization","@id":"https:\/\/www.vocaracing.com\/#organization","name":"VocaRacing","url":"https:\/\/www.vocaracing.com\/","logo":{"@type":"ImageObject","inLanguage":"fr-FR","@id":"https:\/\/www.vocaracing.com\/#\/schema\/logo\/image\/","url":"https:\/\/www.vocaracing.com\/wp-content\/uploads\/2023\/08\/vocaracing.png","contentUrl":"https:\/\/www.vocaracing.com\/wp-content\/uploads\/2023\/08\/vocaracing.png","width":600,"height":400,"caption":"VocaRacing"},"image":{"@id":"https:\/\/www.vocaracing.com\/#\/schema\/logo\/image\/"},"sameAs":["https:\/\/www.facebook.com\/vocaracing","https:\/\/www.youtube.com\/user\/VOCARacing"]}]}},"uagb_featured_image_src":{"full":["https:\/\/www.vocaracing.com\/wp-content\/uploads\/2023\/05\/a-vcr-rd11votemp_web.jpg",640,640,false],"thumbnail":["https:\/\/www.vocaracing.com\/wp-content\/uploads\/2023\/05\/a-vcr-rd11votemp_web-200x150.jpg",200,150,true],"medium":["https:\/\/www.vocaracing.com\/wp-content\/uploads\/2023\/05\/a-vcr-rd11votemp_web-180x180.jpg",180,180,true],"medium_large":["https:\/\/www.vocaracing.com\/wp-content\/uploads\/2023\/05\/a-vcr-rd11votemp_web.jpg",640,640,false],"large":["https:\/\/www.vocaracing.com\/wp-content\/uploads\/2023\/05\/a-vcr-rd11votemp_web.jpg",640,640,false],"1536x1536":["https:\/\/www.vocaracing.com\/wp-content\/uploads\/2023\/05\/a-vcr-rd11votemp_web.jpg",640,640,false],"2048x2048":["https:\/\/www.vocaracing.com\/wp-content\/uploads\/2023\/05\/a-vcr-rd11votemp_web.jpg",640,640,false],"woocommerce_thumbnail":["https:\/\/www.vocaracing.com\/wp-content\/uploads\/2023\/05\/a-vcr-rd11votemp_web-500x500.jpg",500,500,true],"woocommerce_single":["https:\/\/www.vocaracing.com\/wp-content\/uploads\/2023\/05\/a-vcr-rd11votemp_web.jpg",640,640,false],"woocommerce_gallery_thumbnail":["https:\/\/www.vocaracing.com\/wp-content\/uploads\/2023\/05\/a-vcr-rd11votemp_web-100x100.jpg",100,100,true]},"uagb_author_info":{"display_name":"Design Motoscoot","author_link":"https:\/\/www.vocaracing.com\/fr\/author\/"},"uagb_comment_info":0,"uagb_excerpt":"Senseur de temperature et tension VOCA Slim-Touch, l\u00b4accesoire parfait pour des scooters, mecaboite et pitbikes. Plage d'affichage 0-120\u00ba C et 8-18 V.","_links":{"self":[{"href":"https:\/\/www.vocaracing.com\/fr\/wp-json\/wp\/v2\/product\/12960","targetHints":{"allow":["GET"]}}],"collection":[{"href":"https:\/\/www.vocaracing.com\/fr\/wp-json\/wp\/v2\/product"}],"about":[{"href":"https:\/\/www.vocaracing.com\/fr\/wp-json\/wp\/v2\/types\/product"}],"wp:featuredmedia":[{"embeddable":true,"href":"https:\/\/www.vocaracing.com\/fr\/wp-json\/wp\/v2\/media\/12994"}],"wp:attachment":[{"href":"https:\/\/www.vocaracing.com\/fr\/wp-json\/wp\/v2\/media?parent=12960"}],"wp:term":[{"taxonomy":"product_brand","embeddable":true,"href":"https:\/\/www.vocaracing.com\/fr\/wp-json\/wp\/v2\/product_brand?post=12960"},{"taxonomy":"product_cat","embeddable":true,"href":"https:\/\/www.vocaracing.com\/fr\/wp-json\/wp\/v2\/product_cat?post=12960"},{"taxonomy":"product_tag","embeddable":true,"href":"https:\/\/www.vocaracing.com\/fr\/wp-json\/wp\/v2\/product_tag?post=12960"}],"curies":[{"name":"wp","href":"https:\/\/api.w.org\/{rel}","templated":true}]}}