{"id":12179,"date":"2022-12-01T11:39:07","date_gmt":"2022-12-01T15:22:40","guid":{"rendered":"https:\/\/www.vocaracing.com\/?post_type=product&#038;p=12179"},"modified":"2022-12-01T16:22:40","modified_gmt":"2022-12-01T15:22:40","slug":"kit-de-fixation-etrier-voca-nitro-mach-g-190-220-240-280mm","status":"publish","type":"product","link":"https:\/\/www.vocaracing.com\/fr\/product\/kit-de-fixation-etrier-voca-nitro-mach-g-190-220-240-280mm\/","title":{"rendered":"Kit de fixation \u00e9trier VOCA Nitro\/Mach G 190\/220\/240\/280mm"},"content":{"rendered":"<p>Coupleur pour \u00e9trier radial VOCA pour Yamaha Aerox ou Yamaha Jog R\/RR. Fabriqu\u00e9 en aluminium CNC haute r\u00e9sistance en noir avec des finitions usin\u00e9es de haute qualit\u00e9 et un logo VOCA grav\u00e9 au laser. Compatible avec les disques de frein de 190mm, 220mm, 240mm et 280mm.<\/p>\n<p>Le kit comprend :<br \/>\nSupport d&#8217;\u00e9trier VOCA.<br \/>\nBoulons de disque de 190mm.<br \/>\nBagues et vis pour disques de 220mm.<br \/>\nBagues et vis pour disques de 240mm.<br \/>\nBagues et vis pour disques de 280mm.<\/p>\n<p>Combin\u00e9 \u00e0 l&#8217;\u00e9trier 4 pistons VOCA RACING G-FORCE, vous pourrez augmenter la s\u00e9curit\u00e9 et la sportivit\u00e9 de votre moto aussi bien en utilisation street que sur circuit.<\/p>\n","protected":false},"excerpt":{"rendered":"<p>Coupleur pour \u00e9trier radial VOCA pour Yamaha Aerox ou Yamaha Jog R\/RR. Fabriqu\u00e9 en aluminium CNC haute r\u00e9sistance. Por disques de frein de 190mm, 220mm, 240mm et 280mm.<\/p>\n","protected":false},"featured_media":12191,"template":"","meta":{"_acf_changed":false,"inline_featured_image":false,"_uag_custom_page_level_css":""},"product_brand":[],"product_cat":[74,364],"product_tag":[],"class_list":{"0":"post-12179","1":"product","2":"type-product","3":"status-publish","4":"has-post-thumbnail","6":"product_cat-partie-cycle","7":"product_cat-systeme-de-freinage","8":"splide__slide","10":"first","11":"instock","12":"shipping-taxable","13":"purchasable","14":"product-type-simple"},"acf":[],"yoast_head":"<!-- This site is optimized with the Yoast SEO plugin v27.3 - https:\/\/yoast.com\/product\/yoast-seo-wordpress\/ -->\n<title>Kit de fixation \u00e9trier VOCA Nitro\/Mach G 190\/220\/240\/280mm - VocaRacing<\/title>\n<meta name=\"description\" content=\"Coupleur pour \u00e9trier radial VOCA pour Yamaha Aerox ou Yamaha Jog R\/RR. Fabriqu\u00e9 en aluminium CNC haute r\u00e9sistance. Por disques de frein de 190mm, 220mm, 240mm et 280mm.\" \/>\n<meta name=\"robots\" content=\"index, follow, max-snippet:-1, max-image-preview:large, max-video-preview:-1\" \/>\n<link rel=\"canonical\" href=\"https:\/\/www.vocaracing.com\/fr\/product\/kit-de-fixation-etrier-voca-nitro-mach-g-190-220-240-280mm\/\" \/>\n<meta property=\"og:locale\" content=\"fr_FR\" \/>\n<meta property=\"og:type\" content=\"article\" \/>\n<meta property=\"og:title\" content=\"Kit de fixation \u00e9trier VOCA Nitro\/Mach G 190\/220\/240\/280mm - VocaRacing\" \/>\n<meta property=\"og:description\" content=\"Coupleur pour \u00e9trier radial VOCA pour Yamaha Aerox ou Yamaha Jog R\/RR. Fabriqu\u00e9 en aluminium CNC haute r\u00e9sistance. Por disques de frein de 190mm, 220mm, 240mm et 280mm.\" \/>\n<meta property=\"og:url\" content=\"https:\/\/www.vocaracing.com\/fr\/product\/kit-de-fixation-etrier-voca-nitro-mach-g-190-220-240-280mm\/\" \/>\n<meta property=\"og:site_name\" content=\"VocaRacing\" \/>\n<meta property=\"article:publisher\" content=\"https:\/\/www.facebook.com\/vocaracing\" \/>\n<meta property=\"og:image\" content=\"https:\/\/www.vocaracing.com\/wp-content\/uploads\/2022\/11\/vcr-rd181.jog_.jpg\" \/>\n\t<meta property=\"og:image:width\" content=\"640\" \/>\n\t<meta property=\"og:image:height\" content=\"640\" \/>\n\t<meta property=\"og:image:type\" content=\"image\/jpeg\" \/>\n<meta name=\"twitter:card\" content=\"summary_large_image\" \/>\n<meta name=\"twitter:label1\" content=\"Est. reading time\" \/>\n\t<meta name=\"twitter:data1\" content=\"1 minute\" \/>\n<script type=\"application\/ld+json\" class=\"yoast-schema-graph\">{\"@context\":\"https:\\\/\\\/schema.org\",\"@graph\":[{\"@type\":\"WebPage\",\"@id\":\"https:\\\/\\\/www.vocaracing.com\\\/fr\\\/product\\\/kit-de-fixation-etrier-voca-nitro-mach-g-190-220-240-280mm\\\/\",\"url\":\"https:\\\/\\\/www.vocaracing.com\\\/fr\\\/product\\\/kit-de-fixation-etrier-voca-nitro-mach-g-190-220-240-280mm\\\/\",\"name\":\"Kit de fixation \u00e9trier VOCA Nitro\\\/Mach G 190\\\/220\\\/240\\\/280mm - VocaRacing\",\"isPartOf\":{\"@id\":\"https:\\\/\\\/www.vocaracing.com\\\/#website\"},\"primaryImageOfPage\":{\"@id\":\"https:\\\/\\\/www.vocaracing.com\\\/fr\\\/product\\\/kit-de-fixation-etrier-voca-nitro-mach-g-190-220-240-280mm\\\/#primaryimage\"},\"image\":{\"@id\":\"https:\\\/\\\/www.vocaracing.com\\\/fr\\\/product\\\/kit-de-fixation-etrier-voca-nitro-mach-g-190-220-240-280mm\\\/#primaryimage\"},\"thumbnailUrl\":\"https:\\\/\\\/www.vocaracing.com\\\/wp-content\\\/uploads\\\/2022\\\/11\\\/vcr-rd181.jog_.jpg\",\"datePublished\":\"2022-12-01T15:22:40+00:00\",\"description\":\"Coupleur pour \u00e9trier radial VOCA pour Yamaha Aerox ou Yamaha Jog R\\\/RR. Fabriqu\u00e9 en aluminium CNC haute r\u00e9sistance. Por disques de frein de 190mm, 220mm, 240mm et 280mm.\",\"breadcrumb\":{\"@id\":\"https:\\\/\\\/www.vocaracing.com\\\/fr\\\/product\\\/kit-de-fixation-etrier-voca-nitro-mach-g-190-220-240-280mm\\\/#breadcrumb\"},\"inLanguage\":\"fr-FR\",\"potentialAction\":[{\"@type\":\"ReadAction\",\"target\":[\"https:\\\/\\\/www.vocaracing.com\\\/fr\\\/product\\\/kit-de-fixation-etrier-voca-nitro-mach-g-190-220-240-280mm\\\/\"]}]},{\"@type\":\"ImageObject\",\"inLanguage\":\"fr-FR\",\"@id\":\"https:\\\/\\\/www.vocaracing.com\\\/fr\\\/product\\\/kit-de-fixation-etrier-voca-nitro-mach-g-190-220-240-280mm\\\/#primaryimage\",\"url\":\"https:\\\/\\\/www.vocaracing.com\\\/wp-content\\\/uploads\\\/2022\\\/11\\\/vcr-rd181.jog_.jpg\",\"contentUrl\":\"https:\\\/\\\/www.vocaracing.com\\\/wp-content\\\/uploads\\\/2022\\\/11\\\/vcr-rd181.jog_.jpg\",\"width\":640,\"height\":640},{\"@type\":\"BreadcrumbList\",\"@id\":\"https:\\\/\\\/www.vocaracing.com\\\/fr\\\/product\\\/kit-de-fixation-etrier-voca-nitro-mach-g-190-220-240-280mm\\\/#breadcrumb\",\"itemListElement\":[{\"@type\":\"ListItem\",\"position\":1,\"name\":\"Home\",\"item\":\"https:\\\/\\\/www.vocaracing.com\\\/fr\\\/\"},{\"@type\":\"ListItem\",\"position\":2,\"name\":\"Produits\",\"item\":\"https:\\\/\\\/www.vocaracing.com\\\/fr\\\/produits\\\/\"},{\"@type\":\"ListItem\",\"position\":3,\"name\":\"Kit de fixation \u00e9trier VOCA Nitro\\\/Mach G 190\\\/220\\\/240\\\/280mm\"}]},{\"@type\":\"WebSite\",\"@id\":\"https:\\\/\\\/www.vocaracing.com\\\/#website\",\"url\":\"https:\\\/\\\/www.vocaracing.com\\\/\",\"name\":\"VocaRacing\",\"description\":\"Competition Proved\",\"publisher\":{\"@id\":\"https:\\\/\\\/www.vocaracing.com\\\/#organization\"},\"potentialAction\":[{\"@type\":\"SearchAction\",\"target\":{\"@type\":\"EntryPoint\",\"urlTemplate\":\"https:\\\/\\\/www.vocaracing.com\\\/?s={search_term_string}\"},\"query-input\":{\"@type\":\"PropertyValueSpecification\",\"valueRequired\":true,\"valueName\":\"search_term_string\"}}],\"inLanguage\":\"fr-FR\"},{\"@type\":\"Organization\",\"@id\":\"https:\\\/\\\/www.vocaracing.com\\\/#organization\",\"name\":\"VocaRacing\",\"url\":\"https:\\\/\\\/www.vocaracing.com\\\/\",\"logo\":{\"@type\":\"ImageObject\",\"inLanguage\":\"fr-FR\",\"@id\":\"https:\\\/\\\/www.vocaracing.com\\\/#\\\/schema\\\/logo\\\/image\\\/\",\"url\":\"https:\\\/\\\/www.vocaracing.com\\\/wp-content\\\/uploads\\\/2023\\\/08\\\/vocaracing.png\",\"contentUrl\":\"https:\\\/\\\/www.vocaracing.com\\\/wp-content\\\/uploads\\\/2023\\\/08\\\/vocaracing.png\",\"width\":600,\"height\":400,\"caption\":\"VocaRacing\"},\"image\":{\"@id\":\"https:\\\/\\\/www.vocaracing.com\\\/#\\\/schema\\\/logo\\\/image\\\/\"},\"sameAs\":[\"https:\\\/\\\/www.facebook.com\\\/vocaracing\",\"https:\\\/\\\/www.youtube.com\\\/user\\\/VOCARacing\"]}]}<\/script>\n<!-- \/ Yoast SEO plugin. -->","yoast_head_json":{"title":"Kit de fixation \u00e9trier VOCA Nitro\/Mach G 190\/220\/240\/280mm - VocaRacing","description":"Coupleur pour \u00e9trier radial VOCA pour Yamaha Aerox ou Yamaha Jog R\/RR. Fabriqu\u00e9 en aluminium CNC haute r\u00e9sistance. Por disques de frein de 190mm, 220mm, 240mm et 280mm.","robots":{"index":"index","follow":"follow","max-snippet":"max-snippet:-1","max-image-preview":"max-image-preview:large","max-video-preview":"max-video-preview:-1"},"canonical":"https:\/\/www.vocaracing.com\/fr\/product\/kit-de-fixation-etrier-voca-nitro-mach-g-190-220-240-280mm\/","og_locale":"fr_FR","og_type":"article","og_title":"Kit de fixation \u00e9trier VOCA Nitro\/Mach G 190\/220\/240\/280mm - VocaRacing","og_description":"Coupleur pour \u00e9trier radial VOCA pour Yamaha Aerox ou Yamaha Jog R\/RR. Fabriqu\u00e9 en aluminium CNC haute r\u00e9sistance. Por disques de frein de 190mm, 220mm, 240mm et 280mm.","og_url":"https:\/\/www.vocaracing.com\/fr\/product\/kit-de-fixation-etrier-voca-nitro-mach-g-190-220-240-280mm\/","og_site_name":"VocaRacing","article_publisher":"https:\/\/www.facebook.com\/vocaracing","og_image":[{"width":640,"height":640,"url":"https:\/\/www.vocaracing.com\/wp-content\/uploads\/2022\/11\/vcr-rd181.jog_.jpg","type":"image\/jpeg"}],"twitter_card":"summary_large_image","twitter_misc":{"Est. reading time":"1 minute"},"schema":{"@context":"https:\/\/schema.org","@graph":[{"@type":"WebPage","@id":"https:\/\/www.vocaracing.com\/fr\/product\/kit-de-fixation-etrier-voca-nitro-mach-g-190-220-240-280mm\/","url":"https:\/\/www.vocaracing.com\/fr\/product\/kit-de-fixation-etrier-voca-nitro-mach-g-190-220-240-280mm\/","name":"Kit de fixation \u00e9trier VOCA Nitro\/Mach G 190\/220\/240\/280mm - VocaRacing","isPartOf":{"@id":"https:\/\/www.vocaracing.com\/#website"},"primaryImageOfPage":{"@id":"https:\/\/www.vocaracing.com\/fr\/product\/kit-de-fixation-etrier-voca-nitro-mach-g-190-220-240-280mm\/#primaryimage"},"image":{"@id":"https:\/\/www.vocaracing.com\/fr\/product\/kit-de-fixation-etrier-voca-nitro-mach-g-190-220-240-280mm\/#primaryimage"},"thumbnailUrl":"https:\/\/www.vocaracing.com\/wp-content\/uploads\/2022\/11\/vcr-rd181.jog_.jpg","datePublished":"2022-12-01T15:22:40+00:00","description":"Coupleur pour \u00e9trier radial VOCA pour Yamaha Aerox ou Yamaha Jog R\/RR. Fabriqu\u00e9 en aluminium CNC haute r\u00e9sistance. Por disques de frein de 190mm, 220mm, 240mm et 280mm.","breadcrumb":{"@id":"https:\/\/www.vocaracing.com\/fr\/product\/kit-de-fixation-etrier-voca-nitro-mach-g-190-220-240-280mm\/#breadcrumb"},"inLanguage":"fr-FR","potentialAction":[{"@type":"ReadAction","target":["https:\/\/www.vocaracing.com\/fr\/product\/kit-de-fixation-etrier-voca-nitro-mach-g-190-220-240-280mm\/"]}]},{"@type":"ImageObject","inLanguage":"fr-FR","@id":"https:\/\/www.vocaracing.com\/fr\/product\/kit-de-fixation-etrier-voca-nitro-mach-g-190-220-240-280mm\/#primaryimage","url":"https:\/\/www.vocaracing.com\/wp-content\/uploads\/2022\/11\/vcr-rd181.jog_.jpg","contentUrl":"https:\/\/www.vocaracing.com\/wp-content\/uploads\/2022\/11\/vcr-rd181.jog_.jpg","width":640,"height":640},{"@type":"BreadcrumbList","@id":"https:\/\/www.vocaracing.com\/fr\/product\/kit-de-fixation-etrier-voca-nitro-mach-g-190-220-240-280mm\/#breadcrumb","itemListElement":[{"@type":"ListItem","position":1,"name":"Home","item":"https:\/\/www.vocaracing.com\/fr\/"},{"@type":"ListItem","position":2,"name":"Produits","item":"https:\/\/www.vocaracing.com\/fr\/produits\/"},{"@type":"ListItem","position":3,"name":"Kit de fixation \u00e9trier VOCA Nitro\/Mach G 190\/220\/240\/280mm"}]},{"@type":"WebSite","@id":"https:\/\/www.vocaracing.com\/#website","url":"https:\/\/www.vocaracing.com\/","name":"VocaRacing","description":"Competition Proved","publisher":{"@id":"https:\/\/www.vocaracing.com\/#organization"},"potentialAction":[{"@type":"SearchAction","target":{"@type":"EntryPoint","urlTemplate":"https:\/\/www.vocaracing.com\/?s={search_term_string}"},"query-input":{"@type":"PropertyValueSpecification","valueRequired":true,"valueName":"search_term_string"}}],"inLanguage":"fr-FR"},{"@type":"Organization","@id":"https:\/\/www.vocaracing.com\/#organization","name":"VocaRacing","url":"https:\/\/www.vocaracing.com\/","logo":{"@type":"ImageObject","inLanguage":"fr-FR","@id":"https:\/\/www.vocaracing.com\/#\/schema\/logo\/image\/","url":"https:\/\/www.vocaracing.com\/wp-content\/uploads\/2023\/08\/vocaracing.png","contentUrl":"https:\/\/www.vocaracing.com\/wp-content\/uploads\/2023\/08\/vocaracing.png","width":600,"height":400,"caption":"VocaRacing"},"image":{"@id":"https:\/\/www.vocaracing.com\/#\/schema\/logo\/image\/"},"sameAs":["https:\/\/www.facebook.com\/vocaracing","https:\/\/www.youtube.com\/user\/VOCARacing"]}]}},"uagb_featured_image_src":{"full":["https:\/\/www.vocaracing.com\/wp-content\/uploads\/2022\/11\/vcr-rd181.jog_.jpg",640,640,false],"thumbnail":["https:\/\/www.vocaracing.com\/wp-content\/uploads\/2022\/11\/vcr-rd181.jog_-200x150.jpg",200,150,true],"medium":["https:\/\/www.vocaracing.com\/wp-content\/uploads\/2022\/11\/vcr-rd181.jog_-180x180.jpg",180,180,true],"medium_large":["https:\/\/www.vocaracing.com\/wp-content\/uploads\/2022\/11\/vcr-rd181.jog_.jpg",640,640,false],"large":["https:\/\/www.vocaracing.com\/wp-content\/uploads\/2022\/11\/vcr-rd181.jog_.jpg",640,640,false],"1536x1536":["https:\/\/www.vocaracing.com\/wp-content\/uploads\/2022\/11\/vcr-rd181.jog_.jpg",640,640,false],"2048x2048":["https:\/\/www.vocaracing.com\/wp-content\/uploads\/2022\/11\/vcr-rd181.jog_.jpg",640,640,false],"woocommerce_thumbnail":["https:\/\/www.vocaracing.com\/wp-content\/uploads\/2022\/11\/vcr-rd181.jog_-500x500.jpg",500,500,true],"woocommerce_single":["https:\/\/www.vocaracing.com\/wp-content\/uploads\/2022\/11\/vcr-rd181.jog_.jpg",640,640,false],"woocommerce_gallery_thumbnail":["https:\/\/www.vocaracing.com\/wp-content\/uploads\/2022\/11\/vcr-rd181.jog_-100x100.jpg",100,100,true]},"uagb_author_info":{"display_name":"Design Motoscoot","author_link":"https:\/\/www.vocaracing.com\/fr\/author\/"},"uagb_comment_info":0,"uagb_excerpt":"Coupleur pour \u00e9trier radial VOCA pour Yamaha Aerox ou Yamaha Jog R\/RR. Fabriqu\u00e9 en aluminium CNC haute r\u00e9sistance. Por disques de frein de 190mm, 220mm, 240mm et 280mm.","_links":{"self":[{"href":"https:\/\/www.vocaracing.com\/fr\/wp-json\/wp\/v2\/product\/12179","targetHints":{"allow":["GET"]}}],"collection":[{"href":"https:\/\/www.vocaracing.com\/fr\/wp-json\/wp\/v2\/product"}],"about":[{"href":"https:\/\/www.vocaracing.com\/fr\/wp-json\/wp\/v2\/types\/product"}],"wp:featuredmedia":[{"embeddable":true,"href":"https:\/\/www.vocaracing.com\/fr\/wp-json\/wp\/v2\/media\/12191"}],"wp:attachment":[{"href":"https:\/\/www.vocaracing.com\/fr\/wp-json\/wp\/v2\/media?parent=12179"}],"wp:term":[{"taxonomy":"product_brand","embeddable":true,"href":"https:\/\/www.vocaracing.com\/fr\/wp-json\/wp\/v2\/product_brand?post=12179"},{"taxonomy":"product_cat","embeddable":true,"href":"https:\/\/www.vocaracing.com\/fr\/wp-json\/wp\/v2\/product_cat?post=12179"},{"taxonomy":"product_tag","embeddable":true,"href":"https:\/\/www.vocaracing.com\/fr\/wp-json\/wp\/v2\/product_tag?post=12179"}],"curies":[{"name":"wp","href":"https:\/\/api.w.org\/{rel}","templated":true}]}}