{"id":11699,"date":"2022-02-08T10:40:38","date_gmt":"2022-02-08T09:40:52","guid":{"rendered":"https:\/\/www.vocaracing.com\/?post_type=product&#038;p=11699"},"modified":"2022-12-01T16:25:04","modified_gmt":"2022-12-01T15:25:04","slug":"kit-deco-voca-official-derbi-drd-racing-2018","status":"publish","type":"product","link":"https:\/\/www.vocaracing.com\/fr\/product\/kit-deco-voca-official-derbi-drd-racing-2018\/","title":{"rendered":"Kit Dec\u00f3 VOCA Official &#8211; Derbi DRD RACING 2018"},"content":{"rendered":"<p>Kit d\u00e9co complet VOCA Official pour Derbi DRD RACING depuis 2018 avec impression haute qualit\u00e9 sur un vinyle US3 Motocross poss\u00e9dant un protection anti UV. Le kit inlcuye des autocollant especiall pour des llantes, fabriquer d\u00b4un vinyle 170 microns poss\u00e9dant un protection anti UV. Le kit D\u00e9co complet comprenant stickers de:<\/p>\n<p>Ouies D\/G<br \/>\nPlaque avant origine<br \/>\nFond de plaques arri\u00e8re<br \/>\nGarde boue arri\u00e8re<br \/>\nBras oscillant D\/G<br \/>\nGarde boue Avant<br \/>\nJantes avant et arri\u00e8re<\/p>\n<p>M\u00e9thode de pose autocollant de jantes :<br \/>\n&#8211; Nettoyer la jante (\u00e0 l&#8217;essence, ou \u00e0 l&#8217;ac\u00e9tone)<br \/>\n&#8211; Commencer l&#8217;application de l&#8217;interieur de la jante, en allant vers l&#8217;exterieur<br \/>\n&#8211; Laissez la colle prendre et laissez reposer pendant 24 heures sans rouler<\/p>\n","protected":false},"excerpt":{"rendered":"<p>Kit d\u00e9co complet VOCA Official pour Derbi DRD RACING depuis 2018 avec impression haute qualit\u00e9 sur un vinyle US3 Motocross. Avec autocollant de jantes.<\/p>\n","protected":false},"featured_media":11702,"template":"","meta":{"_acf_changed":false,"inline_featured_image":false,"_uag_custom_page_level_css":""},"product_brand":[],"product_cat":[1040],"product_tag":[],"class_list":{"0":"post-11699","1":"product","2":"type-product","3":"status-publish","4":"has-post-thumbnail","6":"product_cat-kits-deco-voca-official","7":"splide__slide","9":"first","10":"instock","11":"shipping-taxable","12":"purchasable","13":"product-type-simple"},"acf":[],"yoast_head":"<!-- This site is optimized with the Yoast SEO plugin v27.3 - https:\/\/yoast.com\/product\/yoast-seo-wordpress\/ -->\n<title>Kit Dec\u00f3 VOCA Official - Derbi DRD RACING 2018 - VocaRacing<\/title>\n<meta name=\"description\" content=\"Kit d\u00e9co complet VOCA Official pour Derbi DRD RACING depuis 2018 avec impression haute qualit\u00e9 sur un vinyle US3 Motocross. Avec autocollant de jantes.\" \/>\n<meta name=\"robots\" content=\"index, follow, max-snippet:-1, max-image-preview:large, max-video-preview:-1\" \/>\n<link rel=\"canonical\" href=\"https:\/\/www.vocaracing.com\/fr\/product\/kit-deco-voca-official-derbi-drd-racing-2018\/\" \/>\n<meta property=\"og:locale\" content=\"fr_FR\" \/>\n<meta property=\"og:type\" content=\"article\" \/>\n<meta property=\"og:title\" content=\"Kit Dec\u00f3 VOCA Official - Derbi DRD RACING 2018 - VocaRacing\" \/>\n<meta property=\"og:description\" content=\"Kit d\u00e9co complet VOCA Official pour Derbi DRD RACING depuis 2018 avec impression haute qualit\u00e9 sur un vinyle US3 Motocross. Avec autocollant de jantes.\" \/>\n<meta property=\"og:url\" content=\"https:\/\/www.vocaracing.com\/fr\/product\/kit-deco-voca-official-derbi-drd-racing-2018\/\" \/>\n<meta property=\"og:site_name\" content=\"VocaRacing\" \/>\n<meta property=\"article:publisher\" content=\"https:\/\/www.facebook.com\/vocaracing\" \/>\n<meta property=\"article:modified_time\" content=\"2022-12-01T15:25:04+00:00\" \/>\n<meta property=\"og:image\" content=\"https:\/\/www.vocaracing.com\/wp-content\/uploads\/2022\/02\/VCR-KIT-DRD-R-18_01.jpg\" \/>\n\t<meta property=\"og:image:width\" content=\"640\" \/>\n\t<meta property=\"og:image:height\" content=\"640\" \/>\n\t<meta property=\"og:image:type\" content=\"image\/jpeg\" \/>\n<meta name=\"twitter:card\" content=\"summary_large_image\" \/>\n<meta name=\"twitter:label1\" content=\"Est. reading time\" \/>\n\t<meta name=\"twitter:data1\" content=\"1 minute\" \/>\n<script type=\"application\/ld+json\" class=\"yoast-schema-graph\">{\"@context\":\"https:\\\/\\\/schema.org\",\"@graph\":[{\"@type\":\"WebPage\",\"@id\":\"https:\\\/\\\/www.vocaracing.com\\\/fr\\\/product\\\/kit-deco-voca-official-derbi-drd-racing-2018\\\/\",\"url\":\"https:\\\/\\\/www.vocaracing.com\\\/fr\\\/product\\\/kit-deco-voca-official-derbi-drd-racing-2018\\\/\",\"name\":\"Kit Dec\u00f3 VOCA Official - Derbi DRD RACING 2018 - VocaRacing\",\"isPartOf\":{\"@id\":\"https:\\\/\\\/www.vocaracing.com\\\/#website\"},\"primaryImageOfPage\":{\"@id\":\"https:\\\/\\\/www.vocaracing.com\\\/fr\\\/product\\\/kit-deco-voca-official-derbi-drd-racing-2018\\\/#primaryimage\"},\"image\":{\"@id\":\"https:\\\/\\\/www.vocaracing.com\\\/fr\\\/product\\\/kit-deco-voca-official-derbi-drd-racing-2018\\\/#primaryimage\"},\"thumbnailUrl\":\"https:\\\/\\\/www.vocaracing.com\\\/wp-content\\\/uploads\\\/2022\\\/02\\\/VCR-KIT-DRD-R-18_01.jpg\",\"datePublished\":\"2022-02-08T09:40:52+00:00\",\"dateModified\":\"2022-12-01T15:25:04+00:00\",\"description\":\"Kit d\u00e9co complet VOCA Official pour Derbi DRD RACING depuis 2018 avec impression haute qualit\u00e9 sur un vinyle US3 Motocross. Avec autocollant de jantes.\",\"breadcrumb\":{\"@id\":\"https:\\\/\\\/www.vocaracing.com\\\/fr\\\/product\\\/kit-deco-voca-official-derbi-drd-racing-2018\\\/#breadcrumb\"},\"inLanguage\":\"fr-FR\",\"potentialAction\":[{\"@type\":\"ReadAction\",\"target\":[\"https:\\\/\\\/www.vocaracing.com\\\/fr\\\/product\\\/kit-deco-voca-official-derbi-drd-racing-2018\\\/\"]}]},{\"@type\":\"ImageObject\",\"inLanguage\":\"fr-FR\",\"@id\":\"https:\\\/\\\/www.vocaracing.com\\\/fr\\\/product\\\/kit-deco-voca-official-derbi-drd-racing-2018\\\/#primaryimage\",\"url\":\"https:\\\/\\\/www.vocaracing.com\\\/wp-content\\\/uploads\\\/2022\\\/02\\\/VCR-KIT-DRD-R-18_01.jpg\",\"contentUrl\":\"https:\\\/\\\/www.vocaracing.com\\\/wp-content\\\/uploads\\\/2022\\\/02\\\/VCR-KIT-DRD-R-18_01.jpg\",\"width\":640,\"height\":640},{\"@type\":\"BreadcrumbList\",\"@id\":\"https:\\\/\\\/www.vocaracing.com\\\/fr\\\/product\\\/kit-deco-voca-official-derbi-drd-racing-2018\\\/#breadcrumb\",\"itemListElement\":[{\"@type\":\"ListItem\",\"position\":1,\"name\":\"Home\",\"item\":\"https:\\\/\\\/www.vocaracing.com\\\/fr\\\/\"},{\"@type\":\"ListItem\",\"position\":2,\"name\":\"Produits\",\"item\":\"https:\\\/\\\/www.vocaracing.com\\\/fr\\\/produits\\\/\"},{\"@type\":\"ListItem\",\"position\":3,\"name\":\"Kit Dec\u00f3 VOCA Official &#8211; Derbi DRD RACING 2018\"}]},{\"@type\":\"WebSite\",\"@id\":\"https:\\\/\\\/www.vocaracing.com\\\/#website\",\"url\":\"https:\\\/\\\/www.vocaracing.com\\\/\",\"name\":\"VocaRacing\",\"description\":\"Competition Proved\",\"publisher\":{\"@id\":\"https:\\\/\\\/www.vocaracing.com\\\/#organization\"},\"potentialAction\":[{\"@type\":\"SearchAction\",\"target\":{\"@type\":\"EntryPoint\",\"urlTemplate\":\"https:\\\/\\\/www.vocaracing.com\\\/?s={search_term_string}\"},\"query-input\":{\"@type\":\"PropertyValueSpecification\",\"valueRequired\":true,\"valueName\":\"search_term_string\"}}],\"inLanguage\":\"fr-FR\"},{\"@type\":\"Organization\",\"@id\":\"https:\\\/\\\/www.vocaracing.com\\\/#organization\",\"name\":\"VocaRacing\",\"url\":\"https:\\\/\\\/www.vocaracing.com\\\/\",\"logo\":{\"@type\":\"ImageObject\",\"inLanguage\":\"fr-FR\",\"@id\":\"https:\\\/\\\/www.vocaracing.com\\\/#\\\/schema\\\/logo\\\/image\\\/\",\"url\":\"https:\\\/\\\/www.vocaracing.com\\\/wp-content\\\/uploads\\\/2023\\\/08\\\/vocaracing.png\",\"contentUrl\":\"https:\\\/\\\/www.vocaracing.com\\\/wp-content\\\/uploads\\\/2023\\\/08\\\/vocaracing.png\",\"width\":600,\"height\":400,\"caption\":\"VocaRacing\"},\"image\":{\"@id\":\"https:\\\/\\\/www.vocaracing.com\\\/#\\\/schema\\\/logo\\\/image\\\/\"},\"sameAs\":[\"https:\\\/\\\/www.facebook.com\\\/vocaracing\",\"https:\\\/\\\/www.youtube.com\\\/user\\\/VOCARacing\"]}]}<\/script>\n<!-- \/ Yoast SEO plugin. -->","yoast_head_json":{"title":"Kit Dec\u00f3 VOCA Official - Derbi DRD RACING 2018 - VocaRacing","description":"Kit d\u00e9co complet VOCA Official pour Derbi DRD RACING depuis 2018 avec impression haute qualit\u00e9 sur un vinyle US3 Motocross. Avec autocollant de jantes.","robots":{"index":"index","follow":"follow","max-snippet":"max-snippet:-1","max-image-preview":"max-image-preview:large","max-video-preview":"max-video-preview:-1"},"canonical":"https:\/\/www.vocaracing.com\/fr\/product\/kit-deco-voca-official-derbi-drd-racing-2018\/","og_locale":"fr_FR","og_type":"article","og_title":"Kit Dec\u00f3 VOCA Official - Derbi DRD RACING 2018 - VocaRacing","og_description":"Kit d\u00e9co complet VOCA Official pour Derbi DRD RACING depuis 2018 avec impression haute qualit\u00e9 sur un vinyle US3 Motocross. Avec autocollant de jantes.","og_url":"https:\/\/www.vocaracing.com\/fr\/product\/kit-deco-voca-official-derbi-drd-racing-2018\/","og_site_name":"VocaRacing","article_publisher":"https:\/\/www.facebook.com\/vocaracing","article_modified_time":"2022-12-01T15:25:04+00:00","og_image":[{"width":640,"height":640,"url":"https:\/\/www.vocaracing.com\/wp-content\/uploads\/2022\/02\/VCR-KIT-DRD-R-18_01.jpg","type":"image\/jpeg"}],"twitter_card":"summary_large_image","twitter_misc":{"Est. reading time":"1 minute"},"schema":{"@context":"https:\/\/schema.org","@graph":[{"@type":"WebPage","@id":"https:\/\/www.vocaracing.com\/fr\/product\/kit-deco-voca-official-derbi-drd-racing-2018\/","url":"https:\/\/www.vocaracing.com\/fr\/product\/kit-deco-voca-official-derbi-drd-racing-2018\/","name":"Kit Dec\u00f3 VOCA Official - Derbi DRD RACING 2018 - VocaRacing","isPartOf":{"@id":"https:\/\/www.vocaracing.com\/#website"},"primaryImageOfPage":{"@id":"https:\/\/www.vocaracing.com\/fr\/product\/kit-deco-voca-official-derbi-drd-racing-2018\/#primaryimage"},"image":{"@id":"https:\/\/www.vocaracing.com\/fr\/product\/kit-deco-voca-official-derbi-drd-racing-2018\/#primaryimage"},"thumbnailUrl":"https:\/\/www.vocaracing.com\/wp-content\/uploads\/2022\/02\/VCR-KIT-DRD-R-18_01.jpg","datePublished":"2022-02-08T09:40:52+00:00","dateModified":"2022-12-01T15:25:04+00:00","description":"Kit d\u00e9co complet VOCA Official pour Derbi DRD RACING depuis 2018 avec impression haute qualit\u00e9 sur un vinyle US3 Motocross. Avec autocollant de jantes.","breadcrumb":{"@id":"https:\/\/www.vocaracing.com\/fr\/product\/kit-deco-voca-official-derbi-drd-racing-2018\/#breadcrumb"},"inLanguage":"fr-FR","potentialAction":[{"@type":"ReadAction","target":["https:\/\/www.vocaracing.com\/fr\/product\/kit-deco-voca-official-derbi-drd-racing-2018\/"]}]},{"@type":"ImageObject","inLanguage":"fr-FR","@id":"https:\/\/www.vocaracing.com\/fr\/product\/kit-deco-voca-official-derbi-drd-racing-2018\/#primaryimage","url":"https:\/\/www.vocaracing.com\/wp-content\/uploads\/2022\/02\/VCR-KIT-DRD-R-18_01.jpg","contentUrl":"https:\/\/www.vocaracing.com\/wp-content\/uploads\/2022\/02\/VCR-KIT-DRD-R-18_01.jpg","width":640,"height":640},{"@type":"BreadcrumbList","@id":"https:\/\/www.vocaracing.com\/fr\/product\/kit-deco-voca-official-derbi-drd-racing-2018\/#breadcrumb","itemListElement":[{"@type":"ListItem","position":1,"name":"Home","item":"https:\/\/www.vocaracing.com\/fr\/"},{"@type":"ListItem","position":2,"name":"Produits","item":"https:\/\/www.vocaracing.com\/fr\/produits\/"},{"@type":"ListItem","position":3,"name":"Kit Dec\u00f3 VOCA Official &#8211; Derbi DRD RACING 2018"}]},{"@type":"WebSite","@id":"https:\/\/www.vocaracing.com\/#website","url":"https:\/\/www.vocaracing.com\/","name":"VocaRacing","description":"Competition Proved","publisher":{"@id":"https:\/\/www.vocaracing.com\/#organization"},"potentialAction":[{"@type":"SearchAction","target":{"@type":"EntryPoint","urlTemplate":"https:\/\/www.vocaracing.com\/?s={search_term_string}"},"query-input":{"@type":"PropertyValueSpecification","valueRequired":true,"valueName":"search_term_string"}}],"inLanguage":"fr-FR"},{"@type":"Organization","@id":"https:\/\/www.vocaracing.com\/#organization","name":"VocaRacing","url":"https:\/\/www.vocaracing.com\/","logo":{"@type":"ImageObject","inLanguage":"fr-FR","@id":"https:\/\/www.vocaracing.com\/#\/schema\/logo\/image\/","url":"https:\/\/www.vocaracing.com\/wp-content\/uploads\/2023\/08\/vocaracing.png","contentUrl":"https:\/\/www.vocaracing.com\/wp-content\/uploads\/2023\/08\/vocaracing.png","width":600,"height":400,"caption":"VocaRacing"},"image":{"@id":"https:\/\/www.vocaracing.com\/#\/schema\/logo\/image\/"},"sameAs":["https:\/\/www.facebook.com\/vocaracing","https:\/\/www.youtube.com\/user\/VOCARacing"]}]}},"uagb_featured_image_src":{"full":["https:\/\/www.vocaracing.com\/wp-content\/uploads\/2022\/02\/VCR-KIT-DRD-R-18_01.jpg",640,640,false],"thumbnail":["https:\/\/www.vocaracing.com\/wp-content\/uploads\/2022\/02\/VCR-KIT-DRD-R-18_01-200x150.jpg",200,150,true],"medium":["https:\/\/www.vocaracing.com\/wp-content\/uploads\/2022\/02\/VCR-KIT-DRD-R-18_01-180x180.jpg",180,180,true],"medium_large":["https:\/\/www.vocaracing.com\/wp-content\/uploads\/2022\/02\/VCR-KIT-DRD-R-18_01.jpg",640,640,false],"large":["https:\/\/www.vocaracing.com\/wp-content\/uploads\/2022\/02\/VCR-KIT-DRD-R-18_01.jpg",640,640,false],"1536x1536":["https:\/\/www.vocaracing.com\/wp-content\/uploads\/2022\/02\/VCR-KIT-DRD-R-18_01.jpg",640,640,false],"2048x2048":["https:\/\/www.vocaracing.com\/wp-content\/uploads\/2022\/02\/VCR-KIT-DRD-R-18_01.jpg",640,640,false],"woocommerce_thumbnail":["https:\/\/www.vocaracing.com\/wp-content\/uploads\/2022\/02\/VCR-KIT-DRD-R-18_01-500x500.jpg",500,500,true],"woocommerce_single":["https:\/\/www.vocaracing.com\/wp-content\/uploads\/2022\/02\/VCR-KIT-DRD-R-18_01.jpg",640,640,false],"woocommerce_gallery_thumbnail":["https:\/\/www.vocaracing.com\/wp-content\/uploads\/2022\/02\/VCR-KIT-DRD-R-18_01-100x100.jpg",100,100,true]},"uagb_author_info":{"display_name":"Design Motoscoot","author_link":"https:\/\/www.vocaracing.com\/fr\/author\/"},"uagb_comment_info":0,"uagb_excerpt":"Kit d\u00e9co complet VOCA Official pour Derbi DRD RACING depuis 2018 avec impression haute qualit\u00e9 sur un vinyle US3 Motocross. Avec autocollant de jantes.","_links":{"self":[{"href":"https:\/\/www.vocaracing.com\/fr\/wp-json\/wp\/v2\/product\/11699","targetHints":{"allow":["GET"]}}],"collection":[{"href":"https:\/\/www.vocaracing.com\/fr\/wp-json\/wp\/v2\/product"}],"about":[{"href":"https:\/\/www.vocaracing.com\/fr\/wp-json\/wp\/v2\/types\/product"}],"wp:featuredmedia":[{"embeddable":true,"href":"https:\/\/www.vocaracing.com\/fr\/wp-json\/wp\/v2\/media\/11702"}],"wp:attachment":[{"href":"https:\/\/www.vocaracing.com\/fr\/wp-json\/wp\/v2\/media?parent=11699"}],"wp:term":[{"taxonomy":"product_brand","embeddable":true,"href":"https:\/\/www.vocaracing.com\/fr\/wp-json\/wp\/v2\/product_brand?post=11699"},{"taxonomy":"product_cat","embeddable":true,"href":"https:\/\/www.vocaracing.com\/fr\/wp-json\/wp\/v2\/product_cat?post=11699"},{"taxonomy":"product_tag","embeddable":true,"href":"https:\/\/www.vocaracing.com\/fr\/wp-json\/wp\/v2\/product_tag?post=11699"}],"curies":[{"name":"wp","href":"https:\/\/api.w.org\/{rel}","templated":true}]}}