{"id":11137,"date":"2021-02-16T11:40:36","date_gmt":"2021-02-16T10:40:36","guid":{"rendered":"https:\/\/www.vocaracing.com\/product\/boite-a-vitesse-minarelli-am6\/"},"modified":"2024-08-27T13:11:53","modified_gmt":"2024-08-27T12:11:53","slug":"boite-de-vitesse-minarelli-am6","status":"publish","type":"product","link":"https:\/\/www.vocaracing.com\/fr\/product\/boite-de-vitesse-minarelli-am6\/","title":{"rendered":"Boite de vitesse Minarelli AM6"},"content":{"rendered":"<p>Bo\u00eete de vitesses Voca Racing pour Minarelli AM6 1\u00e8re s\u00e9rie (avant 2011). Une bo\u00eete de vitesses de comp\u00e9tition compl\u00e8te pour moteurs Minarelli AM6. Il am\u00e9liore largement les r\u00e9sultats sur les moteurs pr\u00e9par\u00e9s en r\u00e9duisant la perte de vitesse lors du changement de vitesse, un produit qui surprendra par les bons r\u00e9sultats qu&#8217;il obtient.<\/p>\n<p>Relation pignon<br \/>\n1er = (36\/14) (2,27: 1 au total)<br \/>\n2e = (30\/16) 1,65: 1<br \/>\n3e = (29\/19) 1,35: 1<br \/>\n4e = (27\/20) 1,19: 1<br \/>\n5e = (26\/21) 1,09: 1<br \/>\n6\u00e8me = (25\/22) 1: 1<\/p>\n<p>Mod\u00e8les adaptables:<\/p>\n<p>Aprilia<br \/>\nMX 50cc (AM6)<br \/>\nRS 50cc (AM6) &#8211; (\u00e0 partir de 1999)<br \/>\nRS 50cc (AM6) &#8211; (avant 1999)<br \/>\nRX 50cc (AM6)<br \/>\nTuono 50cc (AM6)<br \/>\nAF1 50cc (AM6)<\/p>\n<p>B\u00eata<br \/>\nMotard RR 50cc (AM6)<br \/>\nRR Enduro 50cc (AM6) &#8211; (tubule)<br \/>\nRR Alu SM 50cc (AM6) &#8211; (p\u00e9rim\u00e8tre)<br \/>\nRR Enduro 50cc (AM6)<br \/>\nRR Alu Enduro 50cc (AM6) &#8211; (p\u00e9rim\u00e8tre)<br \/>\nRK6 50cc (AM6)<br \/>\nRR SM 50cc (AM6) &#8211; (tubulaire)<br \/>\nRR-T Enduro 50cc (AM6) &#8211; (tubulaire)<br \/>\nRR-T SM 50cc (AM6) &#8211; (tubulaire)<\/p>\n<p>CH-Moto<br \/>\nWXE Enduro Racing 50cc (AM6)<br \/>\nWSM SM Racing 50cc (AM6-Euro 2)<br \/>\nMoteur Fantic<\/p>\n<p>SM 50 (Am6)<br \/>\nCaballero SM 50cc (aluminium AM6)<br \/>\nRegolarita Casa 50cc (aluminium AM6)<\/p>\n<p>HM-Moto<br \/>\nD\u00e9rapage SM Comp\u00e9tition (version 2006) AM6<br \/>\nD\u00e9rapage SM Comp\u00e9tition (version 2005) AM6<br \/>\nCre \/ Six SM 50cc (version 2006) AM6<br \/>\nCre \/ Six SM 50cc (version 2005) AM6<br \/>\nCre \/ Baja Enduro 50cc (version 2006) AM6<\/p>\n<p>Husqvarna<br \/>\nSM Cross 50cc (AM6)<br \/>\nCH Racing 50cc (AM6)<\/p>\n<p>MBK<br \/>\nX-Limit Enduro 50cc (\u00e0 partir de 2003) AM6 (p\u00e9rim\u00e8tre)<br \/>\nX-Power 50cc (AM6) &#8211; (avant 2003)<br \/>\nX-Power 50cc (AM6) &#8211; (\u00e0 partir de 2003)<br \/>\nX-Limit SM 50cc (\u00e0 partir de 2003) AM6 &#8211; (tubulaire)<br \/>\nX-Limit SM 50cc (\u00e0 partir de 2003) AM6 &#8211; (p\u00e9rim\u00e8tre)<br \/>\nX-Limit Enduro 50cc (avant 2003) AM6 &#8211; (tubulaire)<\/p>\n<p>Malaguti<br \/>\nXTM Enduro 50cc (AM6) &#8211; (\u00e0 partir de 2003)<br \/>\nXSM Supermotard 50cc (AM6) &#8211; (\u00e0 partir de 2003)<br \/>\nDrakon Naked 50cc (AM6)<\/p>\n<p>Motorhispania<br \/>\nFuria Max Enduro \/ SM 50cc (AM6) &#8211; (tubulaire)<br \/>\nRX Super Racing 50cc (AM6)<br \/>\nRYZ Enduro \/ SM 50cc (AM6) &#8211; (p\u00e9rim\u00e8tre)<\/p>\n<p>Peugeot<br \/>\nXPS-Supermotard 50cc (AM6) &#8211; (p\u00e9rim\u00e8tre)<br \/>\nXR6 50cc (AM6)<br \/>\nXP7 (AM6)<br \/>\nNK7 (AM6)<br \/>\nXR7 (AM6)<br \/>\nXPS-Street EVO2 50cc (AM6) &#8211; (p\u00e9rim\u00e8tre)<br \/>\nXPS-Enduro 50cc (AM6) &#8211; (p\u00e9rim\u00e8tre)<br \/>\nXP6-Supermotard 50cc (AM6) &#8211; (tubulaire)<br \/>\nXP6-Enduro 50cc (AM6) &#8211; (tubulaire)<\/p>\n<p>Rieju<br \/>\nRS2 NKD 50cc (AM6)<br \/>\nMRT PRO SM (AM6)<br \/>\nSpike 2 50cc (AM6)<br \/>\nSMX SM 50cc Pro (AM6)<br \/>\nRS3 (AM6)<br \/>\nMRT SM (AM6)<br \/>\nMRT PRO (AM6)<br \/>\nRS-1 Evolution 50cc (AM6)<br \/>\nMRX Enduro 50cc Pro (AM6)<br \/>\nMRX Euduro 50cc (AM6)<br \/>\nMatrice RS2 50cc (AM6)<br \/>\nSMX SM 50cc (AM6)<br \/>\nMRT (AM6)<br \/>\nRR Enduro 50cc (AM6)<\/p>\n<p>Sherco<br \/>\nEnduro Shark 50cc (AM6)<br \/>\nSupermotard SHARK 50cc (AM6)<br \/>\nSupermotard Champion R\u00e9plique 50cc (AM6)<br \/>\nR\u00e9plique Supermotard IPONE 50cc (AM6)<br \/>\nEnduro 50cc (AM6)<br \/>\nSupermotard 50cc (AM6)<\/p>\n<p>Yamaha<br \/>\nTZR 50cc (AM6) &#8211; (\u00e0 partir de 2003)<br \/>\nDTX SM 50cc (\u00e0 partir de 2003) AM6 &#8211; (tubulaire)<br \/>\nDTX SM 50cc (\u00e0 partir de 2003) AM6 &#8211; (p\u00e9rim\u00e8tre)<br \/>\nTZR 50cc (AM6) &#8211; (\u00e0 partir de 2003)<br \/>\nDTR Enduro 50cc (\u00e0 partir de 2003) AM6 &#8211; (tubulaire)<br \/>\nDTR Enduro 50cc (\u00e0 partir de 2003) AM6 &#8211; (p\u00e9rim\u00e8tre)<\/p>\n","protected":false},"excerpt":{"rendered":"<p>Bo\u00eete de vitesses Voca Racing pour Minarelli AM6 1\u00e8re s\u00e9rie (avant 2011). Une bo\u00eete de vitesses de comp\u00e9tition compl\u00e8te pour moteurs Minarelli AM6. Il am\u00e9liore largement les r\u00e9sultats sur les moteurs pr\u00e9par\u00e9s en r\u00e9duisant la perte de vitesse lors du changement de vitesse, un produit qui surprendra par les bons r\u00e9sultats qu&#8217;il obtient.<\/p>\n","protected":false},"featured_media":11149,"template":"","meta":{"_acf_changed":false,"inline_featured_image":false,"_uag_custom_page_level_css":""},"product_brand":[],"product_cat":[87,1346],"product_tag":[],"class_list":{"0":"post-11137","1":"product","2":"type-product","3":"status-publish","4":"has-post-thumbnail","6":"product_cat-embrayage-moteur","7":"product_cat-gear-box-fr-2","8":"splide__slide","10":"first","11":"instock","12":"shipping-taxable","13":"purchasable","14":"product-type-simple"},"acf":[],"yoast_head":"<!-- This site is optimized with the Yoast SEO plugin v27.3 - https:\/\/yoast.com\/product\/yoast-seo-wordpress\/ -->\n<title>Boite de vitesse Minarelli AM6 - VocaRacing<\/title>\n<meta name=\"description\" content=\"Bo\u00eete de vitesses Voca Racing pour Minarelli AM6 qui am\u00e9liore largement les r\u00e9sultats sur les moteurs pr\u00e9par\u00e9s.\" \/>\n<meta name=\"robots\" content=\"index, follow, max-snippet:-1, max-image-preview:large, max-video-preview:-1\" \/>\n<link rel=\"canonical\" href=\"https:\/\/www.vocaracing.com\/fr\/product\/boite-de-vitesse-minarelli-am6\/\" \/>\n<meta property=\"og:locale\" content=\"fr_FR\" \/>\n<meta property=\"og:type\" content=\"article\" \/>\n<meta property=\"og:title\" content=\"Boite de vitesse Minarelli AM6 - VocaRacing\" \/>\n<meta property=\"og:description\" content=\"Bo\u00eete de vitesses Voca Racing pour Minarelli AM6 qui am\u00e9liore largement les r\u00e9sultats sur les moteurs pr\u00e9par\u00e9s.\" \/>\n<meta property=\"og:url\" content=\"https:\/\/www.vocaracing.com\/fr\/product\/boite-de-vitesse-minarelli-am6\/\" \/>\n<meta property=\"og:site_name\" content=\"VocaRacing\" \/>\n<meta property=\"article:publisher\" content=\"https:\/\/www.facebook.com\/vocaracing\" \/>\n<meta property=\"article:modified_time\" content=\"2024-08-27T12:11:53+00:00\" \/>\n<meta property=\"og:image\" content=\"https:\/\/www.vocaracing.com\/wp-content\/uploads\/2021\/02\/VCR-RD77188.CC.jpg\" \/>\n\t<meta property=\"og:image:width\" content=\"640\" \/>\n\t<meta property=\"og:image:height\" content=\"640\" \/>\n\t<meta property=\"og:image:type\" content=\"image\/jpeg\" \/>\n<meta name=\"twitter:card\" content=\"summary_large_image\" \/>\n<meta name=\"twitter:label1\" content=\"Est. reading time\" \/>\n\t<meta name=\"twitter:data1\" content=\"3 minutes\" \/>\n<script type=\"application\/ld+json\" class=\"yoast-schema-graph\">{\"@context\":\"https:\\\/\\\/schema.org\",\"@graph\":[{\"@type\":\"WebPage\",\"@id\":\"https:\\\/\\\/www.vocaracing.com\\\/fr\\\/product\\\/boite-de-vitesse-minarelli-am6\\\/\",\"url\":\"https:\\\/\\\/www.vocaracing.com\\\/fr\\\/product\\\/boite-de-vitesse-minarelli-am6\\\/\",\"name\":\"Boite de vitesse Minarelli AM6 - VocaRacing\",\"isPartOf\":{\"@id\":\"https:\\\/\\\/www.vocaracing.com\\\/#website\"},\"primaryImageOfPage\":{\"@id\":\"https:\\\/\\\/www.vocaracing.com\\\/fr\\\/product\\\/boite-de-vitesse-minarelli-am6\\\/#primaryimage\"},\"image\":{\"@id\":\"https:\\\/\\\/www.vocaracing.com\\\/fr\\\/product\\\/boite-de-vitesse-minarelli-am6\\\/#primaryimage\"},\"thumbnailUrl\":\"https:\\\/\\\/www.vocaracing.com\\\/wp-content\\\/uploads\\\/2021\\\/02\\\/VCR-RD77188.CC.jpg\",\"datePublished\":\"2021-02-16T10:40:36+00:00\",\"dateModified\":\"2024-08-27T12:11:53+00:00\",\"description\":\"Bo\u00eete de vitesses Voca Racing pour Minarelli AM6 qui am\u00e9liore largement les r\u00e9sultats sur les moteurs pr\u00e9par\u00e9s.\",\"breadcrumb\":{\"@id\":\"https:\\\/\\\/www.vocaracing.com\\\/fr\\\/product\\\/boite-de-vitesse-minarelli-am6\\\/#breadcrumb\"},\"inLanguage\":\"fr-FR\",\"potentialAction\":[{\"@type\":\"ReadAction\",\"target\":[\"https:\\\/\\\/www.vocaracing.com\\\/fr\\\/product\\\/boite-de-vitesse-minarelli-am6\\\/\"]}]},{\"@type\":\"ImageObject\",\"inLanguage\":\"fr-FR\",\"@id\":\"https:\\\/\\\/www.vocaracing.com\\\/fr\\\/product\\\/boite-de-vitesse-minarelli-am6\\\/#primaryimage\",\"url\":\"https:\\\/\\\/www.vocaracing.com\\\/wp-content\\\/uploads\\\/2021\\\/02\\\/VCR-RD77188.CC.jpg\",\"contentUrl\":\"https:\\\/\\\/www.vocaracing.com\\\/wp-content\\\/uploads\\\/2021\\\/02\\\/VCR-RD77188.CC.jpg\",\"width\":640,\"height\":640},{\"@type\":\"BreadcrumbList\",\"@id\":\"https:\\\/\\\/www.vocaracing.com\\\/fr\\\/product\\\/boite-de-vitesse-minarelli-am6\\\/#breadcrumb\",\"itemListElement\":[{\"@type\":\"ListItem\",\"position\":1,\"name\":\"Home\",\"item\":\"https:\\\/\\\/www.vocaracing.com\\\/fr\\\/\"},{\"@type\":\"ListItem\",\"position\":2,\"name\":\"Produits\",\"item\":\"https:\\\/\\\/www.vocaracing.com\\\/fr\\\/produits\\\/\"},{\"@type\":\"ListItem\",\"position\":3,\"name\":\"Boite de vitesse Minarelli AM6\"}]},{\"@type\":\"WebSite\",\"@id\":\"https:\\\/\\\/www.vocaracing.com\\\/#website\",\"url\":\"https:\\\/\\\/www.vocaracing.com\\\/\",\"name\":\"VocaRacing\",\"description\":\"Competition Proved\",\"publisher\":{\"@id\":\"https:\\\/\\\/www.vocaracing.com\\\/#organization\"},\"potentialAction\":[{\"@type\":\"SearchAction\",\"target\":{\"@type\":\"EntryPoint\",\"urlTemplate\":\"https:\\\/\\\/www.vocaracing.com\\\/?s={search_term_string}\"},\"query-input\":{\"@type\":\"PropertyValueSpecification\",\"valueRequired\":true,\"valueName\":\"search_term_string\"}}],\"inLanguage\":\"fr-FR\"},{\"@type\":\"Organization\",\"@id\":\"https:\\\/\\\/www.vocaracing.com\\\/#organization\",\"name\":\"VocaRacing\",\"url\":\"https:\\\/\\\/www.vocaracing.com\\\/\",\"logo\":{\"@type\":\"ImageObject\",\"inLanguage\":\"fr-FR\",\"@id\":\"https:\\\/\\\/www.vocaracing.com\\\/#\\\/schema\\\/logo\\\/image\\\/\",\"url\":\"https:\\\/\\\/www.vocaracing.com\\\/wp-content\\\/uploads\\\/2023\\\/08\\\/vocaracing.png\",\"contentUrl\":\"https:\\\/\\\/www.vocaracing.com\\\/wp-content\\\/uploads\\\/2023\\\/08\\\/vocaracing.png\",\"width\":600,\"height\":400,\"caption\":\"VocaRacing\"},\"image\":{\"@id\":\"https:\\\/\\\/www.vocaracing.com\\\/#\\\/schema\\\/logo\\\/image\\\/\"},\"sameAs\":[\"https:\\\/\\\/www.facebook.com\\\/vocaracing\",\"https:\\\/\\\/www.youtube.com\\\/user\\\/VOCARacing\"]}]}<\/script>\n<!-- \/ Yoast SEO plugin. -->","yoast_head_json":{"title":"Boite de vitesse Minarelli AM6 - VocaRacing","description":"Bo\u00eete de vitesses Voca Racing pour Minarelli AM6 qui am\u00e9liore largement les r\u00e9sultats sur les moteurs pr\u00e9par\u00e9s.","robots":{"index":"index","follow":"follow","max-snippet":"max-snippet:-1","max-image-preview":"max-image-preview:large","max-video-preview":"max-video-preview:-1"},"canonical":"https:\/\/www.vocaracing.com\/fr\/product\/boite-de-vitesse-minarelli-am6\/","og_locale":"fr_FR","og_type":"article","og_title":"Boite de vitesse Minarelli AM6 - VocaRacing","og_description":"Bo\u00eete de vitesses Voca Racing pour Minarelli AM6 qui am\u00e9liore largement les r\u00e9sultats sur les moteurs pr\u00e9par\u00e9s.","og_url":"https:\/\/www.vocaracing.com\/fr\/product\/boite-de-vitesse-minarelli-am6\/","og_site_name":"VocaRacing","article_publisher":"https:\/\/www.facebook.com\/vocaracing","article_modified_time":"2024-08-27T12:11:53+00:00","og_image":[{"width":640,"height":640,"url":"https:\/\/www.vocaracing.com\/wp-content\/uploads\/2021\/02\/VCR-RD77188.CC.jpg","type":"image\/jpeg"}],"twitter_card":"summary_large_image","twitter_misc":{"Est. reading time":"3 minutes"},"schema":{"@context":"https:\/\/schema.org","@graph":[{"@type":"WebPage","@id":"https:\/\/www.vocaracing.com\/fr\/product\/boite-de-vitesse-minarelli-am6\/","url":"https:\/\/www.vocaracing.com\/fr\/product\/boite-de-vitesse-minarelli-am6\/","name":"Boite de vitesse Minarelli AM6 - VocaRacing","isPartOf":{"@id":"https:\/\/www.vocaracing.com\/#website"},"primaryImageOfPage":{"@id":"https:\/\/www.vocaracing.com\/fr\/product\/boite-de-vitesse-minarelli-am6\/#primaryimage"},"image":{"@id":"https:\/\/www.vocaracing.com\/fr\/product\/boite-de-vitesse-minarelli-am6\/#primaryimage"},"thumbnailUrl":"https:\/\/www.vocaracing.com\/wp-content\/uploads\/2021\/02\/VCR-RD77188.CC.jpg","datePublished":"2021-02-16T10:40:36+00:00","dateModified":"2024-08-27T12:11:53+00:00","description":"Bo\u00eete de vitesses Voca Racing pour Minarelli AM6 qui am\u00e9liore largement les r\u00e9sultats sur les moteurs pr\u00e9par\u00e9s.","breadcrumb":{"@id":"https:\/\/www.vocaracing.com\/fr\/product\/boite-de-vitesse-minarelli-am6\/#breadcrumb"},"inLanguage":"fr-FR","potentialAction":[{"@type":"ReadAction","target":["https:\/\/www.vocaracing.com\/fr\/product\/boite-de-vitesse-minarelli-am6\/"]}]},{"@type":"ImageObject","inLanguage":"fr-FR","@id":"https:\/\/www.vocaracing.com\/fr\/product\/boite-de-vitesse-minarelli-am6\/#primaryimage","url":"https:\/\/www.vocaracing.com\/wp-content\/uploads\/2021\/02\/VCR-RD77188.CC.jpg","contentUrl":"https:\/\/www.vocaracing.com\/wp-content\/uploads\/2021\/02\/VCR-RD77188.CC.jpg","width":640,"height":640},{"@type":"BreadcrumbList","@id":"https:\/\/www.vocaracing.com\/fr\/product\/boite-de-vitesse-minarelli-am6\/#breadcrumb","itemListElement":[{"@type":"ListItem","position":1,"name":"Home","item":"https:\/\/www.vocaracing.com\/fr\/"},{"@type":"ListItem","position":2,"name":"Produits","item":"https:\/\/www.vocaracing.com\/fr\/produits\/"},{"@type":"ListItem","position":3,"name":"Boite de vitesse Minarelli AM6"}]},{"@type":"WebSite","@id":"https:\/\/www.vocaracing.com\/#website","url":"https:\/\/www.vocaracing.com\/","name":"VocaRacing","description":"Competition Proved","publisher":{"@id":"https:\/\/www.vocaracing.com\/#organization"},"potentialAction":[{"@type":"SearchAction","target":{"@type":"EntryPoint","urlTemplate":"https:\/\/www.vocaracing.com\/?s={search_term_string}"},"query-input":{"@type":"PropertyValueSpecification","valueRequired":true,"valueName":"search_term_string"}}],"inLanguage":"fr-FR"},{"@type":"Organization","@id":"https:\/\/www.vocaracing.com\/#organization","name":"VocaRacing","url":"https:\/\/www.vocaracing.com\/","logo":{"@type":"ImageObject","inLanguage":"fr-FR","@id":"https:\/\/www.vocaracing.com\/#\/schema\/logo\/image\/","url":"https:\/\/www.vocaracing.com\/wp-content\/uploads\/2023\/08\/vocaracing.png","contentUrl":"https:\/\/www.vocaracing.com\/wp-content\/uploads\/2023\/08\/vocaracing.png","width":600,"height":400,"caption":"VocaRacing"},"image":{"@id":"https:\/\/www.vocaracing.com\/#\/schema\/logo\/image\/"},"sameAs":["https:\/\/www.facebook.com\/vocaracing","https:\/\/www.youtube.com\/user\/VOCARacing"]}]}},"uagb_featured_image_src":{"full":["https:\/\/www.vocaracing.com\/wp-content\/uploads\/2021\/02\/VCR-RD77188.CC.jpg",640,640,false],"thumbnail":["https:\/\/www.vocaracing.com\/wp-content\/uploads\/2021\/02\/VCR-RD77188.CC-200x150.jpg",200,150,true],"medium":["https:\/\/www.vocaracing.com\/wp-content\/uploads\/2021\/02\/VCR-RD77188.CC-180x180.jpg",180,180,true],"medium_large":["https:\/\/www.vocaracing.com\/wp-content\/uploads\/2021\/02\/VCR-RD77188.CC.jpg",640,640,false],"large":["https:\/\/www.vocaracing.com\/wp-content\/uploads\/2021\/02\/VCR-RD77188.CC.jpg",640,640,false],"1536x1536":["https:\/\/www.vocaracing.com\/wp-content\/uploads\/2021\/02\/VCR-RD77188.CC.jpg",640,640,false],"2048x2048":["https:\/\/www.vocaracing.com\/wp-content\/uploads\/2021\/02\/VCR-RD77188.CC.jpg",640,640,false],"woocommerce_thumbnail":["https:\/\/www.vocaracing.com\/wp-content\/uploads\/2021\/02\/VCR-RD77188.CC-500x500.jpg",500,500,true],"woocommerce_single":["https:\/\/www.vocaracing.com\/wp-content\/uploads\/2021\/02\/VCR-RD77188.CC.jpg",640,640,false],"woocommerce_gallery_thumbnail":["https:\/\/www.vocaracing.com\/wp-content\/uploads\/2021\/02\/VCR-RD77188.CC-100x100.jpg",100,100,true]},"uagb_author_info":{"display_name":"Design Motoscoot","author_link":"https:\/\/www.vocaracing.com\/fr\/author\/"},"uagb_comment_info":0,"uagb_excerpt":"Bo\u00eete de vitesses Voca Racing pour Minarelli AM6 1\u00e8re s\u00e9rie (avant 2011). Une bo\u00eete de vitesses de comp\u00e9tition compl\u00e8te pour moteurs Minarelli AM6. Il am\u00e9liore largement les r\u00e9sultats sur les moteurs pr\u00e9par\u00e9s en r\u00e9duisant la perte de vitesse lors du changement de vitesse, un produit qui surprendra par les bons r\u00e9sultats qu'il obtient.","_links":{"self":[{"href":"https:\/\/www.vocaracing.com\/fr\/wp-json\/wp\/v2\/product\/11137","targetHints":{"allow":["GET"]}}],"collection":[{"href":"https:\/\/www.vocaracing.com\/fr\/wp-json\/wp\/v2\/product"}],"about":[{"href":"https:\/\/www.vocaracing.com\/fr\/wp-json\/wp\/v2\/types\/product"}],"wp:featuredmedia":[{"embeddable":true,"href":"https:\/\/www.vocaracing.com\/fr\/wp-json\/wp\/v2\/media\/11149"}],"wp:attachment":[{"href":"https:\/\/www.vocaracing.com\/fr\/wp-json\/wp\/v2\/media?parent=11137"}],"wp:term":[{"taxonomy":"product_brand","embeddable":true,"href":"https:\/\/www.vocaracing.com\/fr\/wp-json\/wp\/v2\/product_brand?post=11137"},{"taxonomy":"product_cat","embeddable":true,"href":"https:\/\/www.vocaracing.com\/fr\/wp-json\/wp\/v2\/product_cat?post=11137"},{"taxonomy":"product_tag","embeddable":true,"href":"https:\/\/www.vocaracing.com\/fr\/wp-json\/wp\/v2\/product_tag?post=11137"}],"curies":[{"name":"wp","href":"https:\/\/api.w.org\/{rel}","templated":true}]}}