{"id":10068,"date":"2019-12-13T14:11:12","date_gmt":"2019-12-13T13:11:12","guid":{"rendered":"https:\/\/www.vocaracing.com\/product\/bequille-competition-voca-fr-stand\/"},"modified":"2019-12-13T16:17:22","modified_gmt":"2019-12-13T15:17:22","slug":"bequille-competition-voca-fr-stand","status":"publish","type":"product","link":"https:\/\/www.vocaracing.com\/fr\/product\/bequille-competition-voca-fr-stand\/","title":{"rendered":"Bequille competiti\u00f2n VOCA FR Stand"},"content":{"rendered":"<p>Bequille de comp\u00e9tition VOCA FR Support valable pour l&#8217;arri\u00e8re ou l&#8217;avant. Une bequille parfait pour faciliter l&#8217;entretien de votre moto graisser la cha\u00eene et changer les pneus sur les roues avant et arri\u00e8re. Elle comprend trois adaptateurs diff\u00e9rents pour diverses options de montage.Gr\u00e2ce aux diff\u00e9rents adaptateurs, vous pouvez l&#8217;utiliser pour votre cyclomoteur et votre moto, \u00e0 la fois pour la fourche avant et pour la roue arri\u00e8re, et tout cela \u00e0 un prix incroyable.<\/p>\n<p>Options arri\u00e8re:<br \/>\nSupport bras oscilante, finition en caoutchouc pour \u00e9viter les frottements<br \/>\nSupport pour utiliser la bequille avec diabolos (guide \u00e0 la b\u00e9quille).<br \/>\nR\u00e9glable 26cm-35,5cm<\/p>\n<p>Options de la partie avant:<br \/>\nPrise en charge des pointes de fourche.<br \/>\n16,3-25,5 cm r\u00e9glable<\/p>\n<p>Pour modifier l&#8217;utilisation de la bequille, il suffit de changer le bras arri\u00e8re du chevalet pour le rendre plus \u00e9troit (roue avant) ou plus large (roue arri\u00e8re). L&#8217;\u00e9l\u00e9vation approximative de la roue est de 34 cm. La bequille est capable de supporter des charges allant jusqu&#8217;\u00e0 250 kg, il est donc valable pour presque toutes les motos sur le march\u00e9. N&#8217;inclut pas les diabolos (guide \u00e0 la b\u00e9quille).<\/p>\n","protected":false},"excerpt":{"rendered":"<p>Bequille de comp\u00e9tition VOCA FR Support valable pour l&#8217;arri\u00e8re ou l&#8217;avant. Une bequille parfait pour faciliter l&#8217;entretien de votre moto. Elle comprend trois adaptateurs diff\u00e9rents.<\/p>\n","protected":false},"featured_media":10096,"template":"","meta":{"_acf_changed":false,"inline_featured_image":false,"_uag_custom_page_level_css":""},"product_brand":[],"product_cat":[616],"product_tag":[],"class_list":{"0":"post-10068","1":"product","2":"type-product","3":"status-publish","4":"has-post-thumbnail","6":"product_cat-tech-and-care","7":"splide__slide","9":"first","10":"instock","11":"shipping-taxable","12":"purchasable","13":"product-type-simple"},"acf":[],"yoast_head":"<!-- This site is optimized with the Yoast SEO plugin v27.3 - https:\/\/yoast.com\/product\/yoast-seo-wordpress\/ -->\n<title>Bequille competiti\u00f2n VOCA FR Stand - VocaRacing<\/title>\n<meta name=\"description\" content=\"Bequille de comp\u00e9tition VOCA FR Support valable pour l&#039;arri\u00e8re ou l&#039;avant. Une bequille parfait pour faciliter l&#039;entretien de votre moto. Elle comprend trois adaptateurs diff\u00e9rents.\" \/>\n<meta name=\"robots\" content=\"index, follow, max-snippet:-1, max-image-preview:large, max-video-preview:-1\" \/>\n<link rel=\"canonical\" href=\"https:\/\/www.vocaracing.com\/fr\/product\/bequille-competition-voca-fr-stand\/\" \/>\n<meta property=\"og:locale\" content=\"fr_FR\" \/>\n<meta property=\"og:type\" content=\"article\" \/>\n<meta property=\"og:title\" content=\"Bequille competiti\u00f2n VOCA FR Stand - VocaRacing\" \/>\n<meta property=\"og:description\" content=\"Bequille de comp\u00e9tition VOCA FR Support valable pour l&#039;arri\u00e8re ou l&#039;avant. Une bequille parfait pour faciliter l&#039;entretien de votre moto. Elle comprend trois adaptateurs diff\u00e9rents.\" \/>\n<meta property=\"og:url\" content=\"https:\/\/www.vocaracing.com\/fr\/product\/bequille-competition-voca-fr-stand\/\" \/>\n<meta property=\"og:site_name\" content=\"VocaRacing\" \/>\n<meta property=\"article:publisher\" content=\"https:\/\/www.facebook.com\/vocaracing\" \/>\n<meta property=\"article:modified_time\" content=\"2019-12-13T15:17:22+00:00\" \/>\n<meta property=\"og:image\" content=\"https:\/\/www.vocaracing.com\/wp-content\/uploads\/2019\/12\/VCR-RD16.STAND_09.png\" \/>\n\t<meta property=\"og:image:width\" content=\"640\" \/>\n\t<meta property=\"og:image:height\" content=\"640\" \/>\n\t<meta property=\"og:image:type\" content=\"image\/png\" \/>\n<meta name=\"twitter:card\" content=\"summary_large_image\" \/>\n<meta name=\"twitter:label1\" content=\"Est. reading time\" \/>\n\t<meta name=\"twitter:data1\" content=\"1 minute\" \/>\n<script type=\"application\/ld+json\" class=\"yoast-schema-graph\">{\"@context\":\"https:\\\/\\\/schema.org\",\"@graph\":[{\"@type\":\"WebPage\",\"@id\":\"https:\\\/\\\/www.vocaracing.com\\\/fr\\\/product\\\/bequille-competition-voca-fr-stand\\\/\",\"url\":\"https:\\\/\\\/www.vocaracing.com\\\/fr\\\/product\\\/bequille-competition-voca-fr-stand\\\/\",\"name\":\"Bequille competiti\u00f2n VOCA FR Stand - VocaRacing\",\"isPartOf\":{\"@id\":\"https:\\\/\\\/www.vocaracing.com\\\/#website\"},\"primaryImageOfPage\":{\"@id\":\"https:\\\/\\\/www.vocaracing.com\\\/fr\\\/product\\\/bequille-competition-voca-fr-stand\\\/#primaryimage\"},\"image\":{\"@id\":\"https:\\\/\\\/www.vocaracing.com\\\/fr\\\/product\\\/bequille-competition-voca-fr-stand\\\/#primaryimage\"},\"thumbnailUrl\":\"https:\\\/\\\/www.vocaracing.com\\\/wp-content\\\/uploads\\\/2019\\\/12\\\/VCR-RD16.STAND_09.png\",\"datePublished\":\"2019-12-13T13:11:12+00:00\",\"dateModified\":\"2019-12-13T15:17:22+00:00\",\"description\":\"Bequille de comp\u00e9tition VOCA FR Support valable pour l'arri\u00e8re ou l'avant. Une bequille parfait pour faciliter l'entretien de votre moto. Elle comprend trois adaptateurs diff\u00e9rents.\",\"breadcrumb\":{\"@id\":\"https:\\\/\\\/www.vocaracing.com\\\/fr\\\/product\\\/bequille-competition-voca-fr-stand\\\/#breadcrumb\"},\"inLanguage\":\"fr-FR\",\"potentialAction\":[{\"@type\":\"ReadAction\",\"target\":[\"https:\\\/\\\/www.vocaracing.com\\\/fr\\\/product\\\/bequille-competition-voca-fr-stand\\\/\"]}]},{\"@type\":\"ImageObject\",\"inLanguage\":\"fr-FR\",\"@id\":\"https:\\\/\\\/www.vocaracing.com\\\/fr\\\/product\\\/bequille-competition-voca-fr-stand\\\/#primaryimage\",\"url\":\"https:\\\/\\\/www.vocaracing.com\\\/wp-content\\\/uploads\\\/2019\\\/12\\\/VCR-RD16.STAND_09.png\",\"contentUrl\":\"https:\\\/\\\/www.vocaracing.com\\\/wp-content\\\/uploads\\\/2019\\\/12\\\/VCR-RD16.STAND_09.png\",\"width\":640,\"height\":640},{\"@type\":\"BreadcrumbList\",\"@id\":\"https:\\\/\\\/www.vocaracing.com\\\/fr\\\/product\\\/bequille-competition-voca-fr-stand\\\/#breadcrumb\",\"itemListElement\":[{\"@type\":\"ListItem\",\"position\":1,\"name\":\"Home\",\"item\":\"https:\\\/\\\/www.vocaracing.com\\\/fr\\\/\"},{\"@type\":\"ListItem\",\"position\":2,\"name\":\"Produits\",\"item\":\"https:\\\/\\\/www.vocaracing.com\\\/fr\\\/produits\\\/\"},{\"@type\":\"ListItem\",\"position\":3,\"name\":\"Bequille competiti\u00f2n VOCA FR Stand\"}]},{\"@type\":\"WebSite\",\"@id\":\"https:\\\/\\\/www.vocaracing.com\\\/#website\",\"url\":\"https:\\\/\\\/www.vocaracing.com\\\/\",\"name\":\"VocaRacing\",\"description\":\"Competition Proved\",\"publisher\":{\"@id\":\"https:\\\/\\\/www.vocaracing.com\\\/#organization\"},\"potentialAction\":[{\"@type\":\"SearchAction\",\"target\":{\"@type\":\"EntryPoint\",\"urlTemplate\":\"https:\\\/\\\/www.vocaracing.com\\\/?s={search_term_string}\"},\"query-input\":{\"@type\":\"PropertyValueSpecification\",\"valueRequired\":true,\"valueName\":\"search_term_string\"}}],\"inLanguage\":\"fr-FR\"},{\"@type\":\"Organization\",\"@id\":\"https:\\\/\\\/www.vocaracing.com\\\/#organization\",\"name\":\"VocaRacing\",\"url\":\"https:\\\/\\\/www.vocaracing.com\\\/\",\"logo\":{\"@type\":\"ImageObject\",\"inLanguage\":\"fr-FR\",\"@id\":\"https:\\\/\\\/www.vocaracing.com\\\/#\\\/schema\\\/logo\\\/image\\\/\",\"url\":\"https:\\\/\\\/www.vocaracing.com\\\/wp-content\\\/uploads\\\/2023\\\/08\\\/vocaracing.png\",\"contentUrl\":\"https:\\\/\\\/www.vocaracing.com\\\/wp-content\\\/uploads\\\/2023\\\/08\\\/vocaracing.png\",\"width\":600,\"height\":400,\"caption\":\"VocaRacing\"},\"image\":{\"@id\":\"https:\\\/\\\/www.vocaracing.com\\\/#\\\/schema\\\/logo\\\/image\\\/\"},\"sameAs\":[\"https:\\\/\\\/www.facebook.com\\\/vocaracing\",\"https:\\\/\\\/www.youtube.com\\\/user\\\/VOCARacing\"]}]}<\/script>\n<!-- \/ Yoast SEO plugin. -->","yoast_head_json":{"title":"Bequille competiti\u00f2n VOCA FR Stand - VocaRacing","description":"Bequille de comp\u00e9tition VOCA FR Support valable pour l'arri\u00e8re ou l'avant. Une bequille parfait pour faciliter l'entretien de votre moto. Elle comprend trois adaptateurs diff\u00e9rents.","robots":{"index":"index","follow":"follow","max-snippet":"max-snippet:-1","max-image-preview":"max-image-preview:large","max-video-preview":"max-video-preview:-1"},"canonical":"https:\/\/www.vocaracing.com\/fr\/product\/bequille-competition-voca-fr-stand\/","og_locale":"fr_FR","og_type":"article","og_title":"Bequille competiti\u00f2n VOCA FR Stand - VocaRacing","og_description":"Bequille de comp\u00e9tition VOCA FR Support valable pour l'arri\u00e8re ou l'avant. Une bequille parfait pour faciliter l'entretien de votre moto. Elle comprend trois adaptateurs diff\u00e9rents.","og_url":"https:\/\/www.vocaracing.com\/fr\/product\/bequille-competition-voca-fr-stand\/","og_site_name":"VocaRacing","article_publisher":"https:\/\/www.facebook.com\/vocaracing","article_modified_time":"2019-12-13T15:17:22+00:00","og_image":[{"width":640,"height":640,"url":"https:\/\/www.vocaracing.com\/wp-content\/uploads\/2019\/12\/VCR-RD16.STAND_09.png","type":"image\/png"}],"twitter_card":"summary_large_image","twitter_misc":{"Est. reading time":"1 minute"},"schema":{"@context":"https:\/\/schema.org","@graph":[{"@type":"WebPage","@id":"https:\/\/www.vocaracing.com\/fr\/product\/bequille-competition-voca-fr-stand\/","url":"https:\/\/www.vocaracing.com\/fr\/product\/bequille-competition-voca-fr-stand\/","name":"Bequille competiti\u00f2n VOCA FR Stand - VocaRacing","isPartOf":{"@id":"https:\/\/www.vocaracing.com\/#website"},"primaryImageOfPage":{"@id":"https:\/\/www.vocaracing.com\/fr\/product\/bequille-competition-voca-fr-stand\/#primaryimage"},"image":{"@id":"https:\/\/www.vocaracing.com\/fr\/product\/bequille-competition-voca-fr-stand\/#primaryimage"},"thumbnailUrl":"https:\/\/www.vocaracing.com\/wp-content\/uploads\/2019\/12\/VCR-RD16.STAND_09.png","datePublished":"2019-12-13T13:11:12+00:00","dateModified":"2019-12-13T15:17:22+00:00","description":"Bequille de comp\u00e9tition VOCA FR Support valable pour l'arri\u00e8re ou l'avant. Une bequille parfait pour faciliter l'entretien de votre moto. Elle comprend trois adaptateurs diff\u00e9rents.","breadcrumb":{"@id":"https:\/\/www.vocaracing.com\/fr\/product\/bequille-competition-voca-fr-stand\/#breadcrumb"},"inLanguage":"fr-FR","potentialAction":[{"@type":"ReadAction","target":["https:\/\/www.vocaracing.com\/fr\/product\/bequille-competition-voca-fr-stand\/"]}]},{"@type":"ImageObject","inLanguage":"fr-FR","@id":"https:\/\/www.vocaracing.com\/fr\/product\/bequille-competition-voca-fr-stand\/#primaryimage","url":"https:\/\/www.vocaracing.com\/wp-content\/uploads\/2019\/12\/VCR-RD16.STAND_09.png","contentUrl":"https:\/\/www.vocaracing.com\/wp-content\/uploads\/2019\/12\/VCR-RD16.STAND_09.png","width":640,"height":640},{"@type":"BreadcrumbList","@id":"https:\/\/www.vocaracing.com\/fr\/product\/bequille-competition-voca-fr-stand\/#breadcrumb","itemListElement":[{"@type":"ListItem","position":1,"name":"Home","item":"https:\/\/www.vocaracing.com\/fr\/"},{"@type":"ListItem","position":2,"name":"Produits","item":"https:\/\/www.vocaracing.com\/fr\/produits\/"},{"@type":"ListItem","position":3,"name":"Bequille competiti\u00f2n VOCA FR Stand"}]},{"@type":"WebSite","@id":"https:\/\/www.vocaracing.com\/#website","url":"https:\/\/www.vocaracing.com\/","name":"VocaRacing","description":"Competition Proved","publisher":{"@id":"https:\/\/www.vocaracing.com\/#organization"},"potentialAction":[{"@type":"SearchAction","target":{"@type":"EntryPoint","urlTemplate":"https:\/\/www.vocaracing.com\/?s={search_term_string}"},"query-input":{"@type":"PropertyValueSpecification","valueRequired":true,"valueName":"search_term_string"}}],"inLanguage":"fr-FR"},{"@type":"Organization","@id":"https:\/\/www.vocaracing.com\/#organization","name":"VocaRacing","url":"https:\/\/www.vocaracing.com\/","logo":{"@type":"ImageObject","inLanguage":"fr-FR","@id":"https:\/\/www.vocaracing.com\/#\/schema\/logo\/image\/","url":"https:\/\/www.vocaracing.com\/wp-content\/uploads\/2023\/08\/vocaracing.png","contentUrl":"https:\/\/www.vocaracing.com\/wp-content\/uploads\/2023\/08\/vocaracing.png","width":600,"height":400,"caption":"VocaRacing"},"image":{"@id":"https:\/\/www.vocaracing.com\/#\/schema\/logo\/image\/"},"sameAs":["https:\/\/www.facebook.com\/vocaracing","https:\/\/www.youtube.com\/user\/VOCARacing"]}]}},"uagb_featured_image_src":{"full":["https:\/\/www.vocaracing.com\/wp-content\/uploads\/2019\/12\/VCR-RD16.STAND_09.png",640,640,false],"thumbnail":["https:\/\/www.vocaracing.com\/wp-content\/uploads\/2019\/12\/VCR-RD16.STAND_09-200x150.png",200,150,true],"medium":["https:\/\/www.vocaracing.com\/wp-content\/uploads\/2019\/12\/VCR-RD16.STAND_09-180x180.png",180,180,true],"medium_large":["https:\/\/www.vocaracing.com\/wp-content\/uploads\/2019\/12\/VCR-RD16.STAND_09.png",640,640,false],"large":["https:\/\/www.vocaracing.com\/wp-content\/uploads\/2019\/12\/VCR-RD16.STAND_09.png",640,640,false],"1536x1536":["https:\/\/www.vocaracing.com\/wp-content\/uploads\/2019\/12\/VCR-RD16.STAND_09.png",640,640,false],"2048x2048":["https:\/\/www.vocaracing.com\/wp-content\/uploads\/2019\/12\/VCR-RD16.STAND_09.png",640,640,false],"woocommerce_thumbnail":["https:\/\/www.vocaracing.com\/wp-content\/uploads\/2019\/12\/VCR-RD16.STAND_09-500x500.png",500,500,true],"woocommerce_single":["https:\/\/www.vocaracing.com\/wp-content\/uploads\/2019\/12\/VCR-RD16.STAND_09.png",640,640,false],"woocommerce_gallery_thumbnail":["https:\/\/www.vocaracing.com\/wp-content\/uploads\/2019\/12\/VCR-RD16.STAND_09-100x100.png",100,100,true]},"uagb_author_info":{"display_name":"Design Motoscoot","author_link":"https:\/\/www.vocaracing.com\/fr\/author\/"},"uagb_comment_info":0,"uagb_excerpt":"Bequille de comp\u00e9tition VOCA FR Support valable pour l'arri\u00e8re ou l'avant. Une bequille parfait pour faciliter l'entretien de votre moto. Elle comprend trois adaptateurs diff\u00e9rents.","_links":{"self":[{"href":"https:\/\/www.vocaracing.com\/fr\/wp-json\/wp\/v2\/product\/10068","targetHints":{"allow":["GET"]}}],"collection":[{"href":"https:\/\/www.vocaracing.com\/fr\/wp-json\/wp\/v2\/product"}],"about":[{"href":"https:\/\/www.vocaracing.com\/fr\/wp-json\/wp\/v2\/types\/product"}],"wp:featuredmedia":[{"embeddable":true,"href":"https:\/\/www.vocaracing.com\/fr\/wp-json\/wp\/v2\/media\/10096"}],"wp:attachment":[{"href":"https:\/\/www.vocaracing.com\/fr\/wp-json\/wp\/v2\/media?parent=10068"}],"wp:term":[{"taxonomy":"product_brand","embeddable":true,"href":"https:\/\/www.vocaracing.com\/fr\/wp-json\/wp\/v2\/product_brand?post=10068"},{"taxonomy":"product_cat","embeddable":true,"href":"https:\/\/www.vocaracing.com\/fr\/wp-json\/wp\/v2\/product_cat?post=10068"},{"taxonomy":"product_tag","embeddable":true,"href":"https:\/\/www.vocaracing.com\/fr\/wp-json\/wp\/v2\/product_tag?post=10068"}],"curies":[{"name":"wp","href":"https:\/\/api.w.org\/{rel}","templated":true}]}}