{"id":9290,"date":"2019-07-02T14:55:07","date_gmt":"2019-07-02T13:55:07","guid":{"rendered":"https:\/\/www.vocaracing.com\/product\/laptimer-voca-eagle-eye-usb-plug-play\/"},"modified":"2019-07-02T14:59:54","modified_gmt":"2019-07-02T13:59:54","slug":"laptimer-voca-eagle-eye-usb-plug-play","status":"publish","type":"product","link":"https:\/\/www.vocaracing.com\/es\/product\/laptimer-voca-eagle-eye-usb-plug-play\/","title":{"rendered":"Laptimer VOCA Eagle Eye USB PLUG &#038; PLAY"},"content":{"rendered":"<p>Laptimer VOCA Eagle Eye, versi\u00f3n mejorada del laptimer anterior de VOCA. Dispone de un receptor en el extremo de un cable que sale del display. Entonces puedes colocar el receptor a un lado o a otro de la moto, en funci\u00f3n de en qu\u00e9 lado est\u00e9 el muro con el emisor. Se compone de, pantalla display con los botones de selecci\u00f3n, donde tendremos la informaci\u00f3n, el receptor conectado al display y un emisor de infrarrojos. El laptimer esta equipado con un LED adicional para indicar la vuelta m\u00e1s r\u00e1pida y m\u00e1s lenta durante la carrera.<\/p>\n<p>Funciones:<\/p>\n<p>Vuelta a vuelta.<\/p>\n<p>Vuelta mas r\u00e1pida.<\/p>\n<p>Vuelta m\u00e1s lenta.<br \/>\nVuelta media<\/p>\n<p>Tiempo total.<\/p>\n<p>Hora.<\/p>\n<p>Especificaciones:<\/p>\n<p>Indicador LED.<\/p>\n<p>Pantalla de 2,2 pulgadas.<\/p>\n<p>Medida: 80&#215;50,5&#215;14.9<\/p>\n<p>Bater\u00eda: 3.6V Li LIR2450 de 110mAh.<\/p>\n<p>Indicador de nivel de bater\u00eda.<\/p>\n<p>Carga en 30 minutos.<\/p>\n<p>30h de uso.<\/p>\n<p>Capacidad de almacenamiento de 1000 registros de carrera, y cada carrera de 99 vueltas.<\/p>\n<p>Opci\u00f3n de poder descargar todos los datos a un PC mendiante USB.<\/p>\n<p>Atenci\u00f3n: El transponder necesita 3 pilas AA NO INCLUIDAS.<\/p>\n","protected":false},"excerpt":{"rendered":"<p>Laptimer VOCA Eagle Eye, versi\u00f3n mejorada del laptimer anterior de VOCA. Dispone de un receptor en el extremo de un cable que sale del display. Entonces puedes colocar el receptor a un lado o a otro de la moto, en funci\u00f3n de en qu\u00e9 lado est\u00e9 el muro con el emisor. Se compone de, pantalla display con los botones de selecci\u00f3n, donde tendremos la informaci\u00f3n, el receptor conectado al display y un emisor de infrarrojos. El laptimer esta equipado con un LED adicional para indicar la vuelta m\u00e1s r\u00e1pida y m\u00e1s lenta durante la carrera.<\/p>\n","protected":false},"featured_media":9270,"template":"","meta":{"_acf_changed":false,"inline_featured_image":false,"_uag_custom_page_level_css":""},"product_brand":[],"product_cat":[269],"product_tag":[],"class_list":{"0":"post-9290","1":"product","2":"type-product","3":"status-publish","4":"has-post-thumbnail","6":"product_cat-marcadores-racing","7":"splide__slide","9":"first","10":"instock","11":"shipping-taxable","12":"purchasable","13":"product-type-simple"},"acf":[],"yoast_head":"<!-- This site is optimized with the Yoast SEO plugin v27.3 - https:\/\/yoast.com\/product\/yoast-seo-wordpress\/ -->\n<title>Laptimer VOCA Eagle Eye USB PLUG &amp; PLAY - VocaRacing<\/title>\n<meta name=\"description\" content=\"Laptimer VOCA Eagle Eye, versi\u00f3n mejorada del laptimer anterior de VOCA. Dispone de un receptor en el extremo de un cable que sale del display. Entonces puedes colocar el receptor a un lado o a otro de la moto, en funci\u00f3n de en qu\u00e9 lado est\u00e9 el muro con el emisor. Se compone de, pantalla display con los botones de selecci\u00f3n, donde tendremos la informaci\u00f3n, el receptor conectado al display y un emisor de infrarrojos. El laptimer esta equipado con un LED adicional para indicar la vuelta m\u00e1s r\u00e1pida y m\u00e1s lenta durante la carrera.\" \/>\n<meta name=\"robots\" content=\"index, follow, max-snippet:-1, max-image-preview:large, max-video-preview:-1\" \/>\n<link rel=\"canonical\" href=\"https:\/\/www.vocaracing.com\/es\/product\/laptimer-voca-eagle-eye-usb-plug-play\/\" \/>\n<meta property=\"og:locale\" content=\"es_ES\" \/>\n<meta property=\"og:type\" content=\"article\" \/>\n<meta property=\"og:title\" content=\"Laptimer VOCA Eagle Eye USB PLUG &amp; PLAY - VocaRacing\" \/>\n<meta property=\"og:description\" content=\"Laptimer VOCA Eagle Eye, versi\u00f3n mejorada del laptimer anterior de VOCA. Dispone de un receptor en el extremo de un cable que sale del display. Entonces puedes colocar el receptor a un lado o a otro de la moto, en funci\u00f3n de en qu\u00e9 lado est\u00e9 el muro con el emisor. Se compone de, pantalla display con los botones de selecci\u00f3n, donde tendremos la informaci\u00f3n, el receptor conectado al display y un emisor de infrarrojos. El laptimer esta equipado con un LED adicional para indicar la vuelta m\u00e1s r\u00e1pida y m\u00e1s lenta durante la carrera.\" \/>\n<meta property=\"og:url\" content=\"https:\/\/www.vocaracing.com\/es\/product\/laptimer-voca-eagle-eye-usb-plug-play\/\" \/>\n<meta property=\"og:site_name\" content=\"VocaRacing\" \/>\n<meta property=\"article:publisher\" content=\"https:\/\/www.facebook.com\/vocaracing\" \/>\n<meta property=\"article:modified_time\" content=\"2019-07-02T13:59:54+00:00\" \/>\n<meta property=\"og:image\" content=\"https:\/\/www.vocaracing.com\/wp-content\/uploads\/2019\/07\/VCR-RD11LAP_EGL.jpg\" \/>\n\t<meta property=\"og:image:width\" content=\"1200\" \/>\n\t<meta property=\"og:image:height\" content=\"1200\" \/>\n\t<meta property=\"og:image:type\" content=\"image\/jpeg\" \/>\n<meta name=\"twitter:card\" content=\"summary_large_image\" \/>\n<meta name=\"twitter:label1\" content=\"Est. reading time\" \/>\n\t<meta name=\"twitter:data1\" content=\"1 minute\" \/>\n<script type=\"application\/ld+json\" class=\"yoast-schema-graph\">{\"@context\":\"https:\\\/\\\/schema.org\",\"@graph\":[{\"@type\":\"WebPage\",\"@id\":\"https:\\\/\\\/www.vocaracing.com\\\/es\\\/product\\\/laptimer-voca-eagle-eye-usb-plug-play\\\/\",\"url\":\"https:\\\/\\\/www.vocaracing.com\\\/es\\\/product\\\/laptimer-voca-eagle-eye-usb-plug-play\\\/\",\"name\":\"Laptimer VOCA Eagle Eye USB PLUG & PLAY - VocaRacing\",\"isPartOf\":{\"@id\":\"https:\\\/\\\/www.vocaracing.com\\\/#website\"},\"primaryImageOfPage\":{\"@id\":\"https:\\\/\\\/www.vocaracing.com\\\/es\\\/product\\\/laptimer-voca-eagle-eye-usb-plug-play\\\/#primaryimage\"},\"image\":{\"@id\":\"https:\\\/\\\/www.vocaracing.com\\\/es\\\/product\\\/laptimer-voca-eagle-eye-usb-plug-play\\\/#primaryimage\"},\"thumbnailUrl\":\"https:\\\/\\\/www.vocaracing.com\\\/wp-content\\\/uploads\\\/2019\\\/07\\\/VCR-RD11LAP_EGL.jpg\",\"datePublished\":\"2019-07-02T13:55:07+00:00\",\"dateModified\":\"2019-07-02T13:59:54+00:00\",\"description\":\"Laptimer VOCA Eagle Eye, versi\u00f3n mejorada del laptimer anterior de VOCA. Dispone de un receptor en el extremo de un cable que sale del display. Entonces puedes colocar el receptor a un lado o a otro de la moto, en funci\u00f3n de en qu\u00e9 lado est\u00e9 el muro con el emisor. Se compone de, pantalla display con los botones de selecci\u00f3n, donde tendremos la informaci\u00f3n, el receptor conectado al display y un emisor de infrarrojos. El laptimer esta equipado con un LED adicional para indicar la vuelta m\u00e1s r\u00e1pida y m\u00e1s lenta durante la carrera.\",\"breadcrumb\":{\"@id\":\"https:\\\/\\\/www.vocaracing.com\\\/es\\\/product\\\/laptimer-voca-eagle-eye-usb-plug-play\\\/#breadcrumb\"},\"inLanguage\":\"es-ES\",\"potentialAction\":[{\"@type\":\"ReadAction\",\"target\":[\"https:\\\/\\\/www.vocaracing.com\\\/es\\\/product\\\/laptimer-voca-eagle-eye-usb-plug-play\\\/\"]}]},{\"@type\":\"ImageObject\",\"inLanguage\":\"es-ES\",\"@id\":\"https:\\\/\\\/www.vocaracing.com\\\/es\\\/product\\\/laptimer-voca-eagle-eye-usb-plug-play\\\/#primaryimage\",\"url\":\"https:\\\/\\\/www.vocaracing.com\\\/wp-content\\\/uploads\\\/2019\\\/07\\\/VCR-RD11LAP_EGL.jpg\",\"contentUrl\":\"https:\\\/\\\/www.vocaracing.com\\\/wp-content\\\/uploads\\\/2019\\\/07\\\/VCR-RD11LAP_EGL.jpg\",\"width\":1200,\"height\":1200},{\"@type\":\"BreadcrumbList\",\"@id\":\"https:\\\/\\\/www.vocaracing.com\\\/es\\\/product\\\/laptimer-voca-eagle-eye-usb-plug-play\\\/#breadcrumb\",\"itemListElement\":[{\"@type\":\"ListItem\",\"position\":1,\"name\":\"Home\",\"item\":\"https:\\\/\\\/www.vocaracing.com\\\/es\\\/\"},{\"@type\":\"ListItem\",\"position\":2,\"name\":\"Productos\",\"item\":\"https:\\\/\\\/www.vocaracing.com\\\/es\\\/productos\\\/\"},{\"@type\":\"ListItem\",\"position\":3,\"name\":\"Laptimer VOCA Eagle Eye USB PLUG &#038; PLAY\"}]},{\"@type\":\"WebSite\",\"@id\":\"https:\\\/\\\/www.vocaracing.com\\\/#website\",\"url\":\"https:\\\/\\\/www.vocaracing.com\\\/\",\"name\":\"VocaRacing\",\"description\":\"Competition Proved\",\"publisher\":{\"@id\":\"https:\\\/\\\/www.vocaracing.com\\\/#organization\"},\"potentialAction\":[{\"@type\":\"SearchAction\",\"target\":{\"@type\":\"EntryPoint\",\"urlTemplate\":\"https:\\\/\\\/www.vocaracing.com\\\/?s={search_term_string}\"},\"query-input\":{\"@type\":\"PropertyValueSpecification\",\"valueRequired\":true,\"valueName\":\"search_term_string\"}}],\"inLanguage\":\"es-ES\"},{\"@type\":\"Organization\",\"@id\":\"https:\\\/\\\/www.vocaracing.com\\\/#organization\",\"name\":\"VocaRacing\",\"url\":\"https:\\\/\\\/www.vocaracing.com\\\/\",\"logo\":{\"@type\":\"ImageObject\",\"inLanguage\":\"es-ES\",\"@id\":\"https:\\\/\\\/www.vocaracing.com\\\/#\\\/schema\\\/logo\\\/image\\\/\",\"url\":\"https:\\\/\\\/www.vocaracing.com\\\/wp-content\\\/uploads\\\/2023\\\/08\\\/vocaracing.png\",\"contentUrl\":\"https:\\\/\\\/www.vocaracing.com\\\/wp-content\\\/uploads\\\/2023\\\/08\\\/vocaracing.png\",\"width\":600,\"height\":400,\"caption\":\"VocaRacing\"},\"image\":{\"@id\":\"https:\\\/\\\/www.vocaracing.com\\\/#\\\/schema\\\/logo\\\/image\\\/\"},\"sameAs\":[\"https:\\\/\\\/www.facebook.com\\\/vocaracing\",\"https:\\\/\\\/www.youtube.com\\\/user\\\/VOCARacing\"]}]}<\/script>\n<!-- \/ Yoast SEO plugin. -->","yoast_head_json":{"title":"Laptimer VOCA Eagle Eye USB PLUG & PLAY - VocaRacing","description":"Laptimer VOCA Eagle Eye, versi\u00f3n mejorada del laptimer anterior de VOCA. Dispone de un receptor en el extremo de un cable que sale del display. Entonces puedes colocar el receptor a un lado o a otro de la moto, en funci\u00f3n de en qu\u00e9 lado est\u00e9 el muro con el emisor. Se compone de, pantalla display con los botones de selecci\u00f3n, donde tendremos la informaci\u00f3n, el receptor conectado al display y un emisor de infrarrojos. El laptimer esta equipado con un LED adicional para indicar la vuelta m\u00e1s r\u00e1pida y m\u00e1s lenta durante la carrera.","robots":{"index":"index","follow":"follow","max-snippet":"max-snippet:-1","max-image-preview":"max-image-preview:large","max-video-preview":"max-video-preview:-1"},"canonical":"https:\/\/www.vocaracing.com\/es\/product\/laptimer-voca-eagle-eye-usb-plug-play\/","og_locale":"es_ES","og_type":"article","og_title":"Laptimer VOCA Eagle Eye USB PLUG & PLAY - VocaRacing","og_description":"Laptimer VOCA Eagle Eye, versi\u00f3n mejorada del laptimer anterior de VOCA. Dispone de un receptor en el extremo de un cable que sale del display. Entonces puedes colocar el receptor a un lado o a otro de la moto, en funci\u00f3n de en qu\u00e9 lado est\u00e9 el muro con el emisor. Se compone de, pantalla display con los botones de selecci\u00f3n, donde tendremos la informaci\u00f3n, el receptor conectado al display y un emisor de infrarrojos. El laptimer esta equipado con un LED adicional para indicar la vuelta m\u00e1s r\u00e1pida y m\u00e1s lenta durante la carrera.","og_url":"https:\/\/www.vocaracing.com\/es\/product\/laptimer-voca-eagle-eye-usb-plug-play\/","og_site_name":"VocaRacing","article_publisher":"https:\/\/www.facebook.com\/vocaracing","article_modified_time":"2019-07-02T13:59:54+00:00","og_image":[{"width":1200,"height":1200,"url":"https:\/\/www.vocaracing.com\/wp-content\/uploads\/2019\/07\/VCR-RD11LAP_EGL.jpg","type":"image\/jpeg"}],"twitter_card":"summary_large_image","twitter_misc":{"Est. reading time":"1 minute"},"schema":{"@context":"https:\/\/schema.org","@graph":[{"@type":"WebPage","@id":"https:\/\/www.vocaracing.com\/es\/product\/laptimer-voca-eagle-eye-usb-plug-play\/","url":"https:\/\/www.vocaracing.com\/es\/product\/laptimer-voca-eagle-eye-usb-plug-play\/","name":"Laptimer VOCA Eagle Eye USB PLUG & PLAY - VocaRacing","isPartOf":{"@id":"https:\/\/www.vocaracing.com\/#website"},"primaryImageOfPage":{"@id":"https:\/\/www.vocaracing.com\/es\/product\/laptimer-voca-eagle-eye-usb-plug-play\/#primaryimage"},"image":{"@id":"https:\/\/www.vocaracing.com\/es\/product\/laptimer-voca-eagle-eye-usb-plug-play\/#primaryimage"},"thumbnailUrl":"https:\/\/www.vocaracing.com\/wp-content\/uploads\/2019\/07\/VCR-RD11LAP_EGL.jpg","datePublished":"2019-07-02T13:55:07+00:00","dateModified":"2019-07-02T13:59:54+00:00","description":"Laptimer VOCA Eagle Eye, versi\u00f3n mejorada del laptimer anterior de VOCA. Dispone de un receptor en el extremo de un cable que sale del display. Entonces puedes colocar el receptor a un lado o a otro de la moto, en funci\u00f3n de en qu\u00e9 lado est\u00e9 el muro con el emisor. Se compone de, pantalla display con los botones de selecci\u00f3n, donde tendremos la informaci\u00f3n, el receptor conectado al display y un emisor de infrarrojos. El laptimer esta equipado con un LED adicional para indicar la vuelta m\u00e1s r\u00e1pida y m\u00e1s lenta durante la carrera.","breadcrumb":{"@id":"https:\/\/www.vocaracing.com\/es\/product\/laptimer-voca-eagle-eye-usb-plug-play\/#breadcrumb"},"inLanguage":"es-ES","potentialAction":[{"@type":"ReadAction","target":["https:\/\/www.vocaracing.com\/es\/product\/laptimer-voca-eagle-eye-usb-plug-play\/"]}]},{"@type":"ImageObject","inLanguage":"es-ES","@id":"https:\/\/www.vocaracing.com\/es\/product\/laptimer-voca-eagle-eye-usb-plug-play\/#primaryimage","url":"https:\/\/www.vocaracing.com\/wp-content\/uploads\/2019\/07\/VCR-RD11LAP_EGL.jpg","contentUrl":"https:\/\/www.vocaracing.com\/wp-content\/uploads\/2019\/07\/VCR-RD11LAP_EGL.jpg","width":1200,"height":1200},{"@type":"BreadcrumbList","@id":"https:\/\/www.vocaracing.com\/es\/product\/laptimer-voca-eagle-eye-usb-plug-play\/#breadcrumb","itemListElement":[{"@type":"ListItem","position":1,"name":"Home","item":"https:\/\/www.vocaracing.com\/es\/"},{"@type":"ListItem","position":2,"name":"Productos","item":"https:\/\/www.vocaracing.com\/es\/productos\/"},{"@type":"ListItem","position":3,"name":"Laptimer VOCA Eagle Eye USB PLUG &#038; PLAY"}]},{"@type":"WebSite","@id":"https:\/\/www.vocaracing.com\/#website","url":"https:\/\/www.vocaracing.com\/","name":"VocaRacing","description":"Competition Proved","publisher":{"@id":"https:\/\/www.vocaracing.com\/#organization"},"potentialAction":[{"@type":"SearchAction","target":{"@type":"EntryPoint","urlTemplate":"https:\/\/www.vocaracing.com\/?s={search_term_string}"},"query-input":{"@type":"PropertyValueSpecification","valueRequired":true,"valueName":"search_term_string"}}],"inLanguage":"es-ES"},{"@type":"Organization","@id":"https:\/\/www.vocaracing.com\/#organization","name":"VocaRacing","url":"https:\/\/www.vocaracing.com\/","logo":{"@type":"ImageObject","inLanguage":"es-ES","@id":"https:\/\/www.vocaracing.com\/#\/schema\/logo\/image\/","url":"https:\/\/www.vocaracing.com\/wp-content\/uploads\/2023\/08\/vocaracing.png","contentUrl":"https:\/\/www.vocaracing.com\/wp-content\/uploads\/2023\/08\/vocaracing.png","width":600,"height":400,"caption":"VocaRacing"},"image":{"@id":"https:\/\/www.vocaracing.com\/#\/schema\/logo\/image\/"},"sameAs":["https:\/\/www.facebook.com\/vocaracing","https:\/\/www.youtube.com\/user\/VOCARacing"]}]}},"uagb_featured_image_src":{"full":["https:\/\/www.vocaracing.com\/wp-content\/uploads\/2019\/07\/VCR-RD11LAP_EGL.jpg",1200,1200,false],"thumbnail":["https:\/\/www.vocaracing.com\/wp-content\/uploads\/2019\/07\/VCR-RD11LAP_EGL-200x150.jpg",200,150,true],"medium":["https:\/\/www.vocaracing.com\/wp-content\/uploads\/2019\/07\/VCR-RD11LAP_EGL-180x180.jpg",180,180,true],"medium_large":["https:\/\/www.vocaracing.com\/wp-content\/uploads\/2019\/07\/VCR-RD11LAP_EGL.jpg",1200,1200,false],"large":["https:\/\/www.vocaracing.com\/wp-content\/uploads\/2019\/07\/VCR-RD11LAP_EGL-800x800.jpg",800,800,true],"1536x1536":["https:\/\/www.vocaracing.com\/wp-content\/uploads\/2019\/07\/VCR-RD11LAP_EGL.jpg",1200,1200,false],"2048x2048":["https:\/\/www.vocaracing.com\/wp-content\/uploads\/2019\/07\/VCR-RD11LAP_EGL.jpg",1200,1200,false],"woocommerce_thumbnail":["https:\/\/www.vocaracing.com\/wp-content\/uploads\/2019\/07\/VCR-RD11LAP_EGL-500x500.jpg",500,500,true],"woocommerce_single":["https:\/\/www.vocaracing.com\/wp-content\/uploads\/2019\/07\/VCR-RD11LAP_EGL-700x700.jpg",700,700,true],"woocommerce_gallery_thumbnail":["https:\/\/www.vocaracing.com\/wp-content\/uploads\/2019\/07\/VCR-RD11LAP_EGL-100x100.jpg",100,100,true]},"uagb_author_info":{"display_name":"Design Motoscoot","author_link":"https:\/\/www.vocaracing.com\/es\/author\/"},"uagb_comment_info":0,"uagb_excerpt":"Laptimer VOCA Eagle Eye, versi\u00f3n mejorada del laptimer anterior de VOCA. Dispone de un receptor en el extremo de un cable que sale del display. Entonces puedes colocar el receptor a un lado o a otro de la moto, en funci\u00f3n de en qu\u00e9 lado est\u00e9 el muro con el emisor. Se compone de, pantalla&hellip;","_links":{"self":[{"href":"https:\/\/www.vocaracing.com\/es\/wp-json\/wp\/v2\/product\/9290","targetHints":{"allow":["GET"]}}],"collection":[{"href":"https:\/\/www.vocaracing.com\/es\/wp-json\/wp\/v2\/product"}],"about":[{"href":"https:\/\/www.vocaracing.com\/es\/wp-json\/wp\/v2\/types\/product"}],"wp:featuredmedia":[{"embeddable":true,"href":"https:\/\/www.vocaracing.com\/es\/wp-json\/wp\/v2\/media\/9270"}],"wp:attachment":[{"href":"https:\/\/www.vocaracing.com\/es\/wp-json\/wp\/v2\/media?parent=9290"}],"wp:term":[{"taxonomy":"product_brand","embeddable":true,"href":"https:\/\/www.vocaracing.com\/es\/wp-json\/wp\/v2\/product_brand?post=9290"},{"taxonomy":"product_cat","embeddable":true,"href":"https:\/\/www.vocaracing.com\/es\/wp-json\/wp\/v2\/product_cat?post=9290"},{"taxonomy":"product_tag","embeddable":true,"href":"https:\/\/www.vocaracing.com\/es\/wp-json\/wp\/v2\/product_tag?post=9290"}],"curies":[{"name":"wp","href":"https:\/\/api.w.org\/{rel}","templated":true}]}}