{"id":7393,"date":"2017-10-09T12:18:32","date_gmt":"2017-10-09T11:18:32","guid":{"rendered":"https:\/\/www.vocaracing.com\/product\/interuptor-de-paro-voca-racing-kill-switch\/"},"modified":"2017-10-09T12:18:32","modified_gmt":"2017-10-09T11:18:32","slug":"interuptor-de-paro-voca-racing-kill-switch","status":"publish","type":"product","link":"https:\/\/www.vocaracing.com\/es\/product\/interuptor-de-paro-voca-racing-kill-switch\/","title":{"rendered":"Interuptor de paro VOCA Racing Kill Switch"},"content":{"rendered":"<div id=\"description\" class=\"tab-pane pestanya active\" role=\"tabpanel\">\n<div class=\"std\">\n<p>Interuptor de paro <strong>Voca<\/strong> <strong>Racing<\/strong> para la <strong>competici\u00f3n<\/strong> y <strong>uso<\/strong> en <strong>carretera<\/strong>. Consiste en un <strong>interruptor<\/strong> magn\u00e9tico que va <strong>fijado<\/strong> en el <strong>manillar<\/strong>. La parte m\u00f3vil es un im\u00e1n con un <strong>cord\u00f3n<\/strong> flexible para colocar en la mu\u00f1eca del piloto. En caso de ca\u00edda se desconecta esta parte m\u00f3vil <strong>cortando<\/strong> la <strong>corriente<\/strong> del <strong>motor<\/strong>.<\/p>\n<p><strong>Originalmente<\/strong> <strong>utilizado<\/strong> por razones de <strong>seguridad<\/strong>\u00a0para evitar da\u00f1os a los pilotos en caso que la moto siga movi\u00e9ndose con el motor encendido. Por esta raz\u00f3n es muy popular en competici\u00f3n de Motocross, aunque cada vez mas se utiliza en motos de calle o motos preparadas que no utilizan la cerradura original.<\/p>\n<p>La instalaci\u00f3n del <strong>Voca Kill Switch<\/strong> es muy simple, cable marr\u00f3n a negativo y cable negro a corte corriente de encendido.<\/p>\n<\/div>\n<\/div>\n","protected":false},"excerpt":{"rendered":"<p>Interuptor de paro <strong>Voca<\/strong> <strong>Racing<\/strong> para la <strong>competici\u00f3n<\/strong> y <strong>uso<\/strong> en <strong>carretera<\/strong>. Consiste en un <strong>interruptor<\/strong> magn\u00e9tico que va <strong>fijado<\/strong> en el <strong>manillar<\/strong>. La parte m\u00f3vil es un im\u00e1n con un <strong>cord\u00f3n<\/strong> flexible para colocar en la mu\u00f1eca del piloto.<\/p>\n","protected":false},"featured_media":7388,"template":"","meta":{"_acf_changed":false,"inline_featured_image":false,"_uag_custom_page_level_css":""},"product_brand":[],"product_cat":[616],"product_tag":[],"class_list":{"0":"post-7393","1":"product","2":"type-product","3":"status-publish","4":"has-post-thumbnail","6":"product_cat-tech-and-care","7":"splide__slide","9":"first","10":"instock","11":"shipping-taxable","12":"purchasable","13":"product-type-simple"},"acf":[],"yoast_head":"<!-- This site is optimized with the Yoast SEO plugin v27.3 - https:\/\/yoast.com\/product\/yoast-seo-wordpress\/ -->\n<title>Interuptor de paro VOCA Racing Kill Switch - VocaRacing<\/title>\n<meta name=\"description\" content=\"Interuptor de paro Voca Racing que en caso de ca\u00edda se desconecta cortando la corriente del motor.\" \/>\n<meta name=\"robots\" content=\"index, follow, max-snippet:-1, max-image-preview:large, max-video-preview:-1\" \/>\n<link rel=\"canonical\" href=\"https:\/\/www.vocaracing.com\/es\/product\/interuptor-de-paro-voca-racing-kill-switch\/\" \/>\n<meta property=\"og:locale\" content=\"es_ES\" \/>\n<meta property=\"og:type\" content=\"article\" \/>\n<meta property=\"og:title\" content=\"Interuptor de paro VOCA Racing Kill Switch - VocaRacing\" \/>\n<meta property=\"og:description\" content=\"Interuptor de paro Voca Racing que en caso de ca\u00edda se desconecta cortando la corriente del motor.\" \/>\n<meta property=\"og:url\" content=\"https:\/\/www.vocaracing.com\/es\/product\/interuptor-de-paro-voca-racing-kill-switch\/\" \/>\n<meta property=\"og:site_name\" content=\"VocaRacing\" \/>\n<meta property=\"article:publisher\" content=\"https:\/\/www.facebook.com\/vocaracing\" \/>\n<meta property=\"og:image\" content=\"https:\/\/www.vocaracing.com\/wp-content\/uploads\/2017\/10\/VCR-RD08.KILL_.jpg\" \/>\n\t<meta property=\"og:image:width\" content=\"640\" \/>\n\t<meta property=\"og:image:height\" content=\"640\" \/>\n\t<meta property=\"og:image:type\" content=\"image\/jpeg\" \/>\n<meta name=\"twitter:card\" content=\"summary_large_image\" \/>\n<meta name=\"twitter:label1\" content=\"Est. reading time\" \/>\n\t<meta name=\"twitter:data1\" content=\"1 minute\" \/>\n<script type=\"application\/ld+json\" class=\"yoast-schema-graph\">{\"@context\":\"https:\\\/\\\/schema.org\",\"@graph\":[{\"@type\":\"WebPage\",\"@id\":\"https:\\\/\\\/www.vocaracing.com\\\/es\\\/product\\\/interuptor-de-paro-voca-racing-kill-switch\\\/\",\"url\":\"https:\\\/\\\/www.vocaracing.com\\\/es\\\/product\\\/interuptor-de-paro-voca-racing-kill-switch\\\/\",\"name\":\"Interuptor de paro VOCA Racing Kill Switch - VocaRacing\",\"isPartOf\":{\"@id\":\"https:\\\/\\\/www.vocaracing.com\\\/#website\"},\"primaryImageOfPage\":{\"@id\":\"https:\\\/\\\/www.vocaracing.com\\\/es\\\/product\\\/interuptor-de-paro-voca-racing-kill-switch\\\/#primaryimage\"},\"image\":{\"@id\":\"https:\\\/\\\/www.vocaracing.com\\\/es\\\/product\\\/interuptor-de-paro-voca-racing-kill-switch\\\/#primaryimage\"},\"thumbnailUrl\":\"https:\\\/\\\/www.vocaracing.com\\\/wp-content\\\/uploads\\\/2017\\\/10\\\/VCR-RD08.KILL_.jpg\",\"datePublished\":\"2017-10-09T11:18:32+00:00\",\"description\":\"Interuptor de paro Voca Racing que en caso de ca\u00edda se desconecta cortando la corriente del motor.\",\"breadcrumb\":{\"@id\":\"https:\\\/\\\/www.vocaracing.com\\\/es\\\/product\\\/interuptor-de-paro-voca-racing-kill-switch\\\/#breadcrumb\"},\"inLanguage\":\"es-ES\",\"potentialAction\":[{\"@type\":\"ReadAction\",\"target\":[\"https:\\\/\\\/www.vocaracing.com\\\/es\\\/product\\\/interuptor-de-paro-voca-racing-kill-switch\\\/\"]}]},{\"@type\":\"ImageObject\",\"inLanguage\":\"es-ES\",\"@id\":\"https:\\\/\\\/www.vocaracing.com\\\/es\\\/product\\\/interuptor-de-paro-voca-racing-kill-switch\\\/#primaryimage\",\"url\":\"https:\\\/\\\/www.vocaracing.com\\\/wp-content\\\/uploads\\\/2017\\\/10\\\/VCR-RD08.KILL_.jpg\",\"contentUrl\":\"https:\\\/\\\/www.vocaracing.com\\\/wp-content\\\/uploads\\\/2017\\\/10\\\/VCR-RD08.KILL_.jpg\",\"width\":640,\"height\":640,\"caption\":\"Interrupto VOCA\"},{\"@type\":\"BreadcrumbList\",\"@id\":\"https:\\\/\\\/www.vocaracing.com\\\/es\\\/product\\\/interuptor-de-paro-voca-racing-kill-switch\\\/#breadcrumb\",\"itemListElement\":[{\"@type\":\"ListItem\",\"position\":1,\"name\":\"Home\",\"item\":\"https:\\\/\\\/www.vocaracing.com\\\/es\\\/\"},{\"@type\":\"ListItem\",\"position\":2,\"name\":\"Productos\",\"item\":\"https:\\\/\\\/www.vocaracing.com\\\/es\\\/productos\\\/\"},{\"@type\":\"ListItem\",\"position\":3,\"name\":\"Interuptor de paro VOCA Racing Kill Switch\"}]},{\"@type\":\"WebSite\",\"@id\":\"https:\\\/\\\/www.vocaracing.com\\\/#website\",\"url\":\"https:\\\/\\\/www.vocaracing.com\\\/\",\"name\":\"VocaRacing\",\"description\":\"Competition Proved\",\"publisher\":{\"@id\":\"https:\\\/\\\/www.vocaracing.com\\\/#organization\"},\"potentialAction\":[{\"@type\":\"SearchAction\",\"target\":{\"@type\":\"EntryPoint\",\"urlTemplate\":\"https:\\\/\\\/www.vocaracing.com\\\/?s={search_term_string}\"},\"query-input\":{\"@type\":\"PropertyValueSpecification\",\"valueRequired\":true,\"valueName\":\"search_term_string\"}}],\"inLanguage\":\"es-ES\"},{\"@type\":\"Organization\",\"@id\":\"https:\\\/\\\/www.vocaracing.com\\\/#organization\",\"name\":\"VocaRacing\",\"url\":\"https:\\\/\\\/www.vocaracing.com\\\/\",\"logo\":{\"@type\":\"ImageObject\",\"inLanguage\":\"es-ES\",\"@id\":\"https:\\\/\\\/www.vocaracing.com\\\/#\\\/schema\\\/logo\\\/image\\\/\",\"url\":\"https:\\\/\\\/www.vocaracing.com\\\/wp-content\\\/uploads\\\/2023\\\/08\\\/vocaracing.png\",\"contentUrl\":\"https:\\\/\\\/www.vocaracing.com\\\/wp-content\\\/uploads\\\/2023\\\/08\\\/vocaracing.png\",\"width\":600,\"height\":400,\"caption\":\"VocaRacing\"},\"image\":{\"@id\":\"https:\\\/\\\/www.vocaracing.com\\\/#\\\/schema\\\/logo\\\/image\\\/\"},\"sameAs\":[\"https:\\\/\\\/www.facebook.com\\\/vocaracing\",\"https:\\\/\\\/www.youtube.com\\\/user\\\/VOCARacing\"]}]}<\/script>\n<!-- \/ Yoast SEO plugin. -->","yoast_head_json":{"title":"Interuptor de paro VOCA Racing Kill Switch - VocaRacing","description":"Interuptor de paro Voca Racing que en caso de ca\u00edda se desconecta cortando la corriente del motor.","robots":{"index":"index","follow":"follow","max-snippet":"max-snippet:-1","max-image-preview":"max-image-preview:large","max-video-preview":"max-video-preview:-1"},"canonical":"https:\/\/www.vocaracing.com\/es\/product\/interuptor-de-paro-voca-racing-kill-switch\/","og_locale":"es_ES","og_type":"article","og_title":"Interuptor de paro VOCA Racing Kill Switch - VocaRacing","og_description":"Interuptor de paro Voca Racing que en caso de ca\u00edda se desconecta cortando la corriente del motor.","og_url":"https:\/\/www.vocaracing.com\/es\/product\/interuptor-de-paro-voca-racing-kill-switch\/","og_site_name":"VocaRacing","article_publisher":"https:\/\/www.facebook.com\/vocaracing","og_image":[{"width":640,"height":640,"url":"https:\/\/www.vocaracing.com\/wp-content\/uploads\/2017\/10\/VCR-RD08.KILL_.jpg","type":"image\/jpeg"}],"twitter_card":"summary_large_image","twitter_misc":{"Est. reading time":"1 minute"},"schema":{"@context":"https:\/\/schema.org","@graph":[{"@type":"WebPage","@id":"https:\/\/www.vocaracing.com\/es\/product\/interuptor-de-paro-voca-racing-kill-switch\/","url":"https:\/\/www.vocaracing.com\/es\/product\/interuptor-de-paro-voca-racing-kill-switch\/","name":"Interuptor de paro VOCA Racing Kill Switch - VocaRacing","isPartOf":{"@id":"https:\/\/www.vocaracing.com\/#website"},"primaryImageOfPage":{"@id":"https:\/\/www.vocaracing.com\/es\/product\/interuptor-de-paro-voca-racing-kill-switch\/#primaryimage"},"image":{"@id":"https:\/\/www.vocaracing.com\/es\/product\/interuptor-de-paro-voca-racing-kill-switch\/#primaryimage"},"thumbnailUrl":"https:\/\/www.vocaracing.com\/wp-content\/uploads\/2017\/10\/VCR-RD08.KILL_.jpg","datePublished":"2017-10-09T11:18:32+00:00","description":"Interuptor de paro Voca Racing que en caso de ca\u00edda se desconecta cortando la corriente del motor.","breadcrumb":{"@id":"https:\/\/www.vocaracing.com\/es\/product\/interuptor-de-paro-voca-racing-kill-switch\/#breadcrumb"},"inLanguage":"es-ES","potentialAction":[{"@type":"ReadAction","target":["https:\/\/www.vocaracing.com\/es\/product\/interuptor-de-paro-voca-racing-kill-switch\/"]}]},{"@type":"ImageObject","inLanguage":"es-ES","@id":"https:\/\/www.vocaracing.com\/es\/product\/interuptor-de-paro-voca-racing-kill-switch\/#primaryimage","url":"https:\/\/www.vocaracing.com\/wp-content\/uploads\/2017\/10\/VCR-RD08.KILL_.jpg","contentUrl":"https:\/\/www.vocaracing.com\/wp-content\/uploads\/2017\/10\/VCR-RD08.KILL_.jpg","width":640,"height":640,"caption":"Interrupto VOCA"},{"@type":"BreadcrumbList","@id":"https:\/\/www.vocaracing.com\/es\/product\/interuptor-de-paro-voca-racing-kill-switch\/#breadcrumb","itemListElement":[{"@type":"ListItem","position":1,"name":"Home","item":"https:\/\/www.vocaracing.com\/es\/"},{"@type":"ListItem","position":2,"name":"Productos","item":"https:\/\/www.vocaracing.com\/es\/productos\/"},{"@type":"ListItem","position":3,"name":"Interuptor de paro VOCA Racing Kill Switch"}]},{"@type":"WebSite","@id":"https:\/\/www.vocaracing.com\/#website","url":"https:\/\/www.vocaracing.com\/","name":"VocaRacing","description":"Competition Proved","publisher":{"@id":"https:\/\/www.vocaracing.com\/#organization"},"potentialAction":[{"@type":"SearchAction","target":{"@type":"EntryPoint","urlTemplate":"https:\/\/www.vocaracing.com\/?s={search_term_string}"},"query-input":{"@type":"PropertyValueSpecification","valueRequired":true,"valueName":"search_term_string"}}],"inLanguage":"es-ES"},{"@type":"Organization","@id":"https:\/\/www.vocaracing.com\/#organization","name":"VocaRacing","url":"https:\/\/www.vocaracing.com\/","logo":{"@type":"ImageObject","inLanguage":"es-ES","@id":"https:\/\/www.vocaracing.com\/#\/schema\/logo\/image\/","url":"https:\/\/www.vocaracing.com\/wp-content\/uploads\/2023\/08\/vocaracing.png","contentUrl":"https:\/\/www.vocaracing.com\/wp-content\/uploads\/2023\/08\/vocaracing.png","width":600,"height":400,"caption":"VocaRacing"},"image":{"@id":"https:\/\/www.vocaracing.com\/#\/schema\/logo\/image\/"},"sameAs":["https:\/\/www.facebook.com\/vocaracing","https:\/\/www.youtube.com\/user\/VOCARacing"]}]}},"uagb_featured_image_src":{"full":["https:\/\/www.vocaracing.com\/wp-content\/uploads\/2017\/10\/VCR-RD08.KILL_.jpg",640,640,false],"thumbnail":["https:\/\/www.vocaracing.com\/wp-content\/uploads\/2017\/10\/VCR-RD08.KILL_.jpg",150,150,false],"medium":["https:\/\/www.vocaracing.com\/wp-content\/uploads\/2017\/10\/VCR-RD08.KILL_.jpg",180,180,false],"medium_large":["https:\/\/www.vocaracing.com\/wp-content\/uploads\/2017\/10\/VCR-RD08.KILL_.jpg",640,640,false],"large":["https:\/\/www.vocaracing.com\/wp-content\/uploads\/2017\/10\/VCR-RD08.KILL_.jpg",640,640,false],"1536x1536":["https:\/\/www.vocaracing.com\/wp-content\/uploads\/2017\/10\/VCR-RD08.KILL_.jpg",640,640,false],"2048x2048":["https:\/\/www.vocaracing.com\/wp-content\/uploads\/2017\/10\/VCR-RD08.KILL_.jpg",640,640,false],"woocommerce_thumbnail":["https:\/\/www.vocaracing.com\/wp-content\/uploads\/2017\/10\/VCR-RD08.KILL_-500x500.jpg",500,500,true],"woocommerce_single":["https:\/\/www.vocaracing.com\/wp-content\/uploads\/2017\/10\/VCR-RD08.KILL_.jpg",640,640,false],"woocommerce_gallery_thumbnail":["https:\/\/www.vocaracing.com\/wp-content\/uploads\/2017\/10\/VCR-RD08.KILL_-100x100.jpg",100,100,true]},"uagb_author_info":{"display_name":"Design Motoscoot","author_link":"https:\/\/www.vocaracing.com\/es\/author\/"},"uagb_comment_info":0,"uagb_excerpt":"Interuptor de paro Voca Racing para la competici\u00f3n y uso en carretera. Consiste en un interruptor magn\u00e9tico que va fijado en el manillar. La parte m\u00f3vil es un im\u00e1n con un cord\u00f3n flexible para colocar en la mu\u00f1eca del piloto.","_links":{"self":[{"href":"https:\/\/www.vocaracing.com\/es\/wp-json\/wp\/v2\/product\/7393","targetHints":{"allow":["GET"]}}],"collection":[{"href":"https:\/\/www.vocaracing.com\/es\/wp-json\/wp\/v2\/product"}],"about":[{"href":"https:\/\/www.vocaracing.com\/es\/wp-json\/wp\/v2\/types\/product"}],"wp:featuredmedia":[{"embeddable":true,"href":"https:\/\/www.vocaracing.com\/es\/wp-json\/wp\/v2\/media\/7388"}],"wp:attachment":[{"href":"https:\/\/www.vocaracing.com\/es\/wp-json\/wp\/v2\/media?parent=7393"}],"wp:term":[{"taxonomy":"product_brand","embeddable":true,"href":"https:\/\/www.vocaracing.com\/es\/wp-json\/wp\/v2\/product_brand?post=7393"},{"taxonomy":"product_cat","embeddable":true,"href":"https:\/\/www.vocaracing.com\/es\/wp-json\/wp\/v2\/product_cat?post=7393"},{"taxonomy":"product_tag","embeddable":true,"href":"https:\/\/www.vocaracing.com\/es\/wp-json\/wp\/v2\/product_tag?post=7393"}],"curies":[{"name":"wp","href":"https:\/\/api.w.org\/{rel}","templated":true}]}}