{"id":4348,"date":"2015-12-15T19:47:34","date_gmt":"2015-12-15T18:47:34","guid":{"rendered":"https:\/\/www.vocaracing.com\/product\/tija-voca-racing-competition-para-barras-de-serie-d-26mm-mach-g-jog-rrr\/"},"modified":"2016-02-11T14:16:04","modified_gmt":"2016-02-11T13:16:04","slug":"tija-voca-racing-competition-para-barras-de-serie-d-26mm-mach-g-jog-rrr","status":"publish","type":"product","link":"https:\/\/www.vocaracing.com\/es\/product\/tija-voca-racing-competition-para-barras-de-serie-d-26mm-mach-g-jog-rrr\/","title":{"rendered":"Tija VOCA Racing Competition, para barras de serie (d.26mm), Mach G \/ Jog R\/RR"},"content":{"rendered":"<p>Producto estrella de VOCA Racing, la nueva tija VOCA Racing Competici\u00f3n, disponible tanto para barras Stage6 R\/T (d.30mm) como para barras originales (d.26mm) de Yamaha Jog R\/RR. La estructura r\u00edgida con un peso reducido y un avance optimizado garantiza los mejores resultados en la competici\u00f3n. Dise\u00f1o espectacular con el logo VOCA grabado en el frontal. Su dise\u00f1o permite llevar a\u00fan mas al limite tu Jog de competici\u00f3n. Disponible tambi\u00e9n como kit completo VOCA Stage6 R\/T. Entra en Youtube y encuentra el video oficial de este producto: http:\/\/www.youtube.com\/user\/VOCARacing<\/p>\n","protected":false},"excerpt":{"rendered":"<p>Producto estrella de VOCA Racing, la nueva tija VOCA Racing Competici\u00f3n, disponible tanto para barras Stage6 R\/T (d.30mm) como para barras originales (d.26mm) de Yamaha Jog R\/RR.<\/p>\n","protected":false},"featured_media":3674,"template":"","meta":{"_acf_changed":false,"inline_featured_image":false,"_uag_custom_page_level_css":""},"product_brand":[],"product_cat":[226],"product_tag":[],"class_list":{"0":"post-4348","1":"product","2":"type-product","3":"status-publish","4":"has-post-thumbnail","6":"product_cat-parte-ciclo","7":"splide__slide","9":"first","10":"instock","11":"shipping-taxable","12":"purchasable","13":"product-type-simple"},"acf":[],"yoast_head":"<!-- This site is optimized with the Yoast SEO plugin v27.4 - https:\/\/yoast.com\/product\/yoast-seo-wordpress\/ -->\n<title>Tija VOCA Racing Competition, para barras de serie (d.26mm), Mach G \/ Jog R\/RR - VocaRacing<\/title>\n<meta name=\"robots\" content=\"index, follow, max-snippet:-1, max-image-preview:large, max-video-preview:-1\" \/>\n<link rel=\"canonical\" href=\"https:\/\/www.vocaracing.com\/es\/product\/tija-voca-racing-competition-para-barras-de-serie-d-26mm-mach-g-jog-rrr\/\" \/>\n<meta property=\"og:locale\" content=\"es_ES\" \/>\n<meta property=\"og:type\" content=\"article\" \/>\n<meta property=\"og:title\" content=\"Tija VOCA Racing Competition, para barras de serie (d.26mm), Mach G \/ Jog R\/RR - VocaRacing\" \/>\n<meta property=\"og:description\" content=\"Producto estrella de VOCA Racing, la nueva tija VOCA Racing Competici\u00f3n, disponible tanto para barras Stage6 R\/T (d.30mm) como para barras originales (d.26mm) de Yamaha Jog R\/RR.\" \/>\n<meta property=\"og:url\" content=\"https:\/\/www.vocaracing.com\/es\/product\/tija-voca-racing-competition-para-barras-de-serie-d-26mm-mach-g-jog-rrr\/\" \/>\n<meta property=\"og:site_name\" content=\"VocaRacing\" \/>\n<meta property=\"article:publisher\" content=\"https:\/\/www.facebook.com\/vocaracing\" \/>\n<meta property=\"article:modified_time\" content=\"2016-02-11T13:16:04+00:00\" \/>\n<meta property=\"og:image\" content=\"https:\/\/www.vocaracing.com\/wp-content\/uploads\/2015\/12\/VCR-RD14166.022-VOCA-RACING-1.jpg\" \/>\n\t<meta property=\"og:image:width\" content=\"1800\" \/>\n\t<meta property=\"og:image:height\" content=\"1200\" \/>\n\t<meta property=\"og:image:type\" content=\"image\/jpeg\" \/>\n<meta name=\"twitter:card\" content=\"summary_large_image\" \/>\n<meta name=\"twitter:label1\" content=\"Est. reading time\" \/>\n\t<meta name=\"twitter:data1\" content=\"1 minute\" \/>\n<script type=\"application\/ld+json\" class=\"yoast-schema-graph\">{\"@context\":\"https:\\\/\\\/schema.org\",\"@graph\":[{\"@type\":\"WebPage\",\"@id\":\"https:\\\/\\\/www.vocaracing.com\\\/es\\\/product\\\/tija-voca-racing-competition-para-barras-de-serie-d-26mm-mach-g-jog-rrr\\\/\",\"url\":\"https:\\\/\\\/www.vocaracing.com\\\/es\\\/product\\\/tija-voca-racing-competition-para-barras-de-serie-d-26mm-mach-g-jog-rrr\\\/\",\"name\":\"Tija VOCA Racing Competition, para barras de serie (d.26mm), Mach G \\\/ Jog R\\\/RR - VocaRacing\",\"isPartOf\":{\"@id\":\"https:\\\/\\\/www.vocaracing.com\\\/#website\"},\"primaryImageOfPage\":{\"@id\":\"https:\\\/\\\/www.vocaracing.com\\\/es\\\/product\\\/tija-voca-racing-competition-para-barras-de-serie-d-26mm-mach-g-jog-rrr\\\/#primaryimage\"},\"image\":{\"@id\":\"https:\\\/\\\/www.vocaracing.com\\\/es\\\/product\\\/tija-voca-racing-competition-para-barras-de-serie-d-26mm-mach-g-jog-rrr\\\/#primaryimage\"},\"thumbnailUrl\":\"https:\\\/\\\/www.vocaracing.com\\\/wp-content\\\/uploads\\\/2015\\\/12\\\/VCR-RD14166.022-VOCA-RACING-1.jpg\",\"datePublished\":\"2015-12-15T18:47:34+00:00\",\"dateModified\":\"2016-02-11T13:16:04+00:00\",\"breadcrumb\":{\"@id\":\"https:\\\/\\\/www.vocaracing.com\\\/es\\\/product\\\/tija-voca-racing-competition-para-barras-de-serie-d-26mm-mach-g-jog-rrr\\\/#breadcrumb\"},\"inLanguage\":\"es-ES\",\"potentialAction\":[{\"@type\":\"ReadAction\",\"target\":[\"https:\\\/\\\/www.vocaracing.com\\\/es\\\/product\\\/tija-voca-racing-competition-para-barras-de-serie-d-26mm-mach-g-jog-rrr\\\/\"]}]},{\"@type\":\"ImageObject\",\"inLanguage\":\"es-ES\",\"@id\":\"https:\\\/\\\/www.vocaracing.com\\\/es\\\/product\\\/tija-voca-racing-competition-para-barras-de-serie-d-26mm-mach-g-jog-rrr\\\/#primaryimage\",\"url\":\"https:\\\/\\\/www.vocaracing.com\\\/wp-content\\\/uploads\\\/2015\\\/12\\\/VCR-RD14166.022-VOCA-RACING-1.jpg\",\"contentUrl\":\"https:\\\/\\\/www.vocaracing.com\\\/wp-content\\\/uploads\\\/2015\\\/12\\\/VCR-RD14166.022-VOCA-RACING-1.jpg\",\"width\":1800,\"height\":1200},{\"@type\":\"BreadcrumbList\",\"@id\":\"https:\\\/\\\/www.vocaracing.com\\\/es\\\/product\\\/tija-voca-racing-competition-para-barras-de-serie-d-26mm-mach-g-jog-rrr\\\/#breadcrumb\",\"itemListElement\":[{\"@type\":\"ListItem\",\"position\":1,\"name\":\"Home\",\"item\":\"https:\\\/\\\/www.vocaracing.com\\\/es\\\/\"},{\"@type\":\"ListItem\",\"position\":2,\"name\":\"Productos\",\"item\":\"https:\\\/\\\/www.vocaracing.com\\\/es\\\/productos\\\/\"},{\"@type\":\"ListItem\",\"position\":3,\"name\":\"Tija VOCA Racing Competition, para barras de serie (d.26mm), Mach G \\\/ Jog R\\\/RR\"}]},{\"@type\":\"WebSite\",\"@id\":\"https:\\\/\\\/www.vocaracing.com\\\/#website\",\"url\":\"https:\\\/\\\/www.vocaracing.com\\\/\",\"name\":\"VocaRacing\",\"description\":\"Competition Proved\",\"publisher\":{\"@id\":\"https:\\\/\\\/www.vocaracing.com\\\/#organization\"},\"potentialAction\":[{\"@type\":\"SearchAction\",\"target\":{\"@type\":\"EntryPoint\",\"urlTemplate\":\"https:\\\/\\\/www.vocaracing.com\\\/?s={search_term_string}\"},\"query-input\":{\"@type\":\"PropertyValueSpecification\",\"valueRequired\":true,\"valueName\":\"search_term_string\"}}],\"inLanguage\":\"es-ES\"},{\"@type\":\"Organization\",\"@id\":\"https:\\\/\\\/www.vocaracing.com\\\/#organization\",\"name\":\"VocaRacing\",\"url\":\"https:\\\/\\\/www.vocaracing.com\\\/\",\"logo\":{\"@type\":\"ImageObject\",\"inLanguage\":\"es-ES\",\"@id\":\"https:\\\/\\\/www.vocaracing.com\\\/#\\\/schema\\\/logo\\\/image\\\/\",\"url\":\"https:\\\/\\\/www.vocaracing.com\\\/wp-content\\\/uploads\\\/2023\\\/08\\\/vocaracing.png\",\"contentUrl\":\"https:\\\/\\\/www.vocaracing.com\\\/wp-content\\\/uploads\\\/2023\\\/08\\\/vocaracing.png\",\"width\":600,\"height\":400,\"caption\":\"VocaRacing\"},\"image\":{\"@id\":\"https:\\\/\\\/www.vocaracing.com\\\/#\\\/schema\\\/logo\\\/image\\\/\"},\"sameAs\":[\"https:\\\/\\\/www.facebook.com\\\/vocaracing\",\"https:\\\/\\\/www.youtube.com\\\/user\\\/VOCARacing\"]}]}<\/script>\n<!-- \/ Yoast SEO plugin. -->","yoast_head_json":{"title":"Tija VOCA Racing Competition, para barras de serie (d.26mm), Mach G \/ Jog R\/RR - VocaRacing","robots":{"index":"index","follow":"follow","max-snippet":"max-snippet:-1","max-image-preview":"max-image-preview:large","max-video-preview":"max-video-preview:-1"},"canonical":"https:\/\/www.vocaracing.com\/es\/product\/tija-voca-racing-competition-para-barras-de-serie-d-26mm-mach-g-jog-rrr\/","og_locale":"es_ES","og_type":"article","og_title":"Tija VOCA Racing Competition, para barras de serie (d.26mm), Mach G \/ Jog R\/RR - VocaRacing","og_description":"Producto estrella de VOCA Racing, la nueva tija VOCA Racing Competici\u00f3n, disponible tanto para barras Stage6 R\/T (d.30mm) como para barras originales (d.26mm) de Yamaha Jog R\/RR.","og_url":"https:\/\/www.vocaracing.com\/es\/product\/tija-voca-racing-competition-para-barras-de-serie-d-26mm-mach-g-jog-rrr\/","og_site_name":"VocaRacing","article_publisher":"https:\/\/www.facebook.com\/vocaracing","article_modified_time":"2016-02-11T13:16:04+00:00","og_image":[{"width":1800,"height":1200,"url":"https:\/\/www.vocaracing.com\/wp-content\/uploads\/2015\/12\/VCR-RD14166.022-VOCA-RACING-1.jpg","type":"image\/jpeg"}],"twitter_card":"summary_large_image","twitter_misc":{"Est. reading time":"1 minute"},"schema":{"@context":"https:\/\/schema.org","@graph":[{"@type":"WebPage","@id":"https:\/\/www.vocaracing.com\/es\/product\/tija-voca-racing-competition-para-barras-de-serie-d-26mm-mach-g-jog-rrr\/","url":"https:\/\/www.vocaracing.com\/es\/product\/tija-voca-racing-competition-para-barras-de-serie-d-26mm-mach-g-jog-rrr\/","name":"Tija VOCA Racing Competition, para barras de serie (d.26mm), Mach G \/ Jog R\/RR - VocaRacing","isPartOf":{"@id":"https:\/\/www.vocaracing.com\/#website"},"primaryImageOfPage":{"@id":"https:\/\/www.vocaracing.com\/es\/product\/tija-voca-racing-competition-para-barras-de-serie-d-26mm-mach-g-jog-rrr\/#primaryimage"},"image":{"@id":"https:\/\/www.vocaracing.com\/es\/product\/tija-voca-racing-competition-para-barras-de-serie-d-26mm-mach-g-jog-rrr\/#primaryimage"},"thumbnailUrl":"https:\/\/www.vocaracing.com\/wp-content\/uploads\/2015\/12\/VCR-RD14166.022-VOCA-RACING-1.jpg","datePublished":"2015-12-15T18:47:34+00:00","dateModified":"2016-02-11T13:16:04+00:00","breadcrumb":{"@id":"https:\/\/www.vocaracing.com\/es\/product\/tija-voca-racing-competition-para-barras-de-serie-d-26mm-mach-g-jog-rrr\/#breadcrumb"},"inLanguage":"es-ES","potentialAction":[{"@type":"ReadAction","target":["https:\/\/www.vocaracing.com\/es\/product\/tija-voca-racing-competition-para-barras-de-serie-d-26mm-mach-g-jog-rrr\/"]}]},{"@type":"ImageObject","inLanguage":"es-ES","@id":"https:\/\/www.vocaracing.com\/es\/product\/tija-voca-racing-competition-para-barras-de-serie-d-26mm-mach-g-jog-rrr\/#primaryimage","url":"https:\/\/www.vocaracing.com\/wp-content\/uploads\/2015\/12\/VCR-RD14166.022-VOCA-RACING-1.jpg","contentUrl":"https:\/\/www.vocaracing.com\/wp-content\/uploads\/2015\/12\/VCR-RD14166.022-VOCA-RACING-1.jpg","width":1800,"height":1200},{"@type":"BreadcrumbList","@id":"https:\/\/www.vocaracing.com\/es\/product\/tija-voca-racing-competition-para-barras-de-serie-d-26mm-mach-g-jog-rrr\/#breadcrumb","itemListElement":[{"@type":"ListItem","position":1,"name":"Home","item":"https:\/\/www.vocaracing.com\/es\/"},{"@type":"ListItem","position":2,"name":"Productos","item":"https:\/\/www.vocaracing.com\/es\/productos\/"},{"@type":"ListItem","position":3,"name":"Tija VOCA Racing Competition, para barras de serie (d.26mm), Mach G \/ Jog R\/RR"}]},{"@type":"WebSite","@id":"https:\/\/www.vocaracing.com\/#website","url":"https:\/\/www.vocaracing.com\/","name":"VocaRacing","description":"Competition Proved","publisher":{"@id":"https:\/\/www.vocaracing.com\/#organization"},"potentialAction":[{"@type":"SearchAction","target":{"@type":"EntryPoint","urlTemplate":"https:\/\/www.vocaracing.com\/?s={search_term_string}"},"query-input":{"@type":"PropertyValueSpecification","valueRequired":true,"valueName":"search_term_string"}}],"inLanguage":"es-ES"},{"@type":"Organization","@id":"https:\/\/www.vocaracing.com\/#organization","name":"VocaRacing","url":"https:\/\/www.vocaracing.com\/","logo":{"@type":"ImageObject","inLanguage":"es-ES","@id":"https:\/\/www.vocaracing.com\/#\/schema\/logo\/image\/","url":"https:\/\/www.vocaracing.com\/wp-content\/uploads\/2023\/08\/vocaracing.png","contentUrl":"https:\/\/www.vocaracing.com\/wp-content\/uploads\/2023\/08\/vocaracing.png","width":600,"height":400,"caption":"VocaRacing"},"image":{"@id":"https:\/\/www.vocaracing.com\/#\/schema\/logo\/image\/"},"sameAs":["https:\/\/www.facebook.com\/vocaracing","https:\/\/www.youtube.com\/user\/VOCARacing"]}]}},"uagb_featured_image_src":{"full":["https:\/\/www.vocaracing.com\/wp-content\/uploads\/2015\/12\/VCR-RD14166.022-VOCA-RACING-1.jpg",1800,1200,false],"thumbnail":["https:\/\/www.vocaracing.com\/wp-content\/uploads\/2015\/12\/VCR-RD14166.022-VOCA-RACING-1-200x150.jpg",200,150,true],"medium":["https:\/\/www.vocaracing.com\/wp-content\/uploads\/2015\/12\/VCR-RD14166.022-VOCA-RACING-1-270x180.jpg",270,180,true],"medium_large":["https:\/\/www.vocaracing.com\/wp-content\/uploads\/2015\/12\/VCR-RD14166.022-VOCA-RACING-1.jpg",1800,1200,false],"large":["https:\/\/www.vocaracing.com\/wp-content\/uploads\/2015\/12\/VCR-RD14166.022-VOCA-RACING-1-1024x683.jpg",960,640,true],"1536x1536":["https:\/\/www.vocaracing.com\/wp-content\/uploads\/2015\/12\/VCR-RD14166.022-VOCA-RACING-1.jpg",1536,1024,false],"2048x2048":["https:\/\/www.vocaracing.com\/wp-content\/uploads\/2015\/12\/VCR-RD14166.022-VOCA-RACING-1.jpg",1800,1200,false],"woocommerce_thumbnail":["https:\/\/www.vocaracing.com\/wp-content\/uploads\/2015\/12\/VCR-RD14166.022-VOCA-RACING-1-500x500.jpg",500,500,true],"woocommerce_single":["https:\/\/www.vocaracing.com\/wp-content\/uploads\/2015\/12\/VCR-RD14166.022-VOCA-RACING-1-700x467.jpg",700,467,true],"woocommerce_gallery_thumbnail":["https:\/\/www.vocaracing.com\/wp-content\/uploads\/2015\/12\/VCR-RD14166.022-VOCA-RACING-1-100x100.jpg",100,100,true]},"uagb_author_info":{"display_name":"Design Motoscoot","author_link":"https:\/\/www.vocaracing.com\/es\/author\/"},"uagb_comment_info":0,"uagb_excerpt":"Producto estrella de VOCA Racing, la nueva tija VOCA Racing Competici\u00f3n, disponible tanto para barras Stage6 R\/T (d.30mm) como para barras originales (d.26mm) de Yamaha Jog R\/RR.","_links":{"self":[{"href":"https:\/\/www.vocaracing.com\/es\/wp-json\/wp\/v2\/product\/4348","targetHints":{"allow":["GET"]}}],"collection":[{"href":"https:\/\/www.vocaracing.com\/es\/wp-json\/wp\/v2\/product"}],"about":[{"href":"https:\/\/www.vocaracing.com\/es\/wp-json\/wp\/v2\/types\/product"}],"wp:featuredmedia":[{"embeddable":true,"href":"https:\/\/www.vocaracing.com\/es\/wp-json\/wp\/v2\/media\/3674"}],"wp:attachment":[{"href":"https:\/\/www.vocaracing.com\/es\/wp-json\/wp\/v2\/media?parent=4348"}],"wp:term":[{"taxonomy":"product_brand","embeddable":true,"href":"https:\/\/www.vocaracing.com\/es\/wp-json\/wp\/v2\/product_brand?post=4348"},{"taxonomy":"product_cat","embeddable":true,"href":"https:\/\/www.vocaracing.com\/es\/wp-json\/wp\/v2\/product_cat?post=4348"},{"taxonomy":"product_tag","embeddable":true,"href":"https:\/\/www.vocaracing.com\/es\/wp-json\/wp\/v2\/product_tag?post=4348"}],"curies":[{"name":"wp","href":"https:\/\/api.w.org\/{rel}","templated":true}]}}