{"id":4300,"date":"2015-12-18T12:04:39","date_gmt":"2015-12-18T11:04:39","guid":{"rendered":"https:\/\/www.vocaracing.com\/product\/paso-de-rueda-voca-style-led-laser-cut-derbi-drd-pro-transparente\/"},"modified":"2016-02-11T13:22:28","modified_gmt":"2016-02-11T12:22:28","slug":"paso-de-rueda-voca-style-led-laser-cut-derbi-drd-pro-transparente","status":"publish","type":"product","link":"https:\/\/www.vocaracing.com\/es\/product\/paso-de-rueda-voca-style-led-laser-cut-derbi-drd-pro-transparente\/","title":{"rendered":"Paso de rueda VOCA Style, LED, Laser Cut, Derbi DRD Pro, transparente"},"content":{"rendered":"<p>VOCA Racing ampl\u00eda su cat\u00e1logo con una nueva fam\u00edlia de productos de su &#8220;Style Division&#8221; para Derbi Senda DRD PRO. Nos presenta un nuevo paso de rueda que encaja a la perfecci\u00f3n ya que coge exactamente la forma de los carenados de la DRD PRO. Destacamos el fino corte a L\u00e1ser, material acero inoxidable, logo VOCA cortado, torniller\u00eda inoxidable, espumas antivibraci\u00f3n, etc &#8230; Producto completo para el montaje y definitivamente bien acabado, siguiendo en la l\u00ednea del fabricante VOCA Racing. El acero inoxidable nos ofrece, resistencia, look deluxe y evitamos la corrosi\u00f3n que tanto da\u00f1a la imagen de tu moto. Incluye piloto trasero homologado de LED y de cristal blanco (luz, posici\u00f3n y freno). Entra en Youtube y encuentra el video oficial de este producto: http:\/\/www.youtube.com\/user\/VOCARacing<\/p>\n","protected":false},"excerpt":{"rendered":"<p>VOCA Racing ampl\u00eda su cat\u00e1logo con una nueva fam\u00edlia de productos de su &#8220;Style Division&#8221; para Derbi Senda DRD PRO.<\/p>\n","protected":false},"featured_media":4054,"template":"","meta":{"_acf_changed":false,"inline_featured_image":false,"_uag_custom_page_level_css":""},"product_brand":[],"product_cat":[1978],"product_tag":[],"class_list":{"0":"post-4300","1":"product","2":"type-product","3":"status-publish","4":"has-post-thumbnail","6":"product_cat-corte-laser","7":"splide__slide","9":"first","10":"instock","11":"shipping-taxable","12":"product-type-simple"},"acf":[],"yoast_head":"<!-- This site is optimized with the Yoast SEO plugin v27.3 - https:\/\/yoast.com\/product\/yoast-seo-wordpress\/ -->\n<title>Paso de rueda VOCA Style, LED, Laser Cut, Derbi DRD Pro, transparente - VocaRacing<\/title>\n<meta name=\"robots\" content=\"index, follow, max-snippet:-1, max-image-preview:large, max-video-preview:-1\" \/>\n<link rel=\"canonical\" href=\"https:\/\/www.vocaracing.com\/es\/product\/paso-de-rueda-voca-style-led-laser-cut-derbi-drd-pro-transparente\/\" \/>\n<meta property=\"og:locale\" content=\"es_ES\" \/>\n<meta property=\"og:type\" content=\"article\" \/>\n<meta property=\"og:title\" content=\"Paso de rueda VOCA Style, LED, Laser Cut, Derbi DRD Pro, transparente - VocaRacing\" \/>\n<meta property=\"og:description\" content=\"VOCA Racing ampl\u00eda su cat\u00e1logo con una nueva fam\u00edlia de productos de su &quot;Style Division&quot; para Derbi Senda DRD PRO.\" \/>\n<meta property=\"og:url\" content=\"https:\/\/www.vocaracing.com\/es\/product\/paso-de-rueda-voca-style-led-laser-cut-derbi-drd-pro-transparente\/\" \/>\n<meta property=\"og:site_name\" content=\"VocaRacing\" \/>\n<meta property=\"article:publisher\" content=\"https:\/\/www.facebook.com\/vocaracing\" \/>\n<meta property=\"article:modified_time\" content=\"2016-02-11T12:22:28+00:00\" \/>\n<meta property=\"og:image\" content=\"https:\/\/www.vocaracing.com\/wp-content\/uploads\/2015\/12\/VCR-SD50193.55WH.jpg\" \/>\n\t<meta property=\"og:image:width\" content=\"1800\" \/>\n\t<meta property=\"og:image:height\" content=\"1200\" \/>\n\t<meta property=\"og:image:type\" content=\"image\/jpeg\" \/>\n<meta name=\"twitter:card\" content=\"summary_large_image\" \/>\n<meta name=\"twitter:label1\" content=\"Est. reading time\" \/>\n\t<meta name=\"twitter:data1\" content=\"1 minute\" \/>\n<script type=\"application\/ld+json\" class=\"yoast-schema-graph\">{\"@context\":\"https:\\\/\\\/schema.org\",\"@graph\":[{\"@type\":\"WebPage\",\"@id\":\"https:\\\/\\\/www.vocaracing.com\\\/es\\\/product\\\/paso-de-rueda-voca-style-led-laser-cut-derbi-drd-pro-transparente\\\/\",\"url\":\"https:\\\/\\\/www.vocaracing.com\\\/es\\\/product\\\/paso-de-rueda-voca-style-led-laser-cut-derbi-drd-pro-transparente\\\/\",\"name\":\"Paso de rueda VOCA Style, LED, Laser Cut, Derbi DRD Pro, transparente - VocaRacing\",\"isPartOf\":{\"@id\":\"https:\\\/\\\/www.vocaracing.com\\\/#website\"},\"primaryImageOfPage\":{\"@id\":\"https:\\\/\\\/www.vocaracing.com\\\/es\\\/product\\\/paso-de-rueda-voca-style-led-laser-cut-derbi-drd-pro-transparente\\\/#primaryimage\"},\"image\":{\"@id\":\"https:\\\/\\\/www.vocaracing.com\\\/es\\\/product\\\/paso-de-rueda-voca-style-led-laser-cut-derbi-drd-pro-transparente\\\/#primaryimage\"},\"thumbnailUrl\":\"https:\\\/\\\/www.vocaracing.com\\\/wp-content\\\/uploads\\\/2015\\\/12\\\/VCR-SD50193.55WH.jpg\",\"datePublished\":\"2015-12-18T11:04:39+00:00\",\"dateModified\":\"2016-02-11T12:22:28+00:00\",\"breadcrumb\":{\"@id\":\"https:\\\/\\\/www.vocaracing.com\\\/es\\\/product\\\/paso-de-rueda-voca-style-led-laser-cut-derbi-drd-pro-transparente\\\/#breadcrumb\"},\"inLanguage\":\"es-ES\",\"potentialAction\":[{\"@type\":\"ReadAction\",\"target\":[\"https:\\\/\\\/www.vocaracing.com\\\/es\\\/product\\\/paso-de-rueda-voca-style-led-laser-cut-derbi-drd-pro-transparente\\\/\"]}]},{\"@type\":\"ImageObject\",\"inLanguage\":\"es-ES\",\"@id\":\"https:\\\/\\\/www.vocaracing.com\\\/es\\\/product\\\/paso-de-rueda-voca-style-led-laser-cut-derbi-drd-pro-transparente\\\/#primaryimage\",\"url\":\"https:\\\/\\\/www.vocaracing.com\\\/wp-content\\\/uploads\\\/2015\\\/12\\\/VCR-SD50193.55WH.jpg\",\"contentUrl\":\"https:\\\/\\\/www.vocaracing.com\\\/wp-content\\\/uploads\\\/2015\\\/12\\\/VCR-SD50193.55WH.jpg\",\"width\":1800,\"height\":1200},{\"@type\":\"BreadcrumbList\",\"@id\":\"https:\\\/\\\/www.vocaracing.com\\\/es\\\/product\\\/paso-de-rueda-voca-style-led-laser-cut-derbi-drd-pro-transparente\\\/#breadcrumb\",\"itemListElement\":[{\"@type\":\"ListItem\",\"position\":1,\"name\":\"Home\",\"item\":\"https:\\\/\\\/www.vocaracing.com\\\/es\\\/\"},{\"@type\":\"ListItem\",\"position\":2,\"name\":\"Productos\",\"item\":\"https:\\\/\\\/www.vocaracing.com\\\/es\\\/productos\\\/\"},{\"@type\":\"ListItem\",\"position\":3,\"name\":\"Paso de rueda VOCA Style, LED, Laser Cut, Derbi DRD Pro, transparente\"}]},{\"@type\":\"WebSite\",\"@id\":\"https:\\\/\\\/www.vocaracing.com\\\/#website\",\"url\":\"https:\\\/\\\/www.vocaracing.com\\\/\",\"name\":\"VocaRacing\",\"description\":\"Competition Proved\",\"publisher\":{\"@id\":\"https:\\\/\\\/www.vocaracing.com\\\/#organization\"},\"potentialAction\":[{\"@type\":\"SearchAction\",\"target\":{\"@type\":\"EntryPoint\",\"urlTemplate\":\"https:\\\/\\\/www.vocaracing.com\\\/?s={search_term_string}\"},\"query-input\":{\"@type\":\"PropertyValueSpecification\",\"valueRequired\":true,\"valueName\":\"search_term_string\"}}],\"inLanguage\":\"es-ES\"},{\"@type\":\"Organization\",\"@id\":\"https:\\\/\\\/www.vocaracing.com\\\/#organization\",\"name\":\"VocaRacing\",\"url\":\"https:\\\/\\\/www.vocaracing.com\\\/\",\"logo\":{\"@type\":\"ImageObject\",\"inLanguage\":\"es-ES\",\"@id\":\"https:\\\/\\\/www.vocaracing.com\\\/#\\\/schema\\\/logo\\\/image\\\/\",\"url\":\"https:\\\/\\\/www.vocaracing.com\\\/wp-content\\\/uploads\\\/2023\\\/08\\\/vocaracing.png\",\"contentUrl\":\"https:\\\/\\\/www.vocaracing.com\\\/wp-content\\\/uploads\\\/2023\\\/08\\\/vocaracing.png\",\"width\":600,\"height\":400,\"caption\":\"VocaRacing\"},\"image\":{\"@id\":\"https:\\\/\\\/www.vocaracing.com\\\/#\\\/schema\\\/logo\\\/image\\\/\"},\"sameAs\":[\"https:\\\/\\\/www.facebook.com\\\/vocaracing\",\"https:\\\/\\\/www.youtube.com\\\/user\\\/VOCARacing\"]}]}<\/script>\n<!-- \/ Yoast SEO plugin. -->","yoast_head_json":{"title":"Paso de rueda VOCA Style, LED, Laser Cut, Derbi DRD Pro, transparente - VocaRacing","robots":{"index":"index","follow":"follow","max-snippet":"max-snippet:-1","max-image-preview":"max-image-preview:large","max-video-preview":"max-video-preview:-1"},"canonical":"https:\/\/www.vocaracing.com\/es\/product\/paso-de-rueda-voca-style-led-laser-cut-derbi-drd-pro-transparente\/","og_locale":"es_ES","og_type":"article","og_title":"Paso de rueda VOCA Style, LED, Laser Cut, Derbi DRD Pro, transparente - VocaRacing","og_description":"VOCA Racing ampl\u00eda su cat\u00e1logo con una nueva fam\u00edlia de productos de su \"Style Division\" para Derbi Senda DRD PRO.","og_url":"https:\/\/www.vocaracing.com\/es\/product\/paso-de-rueda-voca-style-led-laser-cut-derbi-drd-pro-transparente\/","og_site_name":"VocaRacing","article_publisher":"https:\/\/www.facebook.com\/vocaracing","article_modified_time":"2016-02-11T12:22:28+00:00","og_image":[{"width":1800,"height":1200,"url":"https:\/\/www.vocaracing.com\/wp-content\/uploads\/2015\/12\/VCR-SD50193.55WH.jpg","type":"image\/jpeg"}],"twitter_card":"summary_large_image","twitter_misc":{"Est. reading time":"1 minute"},"schema":{"@context":"https:\/\/schema.org","@graph":[{"@type":"WebPage","@id":"https:\/\/www.vocaracing.com\/es\/product\/paso-de-rueda-voca-style-led-laser-cut-derbi-drd-pro-transparente\/","url":"https:\/\/www.vocaracing.com\/es\/product\/paso-de-rueda-voca-style-led-laser-cut-derbi-drd-pro-transparente\/","name":"Paso de rueda VOCA Style, LED, Laser Cut, Derbi DRD Pro, transparente - VocaRacing","isPartOf":{"@id":"https:\/\/www.vocaracing.com\/#website"},"primaryImageOfPage":{"@id":"https:\/\/www.vocaracing.com\/es\/product\/paso-de-rueda-voca-style-led-laser-cut-derbi-drd-pro-transparente\/#primaryimage"},"image":{"@id":"https:\/\/www.vocaracing.com\/es\/product\/paso-de-rueda-voca-style-led-laser-cut-derbi-drd-pro-transparente\/#primaryimage"},"thumbnailUrl":"https:\/\/www.vocaracing.com\/wp-content\/uploads\/2015\/12\/VCR-SD50193.55WH.jpg","datePublished":"2015-12-18T11:04:39+00:00","dateModified":"2016-02-11T12:22:28+00:00","breadcrumb":{"@id":"https:\/\/www.vocaracing.com\/es\/product\/paso-de-rueda-voca-style-led-laser-cut-derbi-drd-pro-transparente\/#breadcrumb"},"inLanguage":"es-ES","potentialAction":[{"@type":"ReadAction","target":["https:\/\/www.vocaracing.com\/es\/product\/paso-de-rueda-voca-style-led-laser-cut-derbi-drd-pro-transparente\/"]}]},{"@type":"ImageObject","inLanguage":"es-ES","@id":"https:\/\/www.vocaracing.com\/es\/product\/paso-de-rueda-voca-style-led-laser-cut-derbi-drd-pro-transparente\/#primaryimage","url":"https:\/\/www.vocaracing.com\/wp-content\/uploads\/2015\/12\/VCR-SD50193.55WH.jpg","contentUrl":"https:\/\/www.vocaracing.com\/wp-content\/uploads\/2015\/12\/VCR-SD50193.55WH.jpg","width":1800,"height":1200},{"@type":"BreadcrumbList","@id":"https:\/\/www.vocaracing.com\/es\/product\/paso-de-rueda-voca-style-led-laser-cut-derbi-drd-pro-transparente\/#breadcrumb","itemListElement":[{"@type":"ListItem","position":1,"name":"Home","item":"https:\/\/www.vocaracing.com\/es\/"},{"@type":"ListItem","position":2,"name":"Productos","item":"https:\/\/www.vocaracing.com\/es\/productos\/"},{"@type":"ListItem","position":3,"name":"Paso de rueda VOCA Style, LED, Laser Cut, Derbi DRD Pro, transparente"}]},{"@type":"WebSite","@id":"https:\/\/www.vocaracing.com\/#website","url":"https:\/\/www.vocaracing.com\/","name":"VocaRacing","description":"Competition Proved","publisher":{"@id":"https:\/\/www.vocaracing.com\/#organization"},"potentialAction":[{"@type":"SearchAction","target":{"@type":"EntryPoint","urlTemplate":"https:\/\/www.vocaracing.com\/?s={search_term_string}"},"query-input":{"@type":"PropertyValueSpecification","valueRequired":true,"valueName":"search_term_string"}}],"inLanguage":"es-ES"},{"@type":"Organization","@id":"https:\/\/www.vocaracing.com\/#organization","name":"VocaRacing","url":"https:\/\/www.vocaracing.com\/","logo":{"@type":"ImageObject","inLanguage":"es-ES","@id":"https:\/\/www.vocaracing.com\/#\/schema\/logo\/image\/","url":"https:\/\/www.vocaracing.com\/wp-content\/uploads\/2023\/08\/vocaracing.png","contentUrl":"https:\/\/www.vocaracing.com\/wp-content\/uploads\/2023\/08\/vocaracing.png","width":600,"height":400,"caption":"VocaRacing"},"image":{"@id":"https:\/\/www.vocaracing.com\/#\/schema\/logo\/image\/"},"sameAs":["https:\/\/www.facebook.com\/vocaracing","https:\/\/www.youtube.com\/user\/VOCARacing"]}]}},"uagb_featured_image_src":{"full":["https:\/\/www.vocaracing.com\/wp-content\/uploads\/2015\/12\/VCR-SD50193.55WH.jpg",1800,1200,false],"thumbnail":["https:\/\/www.vocaracing.com\/wp-content\/uploads\/2015\/12\/VCR-SD50193.55WH-200x150.jpg",200,150,true],"medium":["https:\/\/www.vocaracing.com\/wp-content\/uploads\/2015\/12\/VCR-SD50193.55WH-270x180.jpg",270,180,true],"medium_large":["https:\/\/www.vocaracing.com\/wp-content\/uploads\/2015\/12\/VCR-SD50193.55WH.jpg",1800,1200,false],"large":["https:\/\/www.vocaracing.com\/wp-content\/uploads\/2015\/12\/VCR-SD50193.55WH-1024x683.jpg",960,640,true],"1536x1536":["https:\/\/www.vocaracing.com\/wp-content\/uploads\/2015\/12\/VCR-SD50193.55WH.jpg",1536,1024,false],"2048x2048":["https:\/\/www.vocaracing.com\/wp-content\/uploads\/2015\/12\/VCR-SD50193.55WH.jpg",1800,1200,false],"woocommerce_thumbnail":["https:\/\/www.vocaracing.com\/wp-content\/uploads\/2015\/12\/VCR-SD50193.55WH-500x500.jpg",500,500,true],"woocommerce_single":["https:\/\/www.vocaracing.com\/wp-content\/uploads\/2015\/12\/VCR-SD50193.55WH-700x467.jpg",700,467,true],"woocommerce_gallery_thumbnail":["https:\/\/www.vocaracing.com\/wp-content\/uploads\/2015\/12\/VCR-SD50193.55WH-100x100.jpg",100,100,true]},"uagb_author_info":{"display_name":"Design Motoscoot","author_link":"https:\/\/www.vocaracing.com\/es\/author\/"},"uagb_comment_info":0,"uagb_excerpt":"VOCA Racing ampl\u00eda su cat\u00e1logo con una nueva fam\u00edlia de productos de su \"Style Division\" para Derbi Senda DRD PRO.","_links":{"self":[{"href":"https:\/\/www.vocaracing.com\/es\/wp-json\/wp\/v2\/product\/4300","targetHints":{"allow":["GET"]}}],"collection":[{"href":"https:\/\/www.vocaracing.com\/es\/wp-json\/wp\/v2\/product"}],"about":[{"href":"https:\/\/www.vocaracing.com\/es\/wp-json\/wp\/v2\/types\/product"}],"wp:featuredmedia":[{"embeddable":true,"href":"https:\/\/www.vocaracing.com\/es\/wp-json\/wp\/v2\/media\/4054"}],"wp:attachment":[{"href":"https:\/\/www.vocaracing.com\/es\/wp-json\/wp\/v2\/media?parent=4300"}],"wp:term":[{"taxonomy":"product_brand","embeddable":true,"href":"https:\/\/www.vocaracing.com\/es\/wp-json\/wp\/v2\/product_brand?post=4300"},{"taxonomy":"product_cat","embeddable":true,"href":"https:\/\/www.vocaracing.com\/es\/wp-json\/wp\/v2\/product_cat?post=4300"},{"taxonomy":"product_tag","embeddable":true,"href":"https:\/\/www.vocaracing.com\/es\/wp-json\/wp\/v2\/product_tag?post=4300"}],"curies":[{"name":"wp","href":"https:\/\/api.w.org\/{rel}","templated":true}]}}