{"id":4297,"date":"2015-12-18T12:10:46","date_gmt":"2015-12-18T11:10:46","guid":{"rendered":"https:\/\/www.vocaracing.com\/product\/soporte-matricula-voca-style-65mm-x-98mm-laser-cut-derbi-drd-pro-eu-version\/"},"modified":"2016-02-11T13:07:36","modified_gmt":"2016-02-11T12:07:36","slug":"soporte-matricula-voca-style-65mm-x-98mm-laser-cut-derbi-drd-pro-eu-version","status":"publish","type":"product","link":"https:\/\/www.vocaracing.com\/es\/product\/soporte-matricula-voca-style-65mm-x-98mm-laser-cut-derbi-drd-pro-eu-version\/","title":{"rendered":"Soporte matr\u00edcula VOCA Style, 65mm x 98mm, Laser Cut, Derbi DRD Pro, EU version"},"content":{"rendered":"<p>Voca Racing nos presenta un porta matr\u00edculas revolucionario para las motos de marchas, ideal para todas las medidas de matriculas de la uni\u00f3n europe\u00e1! Se ha dise\u00f1ado para que se monte de una forma r\u00e1pida y f\u00e1cil en la Derbi Senda DRD Racing. Ya que tiene el basculante plano en la zona de apoyo de la tuerca. Incluye todo lo necesario para su montaje, la altura est\u00e1 regulable! Para el resto de motos de marchas, tambi\u00e9n lo pod\u00e9is usar pero lo tendr\u00e9is que adaptar vosotros mismos. El dise\u00f1o es fino y fabricado totalmente en acero inoxidable. Tambi\u00e9n se le puede instalar una luz led adhesiva de STR8 en la parte superior para iluminar la matr\u00edcula y acabar de crear la nueva imagen para tu Senda! Valido para todas las matriculas en la uni\u00f3n europ\u00e9a! Medidas del soporte placa 83,5x118mm.<\/p>\n","protected":false},"excerpt":{"rendered":"<p>Voca Racing nos presenta un porta matr\u00edculas revolucionario para las motos de marchas, ideal para todas las medidas de matriculas de la uni\u00f3n europe\u00e1!<\/p>\n","protected":false},"featured_media":4059,"template":"","meta":{"_acf_changed":false,"inline_featured_image":false,"_uag_custom_page_level_css":""},"product_brand":[],"product_cat":[1978],"product_tag":[],"class_list":{"0":"post-4297","1":"product","2":"type-product","3":"status-publish","4":"has-post-thumbnail","6":"product_cat-corte-laser","7":"splide__slide","9":"first","10":"instock","11":"shipping-taxable","12":"product-type-simple"},"acf":[],"yoast_head":"<!-- This site is optimized with the Yoast SEO plugin v27.3 - https:\/\/yoast.com\/product\/yoast-seo-wordpress\/ -->\n<title>Soporte matr\u00edcula VOCA Style, 65mm x 98mm, Laser Cut, Derbi DRD Pro, EU version - VocaRacing<\/title>\n<meta name=\"robots\" content=\"index, follow, max-snippet:-1, max-image-preview:large, max-video-preview:-1\" \/>\n<link rel=\"canonical\" href=\"https:\/\/www.vocaracing.com\/es\/product\/soporte-matricula-voca-style-65mm-x-98mm-laser-cut-derbi-drd-pro-eu-version\/\" \/>\n<meta property=\"og:locale\" content=\"es_ES\" \/>\n<meta property=\"og:type\" content=\"article\" \/>\n<meta property=\"og:title\" content=\"Soporte matr\u00edcula VOCA Style, 65mm x 98mm, Laser Cut, Derbi DRD Pro, EU version - VocaRacing\" \/>\n<meta property=\"og:description\" content=\"Voca Racing nos presenta un porta matr\u00edculas revolucionario para las motos de marchas, ideal para todas las medidas de matriculas de la uni\u00f3n europe\u00e1!\" \/>\n<meta property=\"og:url\" content=\"https:\/\/www.vocaracing.com\/es\/product\/soporte-matricula-voca-style-65mm-x-98mm-laser-cut-derbi-drd-pro-eu-version\/\" \/>\n<meta property=\"og:site_name\" content=\"VocaRacing\" \/>\n<meta property=\"article:publisher\" content=\"https:\/\/www.facebook.com\/vocaracing\" \/>\n<meta property=\"article:modified_time\" content=\"2016-02-11T12:07:36+00:00\" \/>\n<meta property=\"og:image\" content=\"https:\/\/www.vocaracing.com\/wp-content\/uploads\/2015\/12\/VCR-SD60192.jpg\" \/>\n\t<meta property=\"og:image:width\" content=\"1800\" \/>\n\t<meta property=\"og:image:height\" content=\"1200\" \/>\n\t<meta property=\"og:image:type\" content=\"image\/jpeg\" \/>\n<meta name=\"twitter:card\" content=\"summary_large_image\" \/>\n<meta name=\"twitter:label1\" content=\"Est. reading time\" \/>\n\t<meta name=\"twitter:data1\" content=\"1 minute\" \/>\n<script type=\"application\/ld+json\" class=\"yoast-schema-graph\">{\"@context\":\"https:\\\/\\\/schema.org\",\"@graph\":[{\"@type\":\"WebPage\",\"@id\":\"https:\\\/\\\/www.vocaracing.com\\\/es\\\/product\\\/soporte-matricula-voca-style-65mm-x-98mm-laser-cut-derbi-drd-pro-eu-version\\\/\",\"url\":\"https:\\\/\\\/www.vocaracing.com\\\/es\\\/product\\\/soporte-matricula-voca-style-65mm-x-98mm-laser-cut-derbi-drd-pro-eu-version\\\/\",\"name\":\"Soporte matr\u00edcula VOCA Style, 65mm x 98mm, Laser Cut, Derbi DRD Pro, EU version - VocaRacing\",\"isPartOf\":{\"@id\":\"https:\\\/\\\/www.vocaracing.com\\\/#website\"},\"primaryImageOfPage\":{\"@id\":\"https:\\\/\\\/www.vocaracing.com\\\/es\\\/product\\\/soporte-matricula-voca-style-65mm-x-98mm-laser-cut-derbi-drd-pro-eu-version\\\/#primaryimage\"},\"image\":{\"@id\":\"https:\\\/\\\/www.vocaracing.com\\\/es\\\/product\\\/soporte-matricula-voca-style-65mm-x-98mm-laser-cut-derbi-drd-pro-eu-version\\\/#primaryimage\"},\"thumbnailUrl\":\"https:\\\/\\\/www.vocaracing.com\\\/wp-content\\\/uploads\\\/2015\\\/12\\\/VCR-SD60192.jpg\",\"datePublished\":\"2015-12-18T11:10:46+00:00\",\"dateModified\":\"2016-02-11T12:07:36+00:00\",\"breadcrumb\":{\"@id\":\"https:\\\/\\\/www.vocaracing.com\\\/es\\\/product\\\/soporte-matricula-voca-style-65mm-x-98mm-laser-cut-derbi-drd-pro-eu-version\\\/#breadcrumb\"},\"inLanguage\":\"es-ES\",\"potentialAction\":[{\"@type\":\"ReadAction\",\"target\":[\"https:\\\/\\\/www.vocaracing.com\\\/es\\\/product\\\/soporte-matricula-voca-style-65mm-x-98mm-laser-cut-derbi-drd-pro-eu-version\\\/\"]}]},{\"@type\":\"ImageObject\",\"inLanguage\":\"es-ES\",\"@id\":\"https:\\\/\\\/www.vocaracing.com\\\/es\\\/product\\\/soporte-matricula-voca-style-65mm-x-98mm-laser-cut-derbi-drd-pro-eu-version\\\/#primaryimage\",\"url\":\"https:\\\/\\\/www.vocaracing.com\\\/wp-content\\\/uploads\\\/2015\\\/12\\\/VCR-SD60192.jpg\",\"contentUrl\":\"https:\\\/\\\/www.vocaracing.com\\\/wp-content\\\/uploads\\\/2015\\\/12\\\/VCR-SD60192.jpg\",\"width\":1800,\"height\":1200},{\"@type\":\"BreadcrumbList\",\"@id\":\"https:\\\/\\\/www.vocaracing.com\\\/es\\\/product\\\/soporte-matricula-voca-style-65mm-x-98mm-laser-cut-derbi-drd-pro-eu-version\\\/#breadcrumb\",\"itemListElement\":[{\"@type\":\"ListItem\",\"position\":1,\"name\":\"Home\",\"item\":\"https:\\\/\\\/www.vocaracing.com\\\/es\\\/\"},{\"@type\":\"ListItem\",\"position\":2,\"name\":\"Productos\",\"item\":\"https:\\\/\\\/www.vocaracing.com\\\/es\\\/productos\\\/\"},{\"@type\":\"ListItem\",\"position\":3,\"name\":\"Soporte matr\u00edcula VOCA Style, 65mm x 98mm, Laser Cut, Derbi DRD Pro, EU version\"}]},{\"@type\":\"WebSite\",\"@id\":\"https:\\\/\\\/www.vocaracing.com\\\/#website\",\"url\":\"https:\\\/\\\/www.vocaracing.com\\\/\",\"name\":\"VocaRacing\",\"description\":\"Competition Proved\",\"publisher\":{\"@id\":\"https:\\\/\\\/www.vocaracing.com\\\/#organization\"},\"potentialAction\":[{\"@type\":\"SearchAction\",\"target\":{\"@type\":\"EntryPoint\",\"urlTemplate\":\"https:\\\/\\\/www.vocaracing.com\\\/?s={search_term_string}\"},\"query-input\":{\"@type\":\"PropertyValueSpecification\",\"valueRequired\":true,\"valueName\":\"search_term_string\"}}],\"inLanguage\":\"es-ES\"},{\"@type\":\"Organization\",\"@id\":\"https:\\\/\\\/www.vocaracing.com\\\/#organization\",\"name\":\"VocaRacing\",\"url\":\"https:\\\/\\\/www.vocaracing.com\\\/\",\"logo\":{\"@type\":\"ImageObject\",\"inLanguage\":\"es-ES\",\"@id\":\"https:\\\/\\\/www.vocaracing.com\\\/#\\\/schema\\\/logo\\\/image\\\/\",\"url\":\"https:\\\/\\\/www.vocaracing.com\\\/wp-content\\\/uploads\\\/2023\\\/08\\\/vocaracing.png\",\"contentUrl\":\"https:\\\/\\\/www.vocaracing.com\\\/wp-content\\\/uploads\\\/2023\\\/08\\\/vocaracing.png\",\"width\":600,\"height\":400,\"caption\":\"VocaRacing\"},\"image\":{\"@id\":\"https:\\\/\\\/www.vocaracing.com\\\/#\\\/schema\\\/logo\\\/image\\\/\"},\"sameAs\":[\"https:\\\/\\\/www.facebook.com\\\/vocaracing\",\"https:\\\/\\\/www.youtube.com\\\/user\\\/VOCARacing\"]}]}<\/script>\n<!-- \/ Yoast SEO plugin. -->","yoast_head_json":{"title":"Soporte matr\u00edcula VOCA Style, 65mm x 98mm, Laser Cut, Derbi DRD Pro, EU version - VocaRacing","robots":{"index":"index","follow":"follow","max-snippet":"max-snippet:-1","max-image-preview":"max-image-preview:large","max-video-preview":"max-video-preview:-1"},"canonical":"https:\/\/www.vocaracing.com\/es\/product\/soporte-matricula-voca-style-65mm-x-98mm-laser-cut-derbi-drd-pro-eu-version\/","og_locale":"es_ES","og_type":"article","og_title":"Soporte matr\u00edcula VOCA Style, 65mm x 98mm, Laser Cut, Derbi DRD Pro, EU version - VocaRacing","og_description":"Voca Racing nos presenta un porta matr\u00edculas revolucionario para las motos de marchas, ideal para todas las medidas de matriculas de la uni\u00f3n europe\u00e1!","og_url":"https:\/\/www.vocaracing.com\/es\/product\/soporte-matricula-voca-style-65mm-x-98mm-laser-cut-derbi-drd-pro-eu-version\/","og_site_name":"VocaRacing","article_publisher":"https:\/\/www.facebook.com\/vocaracing","article_modified_time":"2016-02-11T12:07:36+00:00","og_image":[{"width":1800,"height":1200,"url":"https:\/\/www.vocaracing.com\/wp-content\/uploads\/2015\/12\/VCR-SD60192.jpg","type":"image\/jpeg"}],"twitter_card":"summary_large_image","twitter_misc":{"Est. reading time":"1 minute"},"schema":{"@context":"https:\/\/schema.org","@graph":[{"@type":"WebPage","@id":"https:\/\/www.vocaracing.com\/es\/product\/soporte-matricula-voca-style-65mm-x-98mm-laser-cut-derbi-drd-pro-eu-version\/","url":"https:\/\/www.vocaracing.com\/es\/product\/soporte-matricula-voca-style-65mm-x-98mm-laser-cut-derbi-drd-pro-eu-version\/","name":"Soporte matr\u00edcula VOCA Style, 65mm x 98mm, Laser Cut, Derbi DRD Pro, EU version - VocaRacing","isPartOf":{"@id":"https:\/\/www.vocaracing.com\/#website"},"primaryImageOfPage":{"@id":"https:\/\/www.vocaracing.com\/es\/product\/soporte-matricula-voca-style-65mm-x-98mm-laser-cut-derbi-drd-pro-eu-version\/#primaryimage"},"image":{"@id":"https:\/\/www.vocaracing.com\/es\/product\/soporte-matricula-voca-style-65mm-x-98mm-laser-cut-derbi-drd-pro-eu-version\/#primaryimage"},"thumbnailUrl":"https:\/\/www.vocaracing.com\/wp-content\/uploads\/2015\/12\/VCR-SD60192.jpg","datePublished":"2015-12-18T11:10:46+00:00","dateModified":"2016-02-11T12:07:36+00:00","breadcrumb":{"@id":"https:\/\/www.vocaracing.com\/es\/product\/soporte-matricula-voca-style-65mm-x-98mm-laser-cut-derbi-drd-pro-eu-version\/#breadcrumb"},"inLanguage":"es-ES","potentialAction":[{"@type":"ReadAction","target":["https:\/\/www.vocaracing.com\/es\/product\/soporte-matricula-voca-style-65mm-x-98mm-laser-cut-derbi-drd-pro-eu-version\/"]}]},{"@type":"ImageObject","inLanguage":"es-ES","@id":"https:\/\/www.vocaracing.com\/es\/product\/soporte-matricula-voca-style-65mm-x-98mm-laser-cut-derbi-drd-pro-eu-version\/#primaryimage","url":"https:\/\/www.vocaracing.com\/wp-content\/uploads\/2015\/12\/VCR-SD60192.jpg","contentUrl":"https:\/\/www.vocaracing.com\/wp-content\/uploads\/2015\/12\/VCR-SD60192.jpg","width":1800,"height":1200},{"@type":"BreadcrumbList","@id":"https:\/\/www.vocaracing.com\/es\/product\/soporte-matricula-voca-style-65mm-x-98mm-laser-cut-derbi-drd-pro-eu-version\/#breadcrumb","itemListElement":[{"@type":"ListItem","position":1,"name":"Home","item":"https:\/\/www.vocaracing.com\/es\/"},{"@type":"ListItem","position":2,"name":"Productos","item":"https:\/\/www.vocaracing.com\/es\/productos\/"},{"@type":"ListItem","position":3,"name":"Soporte matr\u00edcula VOCA Style, 65mm x 98mm, Laser Cut, Derbi DRD Pro, EU version"}]},{"@type":"WebSite","@id":"https:\/\/www.vocaracing.com\/#website","url":"https:\/\/www.vocaracing.com\/","name":"VocaRacing","description":"Competition Proved","publisher":{"@id":"https:\/\/www.vocaracing.com\/#organization"},"potentialAction":[{"@type":"SearchAction","target":{"@type":"EntryPoint","urlTemplate":"https:\/\/www.vocaracing.com\/?s={search_term_string}"},"query-input":{"@type":"PropertyValueSpecification","valueRequired":true,"valueName":"search_term_string"}}],"inLanguage":"es-ES"},{"@type":"Organization","@id":"https:\/\/www.vocaracing.com\/#organization","name":"VocaRacing","url":"https:\/\/www.vocaracing.com\/","logo":{"@type":"ImageObject","inLanguage":"es-ES","@id":"https:\/\/www.vocaracing.com\/#\/schema\/logo\/image\/","url":"https:\/\/www.vocaracing.com\/wp-content\/uploads\/2023\/08\/vocaracing.png","contentUrl":"https:\/\/www.vocaracing.com\/wp-content\/uploads\/2023\/08\/vocaracing.png","width":600,"height":400,"caption":"VocaRacing"},"image":{"@id":"https:\/\/www.vocaracing.com\/#\/schema\/logo\/image\/"},"sameAs":["https:\/\/www.facebook.com\/vocaracing","https:\/\/www.youtube.com\/user\/VOCARacing"]}]}},"uagb_featured_image_src":{"full":["https:\/\/www.vocaracing.com\/wp-content\/uploads\/2015\/12\/VCR-SD60192.jpg",1800,1200,false],"thumbnail":["https:\/\/www.vocaracing.com\/wp-content\/uploads\/2015\/12\/VCR-SD60192-200x150.jpg",200,150,true],"medium":["https:\/\/www.vocaracing.com\/wp-content\/uploads\/2015\/12\/VCR-SD60192-270x180.jpg",270,180,true],"medium_large":["https:\/\/www.vocaracing.com\/wp-content\/uploads\/2015\/12\/VCR-SD60192.jpg",1800,1200,false],"large":["https:\/\/www.vocaracing.com\/wp-content\/uploads\/2015\/12\/VCR-SD60192-1024x683.jpg",960,640,true],"1536x1536":["https:\/\/www.vocaracing.com\/wp-content\/uploads\/2015\/12\/VCR-SD60192.jpg",1536,1024,false],"2048x2048":["https:\/\/www.vocaracing.com\/wp-content\/uploads\/2015\/12\/VCR-SD60192.jpg",1800,1200,false],"woocommerce_thumbnail":["https:\/\/www.vocaracing.com\/wp-content\/uploads\/2015\/12\/VCR-SD60192-500x500.jpg",500,500,true],"woocommerce_single":["https:\/\/www.vocaracing.com\/wp-content\/uploads\/2015\/12\/VCR-SD60192-700x467.jpg",700,467,true],"woocommerce_gallery_thumbnail":["https:\/\/www.vocaracing.com\/wp-content\/uploads\/2015\/12\/VCR-SD60192-100x100.jpg",100,100,true]},"uagb_author_info":{"display_name":"Design Motoscoot","author_link":"https:\/\/www.vocaracing.com\/es\/author\/"},"uagb_comment_info":0,"uagb_excerpt":"Voca Racing nos presenta un porta matr\u00edculas revolucionario para las motos de marchas, ideal para todas las medidas de matriculas de la uni\u00f3n europe\u00e1!","_links":{"self":[{"href":"https:\/\/www.vocaracing.com\/es\/wp-json\/wp\/v2\/product\/4297","targetHints":{"allow":["GET"]}}],"collection":[{"href":"https:\/\/www.vocaracing.com\/es\/wp-json\/wp\/v2\/product"}],"about":[{"href":"https:\/\/www.vocaracing.com\/es\/wp-json\/wp\/v2\/types\/product"}],"wp:featuredmedia":[{"embeddable":true,"href":"https:\/\/www.vocaracing.com\/es\/wp-json\/wp\/v2\/media\/4059"}],"wp:attachment":[{"href":"https:\/\/www.vocaracing.com\/es\/wp-json\/wp\/v2\/media?parent=4297"}],"wp:term":[{"taxonomy":"product_brand","embeddable":true,"href":"https:\/\/www.vocaracing.com\/es\/wp-json\/wp\/v2\/product_brand?post=4297"},{"taxonomy":"product_cat","embeddable":true,"href":"https:\/\/www.vocaracing.com\/es\/wp-json\/wp\/v2\/product_cat?post=4297"},{"taxonomy":"product_tag","embeddable":true,"href":"https:\/\/www.vocaracing.com\/es\/wp-json\/wp\/v2\/product_tag?post=4297"}],"curies":[{"name":"wp","href":"https:\/\/api.w.org\/{rel}","templated":true}]}}