{"id":12163,"date":"2022-11-24T18:56:40","date_gmt":"2022-11-24T17:56:46","guid":{"rendered":"https:\/\/www.vocaracing.com\/?post_type=product&#038;p=12163"},"modified":"2022-12-01T16:35:31","modified_gmt":"2022-12-01T15:35:31","slug":"bomba-de-freno-voca-plata","status":"publish","type":"product","link":"https:\/\/www.vocaracing.com\/es\/product\/bomba-de-freno-voca-plata\/","title":{"rendered":"Bomba de freno VOCA plata"},"content":{"rendered":"<p>Bomba de freno radial VOCA Racing. Con un pist\u00f3n de \u00d817,5mm esta bomba es ideal para combinar con pinzas de 4 pistones VOCA Racing o similares, con frenada de un solo disco. Mejora much\u00edsimo el tacto de la maneta y reduce considerablemente la distancia de frenada. Idea para motos de competici\u00f3n como: Scooters, Pitbike, Minigp&#8230;. Tambi\u00e9n se puede utilizar para mejorar la frenada de motos de calle, donde la bomba original es escasa o se ha montado una pinza de mayor tama\u00f1o. Para sacar el m\u00e1ximo partido combinar con latiguillo de freno met\u00e1lico y liquido DOT 5.1.<\/p>\n<p>Pre montada para usar como bomba delantera, lado derecho. Su sistema permite girar el deposito y utilizarla tambi\u00e9n como bomba lado izquierdo, en el caso de scooters. Paso tornillo racord 10&#215;1.25<\/p>\n<p>Disponible en:<br \/>\nAzul<br \/>\nNegro<br \/>\nOro<br \/>\nPlata<br \/>\nRojo<\/p>\n","protected":false},"excerpt":{"rendered":"<p>Bomba de freno radial Voca Racing. Con un pist\u00f3n de \u00d817,5mm esta bomba es ideal para combinar con pinzas de 4 pistones Voca Racing o similares.<\/p>\n","protected":false},"featured_media":12084,"template":"","meta":{"_acf_changed":false,"inline_featured_image":false,"_uag_custom_page_level_css":""},"product_brand":[],"product_cat":[226,356],"product_tag":[],"class_list":{"0":"post-12163","1":"product","2":"type-product","3":"status-publish","4":"has-post-thumbnail","6":"product_cat-parte-ciclo","7":"product_cat-sistema-de-freno","8":"splide__slide","10":"first","11":"instock","12":"shipping-taxable","13":"purchasable","14":"product-type-variable"},"acf":[],"yoast_head":"<!-- This site is optimized with the Yoast SEO plugin v27.3 - https:\/\/yoast.com\/product\/yoast-seo-wordpress\/ -->\n<title>Bomba de freno VOCA plata - VocaRacing<\/title>\n<meta name=\"description\" content=\"Bomba de freno radial VOCA Racing. Con un pist\u00f3n de \u00d817,5mm esta bomba es ideal para combinar con pinzas de 4 pistones VOCA Racing o similares, con frenada de un solo disco.\" \/>\n<meta name=\"robots\" content=\"index, follow, max-snippet:-1, max-image-preview:large, max-video-preview:-1\" \/>\n<link rel=\"canonical\" href=\"https:\/\/www.vocaracing.com\/es\/product\/bomba-de-freno-voca-plata\/\" \/>\n<meta property=\"og:locale\" content=\"es_ES\" \/>\n<meta property=\"og:type\" content=\"article\" \/>\n<meta property=\"og:title\" content=\"Bomba de freno VOCA plata - VocaRacing\" \/>\n<meta property=\"og:description\" content=\"Bomba de freno radial VOCA Racing. Con un pist\u00f3n de \u00d817,5mm esta bomba es ideal para combinar con pinzas de 4 pistones VOCA Racing o similares, con frenada de un solo disco.\" \/>\n<meta property=\"og:url\" content=\"https:\/\/www.vocaracing.com\/es\/product\/bomba-de-freno-voca-plata\/\" \/>\n<meta property=\"og:site_name\" content=\"VocaRacing\" \/>\n<meta property=\"article:publisher\" content=\"https:\/\/www.facebook.com\/vocaracing\" \/>\n<meta property=\"article:modified_time\" content=\"2022-12-01T15:35:31+00:00\" \/>\n<meta property=\"og:image\" content=\"https:\/\/www.vocaracing.com\/wp-content\/uploads\/2022\/11\/A-VCR-RD07BP.jpg\" \/>\n\t<meta property=\"og:image:width\" content=\"640\" \/>\n\t<meta property=\"og:image:height\" content=\"640\" \/>\n\t<meta property=\"og:image:type\" content=\"image\/jpeg\" \/>\n<meta name=\"twitter:card\" content=\"summary_large_image\" \/>\n<meta name=\"twitter:label1\" content=\"Est. reading time\" \/>\n\t<meta name=\"twitter:data1\" content=\"1 minute\" \/>\n<script type=\"application\/ld+json\" class=\"yoast-schema-graph\">{\"@context\":\"https:\\\/\\\/schema.org\",\"@graph\":[{\"@type\":\"WebPage\",\"@id\":\"https:\\\/\\\/www.vocaracing.com\\\/es\\\/product\\\/bomba-de-freno-voca-plata\\\/\",\"url\":\"https:\\\/\\\/www.vocaracing.com\\\/es\\\/product\\\/bomba-de-freno-voca-plata\\\/\",\"name\":\"Bomba de freno VOCA plata - VocaRacing\",\"isPartOf\":{\"@id\":\"https:\\\/\\\/www.vocaracing.com\\\/#website\"},\"primaryImageOfPage\":{\"@id\":\"https:\\\/\\\/www.vocaracing.com\\\/es\\\/product\\\/bomba-de-freno-voca-plata\\\/#primaryimage\"},\"image\":{\"@id\":\"https:\\\/\\\/www.vocaracing.com\\\/es\\\/product\\\/bomba-de-freno-voca-plata\\\/#primaryimage\"},\"thumbnailUrl\":\"https:\\\/\\\/www.vocaracing.com\\\/wp-content\\\/uploads\\\/2022\\\/11\\\/A-VCR-RD07BP.jpg\",\"datePublished\":\"2022-11-24T17:56:46+00:00\",\"dateModified\":\"2022-12-01T15:35:31+00:00\",\"description\":\"Bomba de freno radial VOCA Racing. Con un pist\u00f3n de \u00d817,5mm esta bomba es ideal para combinar con pinzas de 4 pistones VOCA Racing o similares, con frenada de un solo disco.\",\"breadcrumb\":{\"@id\":\"https:\\\/\\\/www.vocaracing.com\\\/es\\\/product\\\/bomba-de-freno-voca-plata\\\/#breadcrumb\"},\"inLanguage\":\"es-ES\",\"potentialAction\":[{\"@type\":\"ReadAction\",\"target\":[\"https:\\\/\\\/www.vocaracing.com\\\/es\\\/product\\\/bomba-de-freno-voca-plata\\\/\"]}]},{\"@type\":\"ImageObject\",\"inLanguage\":\"es-ES\",\"@id\":\"https:\\\/\\\/www.vocaracing.com\\\/es\\\/product\\\/bomba-de-freno-voca-plata\\\/#primaryimage\",\"url\":\"https:\\\/\\\/www.vocaracing.com\\\/wp-content\\\/uploads\\\/2022\\\/11\\\/A-VCR-RD07BP.jpg\",\"contentUrl\":\"https:\\\/\\\/www.vocaracing.com\\\/wp-content\\\/uploads\\\/2022\\\/11\\\/A-VCR-RD07BP.jpg\",\"width\":640,\"height\":640,\"caption\":\"Radial master cylinder brake pump VOCA racing black blue red gold silver\"},{\"@type\":\"BreadcrumbList\",\"@id\":\"https:\\\/\\\/www.vocaracing.com\\\/es\\\/product\\\/bomba-de-freno-voca-plata\\\/#breadcrumb\",\"itemListElement\":[{\"@type\":\"ListItem\",\"position\":1,\"name\":\"Home\",\"item\":\"https:\\\/\\\/www.vocaracing.com\\\/es\\\/\"},{\"@type\":\"ListItem\",\"position\":2,\"name\":\"Productos\",\"item\":\"https:\\\/\\\/www.vocaracing.com\\\/es\\\/productos\\\/\"},{\"@type\":\"ListItem\",\"position\":3,\"name\":\"Bomba de freno VOCA plata\"}]},{\"@type\":\"WebSite\",\"@id\":\"https:\\\/\\\/www.vocaracing.com\\\/#website\",\"url\":\"https:\\\/\\\/www.vocaracing.com\\\/\",\"name\":\"VocaRacing\",\"description\":\"Competition Proved\",\"publisher\":{\"@id\":\"https:\\\/\\\/www.vocaracing.com\\\/#organization\"},\"potentialAction\":[{\"@type\":\"SearchAction\",\"target\":{\"@type\":\"EntryPoint\",\"urlTemplate\":\"https:\\\/\\\/www.vocaracing.com\\\/?s={search_term_string}\"},\"query-input\":{\"@type\":\"PropertyValueSpecification\",\"valueRequired\":true,\"valueName\":\"search_term_string\"}}],\"inLanguage\":\"es-ES\"},{\"@type\":\"Organization\",\"@id\":\"https:\\\/\\\/www.vocaracing.com\\\/#organization\",\"name\":\"VocaRacing\",\"url\":\"https:\\\/\\\/www.vocaracing.com\\\/\",\"logo\":{\"@type\":\"ImageObject\",\"inLanguage\":\"es-ES\",\"@id\":\"https:\\\/\\\/www.vocaracing.com\\\/#\\\/schema\\\/logo\\\/image\\\/\",\"url\":\"https:\\\/\\\/www.vocaracing.com\\\/wp-content\\\/uploads\\\/2023\\\/08\\\/vocaracing.png\",\"contentUrl\":\"https:\\\/\\\/www.vocaracing.com\\\/wp-content\\\/uploads\\\/2023\\\/08\\\/vocaracing.png\",\"width\":600,\"height\":400,\"caption\":\"VocaRacing\"},\"image\":{\"@id\":\"https:\\\/\\\/www.vocaracing.com\\\/#\\\/schema\\\/logo\\\/image\\\/\"},\"sameAs\":[\"https:\\\/\\\/www.facebook.com\\\/vocaracing\",\"https:\\\/\\\/www.youtube.com\\\/user\\\/VOCARacing\"]}]}<\/script>\n<!-- \/ Yoast SEO plugin. -->","yoast_head_json":{"title":"Bomba de freno VOCA plata - VocaRacing","description":"Bomba de freno radial VOCA Racing. Con un pist\u00f3n de \u00d817,5mm esta bomba es ideal para combinar con pinzas de 4 pistones VOCA Racing o similares, con frenada de un solo disco.","robots":{"index":"index","follow":"follow","max-snippet":"max-snippet:-1","max-image-preview":"max-image-preview:large","max-video-preview":"max-video-preview:-1"},"canonical":"https:\/\/www.vocaracing.com\/es\/product\/bomba-de-freno-voca-plata\/","og_locale":"es_ES","og_type":"article","og_title":"Bomba de freno VOCA plata - VocaRacing","og_description":"Bomba de freno radial VOCA Racing. Con un pist\u00f3n de \u00d817,5mm esta bomba es ideal para combinar con pinzas de 4 pistones VOCA Racing o similares, con frenada de un solo disco.","og_url":"https:\/\/www.vocaracing.com\/es\/product\/bomba-de-freno-voca-plata\/","og_site_name":"VocaRacing","article_publisher":"https:\/\/www.facebook.com\/vocaracing","article_modified_time":"2022-12-01T15:35:31+00:00","og_image":[{"width":640,"height":640,"url":"https:\/\/www.vocaracing.com\/wp-content\/uploads\/2022\/11\/A-VCR-RD07BP.jpg","type":"image\/jpeg"}],"twitter_card":"summary_large_image","twitter_misc":{"Est. reading time":"1 minute"},"schema":{"@context":"https:\/\/schema.org","@graph":[{"@type":"WebPage","@id":"https:\/\/www.vocaracing.com\/es\/product\/bomba-de-freno-voca-plata\/","url":"https:\/\/www.vocaracing.com\/es\/product\/bomba-de-freno-voca-plata\/","name":"Bomba de freno VOCA plata - VocaRacing","isPartOf":{"@id":"https:\/\/www.vocaracing.com\/#website"},"primaryImageOfPage":{"@id":"https:\/\/www.vocaracing.com\/es\/product\/bomba-de-freno-voca-plata\/#primaryimage"},"image":{"@id":"https:\/\/www.vocaracing.com\/es\/product\/bomba-de-freno-voca-plata\/#primaryimage"},"thumbnailUrl":"https:\/\/www.vocaracing.com\/wp-content\/uploads\/2022\/11\/A-VCR-RD07BP.jpg","datePublished":"2022-11-24T17:56:46+00:00","dateModified":"2022-12-01T15:35:31+00:00","description":"Bomba de freno radial VOCA Racing. Con un pist\u00f3n de \u00d817,5mm esta bomba es ideal para combinar con pinzas de 4 pistones VOCA Racing o similares, con frenada de un solo disco.","breadcrumb":{"@id":"https:\/\/www.vocaracing.com\/es\/product\/bomba-de-freno-voca-plata\/#breadcrumb"},"inLanguage":"es-ES","potentialAction":[{"@type":"ReadAction","target":["https:\/\/www.vocaracing.com\/es\/product\/bomba-de-freno-voca-plata\/"]}]},{"@type":"ImageObject","inLanguage":"es-ES","@id":"https:\/\/www.vocaracing.com\/es\/product\/bomba-de-freno-voca-plata\/#primaryimage","url":"https:\/\/www.vocaracing.com\/wp-content\/uploads\/2022\/11\/A-VCR-RD07BP.jpg","contentUrl":"https:\/\/www.vocaracing.com\/wp-content\/uploads\/2022\/11\/A-VCR-RD07BP.jpg","width":640,"height":640,"caption":"Radial master cylinder brake pump VOCA racing black blue red gold silver"},{"@type":"BreadcrumbList","@id":"https:\/\/www.vocaracing.com\/es\/product\/bomba-de-freno-voca-plata\/#breadcrumb","itemListElement":[{"@type":"ListItem","position":1,"name":"Home","item":"https:\/\/www.vocaracing.com\/es\/"},{"@type":"ListItem","position":2,"name":"Productos","item":"https:\/\/www.vocaracing.com\/es\/productos\/"},{"@type":"ListItem","position":3,"name":"Bomba de freno VOCA plata"}]},{"@type":"WebSite","@id":"https:\/\/www.vocaracing.com\/#website","url":"https:\/\/www.vocaracing.com\/","name":"VocaRacing","description":"Competition Proved","publisher":{"@id":"https:\/\/www.vocaracing.com\/#organization"},"potentialAction":[{"@type":"SearchAction","target":{"@type":"EntryPoint","urlTemplate":"https:\/\/www.vocaracing.com\/?s={search_term_string}"},"query-input":{"@type":"PropertyValueSpecification","valueRequired":true,"valueName":"search_term_string"}}],"inLanguage":"es-ES"},{"@type":"Organization","@id":"https:\/\/www.vocaracing.com\/#organization","name":"VocaRacing","url":"https:\/\/www.vocaracing.com\/","logo":{"@type":"ImageObject","inLanguage":"es-ES","@id":"https:\/\/www.vocaracing.com\/#\/schema\/logo\/image\/","url":"https:\/\/www.vocaracing.com\/wp-content\/uploads\/2023\/08\/vocaracing.png","contentUrl":"https:\/\/www.vocaracing.com\/wp-content\/uploads\/2023\/08\/vocaracing.png","width":600,"height":400,"caption":"VocaRacing"},"image":{"@id":"https:\/\/www.vocaracing.com\/#\/schema\/logo\/image\/"},"sameAs":["https:\/\/www.facebook.com\/vocaracing","https:\/\/www.youtube.com\/user\/VOCARacing"]}]}},"uagb_featured_image_src":{"full":["https:\/\/www.vocaracing.com\/wp-content\/uploads\/2022\/11\/A-VCR-RD07BP.jpg",640,640,false],"thumbnail":["https:\/\/www.vocaracing.com\/wp-content\/uploads\/2022\/11\/A-VCR-RD07BP-200x150.jpg",200,150,true],"medium":["https:\/\/www.vocaracing.com\/wp-content\/uploads\/2022\/11\/A-VCR-RD07BP-180x180.jpg",180,180,true],"medium_large":["https:\/\/www.vocaracing.com\/wp-content\/uploads\/2022\/11\/A-VCR-RD07BP.jpg",640,640,false],"large":["https:\/\/www.vocaracing.com\/wp-content\/uploads\/2022\/11\/A-VCR-RD07BP.jpg",640,640,false],"1536x1536":["https:\/\/www.vocaracing.com\/wp-content\/uploads\/2022\/11\/A-VCR-RD07BP.jpg",640,640,false],"2048x2048":["https:\/\/www.vocaracing.com\/wp-content\/uploads\/2022\/11\/A-VCR-RD07BP.jpg",640,640,false],"woocommerce_thumbnail":["https:\/\/www.vocaracing.com\/wp-content\/uploads\/2022\/11\/A-VCR-RD07BP-500x500.jpg",500,500,true],"woocommerce_single":["https:\/\/www.vocaracing.com\/wp-content\/uploads\/2022\/11\/A-VCR-RD07BP.jpg",640,640,false],"woocommerce_gallery_thumbnail":["https:\/\/www.vocaracing.com\/wp-content\/uploads\/2022\/11\/A-VCR-RD07BP-100x100.jpg",100,100,true]},"uagb_author_info":{"display_name":"Design Motoscoot","author_link":"https:\/\/www.vocaracing.com\/es\/author\/"},"uagb_comment_info":0,"uagb_excerpt":"Bomba de freno radial Voca Racing. Con un pist\u00f3n de \u00d817,5mm esta bomba es ideal para combinar con pinzas de 4 pistones Voca Racing o similares.","_links":{"self":[{"href":"https:\/\/www.vocaracing.com\/es\/wp-json\/wp\/v2\/product\/12163","targetHints":{"allow":["GET"]}}],"collection":[{"href":"https:\/\/www.vocaracing.com\/es\/wp-json\/wp\/v2\/product"}],"about":[{"href":"https:\/\/www.vocaracing.com\/es\/wp-json\/wp\/v2\/types\/product"}],"wp:featuredmedia":[{"embeddable":true,"href":"https:\/\/www.vocaracing.com\/es\/wp-json\/wp\/v2\/media\/12084"}],"wp:attachment":[{"href":"https:\/\/www.vocaracing.com\/es\/wp-json\/wp\/v2\/media?parent=12163"}],"wp:term":[{"taxonomy":"product_brand","embeddable":true,"href":"https:\/\/www.vocaracing.com\/es\/wp-json\/wp\/v2\/product_brand?post=12163"},{"taxonomy":"product_cat","embeddable":true,"href":"https:\/\/www.vocaracing.com\/es\/wp-json\/wp\/v2\/product_cat?post=12163"},{"taxonomy":"product_tag","embeddable":true,"href":"https:\/\/www.vocaracing.com\/es\/wp-json\/wp\/v2\/product_tag?post=12163"}],"curies":[{"name":"wp","href":"https:\/\/api.w.org\/{rel}","templated":true}]}}