{"id":11142,"date":"2021-02-17T09:18:45","date_gmt":"2021-02-17T08:18:54","guid":{"rendered":"https:\/\/www.vocaracing.com\/?post_type=product&#038;p=11142"},"modified":"2021-02-17T09:41:54","modified_gmt":"2021-02-17T08:41:54","slug":"caja-de-cambios-derbi","status":"publish","type":"product","link":"https:\/\/www.vocaracing.com\/es\/product\/caja-de-cambios-derbi\/","title":{"rendered":"Caja de cambios Derbi"},"content":{"rendered":"<p>Caja de cambios Voca Racing para motores Derbi euro 2 (EBE050) y euro 3 (D50B0). Para preparaciones de gama alta es necesario una caja de cambio con relaci\u00f3n cerrada. Con esta caja de cambios podr\u00e1s aprovechar al m\u00e1ximo todo el potencial de tu motor transmitiendo toda la potencia a la rueda.<\/p>\n<p>Relaci\u00f3n de transmisi\u00f3n:<br \/>1a: 13&#215;32 38.61%<br \/>2a: 14&#215;26 51.35%<br \/>3a: 18&#215;27 63.33%<br \/>4a: 20&#215;25 76.00%<br \/>5a: 24&#215;26 87.96%<br \/>6a: 23&#215;22 100%<\/p>\n","protected":false},"excerpt":{"rendered":"<p>Caja de cambios Voca Racing para motores Derbi euro 2 (EBE050) y euro 3 (D50B0). Para preparaciones de gama alta es necesario una caja de cambio con relaci\u00f3n cerrada. Con esta caja de cambios podr\u00e1s aprovechar al m\u00e1ximo todo el potencial de tu motor transmitiendo toda la potencia a la rueda.<\/p>\n","protected":false},"featured_media":11147,"template":"","meta":{"_acf_changed":false,"inline_featured_image":false,"_uag_custom_page_level_css":""},"product_brand":[],"product_cat":[1348,263],"product_tag":[],"class_list":{"0":"post-11142","1":"product","2":"type-product","3":"status-publish","4":"has-post-thumbnail","6":"product_cat-caja-de-cambios","7":"product_cat-motor","8":"splide__slide","10":"first","11":"instock","12":"shipping-taxable","13":"purchasable","14":"product-type-simple"},"acf":[],"yoast_head":"<!-- This site is optimized with the Yoast SEO plugin v27.3 - https:\/\/yoast.com\/product\/yoast-seo-wordpress\/ -->\n<title>Caja de cambios Derbi - VocaRacing<\/title>\n<meta name=\"description\" content=\"Caja de cambios Voca Racing para Derbi Euro 2 (EBE 050) y Euro 3 (D50B0) con una relaci\u00f3n de transmisi\u00f3n significativamente mejorada para motores sintonizados.\" \/>\n<meta name=\"robots\" content=\"index, follow, max-snippet:-1, max-image-preview:large, max-video-preview:-1\" \/>\n<link rel=\"canonical\" href=\"https:\/\/www.vocaracing.com\/es\/product\/caja-de-cambios-derbi\/\" \/>\n<meta property=\"og:locale\" content=\"es_ES\" \/>\n<meta property=\"og:type\" content=\"article\" \/>\n<meta property=\"og:title\" content=\"Caja de cambios Derbi - VocaRacing\" \/>\n<meta property=\"og:description\" content=\"Caja de cambios Voca Racing para Derbi Euro 2 (EBE 050) y Euro 3 (D50B0) con una relaci\u00f3n de transmisi\u00f3n significativamente mejorada para motores sintonizados.\" \/>\n<meta property=\"og:url\" content=\"https:\/\/www.vocaracing.com\/es\/product\/caja-de-cambios-derbi\/\" \/>\n<meta property=\"og:site_name\" content=\"VocaRacing\" \/>\n<meta property=\"article:publisher\" content=\"https:\/\/www.facebook.com\/vocaracing\" \/>\n<meta property=\"article:modified_time\" content=\"2021-02-17T08:41:54+00:00\" \/>\n<meta property=\"og:image\" content=\"https:\/\/www.vocaracing.com\/wp-content\/uploads\/2021\/02\/VCR-RD77193.CC_01-1.jpg\" \/>\n\t<meta property=\"og:image:width\" content=\"640\" \/>\n\t<meta property=\"og:image:height\" content=\"640\" \/>\n\t<meta property=\"og:image:type\" content=\"image\/jpeg\" \/>\n<meta name=\"twitter:card\" content=\"summary_large_image\" \/>\n<script type=\"application\/ld+json\" class=\"yoast-schema-graph\">{\"@context\":\"https:\\\/\\\/schema.org\",\"@graph\":[{\"@type\":\"WebPage\",\"@id\":\"https:\\\/\\\/www.vocaracing.com\\\/es\\\/product\\\/caja-de-cambios-derbi\\\/\",\"url\":\"https:\\\/\\\/www.vocaracing.com\\\/es\\\/product\\\/caja-de-cambios-derbi\\\/\",\"name\":\"Caja de cambios Derbi - VocaRacing\",\"isPartOf\":{\"@id\":\"https:\\\/\\\/www.vocaracing.com\\\/#website\"},\"primaryImageOfPage\":{\"@id\":\"https:\\\/\\\/www.vocaracing.com\\\/es\\\/product\\\/caja-de-cambios-derbi\\\/#primaryimage\"},\"image\":{\"@id\":\"https:\\\/\\\/www.vocaracing.com\\\/es\\\/product\\\/caja-de-cambios-derbi\\\/#primaryimage\"},\"thumbnailUrl\":\"https:\\\/\\\/www.vocaracing.com\\\/wp-content\\\/uploads\\\/2021\\\/02\\\/VCR-RD77193.CC_01-1.jpg\",\"datePublished\":\"2021-02-17T08:18:54+00:00\",\"dateModified\":\"2021-02-17T08:41:54+00:00\",\"description\":\"Caja de cambios Voca Racing para Derbi Euro 2 (EBE 050) y Euro 3 (D50B0) con una relaci\u00f3n de transmisi\u00f3n significativamente mejorada para motores sintonizados.\",\"breadcrumb\":{\"@id\":\"https:\\\/\\\/www.vocaracing.com\\\/es\\\/product\\\/caja-de-cambios-derbi\\\/#breadcrumb\"},\"inLanguage\":\"es-ES\",\"potentialAction\":[{\"@type\":\"ReadAction\",\"target\":[\"https:\\\/\\\/www.vocaracing.com\\\/es\\\/product\\\/caja-de-cambios-derbi\\\/\"]}]},{\"@type\":\"ImageObject\",\"inLanguage\":\"es-ES\",\"@id\":\"https:\\\/\\\/www.vocaracing.com\\\/es\\\/product\\\/caja-de-cambios-derbi\\\/#primaryimage\",\"url\":\"https:\\\/\\\/www.vocaracing.com\\\/wp-content\\\/uploads\\\/2021\\\/02\\\/VCR-RD77193.CC_01-1.jpg\",\"contentUrl\":\"https:\\\/\\\/www.vocaracing.com\\\/wp-content\\\/uploads\\\/2021\\\/02\\\/VCR-RD77193.CC_01-1.jpg\",\"width\":640,\"height\":640},{\"@type\":\"BreadcrumbList\",\"@id\":\"https:\\\/\\\/www.vocaracing.com\\\/es\\\/product\\\/caja-de-cambios-derbi\\\/#breadcrumb\",\"itemListElement\":[{\"@type\":\"ListItem\",\"position\":1,\"name\":\"Home\",\"item\":\"https:\\\/\\\/www.vocaracing.com\\\/es\\\/\"},{\"@type\":\"ListItem\",\"position\":2,\"name\":\"Productos\",\"item\":\"https:\\\/\\\/www.vocaracing.com\\\/es\\\/productos\\\/\"},{\"@type\":\"ListItem\",\"position\":3,\"name\":\"Caja de cambios Derbi\"}]},{\"@type\":\"WebSite\",\"@id\":\"https:\\\/\\\/www.vocaracing.com\\\/#website\",\"url\":\"https:\\\/\\\/www.vocaracing.com\\\/\",\"name\":\"VocaRacing\",\"description\":\"Competition Proved\",\"publisher\":{\"@id\":\"https:\\\/\\\/www.vocaracing.com\\\/#organization\"},\"potentialAction\":[{\"@type\":\"SearchAction\",\"target\":{\"@type\":\"EntryPoint\",\"urlTemplate\":\"https:\\\/\\\/www.vocaracing.com\\\/?s={search_term_string}\"},\"query-input\":{\"@type\":\"PropertyValueSpecification\",\"valueRequired\":true,\"valueName\":\"search_term_string\"}}],\"inLanguage\":\"es-ES\"},{\"@type\":\"Organization\",\"@id\":\"https:\\\/\\\/www.vocaracing.com\\\/#organization\",\"name\":\"VocaRacing\",\"url\":\"https:\\\/\\\/www.vocaracing.com\\\/\",\"logo\":{\"@type\":\"ImageObject\",\"inLanguage\":\"es-ES\",\"@id\":\"https:\\\/\\\/www.vocaracing.com\\\/#\\\/schema\\\/logo\\\/image\\\/\",\"url\":\"https:\\\/\\\/www.vocaracing.com\\\/wp-content\\\/uploads\\\/2023\\\/08\\\/vocaracing.png\",\"contentUrl\":\"https:\\\/\\\/www.vocaracing.com\\\/wp-content\\\/uploads\\\/2023\\\/08\\\/vocaracing.png\",\"width\":600,\"height\":400,\"caption\":\"VocaRacing\"},\"image\":{\"@id\":\"https:\\\/\\\/www.vocaracing.com\\\/#\\\/schema\\\/logo\\\/image\\\/\"},\"sameAs\":[\"https:\\\/\\\/www.facebook.com\\\/vocaracing\",\"https:\\\/\\\/www.youtube.com\\\/user\\\/VOCARacing\"]}]}<\/script>\n<!-- \/ Yoast SEO plugin. -->","yoast_head_json":{"title":"Caja de cambios Derbi - VocaRacing","description":"Caja de cambios Voca Racing para Derbi Euro 2 (EBE 050) y Euro 3 (D50B0) con una relaci\u00f3n de transmisi\u00f3n significativamente mejorada para motores sintonizados.","robots":{"index":"index","follow":"follow","max-snippet":"max-snippet:-1","max-image-preview":"max-image-preview:large","max-video-preview":"max-video-preview:-1"},"canonical":"https:\/\/www.vocaracing.com\/es\/product\/caja-de-cambios-derbi\/","og_locale":"es_ES","og_type":"article","og_title":"Caja de cambios Derbi - VocaRacing","og_description":"Caja de cambios Voca Racing para Derbi Euro 2 (EBE 050) y Euro 3 (D50B0) con una relaci\u00f3n de transmisi\u00f3n significativamente mejorada para motores sintonizados.","og_url":"https:\/\/www.vocaracing.com\/es\/product\/caja-de-cambios-derbi\/","og_site_name":"VocaRacing","article_publisher":"https:\/\/www.facebook.com\/vocaracing","article_modified_time":"2021-02-17T08:41:54+00:00","og_image":[{"width":640,"height":640,"url":"https:\/\/www.vocaracing.com\/wp-content\/uploads\/2021\/02\/VCR-RD77193.CC_01-1.jpg","type":"image\/jpeg"}],"twitter_card":"summary_large_image","schema":{"@context":"https:\/\/schema.org","@graph":[{"@type":"WebPage","@id":"https:\/\/www.vocaracing.com\/es\/product\/caja-de-cambios-derbi\/","url":"https:\/\/www.vocaracing.com\/es\/product\/caja-de-cambios-derbi\/","name":"Caja de cambios Derbi - VocaRacing","isPartOf":{"@id":"https:\/\/www.vocaracing.com\/#website"},"primaryImageOfPage":{"@id":"https:\/\/www.vocaracing.com\/es\/product\/caja-de-cambios-derbi\/#primaryimage"},"image":{"@id":"https:\/\/www.vocaracing.com\/es\/product\/caja-de-cambios-derbi\/#primaryimage"},"thumbnailUrl":"https:\/\/www.vocaracing.com\/wp-content\/uploads\/2021\/02\/VCR-RD77193.CC_01-1.jpg","datePublished":"2021-02-17T08:18:54+00:00","dateModified":"2021-02-17T08:41:54+00:00","description":"Caja de cambios Voca Racing para Derbi Euro 2 (EBE 050) y Euro 3 (D50B0) con una relaci\u00f3n de transmisi\u00f3n significativamente mejorada para motores sintonizados.","breadcrumb":{"@id":"https:\/\/www.vocaracing.com\/es\/product\/caja-de-cambios-derbi\/#breadcrumb"},"inLanguage":"es-ES","potentialAction":[{"@type":"ReadAction","target":["https:\/\/www.vocaracing.com\/es\/product\/caja-de-cambios-derbi\/"]}]},{"@type":"ImageObject","inLanguage":"es-ES","@id":"https:\/\/www.vocaracing.com\/es\/product\/caja-de-cambios-derbi\/#primaryimage","url":"https:\/\/www.vocaracing.com\/wp-content\/uploads\/2021\/02\/VCR-RD77193.CC_01-1.jpg","contentUrl":"https:\/\/www.vocaracing.com\/wp-content\/uploads\/2021\/02\/VCR-RD77193.CC_01-1.jpg","width":640,"height":640},{"@type":"BreadcrumbList","@id":"https:\/\/www.vocaracing.com\/es\/product\/caja-de-cambios-derbi\/#breadcrumb","itemListElement":[{"@type":"ListItem","position":1,"name":"Home","item":"https:\/\/www.vocaracing.com\/es\/"},{"@type":"ListItem","position":2,"name":"Productos","item":"https:\/\/www.vocaracing.com\/es\/productos\/"},{"@type":"ListItem","position":3,"name":"Caja de cambios Derbi"}]},{"@type":"WebSite","@id":"https:\/\/www.vocaracing.com\/#website","url":"https:\/\/www.vocaracing.com\/","name":"VocaRacing","description":"Competition Proved","publisher":{"@id":"https:\/\/www.vocaracing.com\/#organization"},"potentialAction":[{"@type":"SearchAction","target":{"@type":"EntryPoint","urlTemplate":"https:\/\/www.vocaracing.com\/?s={search_term_string}"},"query-input":{"@type":"PropertyValueSpecification","valueRequired":true,"valueName":"search_term_string"}}],"inLanguage":"es-ES"},{"@type":"Organization","@id":"https:\/\/www.vocaracing.com\/#organization","name":"VocaRacing","url":"https:\/\/www.vocaracing.com\/","logo":{"@type":"ImageObject","inLanguage":"es-ES","@id":"https:\/\/www.vocaracing.com\/#\/schema\/logo\/image\/","url":"https:\/\/www.vocaracing.com\/wp-content\/uploads\/2023\/08\/vocaracing.png","contentUrl":"https:\/\/www.vocaracing.com\/wp-content\/uploads\/2023\/08\/vocaracing.png","width":600,"height":400,"caption":"VocaRacing"},"image":{"@id":"https:\/\/www.vocaracing.com\/#\/schema\/logo\/image\/"},"sameAs":["https:\/\/www.facebook.com\/vocaracing","https:\/\/www.youtube.com\/user\/VOCARacing"]}]}},"uagb_featured_image_src":{"full":["https:\/\/www.vocaracing.com\/wp-content\/uploads\/2021\/02\/VCR-RD77193.CC_01-1.jpg",640,640,false],"thumbnail":["https:\/\/www.vocaracing.com\/wp-content\/uploads\/2021\/02\/VCR-RD77193.CC_01-1-200x150.jpg",200,150,true],"medium":["https:\/\/www.vocaracing.com\/wp-content\/uploads\/2021\/02\/VCR-RD77193.CC_01-1-180x180.jpg",180,180,true],"medium_large":["https:\/\/www.vocaracing.com\/wp-content\/uploads\/2021\/02\/VCR-RD77193.CC_01-1.jpg",640,640,false],"large":["https:\/\/www.vocaracing.com\/wp-content\/uploads\/2021\/02\/VCR-RD77193.CC_01-1.jpg",640,640,false],"1536x1536":["https:\/\/www.vocaracing.com\/wp-content\/uploads\/2021\/02\/VCR-RD77193.CC_01-1.jpg",640,640,false],"2048x2048":["https:\/\/www.vocaracing.com\/wp-content\/uploads\/2021\/02\/VCR-RD77193.CC_01-1.jpg",640,640,false],"woocommerce_thumbnail":["https:\/\/www.vocaracing.com\/wp-content\/uploads\/2021\/02\/VCR-RD77193.CC_01-1-500x500.jpg",500,500,true],"woocommerce_single":["https:\/\/www.vocaracing.com\/wp-content\/uploads\/2021\/02\/VCR-RD77193.CC_01-1.jpg",640,640,false],"woocommerce_gallery_thumbnail":["https:\/\/www.vocaracing.com\/wp-content\/uploads\/2021\/02\/VCR-RD77193.CC_01-1-100x100.jpg",100,100,true]},"uagb_author_info":{"display_name":"Design Motoscoot","author_link":"https:\/\/www.vocaracing.com\/es\/author\/"},"uagb_comment_info":0,"uagb_excerpt":"Caja de cambios Voca Racing para motores Derbi euro 2 (EBE050) y euro 3 (D50B0). Para preparaciones de gama alta es necesario una caja de cambio con relaci\u00f3n cerrada. Con esta caja de cambios podr\u00e1s aprovechar al m\u00e1ximo todo el potencial de tu motor transmitiendo toda la potencia a la rueda.","_links":{"self":[{"href":"https:\/\/www.vocaracing.com\/es\/wp-json\/wp\/v2\/product\/11142","targetHints":{"allow":["GET"]}}],"collection":[{"href":"https:\/\/www.vocaracing.com\/es\/wp-json\/wp\/v2\/product"}],"about":[{"href":"https:\/\/www.vocaracing.com\/es\/wp-json\/wp\/v2\/types\/product"}],"wp:featuredmedia":[{"embeddable":true,"href":"https:\/\/www.vocaracing.com\/es\/wp-json\/wp\/v2\/media\/11147"}],"wp:attachment":[{"href":"https:\/\/www.vocaracing.com\/es\/wp-json\/wp\/v2\/media?parent=11142"}],"wp:term":[{"taxonomy":"product_brand","embeddable":true,"href":"https:\/\/www.vocaracing.com\/es\/wp-json\/wp\/v2\/product_brand?post=11142"},{"taxonomy":"product_cat","embeddable":true,"href":"https:\/\/www.vocaracing.com\/es\/wp-json\/wp\/v2\/product_cat?post=11142"},{"taxonomy":"product_tag","embeddable":true,"href":"https:\/\/www.vocaracing.com\/es\/wp-json\/wp\/v2\/product_tag?post=11142"}],"curies":[{"name":"wp","href":"https:\/\/api.w.org\/{rel}","templated":true}]}}