{"id":11139,"date":"2021-02-16T11:40:36","date_gmt":"2021-02-16T10:40:36","guid":{"rendered":"https:\/\/www.vocaracing.com\/product\/caja-de-cambios-minarelli-am6\/"},"modified":"2021-02-16T11:40:36","modified_gmt":"2021-02-16T10:40:36","slug":"caja-de-cambios-minarelli-am6","status":"publish","type":"product","link":"https:\/\/www.vocaracing.com\/es\/product\/caja-de-cambios-minarelli-am6\/","title":{"rendered":"Caja de cambios Minarelli AM6"},"content":{"rendered":"<p>Caja de cambios \u201ccompleta\u201d competici\u00f3n para motor Minarelli AM6. Mejora en gran parte los resultados sobre los motores preparados disminuyendo las p\u00e9rdidas de r\u00e9gimen al cambiar de marcha, un articulo que te sorprenderas del buen resultado que se llega a obtener.<\/p>\n<p>Relacion de pi\u00f1ones<br \/>1st = (36\/14) (2.27:1 overall)<br \/>2nd = (30\/16) 1.65:1<br \/>3rd = (29\/19) 1.35:1<br \/>4th = (27\/20) 1.19:1<br \/>5th = (26\/21) 1.09:1<br \/>6th = (25\/22) 1:1<\/p>\n<p>Adaptable en:<br \/>Aprilia<\/p>\n<p>MX 50cc (AM6)<br \/>RS 50cc (AM6) &#8211; (a partir 1999)<br \/>RS 50cc (AM6) &#8211; (antes de 1999)<br \/>RX 50cc (AM6)<br \/>Tuono 50cc (AM6<br \/>AF1 50cc (AM6)<br \/>Beta<\/p>\n<p>RR 50cc Motard (AM6)<br \/>RR Enduro 50cc (AM6) &#8211; (tubular)<br \/>RR Alu SM 50cc (AM6) &#8211; (per\u00edmetral)<br \/>RR Enduro 50cc (AM6)<br \/>RR Alu Enduro 50cc (AM6) &#8211; (per\u00edmetral)<br \/>RK6 50cc (AM6)<br \/>RR SM 50cc (AM6) &#8211; (tubular)<br \/>RR-T Enduro 50cc (AM6) &#8211; (tubular)<br \/>RR-T SM 50cc (AM6) &#8211; (tubular)<br \/>CH-Moto<\/p>\n<p>WXE Enduro Racing 50cc (AM6)<br \/>WSM SM Racing 50cc (AM6-Euro 2)<br \/>Fantic Motor<\/p>\n<p>SM 50 (Am6)<br \/>Caballero SM 50cc (AM6 alu)<br \/>Regolarita Casa 50cc (AM6 alu)<br \/>HM-Moto<\/p>\n<p>D\u00e9rapage SM Comp\u00e9tition (versi\u00f3n 2006) AM6<br \/>D\u00e9rapage SM Comp\u00e9tition (versi\u00f3n 2005) AM6<br \/>Cre\/Six SM 50cc (versi\u00f3n 2006) AM6<br \/>Cre\/Six SM 50cc (versi\u00f3n 2005) AM6<br \/>Cre\/Baja Enduro 50cc (versi\u00f3n 2006) AM6<br \/>Husqvarna<\/p>\n<p>SM Cross 50cc (AM6)<br \/>CH Racing 50cc (AM6)<br \/>MBK<\/p>\n<p>X-Limit Enduro 50cc (a partir 2003) AM6 (per\u00edmetral)<br \/>X-Power 50cc (AM6) &#8211; (antes de 2003)<br \/>X-Power 50cc (AM6) &#8211; (a partir 2003)<br \/>X-Limit SM 50cc (antes de 2003) AM6 &#8211; (tubular)<br \/>X-Limit SM 50cc (a partir 2003) AM6 &#8211; (per\u00edmetral)<br \/>X-Limit Enduro 50cc (antes de 2003) AM6 &#8211; (tubular)<br \/>Malaguti<\/p>\n<p>XTM Enduro 50cc (AM6) &#8211; (a partir 2003)<br \/>XSM Supermotard 50cc (AM6) &#8211; (a partir 2003)<br \/>Drakon Naked 50cc (AM6)<br \/>Motorhispania<\/p>\n<p>Furia Max Enduro\/SM 50cc (AM6) &#8211; (tubular)<br \/>RX Super Racing 50cc (AM6)<br \/>RYZ Enduro\/SM 50cc (AM6) &#8211; (per\u00edmetral)<br \/>Peugeot<\/p>\n<p>XPS-Supermotard 50cc (AM6) &#8211; (per\u00edmetral)<br \/>XR6 50cc (AM6)<br \/>XP7 (AM6)<br \/>NK7 (AM6)<br \/>XR7 (AM6)<br \/>XPS-Street EVO2 50cc (AM6) &#8211; (per\u00edmetral)<br \/>XPS-Enduro 50cc (AM6) &#8211; (per\u00edmetral)<br \/>XP6-Supermotard 50cc (AM6) &#8211; (tubular)<br \/>XP6-Enduro 50cc (AM6) &#8211; (tubular)<br \/>Rieju<\/p>\n<p>RS2 NKD 50cc (AM6)<br \/>MRT PRO SM (AM6)<br \/>Spike 2 50cc (AM6)<br \/>SMX SM 50cc Pro (AM6)<br \/>RS3 (AM6)<br \/>MRT SM (AM6)<br \/>MRT PRO (AM6)<br \/>RS-1 Evolution 50cc (AM6)<br \/>MRX Enduro 50cc Pro (AM6)<br \/>MRX Euduro 50cc (AM6)<br \/>RS2 Matrix 50cc (AM6)<br \/>SMX SM 50cc (AM6)<br \/>MRT (AM6)<br \/>RR Enduro 50cc (AM6)<br \/>Sherco<\/p>\n<p>Enduro Shark 50cc (AM6)<br \/>Supermotard SHARK 50cc (AM6)<br \/>Supermotard Champion Replica 50cc (AM6)<br \/>Supermotard IPONE Replica 50cc (AM6)<br \/>Enduro 50cc (AM6)<br \/>Supermotard 50cc (AM6)<br \/>Yamaha<\/p>\n<p>TZR 50cc (AM6) &#8211; (a partir 2003)<br \/>DTX SM 50cc (a partir 2003) AM6 &#8211; (tubular)<br \/>DTX SM 50cc (a partir 2003) AM6 &#8211; (per\u00edmetral)<br \/>TZR 50cc (AM6) &#8211; (antes de 2003)<br \/>DTR Enduro 50cc (antes de 2003) AM6 &#8211; (tubular)<br \/>DTR Enduro 50cc (a partir 2003) AM6 &#8211; (per\u00edmetral)<\/p>\n","protected":false},"excerpt":{"rendered":"<p>Caja de cambios \u201ccompleta\u201d competici\u00f3n para motor Minarelli AM6. Mejora en gran parte los resultados sobre los motores preparados disminuyendo las p\u00e9rdidas de r\u00e9gimen al cambiar de marcha, un articulo que te sorprenderas del buen resultado que se llega a obtener.<\/p>\n","protected":false},"featured_media":11151,"template":"","meta":{"_acf_changed":false,"inline_featured_image":false,"_uag_custom_page_level_css":""},"product_brand":[],"product_cat":[1348,263],"product_tag":[],"class_list":{"0":"post-11139","1":"product","2":"type-product","3":"status-publish","4":"has-post-thumbnail","6":"product_cat-caja-de-cambios","7":"product_cat-motor","8":"splide__slide","10":"first","11":"instock","12":"shipping-taxable","13":"purchasable","14":"product-type-simple"},"acf":[],"yoast_head":"<!-- This site is optimized with the Yoast SEO plugin v27.3 - https:\/\/yoast.com\/product\/yoast-seo-wordpress\/ -->\n<title>Caja de cambios Minarelli AM6 - VocaRacing<\/title>\n<meta name=\"description\" content=\"Caja de cambios \u201ccompleta\u201d competici\u00f3n para motor Minarelli AM6. Mejora en gran parte los resultados sobre los motores preparados.\" \/>\n<meta name=\"robots\" content=\"index, follow, max-snippet:-1, max-image-preview:large, max-video-preview:-1\" \/>\n<link rel=\"canonical\" href=\"https:\/\/www.vocaracing.com\/es\/product\/caja-de-cambios-minarelli-am6\/\" \/>\n<meta property=\"og:locale\" content=\"es_ES\" \/>\n<meta property=\"og:type\" content=\"article\" \/>\n<meta property=\"og:title\" content=\"Caja de cambios Minarelli AM6 - VocaRacing\" \/>\n<meta property=\"og:description\" content=\"Caja de cambios \u201ccompleta\u201d competici\u00f3n para motor Minarelli AM6. Mejora en gran parte los resultados sobre los motores preparados.\" \/>\n<meta property=\"og:url\" content=\"https:\/\/www.vocaracing.com\/es\/product\/caja-de-cambios-minarelli-am6\/\" \/>\n<meta property=\"og:site_name\" content=\"VocaRacing\" \/>\n<meta property=\"article:publisher\" content=\"https:\/\/www.facebook.com\/vocaracing\" \/>\n<meta property=\"og:image\" content=\"https:\/\/www.vocaracing.com\/wp-content\/uploads\/2021\/02\/VCR-RD77188.CC.jpg\" \/>\n\t<meta property=\"og:image:width\" content=\"640\" \/>\n\t<meta property=\"og:image:height\" content=\"640\" \/>\n\t<meta property=\"og:image:type\" content=\"image\/jpeg\" \/>\n<meta name=\"twitter:card\" content=\"summary_large_image\" \/>\n<meta name=\"twitter:label1\" content=\"Est. reading time\" \/>\n\t<meta name=\"twitter:data1\" content=\"2 minutes\" \/>\n<script type=\"application\/ld+json\" class=\"yoast-schema-graph\">{\"@context\":\"https:\\\/\\\/schema.org\",\"@graph\":[{\"@type\":\"WebPage\",\"@id\":\"https:\\\/\\\/www.vocaracing.com\\\/es\\\/product\\\/caja-de-cambios-minarelli-am6\\\/\",\"url\":\"https:\\\/\\\/www.vocaracing.com\\\/es\\\/product\\\/caja-de-cambios-minarelli-am6\\\/\",\"name\":\"Caja de cambios Minarelli AM6 - VocaRacing\",\"isPartOf\":{\"@id\":\"https:\\\/\\\/www.vocaracing.com\\\/#website\"},\"primaryImageOfPage\":{\"@id\":\"https:\\\/\\\/www.vocaracing.com\\\/es\\\/product\\\/caja-de-cambios-minarelli-am6\\\/#primaryimage\"},\"image\":{\"@id\":\"https:\\\/\\\/www.vocaracing.com\\\/es\\\/product\\\/caja-de-cambios-minarelli-am6\\\/#primaryimage\"},\"thumbnailUrl\":\"https:\\\/\\\/www.vocaracing.com\\\/wp-content\\\/uploads\\\/2021\\\/02\\\/VCR-RD77188.CC.jpg\",\"datePublished\":\"2021-02-16T10:40:36+00:00\",\"description\":\"Caja de cambios \u201ccompleta\u201d competici\u00f3n para motor Minarelli AM6. Mejora en gran parte los resultados sobre los motores preparados.\",\"breadcrumb\":{\"@id\":\"https:\\\/\\\/www.vocaracing.com\\\/es\\\/product\\\/caja-de-cambios-minarelli-am6\\\/#breadcrumb\"},\"inLanguage\":\"es-ES\",\"potentialAction\":[{\"@type\":\"ReadAction\",\"target\":[\"https:\\\/\\\/www.vocaracing.com\\\/es\\\/product\\\/caja-de-cambios-minarelli-am6\\\/\"]}]},{\"@type\":\"ImageObject\",\"inLanguage\":\"es-ES\",\"@id\":\"https:\\\/\\\/www.vocaracing.com\\\/es\\\/product\\\/caja-de-cambios-minarelli-am6\\\/#primaryimage\",\"url\":\"https:\\\/\\\/www.vocaracing.com\\\/wp-content\\\/uploads\\\/2021\\\/02\\\/VCR-RD77188.CC.jpg\",\"contentUrl\":\"https:\\\/\\\/www.vocaracing.com\\\/wp-content\\\/uploads\\\/2021\\\/02\\\/VCR-RD77188.CC.jpg\",\"width\":640,\"height\":640},{\"@type\":\"BreadcrumbList\",\"@id\":\"https:\\\/\\\/www.vocaracing.com\\\/es\\\/product\\\/caja-de-cambios-minarelli-am6\\\/#breadcrumb\",\"itemListElement\":[{\"@type\":\"ListItem\",\"position\":1,\"name\":\"Home\",\"item\":\"https:\\\/\\\/www.vocaracing.com\\\/es\\\/\"},{\"@type\":\"ListItem\",\"position\":2,\"name\":\"Productos\",\"item\":\"https:\\\/\\\/www.vocaracing.com\\\/es\\\/productos\\\/\"},{\"@type\":\"ListItem\",\"position\":3,\"name\":\"Caja de cambios Minarelli AM6\"}]},{\"@type\":\"WebSite\",\"@id\":\"https:\\\/\\\/www.vocaracing.com\\\/#website\",\"url\":\"https:\\\/\\\/www.vocaracing.com\\\/\",\"name\":\"VocaRacing\",\"description\":\"Competition Proved\",\"publisher\":{\"@id\":\"https:\\\/\\\/www.vocaracing.com\\\/#organization\"},\"potentialAction\":[{\"@type\":\"SearchAction\",\"target\":{\"@type\":\"EntryPoint\",\"urlTemplate\":\"https:\\\/\\\/www.vocaracing.com\\\/?s={search_term_string}\"},\"query-input\":{\"@type\":\"PropertyValueSpecification\",\"valueRequired\":true,\"valueName\":\"search_term_string\"}}],\"inLanguage\":\"es-ES\"},{\"@type\":\"Organization\",\"@id\":\"https:\\\/\\\/www.vocaracing.com\\\/#organization\",\"name\":\"VocaRacing\",\"url\":\"https:\\\/\\\/www.vocaracing.com\\\/\",\"logo\":{\"@type\":\"ImageObject\",\"inLanguage\":\"es-ES\",\"@id\":\"https:\\\/\\\/www.vocaracing.com\\\/#\\\/schema\\\/logo\\\/image\\\/\",\"url\":\"https:\\\/\\\/www.vocaracing.com\\\/wp-content\\\/uploads\\\/2023\\\/08\\\/vocaracing.png\",\"contentUrl\":\"https:\\\/\\\/www.vocaracing.com\\\/wp-content\\\/uploads\\\/2023\\\/08\\\/vocaracing.png\",\"width\":600,\"height\":400,\"caption\":\"VocaRacing\"},\"image\":{\"@id\":\"https:\\\/\\\/www.vocaracing.com\\\/#\\\/schema\\\/logo\\\/image\\\/\"},\"sameAs\":[\"https:\\\/\\\/www.facebook.com\\\/vocaracing\",\"https:\\\/\\\/www.youtube.com\\\/user\\\/VOCARacing\"]}]}<\/script>\n<!-- \/ Yoast SEO plugin. -->","yoast_head_json":{"title":"Caja de cambios Minarelli AM6 - VocaRacing","description":"Caja de cambios \u201ccompleta\u201d competici\u00f3n para motor Minarelli AM6. Mejora en gran parte los resultados sobre los motores preparados.","robots":{"index":"index","follow":"follow","max-snippet":"max-snippet:-1","max-image-preview":"max-image-preview:large","max-video-preview":"max-video-preview:-1"},"canonical":"https:\/\/www.vocaracing.com\/es\/product\/caja-de-cambios-minarelli-am6\/","og_locale":"es_ES","og_type":"article","og_title":"Caja de cambios Minarelli AM6 - VocaRacing","og_description":"Caja de cambios \u201ccompleta\u201d competici\u00f3n para motor Minarelli AM6. Mejora en gran parte los resultados sobre los motores preparados.","og_url":"https:\/\/www.vocaracing.com\/es\/product\/caja-de-cambios-minarelli-am6\/","og_site_name":"VocaRacing","article_publisher":"https:\/\/www.facebook.com\/vocaracing","og_image":[{"width":640,"height":640,"url":"https:\/\/www.vocaracing.com\/wp-content\/uploads\/2021\/02\/VCR-RD77188.CC.jpg","type":"image\/jpeg"}],"twitter_card":"summary_large_image","twitter_misc":{"Est. reading time":"2 minutes"},"schema":{"@context":"https:\/\/schema.org","@graph":[{"@type":"WebPage","@id":"https:\/\/www.vocaracing.com\/es\/product\/caja-de-cambios-minarelli-am6\/","url":"https:\/\/www.vocaracing.com\/es\/product\/caja-de-cambios-minarelli-am6\/","name":"Caja de cambios Minarelli AM6 - VocaRacing","isPartOf":{"@id":"https:\/\/www.vocaracing.com\/#website"},"primaryImageOfPage":{"@id":"https:\/\/www.vocaracing.com\/es\/product\/caja-de-cambios-minarelli-am6\/#primaryimage"},"image":{"@id":"https:\/\/www.vocaracing.com\/es\/product\/caja-de-cambios-minarelli-am6\/#primaryimage"},"thumbnailUrl":"https:\/\/www.vocaracing.com\/wp-content\/uploads\/2021\/02\/VCR-RD77188.CC.jpg","datePublished":"2021-02-16T10:40:36+00:00","description":"Caja de cambios \u201ccompleta\u201d competici\u00f3n para motor Minarelli AM6. Mejora en gran parte los resultados sobre los motores preparados.","breadcrumb":{"@id":"https:\/\/www.vocaracing.com\/es\/product\/caja-de-cambios-minarelli-am6\/#breadcrumb"},"inLanguage":"es-ES","potentialAction":[{"@type":"ReadAction","target":["https:\/\/www.vocaracing.com\/es\/product\/caja-de-cambios-minarelli-am6\/"]}]},{"@type":"ImageObject","inLanguage":"es-ES","@id":"https:\/\/www.vocaracing.com\/es\/product\/caja-de-cambios-minarelli-am6\/#primaryimage","url":"https:\/\/www.vocaracing.com\/wp-content\/uploads\/2021\/02\/VCR-RD77188.CC.jpg","contentUrl":"https:\/\/www.vocaracing.com\/wp-content\/uploads\/2021\/02\/VCR-RD77188.CC.jpg","width":640,"height":640},{"@type":"BreadcrumbList","@id":"https:\/\/www.vocaracing.com\/es\/product\/caja-de-cambios-minarelli-am6\/#breadcrumb","itemListElement":[{"@type":"ListItem","position":1,"name":"Home","item":"https:\/\/www.vocaracing.com\/es\/"},{"@type":"ListItem","position":2,"name":"Productos","item":"https:\/\/www.vocaracing.com\/es\/productos\/"},{"@type":"ListItem","position":3,"name":"Caja de cambios Minarelli AM6"}]},{"@type":"WebSite","@id":"https:\/\/www.vocaracing.com\/#website","url":"https:\/\/www.vocaracing.com\/","name":"VocaRacing","description":"Competition Proved","publisher":{"@id":"https:\/\/www.vocaracing.com\/#organization"},"potentialAction":[{"@type":"SearchAction","target":{"@type":"EntryPoint","urlTemplate":"https:\/\/www.vocaracing.com\/?s={search_term_string}"},"query-input":{"@type":"PropertyValueSpecification","valueRequired":true,"valueName":"search_term_string"}}],"inLanguage":"es-ES"},{"@type":"Organization","@id":"https:\/\/www.vocaracing.com\/#organization","name":"VocaRacing","url":"https:\/\/www.vocaracing.com\/","logo":{"@type":"ImageObject","inLanguage":"es-ES","@id":"https:\/\/www.vocaracing.com\/#\/schema\/logo\/image\/","url":"https:\/\/www.vocaracing.com\/wp-content\/uploads\/2023\/08\/vocaracing.png","contentUrl":"https:\/\/www.vocaracing.com\/wp-content\/uploads\/2023\/08\/vocaracing.png","width":600,"height":400,"caption":"VocaRacing"},"image":{"@id":"https:\/\/www.vocaracing.com\/#\/schema\/logo\/image\/"},"sameAs":["https:\/\/www.facebook.com\/vocaracing","https:\/\/www.youtube.com\/user\/VOCARacing"]}]}},"uagb_featured_image_src":{"full":["https:\/\/www.vocaracing.com\/wp-content\/uploads\/2021\/02\/VCR-RD77188.CC.jpg",640,640,false],"thumbnail":["https:\/\/www.vocaracing.com\/wp-content\/uploads\/2021\/02\/VCR-RD77188.CC-200x150.jpg",200,150,true],"medium":["https:\/\/www.vocaracing.com\/wp-content\/uploads\/2021\/02\/VCR-RD77188.CC-180x180.jpg",180,180,true],"medium_large":["https:\/\/www.vocaracing.com\/wp-content\/uploads\/2021\/02\/VCR-RD77188.CC.jpg",640,640,false],"large":["https:\/\/www.vocaracing.com\/wp-content\/uploads\/2021\/02\/VCR-RD77188.CC.jpg",640,640,false],"1536x1536":["https:\/\/www.vocaracing.com\/wp-content\/uploads\/2021\/02\/VCR-RD77188.CC.jpg",640,640,false],"2048x2048":["https:\/\/www.vocaracing.com\/wp-content\/uploads\/2021\/02\/VCR-RD77188.CC.jpg",640,640,false],"woocommerce_thumbnail":["https:\/\/www.vocaracing.com\/wp-content\/uploads\/2021\/02\/VCR-RD77188.CC-500x500.jpg",500,500,true],"woocommerce_single":["https:\/\/www.vocaracing.com\/wp-content\/uploads\/2021\/02\/VCR-RD77188.CC.jpg",640,640,false],"woocommerce_gallery_thumbnail":["https:\/\/www.vocaracing.com\/wp-content\/uploads\/2021\/02\/VCR-RD77188.CC-100x100.jpg",100,100,true]},"uagb_author_info":{"display_name":"Design Motoscoot","author_link":"https:\/\/www.vocaracing.com\/es\/author\/"},"uagb_comment_info":0,"uagb_excerpt":"Caja de cambios \u201ccompleta\u201d competici\u00f3n para motor Minarelli AM6. Mejora en gran parte los resultados sobre los motores preparados disminuyendo las p\u00e9rdidas de r\u00e9gimen al cambiar de marcha, un articulo que te sorprenderas del buen resultado que se llega a obtener.","_links":{"self":[{"href":"https:\/\/www.vocaracing.com\/es\/wp-json\/wp\/v2\/product\/11139","targetHints":{"allow":["GET"]}}],"collection":[{"href":"https:\/\/www.vocaracing.com\/es\/wp-json\/wp\/v2\/product"}],"about":[{"href":"https:\/\/www.vocaracing.com\/es\/wp-json\/wp\/v2\/types\/product"}],"wp:featuredmedia":[{"embeddable":true,"href":"https:\/\/www.vocaracing.com\/es\/wp-json\/wp\/v2\/media\/11151"}],"wp:attachment":[{"href":"https:\/\/www.vocaracing.com\/es\/wp-json\/wp\/v2\/media?parent=11139"}],"wp:term":[{"taxonomy":"product_brand","embeddable":true,"href":"https:\/\/www.vocaracing.com\/es\/wp-json\/wp\/v2\/product_brand?post=11139"},{"taxonomy":"product_cat","embeddable":true,"href":"https:\/\/www.vocaracing.com\/es\/wp-json\/wp\/v2\/product_cat?post=11139"},{"taxonomy":"product_tag","embeddable":true,"href":"https:\/\/www.vocaracing.com\/es\/wp-json\/wp\/v2\/product_tag?post=11139"}],"curies":[{"name":"wp","href":"https:\/\/api.w.org\/{rel}","templated":true}]}}