{"id":10377,"date":"2020-03-27T13:57:22","date_gmt":"2020-03-27T12:57:22","guid":{"rendered":"https:\/\/www.vocaracing.com\/product\/protector-de-manillar-voca-ff28\/"},"modified":"2020-03-27T14:02:30","modified_gmt":"2020-03-27T13:02:30","slug":"protector-de-manillar-voca-ff28","status":"publish","type":"product","link":"https:\/\/www.vocaracing.com\/es\/product\/protector-de-manillar-voca-ff28\/","title":{"rendered":"Protector de manillar VOCA FF28 rosa"},"content":{"rendered":"<p>Protector de manillar VOCA FF28 Fast Forward para manillares de \u00d828mm (sin barra de refuerzo). El protector est\u00e1 fabricado en espuma inyectada de alta densidad, con lo que absorbe y reduce la energ\u00eda de cualquier impacto que te puedas dar con las torretas de manillar. Disponible en rojo, rosa, amarillo y naranja.<\/p>\n","protected":false},"excerpt":{"rendered":"<p>Protector de manillar VOCA FF28 Fast Forward para manillares de \u00d828mm (sin barra de refuerzo), disponible en rojo, rosa, amarillo y naranja.<\/p>\n","protected":false},"featured_media":10232,"template":"","meta":{"_acf_changed":false,"inline_featured_image":false,"_uag_custom_page_level_css":""},"product_brand":[],"product_cat":[1754,1766],"product_tag":[],"class_list":{"0":"post-10377","1":"product","2":"type-product","3":"status-publish","4":"has-post-thumbnail","6":"product_cat-accesorios","7":"product_cat-manillares-es-2","8":"splide__slide","10":"first","11":"instock","12":"shipping-taxable","13":"purchasable","14":"product-type-variable"},"acf":[],"yoast_head":"<!-- This site is optimized with the Yoast SEO plugin v27.3 - https:\/\/yoast.com\/product\/yoast-seo-wordpress\/ -->\n<title>Protector de manillar VOCA FF28 rosa - VocaRacing<\/title>\n<meta name=\"description\" content=\"Protector de manillar VOCA FF28 Fast Forward para manillares de \u00d828mm (sin barra de refuerzo), disponible en rojo, rosa, amarillo y naranja.\" \/>\n<meta name=\"robots\" content=\"index, follow, max-snippet:-1, max-image-preview:large, max-video-preview:-1\" \/>\n<link rel=\"canonical\" href=\"https:\/\/www.vocaracing.com\/es\/product\/protector-de-manillar-voca-ff28\/\" \/>\n<meta property=\"og:locale\" content=\"es_ES\" \/>\n<meta property=\"og:type\" content=\"article\" \/>\n<meta property=\"og:title\" content=\"Protector de manillar VOCA FF28 rosa - VocaRacing\" \/>\n<meta property=\"og:description\" content=\"Protector de manillar VOCA FF28 Fast Forward para manillares de \u00d828mm (sin barra de refuerzo), disponible en rojo, rosa, amarillo y naranja.\" \/>\n<meta property=\"og:url\" content=\"https:\/\/www.vocaracing.com\/es\/product\/protector-de-manillar-voca-ff28\/\" \/>\n<meta property=\"og:site_name\" content=\"VocaRacing\" \/>\n<meta property=\"article:publisher\" content=\"https:\/\/www.facebook.com\/vocaracing\" \/>\n<meta property=\"article:modified_time\" content=\"2020-03-27T13:02:30+00:00\" \/>\n<meta property=\"og:image\" content=\"https:\/\/www.vocaracing.com\/wp-content\/uploads\/2020\/03\/A-VCR-SD840_02.jpg\" \/>\n\t<meta property=\"og:image:width\" content=\"640\" \/>\n\t<meta property=\"og:image:height\" content=\"640\" \/>\n\t<meta property=\"og:image:type\" content=\"image\/jpeg\" \/>\n<meta name=\"twitter:card\" content=\"summary_large_image\" \/>\n<script type=\"application\/ld+json\" class=\"yoast-schema-graph\">{\"@context\":\"https:\\\/\\\/schema.org\",\"@graph\":[{\"@type\":\"WebPage\",\"@id\":\"https:\\\/\\\/www.vocaracing.com\\\/es\\\/product\\\/protector-de-manillar-voca-ff28\\\/\",\"url\":\"https:\\\/\\\/www.vocaracing.com\\\/es\\\/product\\\/protector-de-manillar-voca-ff28\\\/\",\"name\":\"Protector de manillar VOCA FF28 rosa - VocaRacing\",\"isPartOf\":{\"@id\":\"https:\\\/\\\/www.vocaracing.com\\\/#website\"},\"primaryImageOfPage\":{\"@id\":\"https:\\\/\\\/www.vocaracing.com\\\/es\\\/product\\\/protector-de-manillar-voca-ff28\\\/#primaryimage\"},\"image\":{\"@id\":\"https:\\\/\\\/www.vocaracing.com\\\/es\\\/product\\\/protector-de-manillar-voca-ff28\\\/#primaryimage\"},\"thumbnailUrl\":\"https:\\\/\\\/www.vocaracing.com\\\/wp-content\\\/uploads\\\/2020\\\/03\\\/A-VCR-SD840_02.jpg\",\"datePublished\":\"2020-03-27T12:57:22+00:00\",\"dateModified\":\"2020-03-27T13:02:30+00:00\",\"description\":\"Protector de manillar VOCA FF28 Fast Forward para manillares de \u00d828mm (sin barra de refuerzo), disponible en rojo, rosa, amarillo y naranja.\",\"breadcrumb\":{\"@id\":\"https:\\\/\\\/www.vocaracing.com\\\/es\\\/product\\\/protector-de-manillar-voca-ff28\\\/#breadcrumb\"},\"inLanguage\":\"es-ES\",\"potentialAction\":[{\"@type\":\"ReadAction\",\"target\":[\"https:\\\/\\\/www.vocaracing.com\\\/es\\\/product\\\/protector-de-manillar-voca-ff28\\\/\"]}]},{\"@type\":\"ImageObject\",\"inLanguage\":\"es-ES\",\"@id\":\"https:\\\/\\\/www.vocaracing.com\\\/es\\\/product\\\/protector-de-manillar-voca-ff28\\\/#primaryimage\",\"url\":\"https:\\\/\\\/www.vocaracing.com\\\/wp-content\\\/uploads\\\/2020\\\/03\\\/A-VCR-SD840_02.jpg\",\"contentUrl\":\"https:\\\/\\\/www.vocaracing.com\\\/wp-content\\\/uploads\\\/2020\\\/03\\\/A-VCR-SD840_02.jpg\",\"width\":640,\"height\":640},{\"@type\":\"BreadcrumbList\",\"@id\":\"https:\\\/\\\/www.vocaracing.com\\\/es\\\/product\\\/protector-de-manillar-voca-ff28\\\/#breadcrumb\",\"itemListElement\":[{\"@type\":\"ListItem\",\"position\":1,\"name\":\"Home\",\"item\":\"https:\\\/\\\/www.vocaracing.com\\\/es\\\/\"},{\"@type\":\"ListItem\",\"position\":2,\"name\":\"Productos\",\"item\":\"https:\\\/\\\/www.vocaracing.com\\\/es\\\/productos\\\/\"},{\"@type\":\"ListItem\",\"position\":3,\"name\":\"Protector de manillar VOCA FF28 rosa\"}]},{\"@type\":\"WebSite\",\"@id\":\"https:\\\/\\\/www.vocaracing.com\\\/#website\",\"url\":\"https:\\\/\\\/www.vocaracing.com\\\/\",\"name\":\"VocaRacing\",\"description\":\"Competition Proved\",\"publisher\":{\"@id\":\"https:\\\/\\\/www.vocaracing.com\\\/#organization\"},\"potentialAction\":[{\"@type\":\"SearchAction\",\"target\":{\"@type\":\"EntryPoint\",\"urlTemplate\":\"https:\\\/\\\/www.vocaracing.com\\\/?s={search_term_string}\"},\"query-input\":{\"@type\":\"PropertyValueSpecification\",\"valueRequired\":true,\"valueName\":\"search_term_string\"}}],\"inLanguage\":\"es-ES\"},{\"@type\":\"Organization\",\"@id\":\"https:\\\/\\\/www.vocaracing.com\\\/#organization\",\"name\":\"VocaRacing\",\"url\":\"https:\\\/\\\/www.vocaracing.com\\\/\",\"logo\":{\"@type\":\"ImageObject\",\"inLanguage\":\"es-ES\",\"@id\":\"https:\\\/\\\/www.vocaracing.com\\\/#\\\/schema\\\/logo\\\/image\\\/\",\"url\":\"https:\\\/\\\/www.vocaracing.com\\\/wp-content\\\/uploads\\\/2023\\\/08\\\/vocaracing.png\",\"contentUrl\":\"https:\\\/\\\/www.vocaracing.com\\\/wp-content\\\/uploads\\\/2023\\\/08\\\/vocaracing.png\",\"width\":600,\"height\":400,\"caption\":\"VocaRacing\"},\"image\":{\"@id\":\"https:\\\/\\\/www.vocaracing.com\\\/#\\\/schema\\\/logo\\\/image\\\/\"},\"sameAs\":[\"https:\\\/\\\/www.facebook.com\\\/vocaracing\",\"https:\\\/\\\/www.youtube.com\\\/user\\\/VOCARacing\"]}]}<\/script>\n<!-- \/ Yoast SEO plugin. -->","yoast_head_json":{"title":"Protector de manillar VOCA FF28 rosa - VocaRacing","description":"Protector de manillar VOCA FF28 Fast Forward para manillares de \u00d828mm (sin barra de refuerzo), disponible en rojo, rosa, amarillo y naranja.","robots":{"index":"index","follow":"follow","max-snippet":"max-snippet:-1","max-image-preview":"max-image-preview:large","max-video-preview":"max-video-preview:-1"},"canonical":"https:\/\/www.vocaracing.com\/es\/product\/protector-de-manillar-voca-ff28\/","og_locale":"es_ES","og_type":"article","og_title":"Protector de manillar VOCA FF28 rosa - VocaRacing","og_description":"Protector de manillar VOCA FF28 Fast Forward para manillares de \u00d828mm (sin barra de refuerzo), disponible en rojo, rosa, amarillo y naranja.","og_url":"https:\/\/www.vocaracing.com\/es\/product\/protector-de-manillar-voca-ff28\/","og_site_name":"VocaRacing","article_publisher":"https:\/\/www.facebook.com\/vocaracing","article_modified_time":"2020-03-27T13:02:30+00:00","og_image":[{"width":640,"height":640,"url":"https:\/\/www.vocaracing.com\/wp-content\/uploads\/2020\/03\/A-VCR-SD840_02.jpg","type":"image\/jpeg"}],"twitter_card":"summary_large_image","schema":{"@context":"https:\/\/schema.org","@graph":[{"@type":"WebPage","@id":"https:\/\/www.vocaracing.com\/es\/product\/protector-de-manillar-voca-ff28\/","url":"https:\/\/www.vocaracing.com\/es\/product\/protector-de-manillar-voca-ff28\/","name":"Protector de manillar VOCA FF28 rosa - VocaRacing","isPartOf":{"@id":"https:\/\/www.vocaracing.com\/#website"},"primaryImageOfPage":{"@id":"https:\/\/www.vocaracing.com\/es\/product\/protector-de-manillar-voca-ff28\/#primaryimage"},"image":{"@id":"https:\/\/www.vocaracing.com\/es\/product\/protector-de-manillar-voca-ff28\/#primaryimage"},"thumbnailUrl":"https:\/\/www.vocaracing.com\/wp-content\/uploads\/2020\/03\/A-VCR-SD840_02.jpg","datePublished":"2020-03-27T12:57:22+00:00","dateModified":"2020-03-27T13:02:30+00:00","description":"Protector de manillar VOCA FF28 Fast Forward para manillares de \u00d828mm (sin barra de refuerzo), disponible en rojo, rosa, amarillo y naranja.","breadcrumb":{"@id":"https:\/\/www.vocaracing.com\/es\/product\/protector-de-manillar-voca-ff28\/#breadcrumb"},"inLanguage":"es-ES","potentialAction":[{"@type":"ReadAction","target":["https:\/\/www.vocaracing.com\/es\/product\/protector-de-manillar-voca-ff28\/"]}]},{"@type":"ImageObject","inLanguage":"es-ES","@id":"https:\/\/www.vocaracing.com\/es\/product\/protector-de-manillar-voca-ff28\/#primaryimage","url":"https:\/\/www.vocaracing.com\/wp-content\/uploads\/2020\/03\/A-VCR-SD840_02.jpg","contentUrl":"https:\/\/www.vocaracing.com\/wp-content\/uploads\/2020\/03\/A-VCR-SD840_02.jpg","width":640,"height":640},{"@type":"BreadcrumbList","@id":"https:\/\/www.vocaracing.com\/es\/product\/protector-de-manillar-voca-ff28\/#breadcrumb","itemListElement":[{"@type":"ListItem","position":1,"name":"Home","item":"https:\/\/www.vocaracing.com\/es\/"},{"@type":"ListItem","position":2,"name":"Productos","item":"https:\/\/www.vocaracing.com\/es\/productos\/"},{"@type":"ListItem","position":3,"name":"Protector de manillar VOCA FF28 rosa"}]},{"@type":"WebSite","@id":"https:\/\/www.vocaracing.com\/#website","url":"https:\/\/www.vocaracing.com\/","name":"VocaRacing","description":"Competition Proved","publisher":{"@id":"https:\/\/www.vocaracing.com\/#organization"},"potentialAction":[{"@type":"SearchAction","target":{"@type":"EntryPoint","urlTemplate":"https:\/\/www.vocaracing.com\/?s={search_term_string}"},"query-input":{"@type":"PropertyValueSpecification","valueRequired":true,"valueName":"search_term_string"}}],"inLanguage":"es-ES"},{"@type":"Organization","@id":"https:\/\/www.vocaracing.com\/#organization","name":"VocaRacing","url":"https:\/\/www.vocaracing.com\/","logo":{"@type":"ImageObject","inLanguage":"es-ES","@id":"https:\/\/www.vocaracing.com\/#\/schema\/logo\/image\/","url":"https:\/\/www.vocaracing.com\/wp-content\/uploads\/2023\/08\/vocaracing.png","contentUrl":"https:\/\/www.vocaracing.com\/wp-content\/uploads\/2023\/08\/vocaracing.png","width":600,"height":400,"caption":"VocaRacing"},"image":{"@id":"https:\/\/www.vocaracing.com\/#\/schema\/logo\/image\/"},"sameAs":["https:\/\/www.facebook.com\/vocaracing","https:\/\/www.youtube.com\/user\/VOCARacing"]}]}},"uagb_featured_image_src":{"full":["https:\/\/www.vocaracing.com\/wp-content\/uploads\/2020\/03\/A-VCR-SD840_02.jpg",640,640,false],"thumbnail":["https:\/\/www.vocaracing.com\/wp-content\/uploads\/2020\/03\/A-VCR-SD840_02-200x150.jpg",200,150,true],"medium":["https:\/\/www.vocaracing.com\/wp-content\/uploads\/2020\/03\/A-VCR-SD840_02-180x180.jpg",180,180,true],"medium_large":["https:\/\/www.vocaracing.com\/wp-content\/uploads\/2020\/03\/A-VCR-SD840_02.jpg",640,640,false],"large":["https:\/\/www.vocaracing.com\/wp-content\/uploads\/2020\/03\/A-VCR-SD840_02.jpg",640,640,false],"1536x1536":["https:\/\/www.vocaracing.com\/wp-content\/uploads\/2020\/03\/A-VCR-SD840_02.jpg",640,640,false],"2048x2048":["https:\/\/www.vocaracing.com\/wp-content\/uploads\/2020\/03\/A-VCR-SD840_02.jpg",640,640,false],"woocommerce_thumbnail":["https:\/\/www.vocaracing.com\/wp-content\/uploads\/2020\/03\/A-VCR-SD840_02-500x500.jpg",500,500,true],"woocommerce_single":["https:\/\/www.vocaracing.com\/wp-content\/uploads\/2020\/03\/A-VCR-SD840_02.jpg",640,640,false],"woocommerce_gallery_thumbnail":["https:\/\/www.vocaracing.com\/wp-content\/uploads\/2020\/03\/A-VCR-SD840_02-100x100.jpg",100,100,true]},"uagb_author_info":{"display_name":"Design Motoscoot","author_link":"https:\/\/www.vocaracing.com\/es\/author\/"},"uagb_comment_info":0,"uagb_excerpt":"Protector de manillar VOCA FF28 Fast Forward para manillares de \u00d828mm (sin barra de refuerzo), disponible en rojo, rosa, amarillo y naranja.","_links":{"self":[{"href":"https:\/\/www.vocaracing.com\/es\/wp-json\/wp\/v2\/product\/10377","targetHints":{"allow":["GET"]}}],"collection":[{"href":"https:\/\/www.vocaracing.com\/es\/wp-json\/wp\/v2\/product"}],"about":[{"href":"https:\/\/www.vocaracing.com\/es\/wp-json\/wp\/v2\/types\/product"}],"wp:featuredmedia":[{"embeddable":true,"href":"https:\/\/www.vocaracing.com\/es\/wp-json\/wp\/v2\/media\/10232"}],"wp:attachment":[{"href":"https:\/\/www.vocaracing.com\/es\/wp-json\/wp\/v2\/media?parent=10377"}],"wp:term":[{"taxonomy":"product_brand","embeddable":true,"href":"https:\/\/www.vocaracing.com\/es\/wp-json\/wp\/v2\/product_brand?post=10377"},{"taxonomy":"product_cat","embeddable":true,"href":"https:\/\/www.vocaracing.com\/es\/wp-json\/wp\/v2\/product_cat?post=10377"},{"taxonomy":"product_tag","embeddable":true,"href":"https:\/\/www.vocaracing.com\/es\/wp-json\/wp\/v2\/product_tag?post=10377"}],"curies":[{"name":"wp","href":"https:\/\/api.w.org\/{rel}","templated":true}]}}