{"id":8087,"date":"2018-08-03T12:17:14","date_gmt":"2018-08-03T11:17:14","guid":{"rendered":"https:\/\/www.vocaracing.com\/product\/kurbelwelle-voca-hq-racing-minarelli-am6\/"},"modified":"2018-08-03T12:17:14","modified_gmt":"2018-08-03T11:17:14","slug":"kurbelwelle-voca-hq-racing-minarelli-am6","status":"publish","type":"product","link":"https:\/\/www.vocaracing.com\/de\/product\/kurbelwelle-voca-hq-racing-minarelli-am6\/","title":{"rendered":"Kurbelwelle VOCA HQ Racing Minarelli AM6"},"content":{"rendered":"<p>Neue extra verst\u00e4rkte Kurbelwelle VOCA HQ f\u00fcr getunte Schaltmopeds. Hergestellt aus qualitativ hochwertigen Werkstoffen. Ein auch optisch nettes Detail sind die schwarz anodisierten Aluminium-Eins\u00e4tze welche zum einen das Gewicht reduzieren und gleichzeitig die Drehfreudigkeit des Motors steigern. Ausgestattet mit CNC-gefr\u00e4stem Pleuel, welches man so eigentlich nur in weit h\u00f6heren Preisklassen findet. Haltbarkeit bis zu 16.000 U\/min getestet. Kurbelwelle in Original-Abmassen, inklusive Silber-Nadellager. Erh\u00e4tlich f\u00fcr Derbi Euro2, Derbi Euro 3 und Minarelli AM6.<\/p>\n","protected":false},"excerpt":{"rendered":"<p>Neue extra verst\u00e4rkte Kurbelwelle VOCA HQ f\u00fcr getunte Schaltmopeds. Hergestellt aus qualitativ hochwertigen Werkstoffen. Ein auch optisch nettes Detail sind die schwarz anodisierten Aluminium-Eins\u00e4tze welche zum einen das Gewicht reduzieren und gleichzeitig die Drehfreudigkeit des Motors steigern. Ausgestattet mit CNC-gefr\u00e4stem Pleuel, welches man so eigentlich nur in weit h\u00f6heren Preisklassen findet. Haltbarkeit bis zu 16.000 U\/min getestet. Kurbelwelle in Original-Abmassen, inklusive Silber-Nadellager. Erh\u00e4tlich f\u00fcr Derbi Euro2, Derbi Euro 3 und Minarelli AM6.<\/p>\n","protected":false},"featured_media":7766,"template":"","meta":{"_acf_changed":false,"inline_featured_image":false,"_uag_custom_page_level_css":""},"product_brand":[],"product_cat":[288,740],"product_tag":[],"class_list":{"0":"post-8087","1":"product","2":"type-product","3":"status-publish","4":"has-post-thumbnail","6":"product_cat-kupplung-motor","7":"product_cat-kurbelwellen","8":"splide__slide","10":"first","11":"instock","12":"shipping-taxable","13":"purchasable","14":"product-type-simple"},"acf":[],"yoast_head":"<!-- This site is optimized with the Yoast SEO plugin v27.3 - https:\/\/yoast.com\/product\/yoast-seo-wordpress\/ -->\n<title>Kurbelwelle VOCA HQ Racing Minarelli AM6 - VocaRacing<\/title>\n<meta name=\"description\" content=\"Neue extra verst\u00e4rkte Kurbelwelle VOCA HQ f\u00fcr getunte Schaltmopeds. Hergestellt aus qualitativ hochwertigen Werkstoffen. Erh\u00e4tlich f\u00fcr Derbi Euro2, Derbi Euro 3 und Minarelli AM6.\" \/>\n<meta name=\"robots\" content=\"index, follow, max-snippet:-1, max-image-preview:large, max-video-preview:-1\" \/>\n<link rel=\"canonical\" href=\"https:\/\/www.vocaracing.com\/de\/product\/kurbelwelle-voca-hq-racing-minarelli-am6\/\" \/>\n<meta property=\"og:locale\" content=\"de_DE\" \/>\n<meta property=\"og:type\" content=\"article\" \/>\n<meta property=\"og:title\" content=\"Kurbelwelle VOCA HQ Racing Minarelli AM6 - VocaRacing\" \/>\n<meta property=\"og:description\" content=\"Neue extra verst\u00e4rkte Kurbelwelle VOCA HQ f\u00fcr getunte Schaltmopeds. Hergestellt aus qualitativ hochwertigen Werkstoffen. Erh\u00e4tlich f\u00fcr Derbi Euro2, Derbi Euro 3 und Minarelli AM6.\" \/>\n<meta property=\"og:url\" content=\"https:\/\/www.vocaracing.com\/de\/product\/kurbelwelle-voca-hq-racing-minarelli-am6\/\" \/>\n<meta property=\"og:site_name\" content=\"VocaRacing\" \/>\n<meta property=\"article:publisher\" content=\"https:\/\/www.facebook.com\/vocaracing\" \/>\n<meta property=\"og:image\" content=\"https:\/\/www.vocaracing.com\/wp-content\/uploads\/2018\/07\/VCR-RD70188.HQ_.jpg\" \/>\n\t<meta property=\"og:image:width\" content=\"640\" \/>\n\t<meta property=\"og:image:height\" content=\"640\" \/>\n\t<meta property=\"og:image:type\" content=\"image\/jpeg\" \/>\n<meta name=\"twitter:card\" content=\"summary_large_image\" \/>\n<script type=\"application\/ld+json\" class=\"yoast-schema-graph\">{\"@context\":\"https:\\\/\\\/schema.org\",\"@graph\":[{\"@type\":\"WebPage\",\"@id\":\"https:\\\/\\\/www.vocaracing.com\\\/de\\\/product\\\/kurbelwelle-voca-hq-racing-minarelli-am6\\\/\",\"url\":\"https:\\\/\\\/www.vocaracing.com\\\/de\\\/product\\\/kurbelwelle-voca-hq-racing-minarelli-am6\\\/\",\"name\":\"Kurbelwelle VOCA HQ Racing Minarelli AM6 - VocaRacing\",\"isPartOf\":{\"@id\":\"https:\\\/\\\/www.vocaracing.com\\\/#website\"},\"primaryImageOfPage\":{\"@id\":\"https:\\\/\\\/www.vocaracing.com\\\/de\\\/product\\\/kurbelwelle-voca-hq-racing-minarelli-am6\\\/#primaryimage\"},\"image\":{\"@id\":\"https:\\\/\\\/www.vocaracing.com\\\/de\\\/product\\\/kurbelwelle-voca-hq-racing-minarelli-am6\\\/#primaryimage\"},\"thumbnailUrl\":\"https:\\\/\\\/www.vocaracing.com\\\/wp-content\\\/uploads\\\/2018\\\/07\\\/VCR-RD70188.HQ_.jpg\",\"datePublished\":\"2018-08-03T11:17:14+00:00\",\"description\":\"Neue extra verst\u00e4rkte Kurbelwelle VOCA HQ f\u00fcr getunte Schaltmopeds. Hergestellt aus qualitativ hochwertigen Werkstoffen. Erh\u00e4tlich f\u00fcr Derbi Euro2, Derbi Euro 3 und Minarelli AM6.\",\"breadcrumb\":{\"@id\":\"https:\\\/\\\/www.vocaracing.com\\\/de\\\/product\\\/kurbelwelle-voca-hq-racing-minarelli-am6\\\/#breadcrumb\"},\"inLanguage\":\"de-DE\",\"potentialAction\":[{\"@type\":\"ReadAction\",\"target\":[\"https:\\\/\\\/www.vocaracing.com\\\/de\\\/product\\\/kurbelwelle-voca-hq-racing-minarelli-am6\\\/\"]}]},{\"@type\":\"ImageObject\",\"inLanguage\":\"de-DE\",\"@id\":\"https:\\\/\\\/www.vocaracing.com\\\/de\\\/product\\\/kurbelwelle-voca-hq-racing-minarelli-am6\\\/#primaryimage\",\"url\":\"https:\\\/\\\/www.vocaracing.com\\\/wp-content\\\/uploads\\\/2018\\\/07\\\/VCR-RD70188.HQ_.jpg\",\"contentUrl\":\"https:\\\/\\\/www.vocaracing.com\\\/wp-content\\\/uploads\\\/2018\\\/07\\\/VCR-RD70188.HQ_.jpg\",\"width\":640,\"height\":640},{\"@type\":\"BreadcrumbList\",\"@id\":\"https:\\\/\\\/www.vocaracing.com\\\/de\\\/product\\\/kurbelwelle-voca-hq-racing-minarelli-am6\\\/#breadcrumb\",\"itemListElement\":[{\"@type\":\"ListItem\",\"position\":1,\"name\":\"Home\",\"item\":\"https:\\\/\\\/www.vocaracing.com\\\/de\\\/\"},{\"@type\":\"ListItem\",\"position\":2,\"name\":\"Produkte\",\"item\":\"https:\\\/\\\/www.vocaracing.com\\\/de\\\/produkte\\\/\"},{\"@type\":\"ListItem\",\"position\":3,\"name\":\"Kurbelwelle VOCA HQ Racing Minarelli AM6\"}]},{\"@type\":\"WebSite\",\"@id\":\"https:\\\/\\\/www.vocaracing.com\\\/#website\",\"url\":\"https:\\\/\\\/www.vocaracing.com\\\/\",\"name\":\"VocaRacing\",\"description\":\"COMPETITION PROVED\",\"publisher\":{\"@id\":\"https:\\\/\\\/www.vocaracing.com\\\/#organization\"},\"potentialAction\":[{\"@type\":\"SearchAction\",\"target\":{\"@type\":\"EntryPoint\",\"urlTemplate\":\"https:\\\/\\\/www.vocaracing.com\\\/?s={search_term_string}\"},\"query-input\":{\"@type\":\"PropertyValueSpecification\",\"valueRequired\":true,\"valueName\":\"search_term_string\"}}],\"inLanguage\":\"de-DE\"},{\"@type\":\"Organization\",\"@id\":\"https:\\\/\\\/www.vocaracing.com\\\/#organization\",\"name\":\"VocaRacing\",\"url\":\"https:\\\/\\\/www.vocaracing.com\\\/\",\"logo\":{\"@type\":\"ImageObject\",\"inLanguage\":\"de-DE\",\"@id\":\"https:\\\/\\\/www.vocaracing.com\\\/#\\\/schema\\\/logo\\\/image\\\/\",\"url\":\"https:\\\/\\\/www.vocaracing.com\\\/wp-content\\\/uploads\\\/2023\\\/08\\\/vocaracing.png\",\"contentUrl\":\"https:\\\/\\\/www.vocaracing.com\\\/wp-content\\\/uploads\\\/2023\\\/08\\\/vocaracing.png\",\"width\":600,\"height\":400,\"caption\":\"VocaRacing\"},\"image\":{\"@id\":\"https:\\\/\\\/www.vocaracing.com\\\/#\\\/schema\\\/logo\\\/image\\\/\"},\"sameAs\":[\"https:\\\/\\\/www.facebook.com\\\/vocaracing\",\"https:\\\/\\\/www.youtube.com\\\/user\\\/VOCARacing\"]}]}<\/script>\n<!-- \/ Yoast SEO plugin. -->","yoast_head_json":{"title":"Kurbelwelle VOCA HQ Racing Minarelli AM6 - VocaRacing","description":"Neue extra verst\u00e4rkte Kurbelwelle VOCA HQ f\u00fcr getunte Schaltmopeds. Hergestellt aus qualitativ hochwertigen Werkstoffen. Erh\u00e4tlich f\u00fcr Derbi Euro2, Derbi Euro 3 und Minarelli AM6.","robots":{"index":"index","follow":"follow","max-snippet":"max-snippet:-1","max-image-preview":"max-image-preview:large","max-video-preview":"max-video-preview:-1"},"canonical":"https:\/\/www.vocaracing.com\/de\/product\/kurbelwelle-voca-hq-racing-minarelli-am6\/","og_locale":"de_DE","og_type":"article","og_title":"Kurbelwelle VOCA HQ Racing Minarelli AM6 - VocaRacing","og_description":"Neue extra verst\u00e4rkte Kurbelwelle VOCA HQ f\u00fcr getunte Schaltmopeds. Hergestellt aus qualitativ hochwertigen Werkstoffen. Erh\u00e4tlich f\u00fcr Derbi Euro2, Derbi Euro 3 und Minarelli AM6.","og_url":"https:\/\/www.vocaracing.com\/de\/product\/kurbelwelle-voca-hq-racing-minarelli-am6\/","og_site_name":"VocaRacing","article_publisher":"https:\/\/www.facebook.com\/vocaracing","og_image":[{"width":640,"height":640,"url":"https:\/\/www.vocaracing.com\/wp-content\/uploads\/2018\/07\/VCR-RD70188.HQ_.jpg","type":"image\/jpeg"}],"twitter_card":"summary_large_image","schema":{"@context":"https:\/\/schema.org","@graph":[{"@type":"WebPage","@id":"https:\/\/www.vocaracing.com\/de\/product\/kurbelwelle-voca-hq-racing-minarelli-am6\/","url":"https:\/\/www.vocaracing.com\/de\/product\/kurbelwelle-voca-hq-racing-minarelli-am6\/","name":"Kurbelwelle VOCA HQ Racing Minarelli AM6 - VocaRacing","isPartOf":{"@id":"https:\/\/www.vocaracing.com\/#website"},"primaryImageOfPage":{"@id":"https:\/\/www.vocaracing.com\/de\/product\/kurbelwelle-voca-hq-racing-minarelli-am6\/#primaryimage"},"image":{"@id":"https:\/\/www.vocaracing.com\/de\/product\/kurbelwelle-voca-hq-racing-minarelli-am6\/#primaryimage"},"thumbnailUrl":"https:\/\/www.vocaracing.com\/wp-content\/uploads\/2018\/07\/VCR-RD70188.HQ_.jpg","datePublished":"2018-08-03T11:17:14+00:00","description":"Neue extra verst\u00e4rkte Kurbelwelle VOCA HQ f\u00fcr getunte Schaltmopeds. Hergestellt aus qualitativ hochwertigen Werkstoffen. Erh\u00e4tlich f\u00fcr Derbi Euro2, Derbi Euro 3 und Minarelli AM6.","breadcrumb":{"@id":"https:\/\/www.vocaracing.com\/de\/product\/kurbelwelle-voca-hq-racing-minarelli-am6\/#breadcrumb"},"inLanguage":"de-DE","potentialAction":[{"@type":"ReadAction","target":["https:\/\/www.vocaracing.com\/de\/product\/kurbelwelle-voca-hq-racing-minarelli-am6\/"]}]},{"@type":"ImageObject","inLanguage":"de-DE","@id":"https:\/\/www.vocaracing.com\/de\/product\/kurbelwelle-voca-hq-racing-minarelli-am6\/#primaryimage","url":"https:\/\/www.vocaracing.com\/wp-content\/uploads\/2018\/07\/VCR-RD70188.HQ_.jpg","contentUrl":"https:\/\/www.vocaracing.com\/wp-content\/uploads\/2018\/07\/VCR-RD70188.HQ_.jpg","width":640,"height":640},{"@type":"BreadcrumbList","@id":"https:\/\/www.vocaracing.com\/de\/product\/kurbelwelle-voca-hq-racing-minarelli-am6\/#breadcrumb","itemListElement":[{"@type":"ListItem","position":1,"name":"Home","item":"https:\/\/www.vocaracing.com\/de\/"},{"@type":"ListItem","position":2,"name":"Produkte","item":"https:\/\/www.vocaracing.com\/de\/produkte\/"},{"@type":"ListItem","position":3,"name":"Kurbelwelle VOCA HQ Racing Minarelli AM6"}]},{"@type":"WebSite","@id":"https:\/\/www.vocaracing.com\/#website","url":"https:\/\/www.vocaracing.com\/","name":"VocaRacing","description":"COMPETITION PROVED","publisher":{"@id":"https:\/\/www.vocaracing.com\/#organization"},"potentialAction":[{"@type":"SearchAction","target":{"@type":"EntryPoint","urlTemplate":"https:\/\/www.vocaracing.com\/?s={search_term_string}"},"query-input":{"@type":"PropertyValueSpecification","valueRequired":true,"valueName":"search_term_string"}}],"inLanguage":"de-DE"},{"@type":"Organization","@id":"https:\/\/www.vocaracing.com\/#organization","name":"VocaRacing","url":"https:\/\/www.vocaracing.com\/","logo":{"@type":"ImageObject","inLanguage":"de-DE","@id":"https:\/\/www.vocaracing.com\/#\/schema\/logo\/image\/","url":"https:\/\/www.vocaracing.com\/wp-content\/uploads\/2023\/08\/vocaracing.png","contentUrl":"https:\/\/www.vocaracing.com\/wp-content\/uploads\/2023\/08\/vocaracing.png","width":600,"height":400,"caption":"VocaRacing"},"image":{"@id":"https:\/\/www.vocaracing.com\/#\/schema\/logo\/image\/"},"sameAs":["https:\/\/www.facebook.com\/vocaracing","https:\/\/www.youtube.com\/user\/VOCARacing"]}]}},"uagb_featured_image_src":{"full":["https:\/\/www.vocaracing.com\/wp-content\/uploads\/2018\/07\/VCR-RD70188.HQ_.jpg",640,640,false],"thumbnail":["https:\/\/www.vocaracing.com\/wp-content\/uploads\/2018\/07\/VCR-RD70188.HQ_-200x150.jpg",200,150,true],"medium":["https:\/\/www.vocaracing.com\/wp-content\/uploads\/2018\/07\/VCR-RD70188.HQ_-180x180.jpg",180,180,true],"medium_large":["https:\/\/www.vocaracing.com\/wp-content\/uploads\/2018\/07\/VCR-RD70188.HQ_.jpg",640,640,false],"large":["https:\/\/www.vocaracing.com\/wp-content\/uploads\/2018\/07\/VCR-RD70188.HQ_.jpg",640,640,false],"1536x1536":["https:\/\/www.vocaracing.com\/wp-content\/uploads\/2018\/07\/VCR-RD70188.HQ_.jpg",640,640,false],"2048x2048":["https:\/\/www.vocaracing.com\/wp-content\/uploads\/2018\/07\/VCR-RD70188.HQ_.jpg",640,640,false],"woocommerce_thumbnail":["https:\/\/www.vocaracing.com\/wp-content\/uploads\/2018\/07\/VCR-RD70188.HQ_-500x500.jpg",500,500,true],"woocommerce_single":["https:\/\/www.vocaracing.com\/wp-content\/uploads\/2018\/07\/VCR-RD70188.HQ_.jpg",640,640,false],"woocommerce_gallery_thumbnail":["https:\/\/www.vocaracing.com\/wp-content\/uploads\/2018\/07\/VCR-RD70188.HQ_-100x100.jpg",100,100,true]},"uagb_author_info":{"display_name":"Design Motoscoot","author_link":"https:\/\/www.vocaracing.com\/de\/author\/"},"uagb_comment_info":0,"uagb_excerpt":"Neue extra verst\u00e4rkte Kurbelwelle VOCA HQ f\u00fcr getunte Schaltmopeds. Hergestellt aus qualitativ hochwertigen Werkstoffen. Ein auch optisch nettes Detail sind die schwarz anodisierten Aluminium-Eins\u00e4tze welche zum einen das Gewicht reduzieren und gleichzeitig die Drehfreudigkeit des Motors steigern. Ausgestattet mit CNC-gefr\u00e4stem Pleuel, welches man so eigentlich nur in weit h\u00f6heren Preisklassen findet. Haltbarkeit bis zu 16.000&hellip;","_links":{"self":[{"href":"https:\/\/www.vocaracing.com\/de\/wp-json\/wp\/v2\/product\/8087","targetHints":{"allow":["GET"]}}],"collection":[{"href":"https:\/\/www.vocaracing.com\/de\/wp-json\/wp\/v2\/product"}],"about":[{"href":"https:\/\/www.vocaracing.com\/de\/wp-json\/wp\/v2\/types\/product"}],"wp:featuredmedia":[{"embeddable":true,"href":"https:\/\/www.vocaracing.com\/de\/wp-json\/wp\/v2\/media\/7766"}],"wp:attachment":[{"href":"https:\/\/www.vocaracing.com\/de\/wp-json\/wp\/v2\/media?parent=8087"}],"wp:term":[{"taxonomy":"product_brand","embeddable":true,"href":"https:\/\/www.vocaracing.com\/de\/wp-json\/wp\/v2\/product_brand?post=8087"},{"taxonomy":"product_cat","embeddable":true,"href":"https:\/\/www.vocaracing.com\/de\/wp-json\/wp\/v2\/product_cat?post=8087"},{"taxonomy":"product_tag","embeddable":true,"href":"https:\/\/www.vocaracing.com\/de\/wp-json\/wp\/v2\/product_tag?post=8087"}],"curies":[{"name":"wp","href":"https:\/\/api.w.org\/{rel}","templated":true}]}}