{"id":8020,"date":"2018-07-25T15:48:07","date_gmt":"2019-01-23T14:09:55","guid":{"rendered":"https:\/\/www.vocaracing.com\/?post_type=product&#038;p=8020"},"modified":"2019-01-23T15:09:55","modified_gmt":"2019-01-23T14:09:55","slug":"voca-cross-rookie-50-70cc-ce-yamaha-dt50-mh-ryz-50-endschalldampfer-schwarz","status":"publish","type":"product","link":"https:\/\/www.vocaracing.com\/de\/product\/voca-cross-rookie-50-70cc-ce-yamaha-dt50-mh-ryz-50-endschalldampfer-schwarz\/","title":{"rendered":"VOCA Cross Rookie 50\/70cc (CE), Yamaha DT50, MH RYZ 50, Endschalld\u00e4mpfer schwarz"},"content":{"rendered":"<p>Neue VOCA \u201cupper\u201d Anlage f\u00fcr alle Cross und Supermotard Fans. Die neue VOCA Cross Rookie 50\/70 Anlage ist homologiert und besticht durch das typische VOCA Racing Finish. So besticht die Anlage durch einen handgeschweissten K\u00f6rper und einen sehr hochwertigen Endschald\u00e4mpfer. Die ideale Auspuffanlage f\u00fcr original 50cc und 70cc Sport Zylinder (Entfernung der Drossel notwendig). Erh\u00e4ltlich mit schwarzem oder rotem Endschalld\u00e4mpfer. Passend auf Yamaha DT50 und MH RYZ 50 models. Endschalld\u00e4mpfer schwarz. Check your favourite VOCA dealer!<\/p>\n","protected":false},"excerpt":{"rendered":"<p>Neue VOCA \u201cupper\u201d Anlage f\u00fcr alle Cross und Supermotard Fans. Die neue VOCA Cross Rookie 50\/70 Anlage ist homologiert und besticht durch das typische VOCA Racing Finish. So besticht die Anlage durch einen handgeschweissten K\u00f6rper und einen sehr hochwertigen Endschald\u00e4mpfer. Die ideale Auspuffanlage f\u00fcr original 50cc und 70cc Sport Zylinder (Entfernung der Drossel notwendig). Erh\u00e4ltlich mit schwarzem oder rotem Endschalld\u00e4mpfer. Passend auf Yamaha DT50 und MH RYZ 50 models. Endschalld\u00e4mpfer schwarz. Check your favourite VOCA dealer!<\/p>\n","protected":false},"featured_media":17664,"template":"","meta":{"_acf_changed":false,"inline_featured_image":false,"_uag_custom_page_level_css":""},"product_brand":[],"product_cat":[429],"product_tag":[],"class_list":{"0":"post-8020","1":"product","2":"type-product","3":"status-publish","4":"has-post-thumbnail","6":"product_cat-moped-2t-upper","7":"splide__slide","9":"first","10":"instock","11":"shipping-taxable","12":"purchasable","13":"product-type-variable"},"acf":[],"yoast_head":"<!-- This site is optimized with the Yoast SEO plugin v27.4 - https:\/\/yoast.com\/product\/yoast-seo-wordpress\/ -->\n<title>VOCA Cross Rookie 50\/70cc (CE), Yamaha DT50, MH RYZ 50, Endschalld\u00e4mpfer schwarz - VocaRacing<\/title>\n<meta name=\"description\" content=\"Neue VOCA \u201cupper\u201d Anlage f\u00fcr alle Cross und Supermotard Fans. Die neue VOCA Cross Rookie 50\/70 Anlage ist homologiert und besticht durch das typische VOCA Racing Finish. So besticht die Anlage durch einen handgeschweissten K\u00f6rper und einen sehr hochwertigen Endschald\u00e4mpfer. Die ideale Auspuffanlage f\u00fcr original 50cc und 70cc Sport Zylinder (Entfernung der Drossel notwendig). Erh\u00e4ltlich mit schwarzem oder rotem Endschalld\u00e4mpfer. Passend auf Yamaha DT50 und MH RYZ 50 models. Endschalld\u00e4mpfer schwarz. Check your favourite VOCA dealer!\" \/>\n<meta name=\"robots\" content=\"index, follow, max-snippet:-1, max-image-preview:large, max-video-preview:-1\" \/>\n<link rel=\"canonical\" href=\"https:\/\/www.vocaracing.com\/de\/product\/voca-cross-rookie-50-70cc-ce-yamaha-dt50-mh-ryz-50-endschalldampfer-schwarz\/\" \/>\n<meta property=\"og:locale\" content=\"de_DE\" \/>\n<meta property=\"og:type\" content=\"article\" \/>\n<meta property=\"og:title\" content=\"VOCA Cross Rookie 50\/70cc (CE), Yamaha DT50, MH RYZ 50, Endschalld\u00e4mpfer schwarz - VocaRacing\" \/>\n<meta property=\"og:description\" content=\"Neue VOCA \u201cupper\u201d Anlage f\u00fcr alle Cross und Supermotard Fans. Die neue VOCA Cross Rookie 50\/70 Anlage ist homologiert und besticht durch das typische VOCA Racing Finish. So besticht die Anlage durch einen handgeschweissten K\u00f6rper und einen sehr hochwertigen Endschald\u00e4mpfer. Die ideale Auspuffanlage f\u00fcr original 50cc und 70cc Sport Zylinder (Entfernung der Drossel notwendig). Erh\u00e4ltlich mit schwarzem oder rotem Endschalld\u00e4mpfer. Passend auf Yamaha DT50 und MH RYZ 50 models. Endschalld\u00e4mpfer schwarz. Check your favourite VOCA dealer!\" \/>\n<meta property=\"og:url\" content=\"https:\/\/www.vocaracing.com\/de\/product\/voca-cross-rookie-50-70cc-ce-yamaha-dt50-mh-ryz-50-endschalldampfer-schwarz\/\" \/>\n<meta property=\"og:site_name\" content=\"VocaRacing\" \/>\n<meta property=\"article:publisher\" content=\"https:\/\/www.facebook.com\/vocaracing\" \/>\n<meta property=\"og:image\" content=\"https:\/\/www.vocaracing.com\/wp-content\/uploads\/2018\/07\/VCR-RD36183_BK.jpg\" \/>\n\t<meta property=\"og:image:width\" content=\"640\" \/>\n\t<meta property=\"og:image:height\" content=\"640\" \/>\n\t<meta property=\"og:image:type\" content=\"image\/jpeg\" \/>\n<meta name=\"twitter:card\" content=\"summary_large_image\" \/>\n<script type=\"application\/ld+json\" class=\"yoast-schema-graph\">{\"@context\":\"https:\\\/\\\/schema.org\",\"@graph\":[{\"@type\":\"WebPage\",\"@id\":\"https:\\\/\\\/www.vocaracing.com\\\/de\\\/product\\\/voca-cross-rookie-50-70cc-ce-yamaha-dt50-mh-ryz-50-endschalldampfer-schwarz\\\/\",\"url\":\"https:\\\/\\\/www.vocaracing.com\\\/de\\\/product\\\/voca-cross-rookie-50-70cc-ce-yamaha-dt50-mh-ryz-50-endschalldampfer-schwarz\\\/\",\"name\":\"VOCA Cross Rookie 50\\\/70cc (CE), Yamaha DT50, MH RYZ 50, Endschalld\u00e4mpfer schwarz - VocaRacing\",\"isPartOf\":{\"@id\":\"https:\\\/\\\/www.vocaracing.com\\\/#website\"},\"primaryImageOfPage\":{\"@id\":\"https:\\\/\\\/www.vocaracing.com\\\/de\\\/product\\\/voca-cross-rookie-50-70cc-ce-yamaha-dt50-mh-ryz-50-endschalldampfer-schwarz\\\/#primaryimage\"},\"image\":{\"@id\":\"https:\\\/\\\/www.vocaracing.com\\\/de\\\/product\\\/voca-cross-rookie-50-70cc-ce-yamaha-dt50-mh-ryz-50-endschalldampfer-schwarz\\\/#primaryimage\"},\"thumbnailUrl\":\"https:\\\/\\\/www.vocaracing.com\\\/wp-content\\\/uploads\\\/2018\\\/07\\\/vcr-rd36183_sil.jpg\",\"datePublished\":\"2019-01-23T14:09:55+00:00\",\"description\":\"Neue VOCA \u201cupper\u201d Anlage f\u00fcr alle Cross und Supermotard Fans. Die neue VOCA Cross Rookie 50\\\/70 Anlage ist homologiert und besticht durch das typische VOCA Racing Finish. So besticht die Anlage durch einen handgeschweissten K\u00f6rper und einen sehr hochwertigen Endschald\u00e4mpfer. Die ideale Auspuffanlage f\u00fcr original 50cc und 70cc Sport Zylinder (Entfernung der Drossel notwendig). Erh\u00e4ltlich mit schwarzem oder rotem Endschalld\u00e4mpfer. Passend auf Yamaha DT50 und MH RYZ 50 models. Endschalld\u00e4mpfer schwarz. Check your favourite VOCA dealer!\",\"breadcrumb\":{\"@id\":\"https:\\\/\\\/www.vocaracing.com\\\/de\\\/product\\\/voca-cross-rookie-50-70cc-ce-yamaha-dt50-mh-ryz-50-endschalldampfer-schwarz\\\/#breadcrumb\"},\"inLanguage\":\"de-DE\",\"potentialAction\":[{\"@type\":\"ReadAction\",\"target\":[\"https:\\\/\\\/www.vocaracing.com\\\/de\\\/product\\\/voca-cross-rookie-50-70cc-ce-yamaha-dt50-mh-ryz-50-endschalldampfer-schwarz\\\/\"]}]},{\"@type\":\"ImageObject\",\"inLanguage\":\"de-DE\",\"@id\":\"https:\\\/\\\/www.vocaracing.com\\\/de\\\/product\\\/voca-cross-rookie-50-70cc-ce-yamaha-dt50-mh-ryz-50-endschalldampfer-schwarz\\\/#primaryimage\",\"url\":\"https:\\\/\\\/www.vocaracing.com\\\/wp-content\\\/uploads\\\/2018\\\/07\\\/vcr-rd36183_sil.jpg\",\"contentUrl\":\"https:\\\/\\\/www.vocaracing.com\\\/wp-content\\\/uploads\\\/2018\\\/07\\\/vcr-rd36183_sil.jpg\",\"width\":640,\"height\":640},{\"@type\":\"BreadcrumbList\",\"@id\":\"https:\\\/\\\/www.vocaracing.com\\\/de\\\/product\\\/voca-cross-rookie-50-70cc-ce-yamaha-dt50-mh-ryz-50-endschalldampfer-schwarz\\\/#breadcrumb\",\"itemListElement\":[{\"@type\":\"ListItem\",\"position\":1,\"name\":\"Home\",\"item\":\"https:\\\/\\\/www.vocaracing.com\\\/de\\\/\"},{\"@type\":\"ListItem\",\"position\":2,\"name\":\"Produkte\",\"item\":\"https:\\\/\\\/www.vocaracing.com\\\/de\\\/produkte\\\/\"},{\"@type\":\"ListItem\",\"position\":3,\"name\":\"VOCA Cross Rookie 50\\\/70cc (CE), Yamaha DT50, MH RYZ 50, Endschalld\u00e4mpfer schwarz\"}]},{\"@type\":\"WebSite\",\"@id\":\"https:\\\/\\\/www.vocaracing.com\\\/#website\",\"url\":\"https:\\\/\\\/www.vocaracing.com\\\/\",\"name\":\"VocaRacing\",\"description\":\"COMPETITION PROVED\",\"publisher\":{\"@id\":\"https:\\\/\\\/www.vocaracing.com\\\/#organization\"},\"potentialAction\":[{\"@type\":\"SearchAction\",\"target\":{\"@type\":\"EntryPoint\",\"urlTemplate\":\"https:\\\/\\\/www.vocaracing.com\\\/?s={search_term_string}\"},\"query-input\":{\"@type\":\"PropertyValueSpecification\",\"valueRequired\":true,\"valueName\":\"search_term_string\"}}],\"inLanguage\":\"de-DE\"},{\"@type\":\"Organization\",\"@id\":\"https:\\\/\\\/www.vocaracing.com\\\/#organization\",\"name\":\"VocaRacing\",\"url\":\"https:\\\/\\\/www.vocaracing.com\\\/\",\"logo\":{\"@type\":\"ImageObject\",\"inLanguage\":\"de-DE\",\"@id\":\"https:\\\/\\\/www.vocaracing.com\\\/#\\\/schema\\\/logo\\\/image\\\/\",\"url\":\"https:\\\/\\\/www.vocaracing.com\\\/wp-content\\\/uploads\\\/2023\\\/08\\\/vocaracing.png\",\"contentUrl\":\"https:\\\/\\\/www.vocaracing.com\\\/wp-content\\\/uploads\\\/2023\\\/08\\\/vocaracing.png\",\"width\":600,\"height\":400,\"caption\":\"VocaRacing\"},\"image\":{\"@id\":\"https:\\\/\\\/www.vocaracing.com\\\/#\\\/schema\\\/logo\\\/image\\\/\"},\"sameAs\":[\"https:\\\/\\\/www.facebook.com\\\/vocaracing\",\"https:\\\/\\\/www.youtube.com\\\/user\\\/VOCARacing\"]}]}<\/script>\n<!-- \/ Yoast SEO plugin. -->","yoast_head_json":{"title":"VOCA Cross Rookie 50\/70cc (CE), Yamaha DT50, MH RYZ 50, Endschalld\u00e4mpfer schwarz - VocaRacing","description":"Neue VOCA \u201cupper\u201d Anlage f\u00fcr alle Cross und Supermotard Fans. Die neue VOCA Cross Rookie 50\/70 Anlage ist homologiert und besticht durch das typische VOCA Racing Finish. So besticht die Anlage durch einen handgeschweissten K\u00f6rper und einen sehr hochwertigen Endschald\u00e4mpfer. Die ideale Auspuffanlage f\u00fcr original 50cc und 70cc Sport Zylinder (Entfernung der Drossel notwendig). Erh\u00e4ltlich mit schwarzem oder rotem Endschalld\u00e4mpfer. Passend auf Yamaha DT50 und MH RYZ 50 models. Endschalld\u00e4mpfer schwarz. Check your favourite VOCA dealer!","robots":{"index":"index","follow":"follow","max-snippet":"max-snippet:-1","max-image-preview":"max-image-preview:large","max-video-preview":"max-video-preview:-1"},"canonical":"https:\/\/www.vocaracing.com\/de\/product\/voca-cross-rookie-50-70cc-ce-yamaha-dt50-mh-ryz-50-endschalldampfer-schwarz\/","og_locale":"de_DE","og_type":"article","og_title":"VOCA Cross Rookie 50\/70cc (CE), Yamaha DT50, MH RYZ 50, Endschalld\u00e4mpfer schwarz - VocaRacing","og_description":"Neue VOCA \u201cupper\u201d Anlage f\u00fcr alle Cross und Supermotard Fans. Die neue VOCA Cross Rookie 50\/70 Anlage ist homologiert und besticht durch das typische VOCA Racing Finish. So besticht die Anlage durch einen handgeschweissten K\u00f6rper und einen sehr hochwertigen Endschald\u00e4mpfer. Die ideale Auspuffanlage f\u00fcr original 50cc und 70cc Sport Zylinder (Entfernung der Drossel notwendig). Erh\u00e4ltlich mit schwarzem oder rotem Endschalld\u00e4mpfer. Passend auf Yamaha DT50 und MH RYZ 50 models. Endschalld\u00e4mpfer schwarz. Check your favourite VOCA dealer!","og_url":"https:\/\/www.vocaracing.com\/de\/product\/voca-cross-rookie-50-70cc-ce-yamaha-dt50-mh-ryz-50-endschalldampfer-schwarz\/","og_site_name":"VocaRacing","article_publisher":"https:\/\/www.facebook.com\/vocaracing","og_image":[{"width":640,"height":640,"url":"https:\/\/www.vocaracing.com\/wp-content\/uploads\/2018\/07\/VCR-RD36183_BK.jpg","type":"image\/jpeg"}],"twitter_card":"summary_large_image","schema":{"@context":"https:\/\/schema.org","@graph":[{"@type":"WebPage","@id":"https:\/\/www.vocaracing.com\/de\/product\/voca-cross-rookie-50-70cc-ce-yamaha-dt50-mh-ryz-50-endschalldampfer-schwarz\/","url":"https:\/\/www.vocaracing.com\/de\/product\/voca-cross-rookie-50-70cc-ce-yamaha-dt50-mh-ryz-50-endschalldampfer-schwarz\/","name":"VOCA Cross Rookie 50\/70cc (CE), Yamaha DT50, MH RYZ 50, Endschalld\u00e4mpfer schwarz - VocaRacing","isPartOf":{"@id":"https:\/\/www.vocaracing.com\/#website"},"primaryImageOfPage":{"@id":"https:\/\/www.vocaracing.com\/de\/product\/voca-cross-rookie-50-70cc-ce-yamaha-dt50-mh-ryz-50-endschalldampfer-schwarz\/#primaryimage"},"image":{"@id":"https:\/\/www.vocaracing.com\/de\/product\/voca-cross-rookie-50-70cc-ce-yamaha-dt50-mh-ryz-50-endschalldampfer-schwarz\/#primaryimage"},"thumbnailUrl":"https:\/\/www.vocaracing.com\/wp-content\/uploads\/2018\/07\/vcr-rd36183_sil.jpg","datePublished":"2019-01-23T14:09:55+00:00","description":"Neue VOCA \u201cupper\u201d Anlage f\u00fcr alle Cross und Supermotard Fans. Die neue VOCA Cross Rookie 50\/70 Anlage ist homologiert und besticht durch das typische VOCA Racing Finish. So besticht die Anlage durch einen handgeschweissten K\u00f6rper und einen sehr hochwertigen Endschald\u00e4mpfer. Die ideale Auspuffanlage f\u00fcr original 50cc und 70cc Sport Zylinder (Entfernung der Drossel notwendig). Erh\u00e4ltlich mit schwarzem oder rotem Endschalld\u00e4mpfer. Passend auf Yamaha DT50 und MH RYZ 50 models. Endschalld\u00e4mpfer schwarz. Check your favourite VOCA dealer!","breadcrumb":{"@id":"https:\/\/www.vocaracing.com\/de\/product\/voca-cross-rookie-50-70cc-ce-yamaha-dt50-mh-ryz-50-endschalldampfer-schwarz\/#breadcrumb"},"inLanguage":"de-DE","potentialAction":[{"@type":"ReadAction","target":["https:\/\/www.vocaracing.com\/de\/product\/voca-cross-rookie-50-70cc-ce-yamaha-dt50-mh-ryz-50-endschalldampfer-schwarz\/"]}]},{"@type":"ImageObject","inLanguage":"de-DE","@id":"https:\/\/www.vocaracing.com\/de\/product\/voca-cross-rookie-50-70cc-ce-yamaha-dt50-mh-ryz-50-endschalldampfer-schwarz\/#primaryimage","url":"https:\/\/www.vocaracing.com\/wp-content\/uploads\/2018\/07\/vcr-rd36183_sil.jpg","contentUrl":"https:\/\/www.vocaracing.com\/wp-content\/uploads\/2018\/07\/vcr-rd36183_sil.jpg","width":640,"height":640},{"@type":"BreadcrumbList","@id":"https:\/\/www.vocaracing.com\/de\/product\/voca-cross-rookie-50-70cc-ce-yamaha-dt50-mh-ryz-50-endschalldampfer-schwarz\/#breadcrumb","itemListElement":[{"@type":"ListItem","position":1,"name":"Home","item":"https:\/\/www.vocaracing.com\/de\/"},{"@type":"ListItem","position":2,"name":"Produkte","item":"https:\/\/www.vocaracing.com\/de\/produkte\/"},{"@type":"ListItem","position":3,"name":"VOCA Cross Rookie 50\/70cc (CE), Yamaha DT50, MH RYZ 50, Endschalld\u00e4mpfer schwarz"}]},{"@type":"WebSite","@id":"https:\/\/www.vocaracing.com\/#website","url":"https:\/\/www.vocaracing.com\/","name":"VocaRacing","description":"COMPETITION PROVED","publisher":{"@id":"https:\/\/www.vocaracing.com\/#organization"},"potentialAction":[{"@type":"SearchAction","target":{"@type":"EntryPoint","urlTemplate":"https:\/\/www.vocaracing.com\/?s={search_term_string}"},"query-input":{"@type":"PropertyValueSpecification","valueRequired":true,"valueName":"search_term_string"}}],"inLanguage":"de-DE"},{"@type":"Organization","@id":"https:\/\/www.vocaracing.com\/#organization","name":"VocaRacing","url":"https:\/\/www.vocaracing.com\/","logo":{"@type":"ImageObject","inLanguage":"de-DE","@id":"https:\/\/www.vocaracing.com\/#\/schema\/logo\/image\/","url":"https:\/\/www.vocaracing.com\/wp-content\/uploads\/2023\/08\/vocaracing.png","contentUrl":"https:\/\/www.vocaracing.com\/wp-content\/uploads\/2023\/08\/vocaracing.png","width":600,"height":400,"caption":"VocaRacing"},"image":{"@id":"https:\/\/www.vocaracing.com\/#\/schema\/logo\/image\/"},"sameAs":["https:\/\/www.facebook.com\/vocaracing","https:\/\/www.youtube.com\/user\/VOCARacing"]}]}},"uagb_featured_image_src":{"full":["https:\/\/www.vocaracing.com\/wp-content\/uploads\/2018\/07\/vcr-rd36183_sil.jpg",640,640,false],"thumbnail":["https:\/\/www.vocaracing.com\/wp-content\/uploads\/2018\/07\/vcr-rd36183_sil.jpg",150,150,false],"medium":["https:\/\/www.vocaracing.com\/wp-content\/uploads\/2018\/07\/vcr-rd36183_sil.jpg",180,180,false],"medium_large":["https:\/\/www.vocaracing.com\/wp-content\/uploads\/2018\/07\/vcr-rd36183_sil.jpg",640,640,false],"large":["https:\/\/www.vocaracing.com\/wp-content\/uploads\/2018\/07\/vcr-rd36183_sil.jpg",640,640,false],"1536x1536":["https:\/\/www.vocaracing.com\/wp-content\/uploads\/2018\/07\/vcr-rd36183_sil.jpg",640,640,false],"2048x2048":["https:\/\/www.vocaracing.com\/wp-content\/uploads\/2018\/07\/vcr-rd36183_sil.jpg",640,640,false],"woocommerce_thumbnail":["https:\/\/www.vocaracing.com\/wp-content\/uploads\/2018\/07\/vcr-rd36183_sil.jpg",500,500,false],"woocommerce_single":["https:\/\/www.vocaracing.com\/wp-content\/uploads\/2018\/07\/vcr-rd36183_sil.jpg",640,640,false],"woocommerce_gallery_thumbnail":["https:\/\/www.vocaracing.com\/wp-content\/uploads\/2018\/07\/vcr-rd36183_sil.jpg",100,100,false]},"uagb_author_info":{"display_name":"Design Motoscoot","author_link":"https:\/\/www.vocaracing.com\/de\/author\/"},"uagb_comment_info":0,"uagb_excerpt":"Neue VOCA \u201cupper\u201d Anlage f\u00fcr alle Cross und Supermotard Fans. Die neue VOCA Cross Rookie 50\/70 Anlage ist homologiert und besticht durch das typische VOCA Racing Finish. So besticht die Anlage durch einen handgeschweissten K\u00f6rper und einen sehr hochwertigen Endschald\u00e4mpfer. Die ideale Auspuffanlage f\u00fcr original 50cc und 70cc Sport Zylinder (Entfernung der Drossel notwendig). Erh\u00e4ltlich&hellip;","_links":{"self":[{"href":"https:\/\/www.vocaracing.com\/de\/wp-json\/wp\/v2\/product\/8020","targetHints":{"allow":["GET"]}}],"collection":[{"href":"https:\/\/www.vocaracing.com\/de\/wp-json\/wp\/v2\/product"}],"about":[{"href":"https:\/\/www.vocaracing.com\/de\/wp-json\/wp\/v2\/types\/product"}],"wp:featuredmedia":[{"embeddable":true,"href":"https:\/\/www.vocaracing.com\/de\/wp-json\/wp\/v2\/media\/17664"}],"wp:attachment":[{"href":"https:\/\/www.vocaracing.com\/de\/wp-json\/wp\/v2\/media?parent=8020"}],"wp:term":[{"taxonomy":"product_brand","embeddable":true,"href":"https:\/\/www.vocaracing.com\/de\/wp-json\/wp\/v2\/product_brand?post=8020"},{"taxonomy":"product_cat","embeddable":true,"href":"https:\/\/www.vocaracing.com\/de\/wp-json\/wp\/v2\/product_cat?post=8020"},{"taxonomy":"product_tag","embeddable":true,"href":"https:\/\/www.vocaracing.com\/de\/wp-json\/wp\/v2\/product_tag?post=8020"}],"curies":[{"name":"wp","href":"https:\/\/api.w.org\/{rel}","templated":true}]}}