{"id":4347,"date":"2015-12-15T19:47:34","date_gmt":"2015-12-15T18:47:34","guid":{"rendered":"https:\/\/www.vocaracing.com\/product\/gabelbruecke-voca-competition-fuer-orginal-gabelholme-d-26mm-mach-g-jog-rrr\/"},"modified":"2016-02-11T14:15:41","modified_gmt":"2016-02-11T13:15:41","slug":"gabelbruecke-voca-competition-fuer-orginal-gabelholme-d-26mm-mach-g-jog-rrr","status":"publish","type":"product","link":"https:\/\/www.vocaracing.com\/de\/product\/gabelbruecke-voca-competition-fuer-orginal-gabelholme-d-26mm-mach-g-jog-rrr\/","title":{"rendered":"Gabelbr\u00fccke VOCA Competition, f\u00fcr orginal Gabelholme (d.26mm), Mach G \/ Jog R\/RR"},"content":{"rendered":"<p>Die neue VOCA Racing CNC Gabelbr\u00c3\u00bccke ist das Ergebnis intensiver Entwicklungsarbeit im Rennsport. Der CAD-optimierte Aufbau, die Verwendung von hochfestem Aluminium aus dem Flugzeugbau und der optimierte Versatz der Gabelholme reduzieren ma\u00c3\u0178geblich das Gewicht, und erm\u00c3\u00b6glichen beste Resultate auf dem Rundkurs. Erh\u00c3\u00a4ltlich f\u00c3\u00bcr Original- (d.26mm) und Stage6 R\/T-Gabelholme (d.30mm), passend auf YAMAHA Jog R\/RR.<\/p>\n","protected":false},"excerpt":{"rendered":"<p>Die neue VOCA Racing CNC Gabelbr\u00c3\u00bccke ist das Ergebnis intensiver Entwicklungsarbeit im Rennsport.<\/p>\n","protected":false},"featured_media":3673,"template":"","meta":{"_acf_changed":false,"inline_featured_image":false,"_uag_custom_page_level_css":""},"product_brand":[],"product_cat":[230,243],"product_tag":[],"class_list":{"0":"post-4347","1":"product","2":"type-product","3":"status-publish","4":"has-post-thumbnail","6":"product_cat-fahrwerk","7":"product_cat-gabelbruecke-cnc","8":"splide__slide","10":"first","11":"instock","12":"shipping-taxable","13":"purchasable","14":"product-type-simple"},"acf":[],"yoast_head":"<!-- This site is optimized with the Yoast SEO plugin v27.3 - https:\/\/yoast.com\/product\/yoast-seo-wordpress\/ -->\n<title>Gabelbr\u00fccke VOCA Competition, f\u00fcr orginal Gabelholme (d.26mm), Mach G \/ Jog R\/RR - VocaRacing<\/title>\n<meta name=\"robots\" content=\"index, follow, max-snippet:-1, max-image-preview:large, max-video-preview:-1\" \/>\n<link rel=\"canonical\" href=\"https:\/\/www.vocaracing.com\/de\/product\/gabelbruecke-voca-competition-fuer-orginal-gabelholme-d-26mm-mach-g-jog-rrr\/\" \/>\n<meta property=\"og:locale\" content=\"de_DE\" \/>\n<meta property=\"og:type\" content=\"article\" \/>\n<meta property=\"og:title\" content=\"Gabelbr\u00fccke VOCA Competition, f\u00fcr orginal Gabelholme (d.26mm), Mach G \/ Jog R\/RR - VocaRacing\" \/>\n<meta property=\"og:description\" content=\"Die neue VOCA Racing CNC Gabelbr\u00c3\u00bccke ist das Ergebnis intensiver Entwicklungsarbeit im Rennsport.\" \/>\n<meta property=\"og:url\" content=\"https:\/\/www.vocaracing.com\/de\/product\/gabelbruecke-voca-competition-fuer-orginal-gabelholme-d-26mm-mach-g-jog-rrr\/\" \/>\n<meta property=\"og:site_name\" content=\"VocaRacing\" \/>\n<meta property=\"article:publisher\" content=\"https:\/\/www.facebook.com\/vocaracing\" \/>\n<meta property=\"article:modified_time\" content=\"2016-02-11T13:15:41+00:00\" \/>\n<meta property=\"og:image\" content=\"https:\/\/www.vocaracing.com\/wp-content\/uploads\/2015\/12\/VCR-RD14166.022-VOCA-RACING-1.jpg\" \/>\n\t<meta property=\"og:image:width\" content=\"1800\" \/>\n\t<meta property=\"og:image:height\" content=\"1200\" \/>\n\t<meta property=\"og:image:type\" content=\"image\/jpeg\" \/>\n<meta name=\"twitter:card\" content=\"summary_large_image\" \/>\n<script type=\"application\/ld+json\" class=\"yoast-schema-graph\">{\"@context\":\"https:\\\/\\\/schema.org\",\"@graph\":[{\"@type\":\"WebPage\",\"@id\":\"https:\\\/\\\/www.vocaracing.com\\\/de\\\/product\\\/gabelbruecke-voca-competition-fuer-orginal-gabelholme-d-26mm-mach-g-jog-rrr\\\/\",\"url\":\"https:\\\/\\\/www.vocaracing.com\\\/de\\\/product\\\/gabelbruecke-voca-competition-fuer-orginal-gabelholme-d-26mm-mach-g-jog-rrr\\\/\",\"name\":\"Gabelbr\u00fccke VOCA Competition, f\u00fcr orginal Gabelholme (d.26mm), Mach G \\\/ Jog R\\\/RR - VocaRacing\",\"isPartOf\":{\"@id\":\"https:\\\/\\\/www.vocaracing.com\\\/#website\"},\"primaryImageOfPage\":{\"@id\":\"https:\\\/\\\/www.vocaracing.com\\\/de\\\/product\\\/gabelbruecke-voca-competition-fuer-orginal-gabelholme-d-26mm-mach-g-jog-rrr\\\/#primaryimage\"},\"image\":{\"@id\":\"https:\\\/\\\/www.vocaracing.com\\\/de\\\/product\\\/gabelbruecke-voca-competition-fuer-orginal-gabelholme-d-26mm-mach-g-jog-rrr\\\/#primaryimage\"},\"thumbnailUrl\":\"https:\\\/\\\/www.vocaracing.com\\\/wp-content\\\/uploads\\\/2015\\\/12\\\/VCR-RD14166.022-VOCA-RACING-1.jpg\",\"datePublished\":\"2015-12-15T18:47:34+00:00\",\"dateModified\":\"2016-02-11T13:15:41+00:00\",\"breadcrumb\":{\"@id\":\"https:\\\/\\\/www.vocaracing.com\\\/de\\\/product\\\/gabelbruecke-voca-competition-fuer-orginal-gabelholme-d-26mm-mach-g-jog-rrr\\\/#breadcrumb\"},\"inLanguage\":\"de-DE\",\"potentialAction\":[{\"@type\":\"ReadAction\",\"target\":[\"https:\\\/\\\/www.vocaracing.com\\\/de\\\/product\\\/gabelbruecke-voca-competition-fuer-orginal-gabelholme-d-26mm-mach-g-jog-rrr\\\/\"]}]},{\"@type\":\"ImageObject\",\"inLanguage\":\"de-DE\",\"@id\":\"https:\\\/\\\/www.vocaracing.com\\\/de\\\/product\\\/gabelbruecke-voca-competition-fuer-orginal-gabelholme-d-26mm-mach-g-jog-rrr\\\/#primaryimage\",\"url\":\"https:\\\/\\\/www.vocaracing.com\\\/wp-content\\\/uploads\\\/2015\\\/12\\\/VCR-RD14166.022-VOCA-RACING-1.jpg\",\"contentUrl\":\"https:\\\/\\\/www.vocaracing.com\\\/wp-content\\\/uploads\\\/2015\\\/12\\\/VCR-RD14166.022-VOCA-RACING-1.jpg\",\"width\":1800,\"height\":1200},{\"@type\":\"BreadcrumbList\",\"@id\":\"https:\\\/\\\/www.vocaracing.com\\\/de\\\/product\\\/gabelbruecke-voca-competition-fuer-orginal-gabelholme-d-26mm-mach-g-jog-rrr\\\/#breadcrumb\",\"itemListElement\":[{\"@type\":\"ListItem\",\"position\":1,\"name\":\"Home\",\"item\":\"https:\\\/\\\/www.vocaracing.com\\\/de\\\/\"},{\"@type\":\"ListItem\",\"position\":2,\"name\":\"Produkte\",\"item\":\"https:\\\/\\\/www.vocaracing.com\\\/de\\\/produkte\\\/\"},{\"@type\":\"ListItem\",\"position\":3,\"name\":\"Gabelbr\u00fccke VOCA Competition, f\u00fcr orginal Gabelholme (d.26mm), Mach G \\\/ Jog R\\\/RR\"}]},{\"@type\":\"WebSite\",\"@id\":\"https:\\\/\\\/www.vocaracing.com\\\/#website\",\"url\":\"https:\\\/\\\/www.vocaracing.com\\\/\",\"name\":\"VocaRacing\",\"description\":\"COMPETITION PROVED\",\"publisher\":{\"@id\":\"https:\\\/\\\/www.vocaracing.com\\\/#organization\"},\"potentialAction\":[{\"@type\":\"SearchAction\",\"target\":{\"@type\":\"EntryPoint\",\"urlTemplate\":\"https:\\\/\\\/www.vocaracing.com\\\/?s={search_term_string}\"},\"query-input\":{\"@type\":\"PropertyValueSpecification\",\"valueRequired\":true,\"valueName\":\"search_term_string\"}}],\"inLanguage\":\"de-DE\"},{\"@type\":\"Organization\",\"@id\":\"https:\\\/\\\/www.vocaracing.com\\\/#organization\",\"name\":\"VocaRacing\",\"url\":\"https:\\\/\\\/www.vocaracing.com\\\/\",\"logo\":{\"@type\":\"ImageObject\",\"inLanguage\":\"de-DE\",\"@id\":\"https:\\\/\\\/www.vocaracing.com\\\/#\\\/schema\\\/logo\\\/image\\\/\",\"url\":\"https:\\\/\\\/www.vocaracing.com\\\/wp-content\\\/uploads\\\/2023\\\/08\\\/vocaracing.png\",\"contentUrl\":\"https:\\\/\\\/www.vocaracing.com\\\/wp-content\\\/uploads\\\/2023\\\/08\\\/vocaracing.png\",\"width\":600,\"height\":400,\"caption\":\"VocaRacing\"},\"image\":{\"@id\":\"https:\\\/\\\/www.vocaracing.com\\\/#\\\/schema\\\/logo\\\/image\\\/\"},\"sameAs\":[\"https:\\\/\\\/www.facebook.com\\\/vocaracing\",\"https:\\\/\\\/www.youtube.com\\\/user\\\/VOCARacing\"]}]}<\/script>\n<!-- \/ Yoast SEO plugin. -->","yoast_head_json":{"title":"Gabelbr\u00fccke VOCA Competition, f\u00fcr orginal Gabelholme (d.26mm), Mach G \/ Jog R\/RR - VocaRacing","robots":{"index":"index","follow":"follow","max-snippet":"max-snippet:-1","max-image-preview":"max-image-preview:large","max-video-preview":"max-video-preview:-1"},"canonical":"https:\/\/www.vocaracing.com\/de\/product\/gabelbruecke-voca-competition-fuer-orginal-gabelholme-d-26mm-mach-g-jog-rrr\/","og_locale":"de_DE","og_type":"article","og_title":"Gabelbr\u00fccke VOCA Competition, f\u00fcr orginal Gabelholme (d.26mm), Mach G \/ Jog R\/RR - VocaRacing","og_description":"Die neue VOCA Racing CNC Gabelbr\u00c3\u00bccke ist das Ergebnis intensiver Entwicklungsarbeit im Rennsport.","og_url":"https:\/\/www.vocaracing.com\/de\/product\/gabelbruecke-voca-competition-fuer-orginal-gabelholme-d-26mm-mach-g-jog-rrr\/","og_site_name":"VocaRacing","article_publisher":"https:\/\/www.facebook.com\/vocaracing","article_modified_time":"2016-02-11T13:15:41+00:00","og_image":[{"width":1800,"height":1200,"url":"https:\/\/www.vocaracing.com\/wp-content\/uploads\/2015\/12\/VCR-RD14166.022-VOCA-RACING-1.jpg","type":"image\/jpeg"}],"twitter_card":"summary_large_image","schema":{"@context":"https:\/\/schema.org","@graph":[{"@type":"WebPage","@id":"https:\/\/www.vocaracing.com\/de\/product\/gabelbruecke-voca-competition-fuer-orginal-gabelholme-d-26mm-mach-g-jog-rrr\/","url":"https:\/\/www.vocaracing.com\/de\/product\/gabelbruecke-voca-competition-fuer-orginal-gabelholme-d-26mm-mach-g-jog-rrr\/","name":"Gabelbr\u00fccke VOCA Competition, f\u00fcr orginal Gabelholme (d.26mm), Mach G \/ Jog R\/RR - VocaRacing","isPartOf":{"@id":"https:\/\/www.vocaracing.com\/#website"},"primaryImageOfPage":{"@id":"https:\/\/www.vocaracing.com\/de\/product\/gabelbruecke-voca-competition-fuer-orginal-gabelholme-d-26mm-mach-g-jog-rrr\/#primaryimage"},"image":{"@id":"https:\/\/www.vocaracing.com\/de\/product\/gabelbruecke-voca-competition-fuer-orginal-gabelholme-d-26mm-mach-g-jog-rrr\/#primaryimage"},"thumbnailUrl":"https:\/\/www.vocaracing.com\/wp-content\/uploads\/2015\/12\/VCR-RD14166.022-VOCA-RACING-1.jpg","datePublished":"2015-12-15T18:47:34+00:00","dateModified":"2016-02-11T13:15:41+00:00","breadcrumb":{"@id":"https:\/\/www.vocaracing.com\/de\/product\/gabelbruecke-voca-competition-fuer-orginal-gabelholme-d-26mm-mach-g-jog-rrr\/#breadcrumb"},"inLanguage":"de-DE","potentialAction":[{"@type":"ReadAction","target":["https:\/\/www.vocaracing.com\/de\/product\/gabelbruecke-voca-competition-fuer-orginal-gabelholme-d-26mm-mach-g-jog-rrr\/"]}]},{"@type":"ImageObject","inLanguage":"de-DE","@id":"https:\/\/www.vocaracing.com\/de\/product\/gabelbruecke-voca-competition-fuer-orginal-gabelholme-d-26mm-mach-g-jog-rrr\/#primaryimage","url":"https:\/\/www.vocaracing.com\/wp-content\/uploads\/2015\/12\/VCR-RD14166.022-VOCA-RACING-1.jpg","contentUrl":"https:\/\/www.vocaracing.com\/wp-content\/uploads\/2015\/12\/VCR-RD14166.022-VOCA-RACING-1.jpg","width":1800,"height":1200},{"@type":"BreadcrumbList","@id":"https:\/\/www.vocaracing.com\/de\/product\/gabelbruecke-voca-competition-fuer-orginal-gabelholme-d-26mm-mach-g-jog-rrr\/#breadcrumb","itemListElement":[{"@type":"ListItem","position":1,"name":"Home","item":"https:\/\/www.vocaracing.com\/de\/"},{"@type":"ListItem","position":2,"name":"Produkte","item":"https:\/\/www.vocaracing.com\/de\/produkte\/"},{"@type":"ListItem","position":3,"name":"Gabelbr\u00fccke VOCA Competition, f\u00fcr orginal Gabelholme (d.26mm), Mach G \/ Jog R\/RR"}]},{"@type":"WebSite","@id":"https:\/\/www.vocaracing.com\/#website","url":"https:\/\/www.vocaracing.com\/","name":"VocaRacing","description":"COMPETITION PROVED","publisher":{"@id":"https:\/\/www.vocaracing.com\/#organization"},"potentialAction":[{"@type":"SearchAction","target":{"@type":"EntryPoint","urlTemplate":"https:\/\/www.vocaracing.com\/?s={search_term_string}"},"query-input":{"@type":"PropertyValueSpecification","valueRequired":true,"valueName":"search_term_string"}}],"inLanguage":"de-DE"},{"@type":"Organization","@id":"https:\/\/www.vocaracing.com\/#organization","name":"VocaRacing","url":"https:\/\/www.vocaracing.com\/","logo":{"@type":"ImageObject","inLanguage":"de-DE","@id":"https:\/\/www.vocaracing.com\/#\/schema\/logo\/image\/","url":"https:\/\/www.vocaracing.com\/wp-content\/uploads\/2023\/08\/vocaracing.png","contentUrl":"https:\/\/www.vocaracing.com\/wp-content\/uploads\/2023\/08\/vocaracing.png","width":600,"height":400,"caption":"VocaRacing"},"image":{"@id":"https:\/\/www.vocaracing.com\/#\/schema\/logo\/image\/"},"sameAs":["https:\/\/www.facebook.com\/vocaracing","https:\/\/www.youtube.com\/user\/VOCARacing"]}]}},"uagb_featured_image_src":{"full":["https:\/\/www.vocaracing.com\/wp-content\/uploads\/2015\/12\/VCR-RD14166.022-VOCA-RACING-1.jpg",1800,1200,false],"thumbnail":["https:\/\/www.vocaracing.com\/wp-content\/uploads\/2015\/12\/VCR-RD14166.022-VOCA-RACING-1-200x150.jpg",200,150,true],"medium":["https:\/\/www.vocaracing.com\/wp-content\/uploads\/2015\/12\/VCR-RD14166.022-VOCA-RACING-1-270x180.jpg",270,180,true],"medium_large":["https:\/\/www.vocaracing.com\/wp-content\/uploads\/2015\/12\/VCR-RD14166.022-VOCA-RACING-1.jpg",1800,1200,false],"large":["https:\/\/www.vocaracing.com\/wp-content\/uploads\/2015\/12\/VCR-RD14166.022-VOCA-RACING-1-1024x683.jpg",960,640,true],"1536x1536":["https:\/\/www.vocaracing.com\/wp-content\/uploads\/2015\/12\/VCR-RD14166.022-VOCA-RACING-1.jpg",1536,1024,false],"2048x2048":["https:\/\/www.vocaracing.com\/wp-content\/uploads\/2015\/12\/VCR-RD14166.022-VOCA-RACING-1.jpg",1800,1200,false],"woocommerce_thumbnail":["https:\/\/www.vocaracing.com\/wp-content\/uploads\/2015\/12\/VCR-RD14166.022-VOCA-RACING-1-500x500.jpg",500,500,true],"woocommerce_single":["https:\/\/www.vocaracing.com\/wp-content\/uploads\/2015\/12\/VCR-RD14166.022-VOCA-RACING-1-700x467.jpg",700,467,true],"woocommerce_gallery_thumbnail":["https:\/\/www.vocaracing.com\/wp-content\/uploads\/2015\/12\/VCR-RD14166.022-VOCA-RACING-1-100x100.jpg",100,100,true]},"uagb_author_info":{"display_name":"Design Motoscoot","author_link":"https:\/\/www.vocaracing.com\/de\/author\/"},"uagb_comment_info":0,"uagb_excerpt":"Die neue VOCA Racing CNC Gabelbr\u00c3\u00bccke ist das Ergebnis intensiver Entwicklungsarbeit im Rennsport.","_links":{"self":[{"href":"https:\/\/www.vocaracing.com\/de\/wp-json\/wp\/v2\/product\/4347","targetHints":{"allow":["GET"]}}],"collection":[{"href":"https:\/\/www.vocaracing.com\/de\/wp-json\/wp\/v2\/product"}],"about":[{"href":"https:\/\/www.vocaracing.com\/de\/wp-json\/wp\/v2\/types\/product"}],"wp:featuredmedia":[{"embeddable":true,"href":"https:\/\/www.vocaracing.com\/de\/wp-json\/wp\/v2\/media\/3673"}],"wp:attachment":[{"href":"https:\/\/www.vocaracing.com\/de\/wp-json\/wp\/v2\/media?parent=4347"}],"wp:term":[{"taxonomy":"product_brand","embeddable":true,"href":"https:\/\/www.vocaracing.com\/de\/wp-json\/wp\/v2\/product_brand?post=4347"},{"taxonomy":"product_cat","embeddable":true,"href":"https:\/\/www.vocaracing.com\/de\/wp-json\/wp\/v2\/product_cat?post=4347"},{"taxonomy":"product_tag","embeddable":true,"href":"https:\/\/www.vocaracing.com\/de\/wp-json\/wp\/v2\/product_tag?post=4347"}],"curies":[{"name":"wp","href":"https:\/\/api.w.org\/{rel}","templated":true}]}}