{"id":4329,"date":"2015-12-15T19:52:45","date_gmt":"2015-12-15T18:52:45","guid":{"rendered":"https:\/\/www.vocaracing.com\/product\/bresmzange-voca-racing-g-force-4-kolben-rot\/"},"modified":"2016-05-02T14:15:16","modified_gmt":"2016-05-02T13:15:16","slug":"bresmzange-voca-racing-g-force-4-kolben-rot","status":"publish","type":"product","link":"https:\/\/www.vocaracing.com\/de\/product\/bresmzange-voca-racing-g-force-4-kolben-rot\/","title":{"rendered":"Bresmzange VOCA Racing G-Force, 4 Kolben, rot"},"content":{"rendered":"<p>Neue radiale 4-Kolben Bremszange VOCA G-Force. Erh\u00f6he die Bremskraft deines Scooters, Pitbikes oder Mopeds mit der neuen Bremszange VOCA G-Force. Empfehlenswert f\u00fcr die Rennstrecke und den eher sportlichen Fahrer auf der Strasse. Die VOCA Bremszange wird aus massivem Aluminium CNC gefr\u00e4st und besticht durch hochwertige Verarbeitung, Robustheit und geringes Gewicht. Auf der Oberfl\u00e4che der VOCA Bremszange findet ihr ein gelasertes VOCA Logo. Erh\u00e4ltlich in rot- oder schwarz eloxiertem Alumium. F\u00fcr Pitbikes empfehlen wir den Bremszangenadapter Ref.VCR-RD18144, f\u00fcr die Hinterradbremsscheibe des Motorblocks der Yamaha Aerox den Adapter VCR-RD18166. Auch als Kit erh\u00e4ltlich. Abstand zwischen den Bohrungen 82mm, M8 Schrauben. Ausgestattet mit organischen Bremsbel\u00e4gen. Semi-Metal Bel\u00e4ge erh\u00e4ltlich. Farbe rot.<\/p>\n","protected":false},"excerpt":{"rendered":"<p>Neue radiale 4-Kolben Bremszange VOCA G-Force. Erh\u00f6he die Bremskraft deines Scooters, Pitbikes oder Mopeds mit der neuen Bremszange VOCA G-Force. Abstand zwischen den Bohrungen 82mm, M8 Schrauben. Ausgestattet mit organischen Bremsbel\u00e4gen. Semi-Metal Bel\u00e4ge erh\u00e4ltlich. Farbe rot.<\/p>\n","protected":false},"featured_media":3691,"template":"","meta":{"_acf_changed":false,"inline_featured_image":false,"_uag_custom_page_level_css":""},"product_brand":[],"product_cat":[246],"product_tag":[],"class_list":{"0":"post-4329","1":"product","2":"type-product","3":"status-publish","4":"has-post-thumbnail","6":"product_cat-bremszangen","7":"splide__slide","9":"first","10":"instock","11":"shipping-taxable","12":"product-type-simple"},"acf":[],"yoast_head":"<!-- This site is optimized with the Yoast SEO plugin v27.3 - https:\/\/yoast.com\/product\/yoast-seo-wordpress\/ -->\n<title>Bresmzange VOCA Racing G-Force, 4 Kolben, rot - VocaRacing<\/title>\n<meta name=\"robots\" content=\"index, follow, max-snippet:-1, max-image-preview:large, max-video-preview:-1\" \/>\n<link rel=\"canonical\" href=\"https:\/\/www.vocaracing.com\/de\/product\/bresmzange-voca-racing-g-force-4-kolben-rot\/\" \/>\n<meta property=\"og:locale\" content=\"de_DE\" \/>\n<meta property=\"og:type\" content=\"article\" \/>\n<meta property=\"og:title\" content=\"Bresmzange VOCA Racing G-Force, 4 Kolben, rot - VocaRacing\" \/>\n<meta property=\"og:description\" content=\"Neue radiale 4-Kolben Bremszange VOCA G-Force. Erh\u00f6he die Bremskraft deines Scooters, Pitbikes oder Mopeds mit der neuen Bremszange VOCA G-Force. Abstand zwischen den Bohrungen 82mm, M8 Schrauben. Ausgestattet mit organischen Bremsbel\u00e4gen. Semi-Metal Bel\u00e4ge erh\u00e4ltlich. Farbe rot.\" \/>\n<meta property=\"og:url\" content=\"https:\/\/www.vocaracing.com\/de\/product\/bresmzange-voca-racing-g-force-4-kolben-rot\/\" \/>\n<meta property=\"og:site_name\" content=\"VocaRacing\" \/>\n<meta property=\"article:publisher\" content=\"https:\/\/www.facebook.com\/vocaracing\" \/>\n<meta property=\"article:modified_time\" content=\"2016-05-02T13:15:16+00:00\" \/>\n<meta property=\"og:image\" content=\"https:\/\/www.vocaracing.com\/wp-content\/uploads\/2015\/12\/VCR-RD18RE-VOCA-RACING-1.jpg\" \/>\n\t<meta property=\"og:image:width\" content=\"1800\" \/>\n\t<meta property=\"og:image:height\" content=\"1200\" \/>\n\t<meta property=\"og:image:type\" content=\"image\/jpeg\" \/>\n<meta name=\"twitter:card\" content=\"summary_large_image\" \/>\n<meta name=\"twitter:label1\" content=\"Est. reading time\" \/>\n\t<meta name=\"twitter:data1\" content=\"1 minute\" \/>\n<script type=\"application\/ld+json\" class=\"yoast-schema-graph\">{\"@context\":\"https:\\\/\\\/schema.org\",\"@graph\":[{\"@type\":\"WebPage\",\"@id\":\"https:\\\/\\\/www.vocaracing.com\\\/de\\\/product\\\/bresmzange-voca-racing-g-force-4-kolben-rot\\\/\",\"url\":\"https:\\\/\\\/www.vocaracing.com\\\/de\\\/product\\\/bresmzange-voca-racing-g-force-4-kolben-rot\\\/\",\"name\":\"Bresmzange VOCA Racing G-Force, 4 Kolben, rot - VocaRacing\",\"isPartOf\":{\"@id\":\"https:\\\/\\\/www.vocaracing.com\\\/#website\"},\"primaryImageOfPage\":{\"@id\":\"https:\\\/\\\/www.vocaracing.com\\\/de\\\/product\\\/bresmzange-voca-racing-g-force-4-kolben-rot\\\/#primaryimage\"},\"image\":{\"@id\":\"https:\\\/\\\/www.vocaracing.com\\\/de\\\/product\\\/bresmzange-voca-racing-g-force-4-kolben-rot\\\/#primaryimage\"},\"thumbnailUrl\":\"https:\\\/\\\/www.vocaracing.com\\\/wp-content\\\/uploads\\\/2015\\\/12\\\/VCR-RD18RE-VOCA-RACING-1.jpg\",\"datePublished\":\"2015-12-15T18:52:45+00:00\",\"dateModified\":\"2016-05-02T13:15:16+00:00\",\"breadcrumb\":{\"@id\":\"https:\\\/\\\/www.vocaracing.com\\\/de\\\/product\\\/bresmzange-voca-racing-g-force-4-kolben-rot\\\/#breadcrumb\"},\"inLanguage\":\"de-DE\",\"potentialAction\":[{\"@type\":\"ReadAction\",\"target\":[\"https:\\\/\\\/www.vocaracing.com\\\/de\\\/product\\\/bresmzange-voca-racing-g-force-4-kolben-rot\\\/\"]}]},{\"@type\":\"ImageObject\",\"inLanguage\":\"de-DE\",\"@id\":\"https:\\\/\\\/www.vocaracing.com\\\/de\\\/product\\\/bresmzange-voca-racing-g-force-4-kolben-rot\\\/#primaryimage\",\"url\":\"https:\\\/\\\/www.vocaracing.com\\\/wp-content\\\/uploads\\\/2015\\\/12\\\/VCR-RD18RE-VOCA-RACING-1.jpg\",\"contentUrl\":\"https:\\\/\\\/www.vocaracing.com\\\/wp-content\\\/uploads\\\/2015\\\/12\\\/VCR-RD18RE-VOCA-RACING-1.jpg\",\"width\":1800,\"height\":1200},{\"@type\":\"BreadcrumbList\",\"@id\":\"https:\\\/\\\/www.vocaracing.com\\\/de\\\/product\\\/bresmzange-voca-racing-g-force-4-kolben-rot\\\/#breadcrumb\",\"itemListElement\":[{\"@type\":\"ListItem\",\"position\":1,\"name\":\"Home\",\"item\":\"https:\\\/\\\/www.vocaracing.com\\\/de\\\/\"},{\"@type\":\"ListItem\",\"position\":2,\"name\":\"Produkte\",\"item\":\"https:\\\/\\\/www.vocaracing.com\\\/de\\\/produkte\\\/\"},{\"@type\":\"ListItem\",\"position\":3,\"name\":\"Bresmzange VOCA Racing G-Force, 4 Kolben, rot\"}]},{\"@type\":\"WebSite\",\"@id\":\"https:\\\/\\\/www.vocaracing.com\\\/#website\",\"url\":\"https:\\\/\\\/www.vocaracing.com\\\/\",\"name\":\"VocaRacing\",\"description\":\"COMPETITION PROVED\",\"publisher\":{\"@id\":\"https:\\\/\\\/www.vocaracing.com\\\/#organization\"},\"potentialAction\":[{\"@type\":\"SearchAction\",\"target\":{\"@type\":\"EntryPoint\",\"urlTemplate\":\"https:\\\/\\\/www.vocaracing.com\\\/?s={search_term_string}\"},\"query-input\":{\"@type\":\"PropertyValueSpecification\",\"valueRequired\":true,\"valueName\":\"search_term_string\"}}],\"inLanguage\":\"de-DE\"},{\"@type\":\"Organization\",\"@id\":\"https:\\\/\\\/www.vocaracing.com\\\/#organization\",\"name\":\"VocaRacing\",\"url\":\"https:\\\/\\\/www.vocaracing.com\\\/\",\"logo\":{\"@type\":\"ImageObject\",\"inLanguage\":\"de-DE\",\"@id\":\"https:\\\/\\\/www.vocaracing.com\\\/#\\\/schema\\\/logo\\\/image\\\/\",\"url\":\"https:\\\/\\\/www.vocaracing.com\\\/wp-content\\\/uploads\\\/2023\\\/08\\\/vocaracing.png\",\"contentUrl\":\"https:\\\/\\\/www.vocaracing.com\\\/wp-content\\\/uploads\\\/2023\\\/08\\\/vocaracing.png\",\"width\":600,\"height\":400,\"caption\":\"VocaRacing\"},\"image\":{\"@id\":\"https:\\\/\\\/www.vocaracing.com\\\/#\\\/schema\\\/logo\\\/image\\\/\"},\"sameAs\":[\"https:\\\/\\\/www.facebook.com\\\/vocaracing\",\"https:\\\/\\\/www.youtube.com\\\/user\\\/VOCARacing\"]}]}<\/script>\n<!-- \/ Yoast SEO plugin. -->","yoast_head_json":{"title":"Bresmzange VOCA Racing G-Force, 4 Kolben, rot - VocaRacing","robots":{"index":"index","follow":"follow","max-snippet":"max-snippet:-1","max-image-preview":"max-image-preview:large","max-video-preview":"max-video-preview:-1"},"canonical":"https:\/\/www.vocaracing.com\/de\/product\/bresmzange-voca-racing-g-force-4-kolben-rot\/","og_locale":"de_DE","og_type":"article","og_title":"Bresmzange VOCA Racing G-Force, 4 Kolben, rot - VocaRacing","og_description":"Neue radiale 4-Kolben Bremszange VOCA G-Force. Erh\u00f6he die Bremskraft deines Scooters, Pitbikes oder Mopeds mit der neuen Bremszange VOCA G-Force. Abstand zwischen den Bohrungen 82mm, M8 Schrauben. Ausgestattet mit organischen Bremsbel\u00e4gen. Semi-Metal Bel\u00e4ge erh\u00e4ltlich. Farbe rot.","og_url":"https:\/\/www.vocaracing.com\/de\/product\/bresmzange-voca-racing-g-force-4-kolben-rot\/","og_site_name":"VocaRacing","article_publisher":"https:\/\/www.facebook.com\/vocaracing","article_modified_time":"2016-05-02T13:15:16+00:00","og_image":[{"width":1800,"height":1200,"url":"https:\/\/www.vocaracing.com\/wp-content\/uploads\/2015\/12\/VCR-RD18RE-VOCA-RACING-1.jpg","type":"image\/jpeg"}],"twitter_card":"summary_large_image","twitter_misc":{"Est. reading time":"1 minute"},"schema":{"@context":"https:\/\/schema.org","@graph":[{"@type":"WebPage","@id":"https:\/\/www.vocaracing.com\/de\/product\/bresmzange-voca-racing-g-force-4-kolben-rot\/","url":"https:\/\/www.vocaracing.com\/de\/product\/bresmzange-voca-racing-g-force-4-kolben-rot\/","name":"Bresmzange VOCA Racing G-Force, 4 Kolben, rot - VocaRacing","isPartOf":{"@id":"https:\/\/www.vocaracing.com\/#website"},"primaryImageOfPage":{"@id":"https:\/\/www.vocaracing.com\/de\/product\/bresmzange-voca-racing-g-force-4-kolben-rot\/#primaryimage"},"image":{"@id":"https:\/\/www.vocaracing.com\/de\/product\/bresmzange-voca-racing-g-force-4-kolben-rot\/#primaryimage"},"thumbnailUrl":"https:\/\/www.vocaracing.com\/wp-content\/uploads\/2015\/12\/VCR-RD18RE-VOCA-RACING-1.jpg","datePublished":"2015-12-15T18:52:45+00:00","dateModified":"2016-05-02T13:15:16+00:00","breadcrumb":{"@id":"https:\/\/www.vocaracing.com\/de\/product\/bresmzange-voca-racing-g-force-4-kolben-rot\/#breadcrumb"},"inLanguage":"de-DE","potentialAction":[{"@type":"ReadAction","target":["https:\/\/www.vocaracing.com\/de\/product\/bresmzange-voca-racing-g-force-4-kolben-rot\/"]}]},{"@type":"ImageObject","inLanguage":"de-DE","@id":"https:\/\/www.vocaracing.com\/de\/product\/bresmzange-voca-racing-g-force-4-kolben-rot\/#primaryimage","url":"https:\/\/www.vocaracing.com\/wp-content\/uploads\/2015\/12\/VCR-RD18RE-VOCA-RACING-1.jpg","contentUrl":"https:\/\/www.vocaracing.com\/wp-content\/uploads\/2015\/12\/VCR-RD18RE-VOCA-RACING-1.jpg","width":1800,"height":1200},{"@type":"BreadcrumbList","@id":"https:\/\/www.vocaracing.com\/de\/product\/bresmzange-voca-racing-g-force-4-kolben-rot\/#breadcrumb","itemListElement":[{"@type":"ListItem","position":1,"name":"Home","item":"https:\/\/www.vocaracing.com\/de\/"},{"@type":"ListItem","position":2,"name":"Produkte","item":"https:\/\/www.vocaracing.com\/de\/produkte\/"},{"@type":"ListItem","position":3,"name":"Bresmzange VOCA Racing G-Force, 4 Kolben, rot"}]},{"@type":"WebSite","@id":"https:\/\/www.vocaracing.com\/#website","url":"https:\/\/www.vocaracing.com\/","name":"VocaRacing","description":"COMPETITION PROVED","publisher":{"@id":"https:\/\/www.vocaracing.com\/#organization"},"potentialAction":[{"@type":"SearchAction","target":{"@type":"EntryPoint","urlTemplate":"https:\/\/www.vocaracing.com\/?s={search_term_string}"},"query-input":{"@type":"PropertyValueSpecification","valueRequired":true,"valueName":"search_term_string"}}],"inLanguage":"de-DE"},{"@type":"Organization","@id":"https:\/\/www.vocaracing.com\/#organization","name":"VocaRacing","url":"https:\/\/www.vocaracing.com\/","logo":{"@type":"ImageObject","inLanguage":"de-DE","@id":"https:\/\/www.vocaracing.com\/#\/schema\/logo\/image\/","url":"https:\/\/www.vocaracing.com\/wp-content\/uploads\/2023\/08\/vocaracing.png","contentUrl":"https:\/\/www.vocaracing.com\/wp-content\/uploads\/2023\/08\/vocaracing.png","width":600,"height":400,"caption":"VocaRacing"},"image":{"@id":"https:\/\/www.vocaracing.com\/#\/schema\/logo\/image\/"},"sameAs":["https:\/\/www.facebook.com\/vocaracing","https:\/\/www.youtube.com\/user\/VOCARacing"]}]}},"uagb_featured_image_src":{"full":["https:\/\/www.vocaracing.com\/wp-content\/uploads\/2015\/12\/VCR-RD18RE-VOCA-RACING-1.jpg",1800,1200,false],"thumbnail":["https:\/\/www.vocaracing.com\/wp-content\/uploads\/2015\/12\/VCR-RD18RE-VOCA-RACING-1-200x150.jpg",200,150,true],"medium":["https:\/\/www.vocaracing.com\/wp-content\/uploads\/2015\/12\/VCR-RD18RE-VOCA-RACING-1-270x180.jpg",270,180,true],"medium_large":["https:\/\/www.vocaracing.com\/wp-content\/uploads\/2015\/12\/VCR-RD18RE-VOCA-RACING-1.jpg",1800,1200,false],"large":["https:\/\/www.vocaracing.com\/wp-content\/uploads\/2015\/12\/VCR-RD18RE-VOCA-RACING-1-1024x683.jpg",960,640,true],"1536x1536":["https:\/\/www.vocaracing.com\/wp-content\/uploads\/2015\/12\/VCR-RD18RE-VOCA-RACING-1.jpg",1536,1024,false],"2048x2048":["https:\/\/www.vocaracing.com\/wp-content\/uploads\/2015\/12\/VCR-RD18RE-VOCA-RACING-1.jpg",1800,1200,false],"woocommerce_thumbnail":["https:\/\/www.vocaracing.com\/wp-content\/uploads\/2015\/12\/VCR-RD18RE-VOCA-RACING-1-500x500.jpg",500,500,true],"woocommerce_single":["https:\/\/www.vocaracing.com\/wp-content\/uploads\/2015\/12\/VCR-RD18RE-VOCA-RACING-1-700x467.jpg",700,467,true],"woocommerce_gallery_thumbnail":["https:\/\/www.vocaracing.com\/wp-content\/uploads\/2015\/12\/VCR-RD18RE-VOCA-RACING-1-100x100.jpg",100,100,true]},"uagb_author_info":{"display_name":"Design Motoscoot","author_link":"https:\/\/www.vocaracing.com\/de\/author\/"},"uagb_comment_info":0,"uagb_excerpt":"Neue radiale 4-Kolben Bremszange VOCA G-Force. Erh\u00f6he die Bremskraft deines Scooters, Pitbikes oder Mopeds mit der neuen Bremszange VOCA G-Force. Abstand zwischen den Bohrungen 82mm, M8 Schrauben. Ausgestattet mit organischen Bremsbel\u00e4gen. Semi-Metal Bel\u00e4ge erh\u00e4ltlich. Farbe rot.","_links":{"self":[{"href":"https:\/\/www.vocaracing.com\/de\/wp-json\/wp\/v2\/product\/4329","targetHints":{"allow":["GET"]}}],"collection":[{"href":"https:\/\/www.vocaracing.com\/de\/wp-json\/wp\/v2\/product"}],"about":[{"href":"https:\/\/www.vocaracing.com\/de\/wp-json\/wp\/v2\/types\/product"}],"wp:featuredmedia":[{"embeddable":true,"href":"https:\/\/www.vocaracing.com\/de\/wp-json\/wp\/v2\/media\/3691"}],"wp:attachment":[{"href":"https:\/\/www.vocaracing.com\/de\/wp-json\/wp\/v2\/media?parent=4329"}],"wp:term":[{"taxonomy":"product_brand","embeddable":true,"href":"https:\/\/www.vocaracing.com\/de\/wp-json\/wp\/v2\/product_brand?post=4329"},{"taxonomy":"product_cat","embeddable":true,"href":"https:\/\/www.vocaracing.com\/de\/wp-json\/wp\/v2\/product_cat?post=4329"},{"taxonomy":"product_tag","embeddable":true,"href":"https:\/\/www.vocaracing.com\/de\/wp-json\/wp\/v2\/product_tag?post=4329"}],"curies":[{"name":"wp","href":"https:\/\/api.w.org\/{rel}","templated":true}]}}