{"id":4299,"date":"2015-12-18T12:04:39","date_gmt":"2015-12-18T11:04:39","guid":{"rendered":"https:\/\/www.vocaracing.com\/product\/durchgang-ueber-hinterrad-voca-style-led-laser-cut-derbi-drd-pro-led-weiss\/"},"modified":"2016-02-11T13:08:48","modified_gmt":"2016-02-11T12:08:48","slug":"durchgang-ueber-hinterrad-voca-style-led-laser-cut-derbi-drd-pro-led-weiss","status":"publish","type":"product","link":"https:\/\/www.vocaracing.com\/de\/product\/durchgang-ueber-hinterrad-voca-style-led-laser-cut-derbi-drd-pro-led-weiss\/","title":{"rendered":"Durchgang \u00fcber Hinterrad VOCA Style, LED, Laser Cut, Derbi DRD Pro, LED weiss"},"content":{"rendered":"<p>VOCA Racing Style Division erweitert sein Produktspektrum um hochwertige Hinterradurchg\u00c3\u00a4nge f\u00c3\u00bcr Derbi DRD PRO Modelle. Die Hinterraddurchg\u00c3\u00a4nge bestechen durch hohe Passgenauigkeit und eine Formgebung welche die Linie des Hecks der DRD Pro Modelle perfekt aufnimmt. Qualitativ hochwertiger, rostfreier, lasergeschnittener Edelstahl bilden die Grundlage der VOCA Hinterraddurchg\u00c3\u00a4nge. Ein sch\u00c3\u00b6nes Detail ist das lasergeschnittene VOCA-Logo, welches sich perfekt mit Neonr\u00c3\u00b6hren in Szene setzen l\u00c3\u00a4sst. Das komplette Kit enth\u00c3\u00a4lt alle zur Montage notwendigen Schrauben, Distanzh\u00c3\u00bclsen und Silikon-Klebstreifen welche der Vibrationen hochdrehender Motoren entgegenwirken. Der Hinterraddurchgang kommt mit einem homologiertem, wei\u00c3\u0178em LED R\u00c3\u00bccklicht.<\/p>\n","protected":false},"excerpt":{"rendered":"<p>VOCA Racing Style Division erweitert sein Produktspektrum um hochwertige Hinterradurchg\u00c3\u00a4nge f\u00c3\u00bcr Derbi DRD PRO Modelle.<\/p>\n","protected":false},"featured_media":4053,"template":"","meta":{"_acf_changed":false,"inline_featured_image":false,"_uag_custom_page_level_css":""},"product_brand":[],"product_cat":[1977],"product_tag":[],"class_list":{"0":"post-4299","1":"product","2":"type-product","3":"status-publish","4":"has-post-thumbnail","6":"product_cat-laserschneiden","7":"splide__slide","9":"first","10":"instock","11":"shipping-taxable","12":"product-type-simple"},"acf":[],"yoast_head":"<!-- This site is optimized with the Yoast SEO plugin v27.3 - https:\/\/yoast.com\/product\/yoast-seo-wordpress\/ -->\n<title>Durchgang \u00fcber Hinterrad VOCA Style, LED, Laser Cut, Derbi DRD Pro, LED weiss - VocaRacing<\/title>\n<meta name=\"robots\" content=\"index, follow, max-snippet:-1, max-image-preview:large, max-video-preview:-1\" \/>\n<link rel=\"canonical\" href=\"https:\/\/www.vocaracing.com\/de\/product\/durchgang-ueber-hinterrad-voca-style-led-laser-cut-derbi-drd-pro-led-weiss\/\" \/>\n<meta property=\"og:locale\" content=\"de_DE\" \/>\n<meta property=\"og:type\" content=\"article\" \/>\n<meta property=\"og:title\" content=\"Durchgang \u00fcber Hinterrad VOCA Style, LED, Laser Cut, Derbi DRD Pro, LED weiss - VocaRacing\" \/>\n<meta property=\"og:description\" content=\"VOCA Racing Style Division erweitert sein Produktspektrum um hochwertige Hinterradurchg\u00c3\u00a4nge f\u00c3\u00bcr Derbi DRD PRO Modelle.\" \/>\n<meta property=\"og:url\" content=\"https:\/\/www.vocaracing.com\/de\/product\/durchgang-ueber-hinterrad-voca-style-led-laser-cut-derbi-drd-pro-led-weiss\/\" \/>\n<meta property=\"og:site_name\" content=\"VocaRacing\" \/>\n<meta property=\"article:publisher\" content=\"https:\/\/www.facebook.com\/vocaracing\" \/>\n<meta property=\"article:modified_time\" content=\"2016-02-11T12:08:48+00:00\" \/>\n<meta property=\"og:image\" content=\"https:\/\/www.vocaracing.com\/wp-content\/uploads\/2015\/12\/VCR-SD50193.55WH.jpg\" \/>\n\t<meta property=\"og:image:width\" content=\"1800\" \/>\n\t<meta property=\"og:image:height\" content=\"1200\" \/>\n\t<meta property=\"og:image:type\" content=\"image\/jpeg\" \/>\n<meta name=\"twitter:card\" content=\"summary_large_image\" \/>\n<meta name=\"twitter:label1\" content=\"Est. reading time\" \/>\n\t<meta name=\"twitter:data1\" content=\"1 minute\" \/>\n<script type=\"application\/ld+json\" class=\"yoast-schema-graph\">{\"@context\":\"https:\\\/\\\/schema.org\",\"@graph\":[{\"@type\":\"WebPage\",\"@id\":\"https:\\\/\\\/www.vocaracing.com\\\/de\\\/product\\\/durchgang-ueber-hinterrad-voca-style-led-laser-cut-derbi-drd-pro-led-weiss\\\/\",\"url\":\"https:\\\/\\\/www.vocaracing.com\\\/de\\\/product\\\/durchgang-ueber-hinterrad-voca-style-led-laser-cut-derbi-drd-pro-led-weiss\\\/\",\"name\":\"Durchgang \u00fcber Hinterrad VOCA Style, LED, Laser Cut, Derbi DRD Pro, LED weiss - VocaRacing\",\"isPartOf\":{\"@id\":\"https:\\\/\\\/www.vocaracing.com\\\/#website\"},\"primaryImageOfPage\":{\"@id\":\"https:\\\/\\\/www.vocaracing.com\\\/de\\\/product\\\/durchgang-ueber-hinterrad-voca-style-led-laser-cut-derbi-drd-pro-led-weiss\\\/#primaryimage\"},\"image\":{\"@id\":\"https:\\\/\\\/www.vocaracing.com\\\/de\\\/product\\\/durchgang-ueber-hinterrad-voca-style-led-laser-cut-derbi-drd-pro-led-weiss\\\/#primaryimage\"},\"thumbnailUrl\":\"https:\\\/\\\/www.vocaracing.com\\\/wp-content\\\/uploads\\\/2015\\\/12\\\/VCR-SD50193.55WH.jpg\",\"datePublished\":\"2015-12-18T11:04:39+00:00\",\"dateModified\":\"2016-02-11T12:08:48+00:00\",\"breadcrumb\":{\"@id\":\"https:\\\/\\\/www.vocaracing.com\\\/de\\\/product\\\/durchgang-ueber-hinterrad-voca-style-led-laser-cut-derbi-drd-pro-led-weiss\\\/#breadcrumb\"},\"inLanguage\":\"de-DE\",\"potentialAction\":[{\"@type\":\"ReadAction\",\"target\":[\"https:\\\/\\\/www.vocaracing.com\\\/de\\\/product\\\/durchgang-ueber-hinterrad-voca-style-led-laser-cut-derbi-drd-pro-led-weiss\\\/\"]}]},{\"@type\":\"ImageObject\",\"inLanguage\":\"de-DE\",\"@id\":\"https:\\\/\\\/www.vocaracing.com\\\/de\\\/product\\\/durchgang-ueber-hinterrad-voca-style-led-laser-cut-derbi-drd-pro-led-weiss\\\/#primaryimage\",\"url\":\"https:\\\/\\\/www.vocaracing.com\\\/wp-content\\\/uploads\\\/2015\\\/12\\\/VCR-SD50193.55WH.jpg\",\"contentUrl\":\"https:\\\/\\\/www.vocaracing.com\\\/wp-content\\\/uploads\\\/2015\\\/12\\\/VCR-SD50193.55WH.jpg\",\"width\":1800,\"height\":1200},{\"@type\":\"BreadcrumbList\",\"@id\":\"https:\\\/\\\/www.vocaracing.com\\\/de\\\/product\\\/durchgang-ueber-hinterrad-voca-style-led-laser-cut-derbi-drd-pro-led-weiss\\\/#breadcrumb\",\"itemListElement\":[{\"@type\":\"ListItem\",\"position\":1,\"name\":\"Home\",\"item\":\"https:\\\/\\\/www.vocaracing.com\\\/de\\\/\"},{\"@type\":\"ListItem\",\"position\":2,\"name\":\"Produkte\",\"item\":\"https:\\\/\\\/www.vocaracing.com\\\/de\\\/produkte\\\/\"},{\"@type\":\"ListItem\",\"position\":3,\"name\":\"Durchgang \u00fcber Hinterrad VOCA Style, LED, Laser Cut, Derbi DRD Pro, LED weiss\"}]},{\"@type\":\"WebSite\",\"@id\":\"https:\\\/\\\/www.vocaracing.com\\\/#website\",\"url\":\"https:\\\/\\\/www.vocaracing.com\\\/\",\"name\":\"VocaRacing\",\"description\":\"COMPETITION PROVED\",\"publisher\":{\"@id\":\"https:\\\/\\\/www.vocaracing.com\\\/#organization\"},\"potentialAction\":[{\"@type\":\"SearchAction\",\"target\":{\"@type\":\"EntryPoint\",\"urlTemplate\":\"https:\\\/\\\/www.vocaracing.com\\\/?s={search_term_string}\"},\"query-input\":{\"@type\":\"PropertyValueSpecification\",\"valueRequired\":true,\"valueName\":\"search_term_string\"}}],\"inLanguage\":\"de-DE\"},{\"@type\":\"Organization\",\"@id\":\"https:\\\/\\\/www.vocaracing.com\\\/#organization\",\"name\":\"VocaRacing\",\"url\":\"https:\\\/\\\/www.vocaracing.com\\\/\",\"logo\":{\"@type\":\"ImageObject\",\"inLanguage\":\"de-DE\",\"@id\":\"https:\\\/\\\/www.vocaracing.com\\\/#\\\/schema\\\/logo\\\/image\\\/\",\"url\":\"https:\\\/\\\/www.vocaracing.com\\\/wp-content\\\/uploads\\\/2023\\\/08\\\/vocaracing.png\",\"contentUrl\":\"https:\\\/\\\/www.vocaracing.com\\\/wp-content\\\/uploads\\\/2023\\\/08\\\/vocaracing.png\",\"width\":600,\"height\":400,\"caption\":\"VocaRacing\"},\"image\":{\"@id\":\"https:\\\/\\\/www.vocaracing.com\\\/#\\\/schema\\\/logo\\\/image\\\/\"},\"sameAs\":[\"https:\\\/\\\/www.facebook.com\\\/vocaracing\",\"https:\\\/\\\/www.youtube.com\\\/user\\\/VOCARacing\"]}]}<\/script>\n<!-- \/ Yoast SEO plugin. -->","yoast_head_json":{"title":"Durchgang \u00fcber Hinterrad VOCA Style, LED, Laser Cut, Derbi DRD Pro, LED weiss - VocaRacing","robots":{"index":"index","follow":"follow","max-snippet":"max-snippet:-1","max-image-preview":"max-image-preview:large","max-video-preview":"max-video-preview:-1"},"canonical":"https:\/\/www.vocaracing.com\/de\/product\/durchgang-ueber-hinterrad-voca-style-led-laser-cut-derbi-drd-pro-led-weiss\/","og_locale":"de_DE","og_type":"article","og_title":"Durchgang \u00fcber Hinterrad VOCA Style, LED, Laser Cut, Derbi DRD Pro, LED weiss - VocaRacing","og_description":"VOCA Racing Style Division erweitert sein Produktspektrum um hochwertige Hinterradurchg\u00c3\u00a4nge f\u00c3\u00bcr Derbi DRD PRO Modelle.","og_url":"https:\/\/www.vocaracing.com\/de\/product\/durchgang-ueber-hinterrad-voca-style-led-laser-cut-derbi-drd-pro-led-weiss\/","og_site_name":"VocaRacing","article_publisher":"https:\/\/www.facebook.com\/vocaracing","article_modified_time":"2016-02-11T12:08:48+00:00","og_image":[{"width":1800,"height":1200,"url":"https:\/\/www.vocaracing.com\/wp-content\/uploads\/2015\/12\/VCR-SD50193.55WH.jpg","type":"image\/jpeg"}],"twitter_card":"summary_large_image","twitter_misc":{"Est. reading time":"1 minute"},"schema":{"@context":"https:\/\/schema.org","@graph":[{"@type":"WebPage","@id":"https:\/\/www.vocaracing.com\/de\/product\/durchgang-ueber-hinterrad-voca-style-led-laser-cut-derbi-drd-pro-led-weiss\/","url":"https:\/\/www.vocaracing.com\/de\/product\/durchgang-ueber-hinterrad-voca-style-led-laser-cut-derbi-drd-pro-led-weiss\/","name":"Durchgang \u00fcber Hinterrad VOCA Style, LED, Laser Cut, Derbi DRD Pro, LED weiss - VocaRacing","isPartOf":{"@id":"https:\/\/www.vocaracing.com\/#website"},"primaryImageOfPage":{"@id":"https:\/\/www.vocaracing.com\/de\/product\/durchgang-ueber-hinterrad-voca-style-led-laser-cut-derbi-drd-pro-led-weiss\/#primaryimage"},"image":{"@id":"https:\/\/www.vocaracing.com\/de\/product\/durchgang-ueber-hinterrad-voca-style-led-laser-cut-derbi-drd-pro-led-weiss\/#primaryimage"},"thumbnailUrl":"https:\/\/www.vocaracing.com\/wp-content\/uploads\/2015\/12\/VCR-SD50193.55WH.jpg","datePublished":"2015-12-18T11:04:39+00:00","dateModified":"2016-02-11T12:08:48+00:00","breadcrumb":{"@id":"https:\/\/www.vocaracing.com\/de\/product\/durchgang-ueber-hinterrad-voca-style-led-laser-cut-derbi-drd-pro-led-weiss\/#breadcrumb"},"inLanguage":"de-DE","potentialAction":[{"@type":"ReadAction","target":["https:\/\/www.vocaracing.com\/de\/product\/durchgang-ueber-hinterrad-voca-style-led-laser-cut-derbi-drd-pro-led-weiss\/"]}]},{"@type":"ImageObject","inLanguage":"de-DE","@id":"https:\/\/www.vocaracing.com\/de\/product\/durchgang-ueber-hinterrad-voca-style-led-laser-cut-derbi-drd-pro-led-weiss\/#primaryimage","url":"https:\/\/www.vocaracing.com\/wp-content\/uploads\/2015\/12\/VCR-SD50193.55WH.jpg","contentUrl":"https:\/\/www.vocaracing.com\/wp-content\/uploads\/2015\/12\/VCR-SD50193.55WH.jpg","width":1800,"height":1200},{"@type":"BreadcrumbList","@id":"https:\/\/www.vocaracing.com\/de\/product\/durchgang-ueber-hinterrad-voca-style-led-laser-cut-derbi-drd-pro-led-weiss\/#breadcrumb","itemListElement":[{"@type":"ListItem","position":1,"name":"Home","item":"https:\/\/www.vocaracing.com\/de\/"},{"@type":"ListItem","position":2,"name":"Produkte","item":"https:\/\/www.vocaracing.com\/de\/produkte\/"},{"@type":"ListItem","position":3,"name":"Durchgang \u00fcber Hinterrad VOCA Style, LED, Laser Cut, Derbi DRD Pro, LED weiss"}]},{"@type":"WebSite","@id":"https:\/\/www.vocaracing.com\/#website","url":"https:\/\/www.vocaracing.com\/","name":"VocaRacing","description":"COMPETITION PROVED","publisher":{"@id":"https:\/\/www.vocaracing.com\/#organization"},"potentialAction":[{"@type":"SearchAction","target":{"@type":"EntryPoint","urlTemplate":"https:\/\/www.vocaracing.com\/?s={search_term_string}"},"query-input":{"@type":"PropertyValueSpecification","valueRequired":true,"valueName":"search_term_string"}}],"inLanguage":"de-DE"},{"@type":"Organization","@id":"https:\/\/www.vocaracing.com\/#organization","name":"VocaRacing","url":"https:\/\/www.vocaracing.com\/","logo":{"@type":"ImageObject","inLanguage":"de-DE","@id":"https:\/\/www.vocaracing.com\/#\/schema\/logo\/image\/","url":"https:\/\/www.vocaracing.com\/wp-content\/uploads\/2023\/08\/vocaracing.png","contentUrl":"https:\/\/www.vocaracing.com\/wp-content\/uploads\/2023\/08\/vocaracing.png","width":600,"height":400,"caption":"VocaRacing"},"image":{"@id":"https:\/\/www.vocaracing.com\/#\/schema\/logo\/image\/"},"sameAs":["https:\/\/www.facebook.com\/vocaracing","https:\/\/www.youtube.com\/user\/VOCARacing"]}]}},"uagb_featured_image_src":{"full":["https:\/\/www.vocaracing.com\/wp-content\/uploads\/2015\/12\/VCR-SD50193.55WH.jpg",1800,1200,false],"thumbnail":["https:\/\/www.vocaracing.com\/wp-content\/uploads\/2015\/12\/VCR-SD50193.55WH-200x150.jpg",200,150,true],"medium":["https:\/\/www.vocaracing.com\/wp-content\/uploads\/2015\/12\/VCR-SD50193.55WH-270x180.jpg",270,180,true],"medium_large":["https:\/\/www.vocaracing.com\/wp-content\/uploads\/2015\/12\/VCR-SD50193.55WH.jpg",1800,1200,false],"large":["https:\/\/www.vocaracing.com\/wp-content\/uploads\/2015\/12\/VCR-SD50193.55WH-1024x683.jpg",960,640,true],"1536x1536":["https:\/\/www.vocaracing.com\/wp-content\/uploads\/2015\/12\/VCR-SD50193.55WH.jpg",1536,1024,false],"2048x2048":["https:\/\/www.vocaracing.com\/wp-content\/uploads\/2015\/12\/VCR-SD50193.55WH.jpg",1800,1200,false],"woocommerce_thumbnail":["https:\/\/www.vocaracing.com\/wp-content\/uploads\/2015\/12\/VCR-SD50193.55WH-500x500.jpg",500,500,true],"woocommerce_single":["https:\/\/www.vocaracing.com\/wp-content\/uploads\/2015\/12\/VCR-SD50193.55WH-700x467.jpg",700,467,true],"woocommerce_gallery_thumbnail":["https:\/\/www.vocaracing.com\/wp-content\/uploads\/2015\/12\/VCR-SD50193.55WH-100x100.jpg",100,100,true]},"uagb_author_info":{"display_name":"Design Motoscoot","author_link":"https:\/\/www.vocaracing.com\/de\/author\/"},"uagb_comment_info":0,"uagb_excerpt":"VOCA Racing Style Division erweitert sein Produktspektrum um hochwertige Hinterradurchg\u00c3\u00a4nge f\u00c3\u00bcr Derbi DRD PRO Modelle.","_links":{"self":[{"href":"https:\/\/www.vocaracing.com\/de\/wp-json\/wp\/v2\/product\/4299","targetHints":{"allow":["GET"]}}],"collection":[{"href":"https:\/\/www.vocaracing.com\/de\/wp-json\/wp\/v2\/product"}],"about":[{"href":"https:\/\/www.vocaracing.com\/de\/wp-json\/wp\/v2\/types\/product"}],"wp:featuredmedia":[{"embeddable":true,"href":"https:\/\/www.vocaracing.com\/de\/wp-json\/wp\/v2\/media\/4053"}],"wp:attachment":[{"href":"https:\/\/www.vocaracing.com\/de\/wp-json\/wp\/v2\/media?parent=4299"}],"wp:term":[{"taxonomy":"product_brand","embeddable":true,"href":"https:\/\/www.vocaracing.com\/de\/wp-json\/wp\/v2\/product_brand?post=4299"},{"taxonomy":"product_cat","embeddable":true,"href":"https:\/\/www.vocaracing.com\/de\/wp-json\/wp\/v2\/product_cat?post=4299"},{"taxonomy":"product_tag","embeddable":true,"href":"https:\/\/www.vocaracing.com\/de\/wp-json\/wp\/v2\/product_tag?post=4299"}],"curies":[{"name":"wp","href":"https:\/\/api.w.org\/{rel}","templated":true}]}}