{"id":11619,"date":"2021-12-14T15:05:22","date_gmt":"2021-12-14T14:05:22","guid":{"rendered":"https:\/\/www.vocaracing.com\/?post_type=product&#038;p=11619"},"modified":"2021-12-14T19:47:51","modified_gmt":"2021-12-14T18:47:51","slug":"cdi-voca-unlimited-aerox-50cc-2013-2017-2-takt","status":"publish","type":"product","link":"https:\/\/www.vocaracing.com\/de\/product\/cdi-voca-unlimited-aerox-50cc-2013-2017-2-takt\/","title":{"rendered":"CDI VOCA Unlimited Aerox 50cc (2013- 2017) 2 Takt"},"content":{"rendered":"<p>Unbegrenzte CDI f\u00fcr Yamaha Aerox 50ccm 2-Takt, hergestellt 2013- 2017. Kleine 2-Takt-Motoren haben konstruktionsbedingt nur eine sehr geringe Leistung, au\u00dferdem sind sie durch die CDI drehzahlbegrenzt. Mit der Voca CDI erreicht de Motor eine h\u00f6here Drehzahl und Endgeschwindigkeit als mit der Original-CDI. Wir empfehlen die Montage eines gr\u00f6sseren Zylinder-, Auspuff- und Variator-Kits, um die maximal Leistung zu erzielen.<\/p>\n","protected":false},"excerpt":{"rendered":"<p>Unbegrenzte CDI f\u00fcr Yamaha Aerox 50ccm 2-Takt, hergestellt 2013- 2017. Mit der VOCA CDI erhalten Sie mehr Drehzahl und H\u00f6chstgeschwindigkeit als mit der Original-CDI.<\/p>\n","protected":false},"featured_media":11260,"template":"","meta":{"_acf_changed":false,"inline_featured_image":false,"_uag_custom_page_level_css":""},"product_brand":[],"product_cat":[1273,1408],"product_tag":[],"class_list":{"0":"post-11619","1":"product","2":"type-product","3":"status-publish","4":"has-post-thumbnail","6":"product_cat-unlimited-cdi","7":"product_cat-ecu-unlimited-scooter-50cc-de","8":"splide__slide","10":"first","11":"instock","12":"shipping-taxable","13":"purchasable","14":"product-type-simple"},"acf":[],"yoast_head":"<!-- This site is optimized with the Yoast SEO plugin v27.3 - https:\/\/yoast.com\/product\/yoast-seo-wordpress\/ -->\n<title>CDI VOCA Unlimited Aerox 50cc (2013- 2017) 2 Takt - VocaRacing<\/title>\n<meta name=\"description\" content=\"Unbegrenzte CDI f\u00fcr Yamaha Aerox 50ccm 2-Takt, hergestellt 2013- 2017. Mit der VOCA CDI erhalten Sie mehr Drehzahl und H\u00f6chstgeschwindigkeit als mit der Original CDI.\" \/>\n<meta name=\"robots\" content=\"index, follow, max-snippet:-1, max-image-preview:large, max-video-preview:-1\" \/>\n<link rel=\"canonical\" href=\"https:\/\/www.vocaracing.com\/de\/product\/cdi-voca-unlimited-aerox-50cc-2013-2017-2-takt\/\" \/>\n<meta property=\"og:locale\" content=\"de_DE\" \/>\n<meta property=\"og:type\" content=\"article\" \/>\n<meta property=\"og:title\" content=\"CDI VOCA Unlimited Aerox 50cc (2013- 2017) 2 Takt - VocaRacing\" \/>\n<meta property=\"og:description\" content=\"Unbegrenzte CDI f\u00fcr Yamaha Aerox 50ccm 2-Takt, hergestellt 2013- 2017. Mit der VOCA CDI erhalten Sie mehr Drehzahl und H\u00f6chstgeschwindigkeit als mit der Original CDI.\" \/>\n<meta property=\"og:url\" content=\"https:\/\/www.vocaracing.com\/de\/product\/cdi-voca-unlimited-aerox-50cc-2013-2017-2-takt\/\" \/>\n<meta property=\"og:site_name\" content=\"VocaRacing\" \/>\n<meta property=\"article:publisher\" content=\"https:\/\/www.facebook.com\/vocaracing\" \/>\n<meta property=\"article:modified_time\" content=\"2021-12-14T18:47:51+00:00\" \/>\n<meta property=\"og:image\" content=\"https:\/\/www.vocaracing.com\/wp-content\/uploads\/2021\/05\/VCR-RD10166.E3.jpg\" \/>\n\t<meta property=\"og:image:width\" content=\"640\" \/>\n\t<meta property=\"og:image:height\" content=\"640\" \/>\n\t<meta property=\"og:image:type\" content=\"image\/jpeg\" \/>\n<meta name=\"twitter:card\" content=\"summary_large_image\" \/>\n<script type=\"application\/ld+json\" class=\"yoast-schema-graph\">{\"@context\":\"https:\\\/\\\/schema.org\",\"@graph\":[{\"@type\":\"WebPage\",\"@id\":\"https:\\\/\\\/www.vocaracing.com\\\/de\\\/product\\\/cdi-voca-unlimited-aerox-50cc-2013-2017-2-takt\\\/\",\"url\":\"https:\\\/\\\/www.vocaracing.com\\\/de\\\/product\\\/cdi-voca-unlimited-aerox-50cc-2013-2017-2-takt\\\/\",\"name\":\"CDI VOCA Unlimited Aerox 50cc (2013- 2017) 2 Takt - VocaRacing\",\"isPartOf\":{\"@id\":\"https:\\\/\\\/www.vocaracing.com\\\/#website\"},\"primaryImageOfPage\":{\"@id\":\"https:\\\/\\\/www.vocaracing.com\\\/de\\\/product\\\/cdi-voca-unlimited-aerox-50cc-2013-2017-2-takt\\\/#primaryimage\"},\"image\":{\"@id\":\"https:\\\/\\\/www.vocaracing.com\\\/de\\\/product\\\/cdi-voca-unlimited-aerox-50cc-2013-2017-2-takt\\\/#primaryimage\"},\"thumbnailUrl\":\"https:\\\/\\\/www.vocaracing.com\\\/wp-content\\\/uploads\\\/2021\\\/05\\\/VCR-RD10166.E3.jpg\",\"datePublished\":\"2021-12-14T14:05:22+00:00\",\"dateModified\":\"2021-12-14T18:47:51+00:00\",\"description\":\"Unbegrenzte CDI f\u00fcr Yamaha Aerox 50ccm 2-Takt, hergestellt 2013- 2017. Mit der VOCA CDI erhalten Sie mehr Drehzahl und H\u00f6chstgeschwindigkeit als mit der Original CDI.\",\"breadcrumb\":{\"@id\":\"https:\\\/\\\/www.vocaracing.com\\\/de\\\/product\\\/cdi-voca-unlimited-aerox-50cc-2013-2017-2-takt\\\/#breadcrumb\"},\"inLanguage\":\"de-DE\",\"potentialAction\":[{\"@type\":\"ReadAction\",\"target\":[\"https:\\\/\\\/www.vocaracing.com\\\/de\\\/product\\\/cdi-voca-unlimited-aerox-50cc-2013-2017-2-takt\\\/\"]}]},{\"@type\":\"ImageObject\",\"inLanguage\":\"de-DE\",\"@id\":\"https:\\\/\\\/www.vocaracing.com\\\/de\\\/product\\\/cdi-voca-unlimited-aerox-50cc-2013-2017-2-takt\\\/#primaryimage\",\"url\":\"https:\\\/\\\/www.vocaracing.com\\\/wp-content\\\/uploads\\\/2021\\\/05\\\/VCR-RD10166.E3.jpg\",\"contentUrl\":\"https:\\\/\\\/www.vocaracing.com\\\/wp-content\\\/uploads\\\/2021\\\/05\\\/VCR-RD10166.E3.jpg\",\"width\":640,\"height\":640},{\"@type\":\"BreadcrumbList\",\"@id\":\"https:\\\/\\\/www.vocaracing.com\\\/de\\\/product\\\/cdi-voca-unlimited-aerox-50cc-2013-2017-2-takt\\\/#breadcrumb\",\"itemListElement\":[{\"@type\":\"ListItem\",\"position\":1,\"name\":\"Home\",\"item\":\"https:\\\/\\\/www.vocaracing.com\\\/de\\\/\"},{\"@type\":\"ListItem\",\"position\":2,\"name\":\"Produkte\",\"item\":\"https:\\\/\\\/www.vocaracing.com\\\/de\\\/produkte\\\/\"},{\"@type\":\"ListItem\",\"position\":3,\"name\":\"CDI VOCA Unlimited Aerox 50cc (2013- 2017) 2 Takt\"}]},{\"@type\":\"WebSite\",\"@id\":\"https:\\\/\\\/www.vocaracing.com\\\/#website\",\"url\":\"https:\\\/\\\/www.vocaracing.com\\\/\",\"name\":\"VocaRacing\",\"description\":\"COMPETITION PROVED\",\"publisher\":{\"@id\":\"https:\\\/\\\/www.vocaracing.com\\\/#organization\"},\"potentialAction\":[{\"@type\":\"SearchAction\",\"target\":{\"@type\":\"EntryPoint\",\"urlTemplate\":\"https:\\\/\\\/www.vocaracing.com\\\/?s={search_term_string}\"},\"query-input\":{\"@type\":\"PropertyValueSpecification\",\"valueRequired\":true,\"valueName\":\"search_term_string\"}}],\"inLanguage\":\"de-DE\"},{\"@type\":\"Organization\",\"@id\":\"https:\\\/\\\/www.vocaracing.com\\\/#organization\",\"name\":\"VocaRacing\",\"url\":\"https:\\\/\\\/www.vocaracing.com\\\/\",\"logo\":{\"@type\":\"ImageObject\",\"inLanguage\":\"de-DE\",\"@id\":\"https:\\\/\\\/www.vocaracing.com\\\/#\\\/schema\\\/logo\\\/image\\\/\",\"url\":\"https:\\\/\\\/www.vocaracing.com\\\/wp-content\\\/uploads\\\/2023\\\/08\\\/vocaracing.png\",\"contentUrl\":\"https:\\\/\\\/www.vocaracing.com\\\/wp-content\\\/uploads\\\/2023\\\/08\\\/vocaracing.png\",\"width\":600,\"height\":400,\"caption\":\"VocaRacing\"},\"image\":{\"@id\":\"https:\\\/\\\/www.vocaracing.com\\\/#\\\/schema\\\/logo\\\/image\\\/\"},\"sameAs\":[\"https:\\\/\\\/www.facebook.com\\\/vocaracing\",\"https:\\\/\\\/www.youtube.com\\\/user\\\/VOCARacing\"]}]}<\/script>\n<!-- \/ Yoast SEO plugin. -->","yoast_head_json":{"title":"CDI VOCA Unlimited Aerox 50cc (2013- 2017) 2 Takt - VocaRacing","description":"Unbegrenzte CDI f\u00fcr Yamaha Aerox 50ccm 2-Takt, hergestellt 2013- 2017. Mit der VOCA CDI erhalten Sie mehr Drehzahl und H\u00f6chstgeschwindigkeit als mit der Original CDI.","robots":{"index":"index","follow":"follow","max-snippet":"max-snippet:-1","max-image-preview":"max-image-preview:large","max-video-preview":"max-video-preview:-1"},"canonical":"https:\/\/www.vocaracing.com\/de\/product\/cdi-voca-unlimited-aerox-50cc-2013-2017-2-takt\/","og_locale":"de_DE","og_type":"article","og_title":"CDI VOCA Unlimited Aerox 50cc (2013- 2017) 2 Takt - VocaRacing","og_description":"Unbegrenzte CDI f\u00fcr Yamaha Aerox 50ccm 2-Takt, hergestellt 2013- 2017. Mit der VOCA CDI erhalten Sie mehr Drehzahl und H\u00f6chstgeschwindigkeit als mit der Original CDI.","og_url":"https:\/\/www.vocaracing.com\/de\/product\/cdi-voca-unlimited-aerox-50cc-2013-2017-2-takt\/","og_site_name":"VocaRacing","article_publisher":"https:\/\/www.facebook.com\/vocaracing","article_modified_time":"2021-12-14T18:47:51+00:00","og_image":[{"width":640,"height":640,"url":"https:\/\/www.vocaracing.com\/wp-content\/uploads\/2021\/05\/VCR-RD10166.E3.jpg","type":"image\/jpeg"}],"twitter_card":"summary_large_image","schema":{"@context":"https:\/\/schema.org","@graph":[{"@type":"WebPage","@id":"https:\/\/www.vocaracing.com\/de\/product\/cdi-voca-unlimited-aerox-50cc-2013-2017-2-takt\/","url":"https:\/\/www.vocaracing.com\/de\/product\/cdi-voca-unlimited-aerox-50cc-2013-2017-2-takt\/","name":"CDI VOCA Unlimited Aerox 50cc (2013- 2017) 2 Takt - VocaRacing","isPartOf":{"@id":"https:\/\/www.vocaracing.com\/#website"},"primaryImageOfPage":{"@id":"https:\/\/www.vocaracing.com\/de\/product\/cdi-voca-unlimited-aerox-50cc-2013-2017-2-takt\/#primaryimage"},"image":{"@id":"https:\/\/www.vocaracing.com\/de\/product\/cdi-voca-unlimited-aerox-50cc-2013-2017-2-takt\/#primaryimage"},"thumbnailUrl":"https:\/\/www.vocaracing.com\/wp-content\/uploads\/2021\/05\/VCR-RD10166.E3.jpg","datePublished":"2021-12-14T14:05:22+00:00","dateModified":"2021-12-14T18:47:51+00:00","description":"Unbegrenzte CDI f\u00fcr Yamaha Aerox 50ccm 2-Takt, hergestellt 2013- 2017. Mit der VOCA CDI erhalten Sie mehr Drehzahl und H\u00f6chstgeschwindigkeit als mit der Original CDI.","breadcrumb":{"@id":"https:\/\/www.vocaracing.com\/de\/product\/cdi-voca-unlimited-aerox-50cc-2013-2017-2-takt\/#breadcrumb"},"inLanguage":"de-DE","potentialAction":[{"@type":"ReadAction","target":["https:\/\/www.vocaracing.com\/de\/product\/cdi-voca-unlimited-aerox-50cc-2013-2017-2-takt\/"]}]},{"@type":"ImageObject","inLanguage":"de-DE","@id":"https:\/\/www.vocaracing.com\/de\/product\/cdi-voca-unlimited-aerox-50cc-2013-2017-2-takt\/#primaryimage","url":"https:\/\/www.vocaracing.com\/wp-content\/uploads\/2021\/05\/VCR-RD10166.E3.jpg","contentUrl":"https:\/\/www.vocaracing.com\/wp-content\/uploads\/2021\/05\/VCR-RD10166.E3.jpg","width":640,"height":640},{"@type":"BreadcrumbList","@id":"https:\/\/www.vocaracing.com\/de\/product\/cdi-voca-unlimited-aerox-50cc-2013-2017-2-takt\/#breadcrumb","itemListElement":[{"@type":"ListItem","position":1,"name":"Home","item":"https:\/\/www.vocaracing.com\/de\/"},{"@type":"ListItem","position":2,"name":"Produkte","item":"https:\/\/www.vocaracing.com\/de\/produkte\/"},{"@type":"ListItem","position":3,"name":"CDI VOCA Unlimited Aerox 50cc (2013- 2017) 2 Takt"}]},{"@type":"WebSite","@id":"https:\/\/www.vocaracing.com\/#website","url":"https:\/\/www.vocaracing.com\/","name":"VocaRacing","description":"COMPETITION PROVED","publisher":{"@id":"https:\/\/www.vocaracing.com\/#organization"},"potentialAction":[{"@type":"SearchAction","target":{"@type":"EntryPoint","urlTemplate":"https:\/\/www.vocaracing.com\/?s={search_term_string}"},"query-input":{"@type":"PropertyValueSpecification","valueRequired":true,"valueName":"search_term_string"}}],"inLanguage":"de-DE"},{"@type":"Organization","@id":"https:\/\/www.vocaracing.com\/#organization","name":"VocaRacing","url":"https:\/\/www.vocaracing.com\/","logo":{"@type":"ImageObject","inLanguage":"de-DE","@id":"https:\/\/www.vocaracing.com\/#\/schema\/logo\/image\/","url":"https:\/\/www.vocaracing.com\/wp-content\/uploads\/2023\/08\/vocaracing.png","contentUrl":"https:\/\/www.vocaracing.com\/wp-content\/uploads\/2023\/08\/vocaracing.png","width":600,"height":400,"caption":"VocaRacing"},"image":{"@id":"https:\/\/www.vocaracing.com\/#\/schema\/logo\/image\/"},"sameAs":["https:\/\/www.facebook.com\/vocaracing","https:\/\/www.youtube.com\/user\/VOCARacing"]}]}},"uagb_featured_image_src":{"full":["https:\/\/www.vocaracing.com\/wp-content\/uploads\/2021\/05\/VCR-RD10166.E3.jpg",640,640,false],"thumbnail":["https:\/\/www.vocaracing.com\/wp-content\/uploads\/2021\/05\/VCR-RD10166.E3-200x150.jpg",200,150,true],"medium":["https:\/\/www.vocaracing.com\/wp-content\/uploads\/2021\/05\/VCR-RD10166.E3-180x180.jpg",180,180,true],"medium_large":["https:\/\/www.vocaracing.com\/wp-content\/uploads\/2021\/05\/VCR-RD10166.E3.jpg",640,640,false],"large":["https:\/\/www.vocaracing.com\/wp-content\/uploads\/2021\/05\/VCR-RD10166.E3.jpg",640,640,false],"1536x1536":["https:\/\/www.vocaracing.com\/wp-content\/uploads\/2021\/05\/VCR-RD10166.E3.jpg",640,640,false],"2048x2048":["https:\/\/www.vocaracing.com\/wp-content\/uploads\/2021\/05\/VCR-RD10166.E3.jpg",640,640,false],"woocommerce_thumbnail":["https:\/\/www.vocaracing.com\/wp-content\/uploads\/2021\/05\/VCR-RD10166.E3-500x500.jpg",500,500,true],"woocommerce_single":["https:\/\/www.vocaracing.com\/wp-content\/uploads\/2021\/05\/VCR-RD10166.E3.jpg",640,640,false],"woocommerce_gallery_thumbnail":["https:\/\/www.vocaracing.com\/wp-content\/uploads\/2021\/05\/VCR-RD10166.E3-100x100.jpg",100,100,true]},"uagb_author_info":{"display_name":"Design Motoscoot","author_link":"https:\/\/www.vocaracing.com\/de\/author\/"},"uagb_comment_info":0,"uagb_excerpt":"Unbegrenzte CDI f\u00fcr Yamaha Aerox 50ccm 2-Takt, hergestellt 2013- 2017. Mit der VOCA CDI erhalten Sie mehr Drehzahl und H\u00f6chstgeschwindigkeit als mit der Original-CDI.","_links":{"self":[{"href":"https:\/\/www.vocaracing.com\/de\/wp-json\/wp\/v2\/product\/11619","targetHints":{"allow":["GET"]}}],"collection":[{"href":"https:\/\/www.vocaracing.com\/de\/wp-json\/wp\/v2\/product"}],"about":[{"href":"https:\/\/www.vocaracing.com\/de\/wp-json\/wp\/v2\/types\/product"}],"wp:featuredmedia":[{"embeddable":true,"href":"https:\/\/www.vocaracing.com\/de\/wp-json\/wp\/v2\/media\/11260"}],"wp:attachment":[{"href":"https:\/\/www.vocaracing.com\/de\/wp-json\/wp\/v2\/media?parent=11619"}],"wp:term":[{"taxonomy":"product_brand","embeddable":true,"href":"https:\/\/www.vocaracing.com\/de\/wp-json\/wp\/v2\/product_brand?post=11619"},{"taxonomy":"product_cat","embeddable":true,"href":"https:\/\/www.vocaracing.com\/de\/wp-json\/wp\/v2\/product_cat?post=11619"},{"taxonomy":"product_tag","embeddable":true,"href":"https:\/\/www.vocaracing.com\/de\/wp-json\/wp\/v2\/product_tag?post=11619"}],"curies":[{"name":"wp","href":"https:\/\/api.w.org\/{rel}","templated":true}]}}