{"id":10069,"date":"2019-12-13T14:11:12","date_gmt":"2019-12-13T13:11:12","guid":{"rendered":"https:\/\/www.vocaracing.com\/product\/fahrzeugstander-voca-fr-stand-vorder-und-hinterrad\/"},"modified":"2019-12-13T16:17:19","modified_gmt":"2019-12-13T15:17:19","slug":"fahrzeugstander-voca-fr-stand-vorder-und-hinterrad","status":"publish","type":"product","link":"https:\/\/www.vocaracing.com\/de\/product\/fahrzeugstander-voca-fr-stand-vorder-und-hinterrad\/","title":{"rendered":"Fahrzeugst\u00e4nder VOCA FR Stand (Vorder- und Hinterrad)"},"content":{"rendered":"<p>Fahrzeugst\u00e4nder VOCA FR Stand f\u00fcr Vorder- und Hinterrad. Der VOCA Fahrzeugst\u00e4nder erleichert erheblich Wartunsarbeiten wie das Schmieren der Kette oder z.B. den Reifenwechsel. In dem Kit enthalten sind drei verschiedene Adaper f\u00fcr Vorderradgabel und Hinterrad enthalten:<\/p>\n<p>Vorderrad:<br \/>\nAdater f\u00fcr Schwingarm (mit Gummischutz)<br \/>\nAdapter f\u00fcr Schwingarmbolzen<br \/>\nEinstellbar 26 cm-35,5 cm<\/p>\n<p>Hinterrad:<br \/>\nAdapter f\u00fcr Gabelspitzen.<br \/>\nEinstellbar 16,3-25,5cm<\/p>\n<p>Die ungef\u00e4hre H\u00f6he des Rades betr\u00e4gt 34 cm. Der Fahrzeugst\u00e4nder kann Lasten von bis zu 250 kg tragen und ist somit f\u00fcr fast alle auf dem Markt befindlichen Motorr\u00e4der g\u00fcltig.<\/p>\n","protected":false},"excerpt":{"rendered":"<p>Fahrzeugst\u00e4nder VOCA FR Stand f\u00fcr Vorder- und Hinterrad. Der VOCA Fahrzeugst\u00e4nder erleichert erheblich Wartunsarbeiten wie das Schmieren der Kette oder z.B. den Reifenwechsel. In dem Kit enthalten sind drei verschiedene Adaper.<\/p>\n","protected":false},"featured_media":10097,"template":"","meta":{"_acf_changed":false,"inline_featured_image":false,"_uag_custom_page_level_css":""},"product_brand":[],"product_cat":[616],"product_tag":[],"class_list":{"0":"post-10069","1":"product","2":"type-product","3":"status-publish","4":"has-post-thumbnail","6":"product_cat-tech-and-care","7":"splide__slide","9":"first","10":"instock","11":"shipping-taxable","12":"purchasable","13":"product-type-simple"},"acf":[],"yoast_head":"<!-- This site is optimized with the Yoast SEO plugin v27.3 - https:\/\/yoast.com\/product\/yoast-seo-wordpress\/ -->\n<title>Fahrzeugst\u00e4nder VOCA FR Stand (Vorder- und Hinterrad) - VocaRacing<\/title>\n<meta name=\"description\" content=\"Fahrzeugst\u00e4nder VOCA FR Stand f\u00fcr Vorder- und Hinterrad. Der VOCA Fahrzeugst\u00e4nder erleichert erheblich Wartunsarbeiten wie das Schmieren der Kette oder z.B. den Reifenwechsel. In dem Kit enthalten sind drei verschiedene Adaper.\" \/>\n<meta name=\"robots\" content=\"index, follow, max-snippet:-1, max-image-preview:large, max-video-preview:-1\" \/>\n<link rel=\"canonical\" href=\"https:\/\/www.vocaracing.com\/de\/product\/fahrzeugstander-voca-fr-stand-vorder-und-hinterrad\/\" \/>\n<meta property=\"og:locale\" content=\"de_DE\" \/>\n<meta property=\"og:type\" content=\"article\" \/>\n<meta property=\"og:title\" content=\"Fahrzeugst\u00e4nder VOCA FR Stand (Vorder- und Hinterrad) - VocaRacing\" \/>\n<meta property=\"og:description\" content=\"Fahrzeugst\u00e4nder VOCA FR Stand f\u00fcr Vorder- und Hinterrad. Der VOCA Fahrzeugst\u00e4nder erleichert erheblich Wartunsarbeiten wie das Schmieren der Kette oder z.B. den Reifenwechsel. In dem Kit enthalten sind drei verschiedene Adaper.\" \/>\n<meta property=\"og:url\" content=\"https:\/\/www.vocaracing.com\/de\/product\/fahrzeugstander-voca-fr-stand-vorder-und-hinterrad\/\" \/>\n<meta property=\"og:site_name\" content=\"VocaRacing\" \/>\n<meta property=\"article:publisher\" content=\"https:\/\/www.facebook.com\/vocaracing\" \/>\n<meta property=\"article:modified_time\" content=\"2019-12-13T15:17:19+00:00\" \/>\n<meta property=\"og:image\" content=\"https:\/\/www.vocaracing.com\/wp-content\/uploads\/2019\/12\/VCR-RD16.STAND_09.png\" \/>\n\t<meta property=\"og:image:width\" content=\"640\" \/>\n\t<meta property=\"og:image:height\" content=\"640\" \/>\n\t<meta property=\"og:image:type\" content=\"image\/png\" \/>\n<meta name=\"twitter:card\" content=\"summary_large_image\" \/>\n<script type=\"application\/ld+json\" class=\"yoast-schema-graph\">{\"@context\":\"https:\\\/\\\/schema.org\",\"@graph\":[{\"@type\":\"WebPage\",\"@id\":\"https:\\\/\\\/www.vocaracing.com\\\/de\\\/product\\\/fahrzeugstander-voca-fr-stand-vorder-und-hinterrad\\\/\",\"url\":\"https:\\\/\\\/www.vocaracing.com\\\/de\\\/product\\\/fahrzeugstander-voca-fr-stand-vorder-und-hinterrad\\\/\",\"name\":\"Fahrzeugst\u00e4nder VOCA FR Stand (Vorder- und Hinterrad) - VocaRacing\",\"isPartOf\":{\"@id\":\"https:\\\/\\\/www.vocaracing.com\\\/#website\"},\"primaryImageOfPage\":{\"@id\":\"https:\\\/\\\/www.vocaracing.com\\\/de\\\/product\\\/fahrzeugstander-voca-fr-stand-vorder-und-hinterrad\\\/#primaryimage\"},\"image\":{\"@id\":\"https:\\\/\\\/www.vocaracing.com\\\/de\\\/product\\\/fahrzeugstander-voca-fr-stand-vorder-und-hinterrad\\\/#primaryimage\"},\"thumbnailUrl\":\"https:\\\/\\\/www.vocaracing.com\\\/wp-content\\\/uploads\\\/2019\\\/12\\\/VCR-RD16.STAND_09.png\",\"datePublished\":\"2019-12-13T13:11:12+00:00\",\"dateModified\":\"2019-12-13T15:17:19+00:00\",\"description\":\"Fahrzeugst\u00e4nder VOCA FR Stand f\u00fcr Vorder- und Hinterrad. Der VOCA Fahrzeugst\u00e4nder erleichert erheblich Wartunsarbeiten wie das Schmieren der Kette oder z.B. den Reifenwechsel. In dem Kit enthalten sind drei verschiedene Adaper.\",\"breadcrumb\":{\"@id\":\"https:\\\/\\\/www.vocaracing.com\\\/de\\\/product\\\/fahrzeugstander-voca-fr-stand-vorder-und-hinterrad\\\/#breadcrumb\"},\"inLanguage\":\"de-DE\",\"potentialAction\":[{\"@type\":\"ReadAction\",\"target\":[\"https:\\\/\\\/www.vocaracing.com\\\/de\\\/product\\\/fahrzeugstander-voca-fr-stand-vorder-und-hinterrad\\\/\"]}]},{\"@type\":\"ImageObject\",\"inLanguage\":\"de-DE\",\"@id\":\"https:\\\/\\\/www.vocaracing.com\\\/de\\\/product\\\/fahrzeugstander-voca-fr-stand-vorder-und-hinterrad\\\/#primaryimage\",\"url\":\"https:\\\/\\\/www.vocaracing.com\\\/wp-content\\\/uploads\\\/2019\\\/12\\\/VCR-RD16.STAND_09.png\",\"contentUrl\":\"https:\\\/\\\/www.vocaracing.com\\\/wp-content\\\/uploads\\\/2019\\\/12\\\/VCR-RD16.STAND_09.png\",\"width\":640,\"height\":640},{\"@type\":\"BreadcrumbList\",\"@id\":\"https:\\\/\\\/www.vocaracing.com\\\/de\\\/product\\\/fahrzeugstander-voca-fr-stand-vorder-und-hinterrad\\\/#breadcrumb\",\"itemListElement\":[{\"@type\":\"ListItem\",\"position\":1,\"name\":\"Home\",\"item\":\"https:\\\/\\\/www.vocaracing.com\\\/de\\\/\"},{\"@type\":\"ListItem\",\"position\":2,\"name\":\"Produkte\",\"item\":\"https:\\\/\\\/www.vocaracing.com\\\/de\\\/produkte\\\/\"},{\"@type\":\"ListItem\",\"position\":3,\"name\":\"Fahrzeugst\u00e4nder VOCA FR Stand (Vorder- und Hinterrad)\"}]},{\"@type\":\"WebSite\",\"@id\":\"https:\\\/\\\/www.vocaracing.com\\\/#website\",\"url\":\"https:\\\/\\\/www.vocaracing.com\\\/\",\"name\":\"VocaRacing\",\"description\":\"COMPETITION PROVED\",\"publisher\":{\"@id\":\"https:\\\/\\\/www.vocaracing.com\\\/#organization\"},\"potentialAction\":[{\"@type\":\"SearchAction\",\"target\":{\"@type\":\"EntryPoint\",\"urlTemplate\":\"https:\\\/\\\/www.vocaracing.com\\\/?s={search_term_string}\"},\"query-input\":{\"@type\":\"PropertyValueSpecification\",\"valueRequired\":true,\"valueName\":\"search_term_string\"}}],\"inLanguage\":\"de-DE\"},{\"@type\":\"Organization\",\"@id\":\"https:\\\/\\\/www.vocaracing.com\\\/#organization\",\"name\":\"VocaRacing\",\"url\":\"https:\\\/\\\/www.vocaracing.com\\\/\",\"logo\":{\"@type\":\"ImageObject\",\"inLanguage\":\"de-DE\",\"@id\":\"https:\\\/\\\/www.vocaracing.com\\\/#\\\/schema\\\/logo\\\/image\\\/\",\"url\":\"https:\\\/\\\/www.vocaracing.com\\\/wp-content\\\/uploads\\\/2023\\\/08\\\/vocaracing.png\",\"contentUrl\":\"https:\\\/\\\/www.vocaracing.com\\\/wp-content\\\/uploads\\\/2023\\\/08\\\/vocaracing.png\",\"width\":600,\"height\":400,\"caption\":\"VocaRacing\"},\"image\":{\"@id\":\"https:\\\/\\\/www.vocaracing.com\\\/#\\\/schema\\\/logo\\\/image\\\/\"},\"sameAs\":[\"https:\\\/\\\/www.facebook.com\\\/vocaracing\",\"https:\\\/\\\/www.youtube.com\\\/user\\\/VOCARacing\"]}]}<\/script>\n<!-- \/ Yoast SEO plugin. -->","yoast_head_json":{"title":"Fahrzeugst\u00e4nder VOCA FR Stand (Vorder- und Hinterrad) - VocaRacing","description":"Fahrzeugst\u00e4nder VOCA FR Stand f\u00fcr Vorder- und Hinterrad. Der VOCA Fahrzeugst\u00e4nder erleichert erheblich Wartunsarbeiten wie das Schmieren der Kette oder z.B. den Reifenwechsel. In dem Kit enthalten sind drei verschiedene Adaper.","robots":{"index":"index","follow":"follow","max-snippet":"max-snippet:-1","max-image-preview":"max-image-preview:large","max-video-preview":"max-video-preview:-1"},"canonical":"https:\/\/www.vocaracing.com\/de\/product\/fahrzeugstander-voca-fr-stand-vorder-und-hinterrad\/","og_locale":"de_DE","og_type":"article","og_title":"Fahrzeugst\u00e4nder VOCA FR Stand (Vorder- und Hinterrad) - VocaRacing","og_description":"Fahrzeugst\u00e4nder VOCA FR Stand f\u00fcr Vorder- und Hinterrad. Der VOCA Fahrzeugst\u00e4nder erleichert erheblich Wartunsarbeiten wie das Schmieren der Kette oder z.B. den Reifenwechsel. In dem Kit enthalten sind drei verschiedene Adaper.","og_url":"https:\/\/www.vocaracing.com\/de\/product\/fahrzeugstander-voca-fr-stand-vorder-und-hinterrad\/","og_site_name":"VocaRacing","article_publisher":"https:\/\/www.facebook.com\/vocaracing","article_modified_time":"2019-12-13T15:17:19+00:00","og_image":[{"width":640,"height":640,"url":"https:\/\/www.vocaracing.com\/wp-content\/uploads\/2019\/12\/VCR-RD16.STAND_09.png","type":"image\/png"}],"twitter_card":"summary_large_image","schema":{"@context":"https:\/\/schema.org","@graph":[{"@type":"WebPage","@id":"https:\/\/www.vocaracing.com\/de\/product\/fahrzeugstander-voca-fr-stand-vorder-und-hinterrad\/","url":"https:\/\/www.vocaracing.com\/de\/product\/fahrzeugstander-voca-fr-stand-vorder-und-hinterrad\/","name":"Fahrzeugst\u00e4nder VOCA FR Stand (Vorder- und Hinterrad) - VocaRacing","isPartOf":{"@id":"https:\/\/www.vocaracing.com\/#website"},"primaryImageOfPage":{"@id":"https:\/\/www.vocaracing.com\/de\/product\/fahrzeugstander-voca-fr-stand-vorder-und-hinterrad\/#primaryimage"},"image":{"@id":"https:\/\/www.vocaracing.com\/de\/product\/fahrzeugstander-voca-fr-stand-vorder-und-hinterrad\/#primaryimage"},"thumbnailUrl":"https:\/\/www.vocaracing.com\/wp-content\/uploads\/2019\/12\/VCR-RD16.STAND_09.png","datePublished":"2019-12-13T13:11:12+00:00","dateModified":"2019-12-13T15:17:19+00:00","description":"Fahrzeugst\u00e4nder VOCA FR Stand f\u00fcr Vorder- und Hinterrad. Der VOCA Fahrzeugst\u00e4nder erleichert erheblich Wartunsarbeiten wie das Schmieren der Kette oder z.B. den Reifenwechsel. In dem Kit enthalten sind drei verschiedene Adaper.","breadcrumb":{"@id":"https:\/\/www.vocaracing.com\/de\/product\/fahrzeugstander-voca-fr-stand-vorder-und-hinterrad\/#breadcrumb"},"inLanguage":"de-DE","potentialAction":[{"@type":"ReadAction","target":["https:\/\/www.vocaracing.com\/de\/product\/fahrzeugstander-voca-fr-stand-vorder-und-hinterrad\/"]}]},{"@type":"ImageObject","inLanguage":"de-DE","@id":"https:\/\/www.vocaracing.com\/de\/product\/fahrzeugstander-voca-fr-stand-vorder-und-hinterrad\/#primaryimage","url":"https:\/\/www.vocaracing.com\/wp-content\/uploads\/2019\/12\/VCR-RD16.STAND_09.png","contentUrl":"https:\/\/www.vocaracing.com\/wp-content\/uploads\/2019\/12\/VCR-RD16.STAND_09.png","width":640,"height":640},{"@type":"BreadcrumbList","@id":"https:\/\/www.vocaracing.com\/de\/product\/fahrzeugstander-voca-fr-stand-vorder-und-hinterrad\/#breadcrumb","itemListElement":[{"@type":"ListItem","position":1,"name":"Home","item":"https:\/\/www.vocaracing.com\/de\/"},{"@type":"ListItem","position":2,"name":"Produkte","item":"https:\/\/www.vocaracing.com\/de\/produkte\/"},{"@type":"ListItem","position":3,"name":"Fahrzeugst\u00e4nder VOCA FR Stand (Vorder- und Hinterrad)"}]},{"@type":"WebSite","@id":"https:\/\/www.vocaracing.com\/#website","url":"https:\/\/www.vocaracing.com\/","name":"VocaRacing","description":"COMPETITION PROVED","publisher":{"@id":"https:\/\/www.vocaracing.com\/#organization"},"potentialAction":[{"@type":"SearchAction","target":{"@type":"EntryPoint","urlTemplate":"https:\/\/www.vocaracing.com\/?s={search_term_string}"},"query-input":{"@type":"PropertyValueSpecification","valueRequired":true,"valueName":"search_term_string"}}],"inLanguage":"de-DE"},{"@type":"Organization","@id":"https:\/\/www.vocaracing.com\/#organization","name":"VocaRacing","url":"https:\/\/www.vocaracing.com\/","logo":{"@type":"ImageObject","inLanguage":"de-DE","@id":"https:\/\/www.vocaracing.com\/#\/schema\/logo\/image\/","url":"https:\/\/www.vocaracing.com\/wp-content\/uploads\/2023\/08\/vocaracing.png","contentUrl":"https:\/\/www.vocaracing.com\/wp-content\/uploads\/2023\/08\/vocaracing.png","width":600,"height":400,"caption":"VocaRacing"},"image":{"@id":"https:\/\/www.vocaracing.com\/#\/schema\/logo\/image\/"},"sameAs":["https:\/\/www.facebook.com\/vocaracing","https:\/\/www.youtube.com\/user\/VOCARacing"]}]}},"uagb_featured_image_src":{"full":["https:\/\/www.vocaracing.com\/wp-content\/uploads\/2019\/12\/VCR-RD16.STAND_09.png",640,640,false],"thumbnail":["https:\/\/www.vocaracing.com\/wp-content\/uploads\/2019\/12\/VCR-RD16.STAND_09-200x150.png",200,150,true],"medium":["https:\/\/www.vocaracing.com\/wp-content\/uploads\/2019\/12\/VCR-RD16.STAND_09-180x180.png",180,180,true],"medium_large":["https:\/\/www.vocaracing.com\/wp-content\/uploads\/2019\/12\/VCR-RD16.STAND_09.png",640,640,false],"large":["https:\/\/www.vocaracing.com\/wp-content\/uploads\/2019\/12\/VCR-RD16.STAND_09.png",640,640,false],"1536x1536":["https:\/\/www.vocaracing.com\/wp-content\/uploads\/2019\/12\/VCR-RD16.STAND_09.png",640,640,false],"2048x2048":["https:\/\/www.vocaracing.com\/wp-content\/uploads\/2019\/12\/VCR-RD16.STAND_09.png",640,640,false],"woocommerce_thumbnail":["https:\/\/www.vocaracing.com\/wp-content\/uploads\/2019\/12\/VCR-RD16.STAND_09-500x500.png",500,500,true],"woocommerce_single":["https:\/\/www.vocaracing.com\/wp-content\/uploads\/2019\/12\/VCR-RD16.STAND_09.png",640,640,false],"woocommerce_gallery_thumbnail":["https:\/\/www.vocaracing.com\/wp-content\/uploads\/2019\/12\/VCR-RD16.STAND_09-100x100.png",100,100,true]},"uagb_author_info":{"display_name":"Design Motoscoot","author_link":"https:\/\/www.vocaracing.com\/de\/author\/"},"uagb_comment_info":0,"uagb_excerpt":"Fahrzeugst\u00e4nder VOCA FR Stand f\u00fcr Vorder- und Hinterrad. Der VOCA Fahrzeugst\u00e4nder erleichert erheblich Wartunsarbeiten wie das Schmieren der Kette oder z.B. den Reifenwechsel. In dem Kit enthalten sind drei verschiedene Adaper.","_links":{"self":[{"href":"https:\/\/www.vocaracing.com\/de\/wp-json\/wp\/v2\/product\/10069","targetHints":{"allow":["GET"]}}],"collection":[{"href":"https:\/\/www.vocaracing.com\/de\/wp-json\/wp\/v2\/product"}],"about":[{"href":"https:\/\/www.vocaracing.com\/de\/wp-json\/wp\/v2\/types\/product"}],"wp:featuredmedia":[{"embeddable":true,"href":"https:\/\/www.vocaracing.com\/de\/wp-json\/wp\/v2\/media\/10097"}],"wp:attachment":[{"href":"https:\/\/www.vocaracing.com\/de\/wp-json\/wp\/v2\/media?parent=10069"}],"wp:term":[{"taxonomy":"product_brand","embeddable":true,"href":"https:\/\/www.vocaracing.com\/de\/wp-json\/wp\/v2\/product_brand?post=10069"},{"taxonomy":"product_cat","embeddable":true,"href":"https:\/\/www.vocaracing.com\/de\/wp-json\/wp\/v2\/product_cat?post=10069"},{"taxonomy":"product_tag","embeddable":true,"href":"https:\/\/www.vocaracing.com\/de\/wp-json\/wp\/v2\/product_tag?post=10069"}],"curies":[{"name":"wp","href":"https:\/\/api.w.org\/{rel}","templated":true}]}}